{"id":57,"date":"2017-09-12T18:26:55","date_gmt":"2017-09-12T21:26:55","guid":{"rendered":"http:\/\/www.professores.uff.br\/ralphteixeira\/?page_id=57"},"modified":"2022-08-11T18:03:27","modified_gmt":"2022-08-11T21:03:27","slug":"ensino","status":"publish","type":"page","link":"https:\/\/www.professores.uff.br\/ralphteixeira\/ensino\/","title":{"rendered":"Ensino"},"content":{"rendered":"<h4><strong>\u00c1lgebra Linear (Exerc\u00edcios e Solu\u00e7\u00f5es)<\/strong><\/h4>\n<ul>\n<li>O livro pode ser comprado <a href=\"https:\/\/loja.sbm.org.br\/index.php\/algebra-linear-exercicios-e-solucoes.html\">no site da SBM<\/a>.<\/li>\n<li><del>\u00c9 rata<\/del><a href=\"http:\/\/www.professores.uff.br\/ralphteixeira\/wp-content\/uploads\/sites\/129\/2022\/08\/ErrataCap.pdf\">Errata<\/a>\u00a0do livro.<\/li>\n<\/ul>\n<h4><strong>An\u00e1lise na Reta (Ver\u00e3o 2016)<\/strong><\/h4>\n<ul>\n<li><a href=\"http:\/\/www.professores.uff.br\/ralphteixeira\/wp-content\/uploads\/sites\/129\/2017\/09\/ResumoLivro.pdf\">Resumo do Livro do Elon<\/a>.<\/li>\n<\/ul>\n<h4><strong>L<\/strong><strong>\u00f3<\/strong><strong>gica e Linguagem (Ver\u00e3o 2016)<\/strong><\/h4>\n<ul>\n<li><a href=\"http:\/\/www.professores.uff.br\/ralphteixeira\/wp-content\/uploads\/sites\/129\/2017\/09\/Apostila-NotasdeLogica.pdf\">Apostila<\/a> e <a href=\"http:\/\/www.professores.uff.br\/ralphteixeira\/wp-content\/uploads\/sites\/129\/2017\/09\/ListaExerciciosLogica.pdf\">Lista de Exerc\u00edcios<\/a> com <a href=\"http:\/\/www.professores.uff.br\/ralphteixeira\/wp-content\/uploads\/sites\/129\/2017\/09\/GabaritoListaLogica.pdf\">Gabarito<\/a>;<\/li>\n<li><a href=\"http:\/\/www.professores.uff.br\/ralphteixeira\/wp-content\/uploads\/sites\/129\/2017\/09\/MaterialInducaoFinita.pdf\">Material sobre Indu\u00e7\u00e3o Finita<\/a><a href=\"http:\/\/www.meusiteantigo.uff.br\/ralph\/Logica\/Inducao.pdf\">l<\/a>;<\/li>\n<li><a href=\"http:\/\/www.professores.uff.br\/ralphteixeira\/wp-content\/uploads\/sites\/129\/2017\/09\/Logica-Slides-Aulas.pptx\">Slides das aulas<\/a>.<\/li>\n<\/ul>\n<h4><strong>Jogos Combinat\u00f3rios e N\u00fameros Surreais (2014\/2015)<\/strong><\/h4>\n<ul>\n<li><a href=\"http:\/\/www.professores.uff.br\/ralphteixeira\/wp-content\/uploads\/sites\/129\/2017\/09\/CartazJC2014.pdf\">Cartaz<\/a> para divulga\u00e7\u00e3o.<\/li>\n<li>Material para as primeiras aulas: <a href=\"http:\/\/www.professores.uff.br\/ralphteixeira\/wp-content\/uploads\/sites\/129\/2017\/09\/Livreto-Numeros.pdf\">Livreto<\/a> e <a href=\"http:\/\/www.professores.uff.br\/ralphteixeira\/wp-content\/uploads\/sites\/129\/2017\/09\/Slides-Numeros.pptx\">Slides<\/a>.<\/li>\n<li><a href=\"http:\/\/www.professores.uff.br\/ralphteixeira\/wp-content\/uploads\/sites\/129\/2017\/09\/Resumo-Jogos-Combinatorios-Numeros-Surreiais.pdf\">Resumo com Exerc\u00edcios<\/a>.<\/li>\n<\/ul>\n<h4><strong>Mini-curso<\/strong><strong>: Introdu\u00e7\u00e3o \u00e0 Probabilidade<\/strong><\/h4>\n<ul>\n<li><a href=\"http:\/\/www.professores.uff.br\/ralphteixeira\/wp-content\/uploads\/sites\/129\/2017\/09\/probbook.pdf\">Notas<\/a> e <a href=\"http:\/\/www.professores.uff.br\/ralphteixeira\/wp-content\/uploads\/sites\/129\/2017\/09\/ProbMini.pptx\">Slides<\/a> do mini-curso.<\/li>\n<\/ul>\n<h4><strong>Equa\u00e7\u00f5es Diferenciais (Notas Suplementares)<\/strong><\/h4>\n<ul>\n<li>EDOs: <a href=\"http:\/\/www.professores.uff.br\/ralphteixeira\/wp-content\/uploads\/sites\/129\/2017\/09\/EDOs.pdf\">Sistemas Lineares<\/a> (com <a href=\"http:\/\/www.professores.uff.br\/ralphteixeira\/wp-content\/uploads\/sites\/129\/2017\/09\/EDOsSol.pdf\">solu\u00e7\u00f5es<\/a>) e <a href=\"http:\/\/www.professores.uff.br\/ralphteixeira\/wp-content\/uploads\/sites\/129\/2017\/09\/Nonlinear.pdf\">N\u00e3o Lineares<\/a>;<\/li>\n<li><a href=\"http:\/\/www.professores.uff.br\/ralphteixeira\/wp-content\/uploads\/sites\/129\/2019\/12\/Ap0Master.pdf\">Apostila de M\u00e9todos Matem\u00e1ticos I UFF (Vers\u00e3o 2020)<\/a>\u00a0(EDP&#8217;s com \u00eanfase em S\u00e9ries de Fourier).<\/li>\n<\/ul>\n<h4><strong>Parallel Opposite Side Polygons (with Applets!)<\/strong><\/h4>\n<ul>\n<li>Create your own <a href=\"http:\/\/www.professores.uff.br\/ralphteixeira\/parallel-opposite-sides-polygons-posp\/\">Parallel Opposite Sides Polygon<\/a>!<\/li>\n<li><a href=\"http:\/\/www.professores.uff.br\/ralphteixeira\/area-evolute-and-central-symmetry-set\/\">Central Symmetry Sets, Area Evolutes and their cusps<\/a>.<\/li>\n<li><a href=\"http:\/\/www.professores.uff.br\/ralphteixeira\/equidistants\/\">Equidistant curves and their cusps<\/a>.<\/li>\n<li><a href=\"http:\/\/www.professores.uff.br\/ralphteixeira\/the-dual-family\/\">The Dual Family<\/a>.<\/li>\n<li><a href=\"http:\/\/www.professores.uff.br\/ralphteixeira\/area-parallels\/\">Area Parallels<\/a>.<\/li>\n<\/ul>\n<h4><strong>Convex Equal-Area Polygons (with Applets!)<\/strong><\/h4>\n<ul>\n<li>Create your own <a href=\"http:\/\/www.professores.uff.br\/ralphteixeira\/convex-equal-area-polygons-ceap\/\">Convex Equal-Area Polygon<\/a>!<\/li>\n<li>Sextatic edges and the 6-vertices theorem (under construction).<\/li>\n<li><a href=\"http:\/\/www.professores.uff.br\/ralphteixeira\/cusps-and-the-affine-evolute\/\">Parallel Polygons, Cusps and the Affine Evolute<\/a>.<\/li>\n<li><a href=\"http:\/\/www.meusiteantigo.uff.br\/ralph\/CEA\/ADSS.html\">Affine<\/a><a href=\"http:\/\/www.meusiteantigo.uff.br\/ralph\/CEA\/ADSS.html\"> Di<\/a><a href=\"http:\/\/www.professores.uff.br\/ralphteixeira\/the-affine-distance-symmetry-set\/\">stance<\/a><a href=\"http:\/\/www.professores.uff.br\/ralphteixeira\/the-affine-distance-symmetry-set\/\"> Symme<\/a><a href=\"http:\/\/www.meusiteantigo.uff.br\/ralph\/CEA\/ADSS.html\">try<\/a><a href=\"http:\/\/www.meusiteantigo.uff.br\/ralph\/CEA\/ADSS.html\"> Set<\/a>.<\/li>\n<\/ul>\n","protected":false},"excerpt":{"rendered":"<p>\u00c1lgebra Linear (Exerc\u00edcios e Solu\u00e7\u00f5es) O livro pode ser comprado no site da SBM. \u00c9 rataErrata\u00a0do livro. An\u00e1lise na Reta (Ver\u00e3o 2016) Resumo do Livro do Elon. L\u00f3gica e Linguagem (Ver\u00e3o 2016) Apostila e Lista de Exerc\u00edcios com Gabarito; Material sobre Indu\u00e7\u00e3o Finital; Slides das aulas. Jogos Combinat\u00f3rios e N\u00fameros Surreais (2014\/2015) Cartaz para divulga\u00e7\u00e3o. [&hellip;]<\/p>\n","protected":false},"author":46,"featured_media":0,"parent":0,"menu_order":0,"comment_status":"closed","ping_status":"closed","template":"","meta":{"_exactmetrics_skip_tracking":false,"_exactmetrics_sitenote_active":false,"_exactmetrics_sitenote_note":"","_exactmetrics_sitenote_category":0,"footnotes":""},"categories":[],"tags":[],"class_list":["post-57","page","type-page","status-publish","hentry"],"_links":{"self":[{"href":"https:\/\/www.professores.uff.br\/ralphteixeira\/wp-json\/wp\/v2\/pages\/57","targetHints":{"allow":["GET"]}}],"collection":[{"href":"https:\/\/www.professores.uff.br\/ralphteixeira\/wp-json\/wp\/v2\/pages"}],"about":[{"href":"https:\/\/www.professores.uff.br\/ralphteixeira\/wp-json\/wp\/v2\/types\/page"}],"author":[{"embeddable":true,"href":"https:\/\/www.professores.uff.br\/ralphteixeira\/wp-json\/wp\/v2\/users\/46"}],"replies":[{"embeddable":true,"href":"https:\/\/www.professores.uff.br\/ralphteixeira\/wp-json\/wp\/v2\/comments?post=57"}],"version-history":[{"count":26,"href":"https:\/\/www.professores.uff.br\/ralphteixeira\/wp-json\/wp\/v2\/pages\/57\/revisions"}],"predecessor-version":[{"id":257,"href":"https:\/\/www.professores.uff.br\/ralphteixeira\/wp-json\/wp\/v2\/pages\/57\/revisions\/257"}],"wp:attachment":[{"href":"https:\/\/www.professores.uff.br\/ralphteixeira\/wp-json\/wp\/v2\/media?parent=57"}],"wp:term":[{"taxonomy":"category","embeddable":true,"href":"https:\/\/www.professores.uff.br\/ralphteixeira\/wp-json\/wp\/v2\/categories?post=57"},{"taxonomy":"post_tag","embeddable":true,"href":"https:\/\/www.professores.uff.br\/ralphteixeira\/wp-json\/wp\/v2\/tags?post=57"}],"curies":[{"name":"wp","href":"https:\/\/api.w.org\/{rel}","templated":true}]}}