{"id":121,"date":"2017-08-23T12:18:57","date_gmt":"2017-08-23T15:18:57","guid":{"rendered":"http:\/\/www.professores.uff.br\/rbrunow\/?page_id=121"},"modified":"2017-08-23T12:19:47","modified_gmt":"2017-08-23T15:19:47","slug":"os-tres-porquinhos","status":"publish","type":"page","link":"https:\/\/www.professores.uff.br\/rbrunow\/os-tres-porquinhos\/","title":{"rendered":"&#8220;Os Tr\u00eas Porquinhos&#8221;  (narrado por um Pai Engenheiro)"},"content":{"rendered":"<p>&nbsp;<\/p>\n<p>Meu Filho, era uma vez tr\u00eas porquinhos ( P1, P2 e P3) e um Lobo Mau, por<br \/>\ndefini\u00e7\u00e3o, LM, que vivia os atormentando. P1 era sabido e fazia Engenharia<br \/>\nEl\u00e9trica e j\u00e1 era formado em Engenharia Civil. P2 era arquiteto e vivia em<br \/>\nf\u00fateis devaneios est\u00e9ticos absolutamente desprovidos de c\u00e1lculos rigorosos.<\/p>\n<p>P3 fazia Comunica\u00e7\u00e3o e Express\u00e3o Visual na ECA. LM, na Escala Oficial da<br \/>\nABNT, para medi\u00e7\u00e3o da Maldade (EOMM) era Mau n\u00edvel 8,75 (arredondando a<br \/>\npartir da 3a casa decimal para cima). LM tamb\u00e9m era um mega-investidor<br \/>\nimobili\u00e1rio sem escr\u00fapulos e cobi\u00e7ava a propriedade que pertencia aos Pn<br \/>\n(onde &#8220;n&#8221; \u00e9 um n\u00famero natural e varia entre 1 e 3), visto que o terreno era<br \/>\nde boa conformidade geol\u00f3gica e configura\u00e7\u00e3o topogr\u00e1fica, localizado<br \/>\npr\u00f3ximo<br \/>\na Granja Viana.<\/p>\n<p>Mas nesse promissor per\u00edmetro P1 construiu uma casa de tijolos, sensata e<br \/>\nlogicamente planejada, toda protegida e com mecanismos autom\u00e1ticos. J\u00e1 P2<br \/>\nmontou uma casa de blocos articulados feitos de mogno que mais parecia um<br \/>\ncastelo lego tresloucado. Enquanto P3 planejou no Autocad e montou ele<br \/>\nmesmo, com barbantes e isopor como fundamentos, uma cabana de palha com<br \/>\nteto<br \/>\nsolar, e achava aquilo &#8220;o m\u00e1ximo&#8221;.<\/p>\n<p>Um dia, LM foi ate a propriedade dos su\u00ednos e disse, encontrando P3:<br \/>\n&#8211; &#8221; Uahahhahaha, corra, P3, pq vou gritar, e vou gritar e chamar o Conselho<br \/>\nde Engenharia e Constru\u00e7\u00e3o Civil para denunciar sua casa de palha projetada<br \/>\npor um formando em Comunica\u00e7\u00e3o e Express\u00e3o Visual! &#8221;<\/p>\n<p>Ao que P3 correu para sua amada cabana, mas quando chegou l\u00e1 os fiscais do<br \/>\nConselho j\u00e1 haviam posto tudo abaixo. Ent\u00e3o P3 correu para a casa de P2.<\/p>\n<p>Mas quando chegou l\u00e1, encontrou LM \u00e0 porta, batendo com for\u00e7a e gritando:<br \/>\n&#8211; &#8220;Abra essa porta, P2, ou vou gritar, gritar e gritar e chamar o<br \/>\nGreenPeace, para denunciar que voc\u00ea usou madeira nobre de \u00e1reas<br \/>\nn\u00e3o-reflorestadas e areia de praia para misturar no cimento.&#8221;<\/p>\n<p>Antes que P2 alcan\u00e7asse a porta, esta foi posta a baixo por uma multid\u00e3o<br \/>\nensandecida de eco-chatos que invadiram o ambiente, vandalizaram tudo e<br \/>\nocuparam os destro\u00e7os, pixando e entoando palavras de ordem.<\/p>\n<p>Ao que segue P3 e P2 correm para a casa de P1. Quando chegaram na casa de<br \/>\nP1, este os recebe, e os dois caem ofegantes na sala de entrada.<br \/>\nP1: O que houve?<br \/>\nP2: LM, lobo mau por defini\u00e7\u00e3o, n\u00edvel 8.75, destruiu nossas casas e<br \/>\ndesapropriou os terrenos.<br \/>\nP3: N\u00e3o temos para onde ir. E agora, que eu farei? Sou apenas um formando<br \/>\nem Comunica\u00e7\u00e3o e Express\u00e3o Visual! Tum-tum-tum-tum-tuuummm!!!! (isto \u00e9<br \/>\nsomente uma simula\u00e7\u00e3o de batidas \u00e0 porta, meu filho! o som correto n\u00e3o \u00e9<br \/>\nesse.)<br \/>\nLM: P1, abra essa porta e assine este contrato de transfer\u00eancia de posse<br \/>\nde<br \/>\nim\u00f3vel, ou eu vou gritar e gritar e chamar os fiscais do Conselho de<br \/>\nEngenharia em cima de vc!!!<\/p>\n<p>Como P1 n\u00e3o abria (apesar da insist\u00eancia covarde do porco arquiteto e<br \/>\ndo&#8230;do&#8230; comunicador e expressivo ) LM chamou os fiscais, e estes fizeram<br \/>\ntestes de robustez do projeto, inspe\u00e7\u00f5es sanit\u00e1rias, proje\u00e7\u00f5es<br \/>\ngeomorfol\u00f3gicas, exames de agentes f\u00edsico-estressores, c\u00e1lculos com muitas<br \/>\nintegrais, matrizes, e geometria anal\u00edtica avan\u00e7ada, e nada acharam de<br \/>\nerrado. Ent\u00e3o LM gritou e gritou pela segunda vez, e veio o GreenPeace, mas<br \/>\ntodo o projeto e implementa\u00e7\u00e3o da casa de P1 era ecologicamente correta.<\/p>\n<p>Cansado e esbaforido, o vil\u00e3o lupino resolveu agir de forma irracional<br \/>\n(por\u00e9m super-comum nos contos de fada): ele pessoalmente escalou a casa de<br \/>\nP1 pela parede, subiu ate a chamin\u00e9 e resolveu entrar por esta, para<br \/>\ninvadir.<\/p>\n<p>Mas quando ele pulou para dentro da chamin\u00e9, um dispositivo mecatr\u00f4nico<br \/>\ninstalado por P1 captou sua presen\u00e7a por um sensor t\u00e9rmico e ativou uma<br \/>\ncatapulta que impulsionou com uma for\u00e7a de 33.300 N ( Newtons ) LM para cima.<br \/>\nEste subiu aos c\u00e9us, numa trajet\u00f3ria parab\u00f3lica estreita, alcan\u00e7ando o<br \/>\n\u00e1 pice, onde sua velocidade chegou a zero, a 200 metros do ch\u00e3o.<\/p>\n<p>Agora, meu filho, antes que voc\u00ea pegue num repousar gostoso e o papai te<br \/>\ncubra com este edredom macio e quente, admitindo que a gravidade vale 9,8<br \/>\nm\/s2 e que um lobo adulto m\u00e9dio pese 60kg, calcule:<\/p>\n<p>a) o deslocamento no eixo &#8220;x&#8221;, tomando como referencial a chamin\u00e9.<br \/>\nb) a velocidade de queda de LM quando este tocou o ch\u00e3o e<br \/>\nc) o susto que o Lobo Mau tomou, num gr\u00e1fico logico que varia do 0<br \/>\n(repouso) ao 9 (ataque hist\u00e9rico).<\/p>\n<p>PS: Se depois de contar a est\u00f3rinha toda, mesmo assim o seu filho ou filha<br \/>\nainda desejar ser Engenheiro(a), lave as m\u00e3os porque dar\u00e1 certo pra coisa!<\/p>\n","protected":false},"excerpt":{"rendered":"<p>&nbsp; Meu Filho, era uma vez tr\u00eas porquinhos ( P1, P2 e P3) e um Lobo Mau, por defini\u00e7\u00e3o, LM, que vivia os atormentando. P1 era sabido e fazia Engenharia El\u00e9trica e j\u00e1 era formado em Engenharia Civil. P2 era arquiteto e vivia em f\u00fateis devaneios est\u00e9ticos absolutamente desprovidos de c\u00e1lculos rigorosos. P3 fazia Comunica\u00e7\u00e3o [&hellip;]<\/p>\n","protected":false},"author":2,"featured_media":0,"parent":0,"menu_order":0,"comment_status":"closed","ping_status":"closed","template":"","meta":{"_exactmetrics_skip_tracking":false,"_exactmetrics_sitenote_active":false,"_exactmetrics_sitenote_note":"","_exactmetrics_sitenote_category":0,"footnotes":""},"categories":[],"tags":[],"class_list":["post-121","page","type-page","status-publish","hentry"],"_links":{"self":[{"href":"https:\/\/www.professores.uff.br\/rbrunow\/wp-json\/wp\/v2\/pages\/121","targetHints":{"allow":["GET"]}}],"collection":[{"href":"https:\/\/www.professores.uff.br\/rbrunow\/wp-json\/wp\/v2\/pages"}],"about":[{"href":"https:\/\/www.professores.uff.br\/rbrunow\/wp-json\/wp\/v2\/types\/page"}],"author":[{"embeddable":true,"href":"https:\/\/www.professores.uff.br\/rbrunow\/wp-json\/wp\/v2\/users\/2"}],"replies":[{"embeddable":true,"href":"https:\/\/www.professores.uff.br\/rbrunow\/wp-json\/wp\/v2\/comments?post=121"}],"version-history":[{"count":2,"href":"https:\/\/www.professores.uff.br\/rbrunow\/wp-json\/wp\/v2\/pages\/121\/revisions"}],"predecessor-version":[{"id":124,"href":"https:\/\/www.professores.uff.br\/rbrunow\/wp-json\/wp\/v2\/pages\/121\/revisions\/124"}],"wp:attachment":[{"href":"https:\/\/www.professores.uff.br\/rbrunow\/wp-json\/wp\/v2\/media?parent=121"}],"wp:term":[{"taxonomy":"category","embeddable":true,"href":"https:\/\/www.professores.uff.br\/rbrunow\/wp-json\/wp\/v2\/categories?post=121"},{"taxonomy":"post_tag","embeddable":true,"href":"https:\/\/www.professores.uff.br\/rbrunow\/wp-json\/wp\/v2\/tags?post=121"}],"curies":[{"name":"wp","href":"https:\/\/api.w.org\/{rel}","templated":true}]}}