{"id":125,"date":"2017-08-23T12:20:31","date_gmt":"2017-08-23T15:20:31","guid":{"rendered":"http:\/\/www.professores.uff.br\/rbrunow\/?page_id=125"},"modified":"2017-08-23T12:20:31","modified_gmt":"2017-08-23T15:20:31","slug":"piadas-de-engenheiro","status":"publish","type":"page","link":"https:\/\/www.professores.uff.br\/rbrunow\/piadas-de-engenheiro\/","title":{"rendered":"Piadas de Engenheiro"},"content":{"rendered":"<p><strong>LEITE<\/strong><br \/>\nPorque o queijo e a manteiga s\u00e3o derivados do leite?<br \/>\nPorque o leite \u00e9 integral!<br \/>\n(Ent\u00e3o se fizer uma integral dupla da manteiga ou do queijo, eu tenho uma vaca? Ter\u00edamos que fazer uma integral de volume, ent\u00e3o seria uma integra\u00e7\u00e3o tripla. Mas antes ter\u00edamos que parametrizar uma vaca, algu\u00e9m sabe fazer isso? Talvez esse problema seja solucionado com teorema de Gauss)<\/p>\n<p><strong>JESUS<\/strong><br \/>\nJesus disse a seus ap\u00f3stolos:<br \/>\nIrm\u00e3os, y = ax\u00b2+bx+c&#8230;<br \/>\nOs ap\u00f3stolos, confusos, responderam:<br \/>\nMais senhor&#8230; o que \u00e9 isso?<br \/>\nJesus disse:<br \/>\nApenas uma par\u00e1bola.<\/p>\n<p><strong>VOV\u00d4<\/strong><br \/>\nEstavam o av\u00f4 e o neto conversando, quando o neto diz:<br \/>\n&#8211; Ah vov\u00f4 eu vou desistir de engenharia, n\u00e3o consigo terminar!<br \/>\nE o av\u00f4 retruca para o neto:<br \/>\n&#8211; Voc\u00ea pode desistir, mas eu vou continuar!<\/p>\n<p><strong>FESTA<\/strong><br \/>\nUma vez houve uma festa com todas as fun\u00e7\u00f5es&#8230;<br \/>\nEstavam l\u00e1, todos se divertindo, menos o e^x, que estava meio isolado.<br \/>\nEnt\u00e3o chegaram pro e^x e perguntaram: &#8220;porque voc\u00ea n\u00e3o se integra?&#8221;<br \/>\nE ele respondeu: &#8220;ah, d\u00e1 na mesma&#8230;&#8221;<\/p>\n<p><strong>PROFISS\u00c3O MAIS ANTIGA<\/strong><br \/>\nUm m\u00e9dico, um administrador e um engenheiro discutiam sobre qual seria a mais antiga das profiss\u00f5es.<br \/>\nO m\u00e9dico: est\u00e1 na B\u00edblia &#8211; Deus criou Eva a partir de uma costela de Ad\u00e3o.<br \/>\nHouve, ent\u00e3o, um procedimento cir\u00fargico o que prova que a minha profiss\u00e3o \u00e9 a mais antiga.<br \/>\nO administrador: l\u00e1 no G\u00eanesis est\u00e1 escrito que Deus criou o c\u00e9u e a terra a partir do caos. N\u00e3o h\u00e1 d\u00favidas de que isso requer um bom conhecimento de administra\u00e7\u00e3o.<br \/>\nO engenheiro: e quem voc\u00eas acham que criou o caos?<\/p>\n<p><strong>RAPIDINHAS<\/strong><br \/>\nO que foi que um vetor disse pro outro?<br \/>\n&#8211; Um momento, por favor!<\/p>\n<p>O que \u00e9 um menino complexo?<br \/>\n&#8211; \u00c9 o que tem a m\u00e3e real e o pai imagin\u00e1rio.<\/p>\n<p>O Engenheiro e a Teologia:<br \/>\n&#8211; Deus \u00e9 real, a n\u00e3o ser que seja declarado inteiro.<\/p>\n<p>O que \u00e9 um urso polar?<br \/>\n&#8211; \u00c9 um urso retangular, depois de uma troca de coordenadas.<\/p>\n<p>Para uma pessoa otimista, o copo est\u00e1 meio-cheio.<br \/>\nPara um pessimista, ele est\u00e1 meio-vazio.<br \/>\nPara um engenheiro ele \u00e9 duas vezes maior que o necess\u00e1rio.<\/p>\n<p>Como se desmaia um vetor?<br \/>\n&#8211; Apaga a pontinha que ele perde o sentido.<\/p>\n<p>VOC\u00ca \u00c9 UM ENGENHEIRO SE&#8230;<br \/>\nVoc\u00ea sabe calculo vetorial, mas n\u00e3o lembra como fazer uma divis\u00e3o com virgula.<br \/>\nVoc\u00ea tem uma calculadora cientifica e conhece TODAS as suas fun\u00e7\u00f5es.<br \/>\nVoc\u00ea j\u00e1 usou o AutoCAD para projetar uma pipa para o seu filho.<br \/>\nVoc\u00ea passa horas realizando o relat\u00f3rio de um experimento que durou alguns minutos.<br \/>\nVoc\u00ea tem um bichinho de estima\u00e7\u00e3o com o nome de um grande cientista.<br \/>\nVoc\u00ea ri de piadas sobre matem\u00e1ticos.<br \/>\nVoc\u00ea considera qualquer curso n\u00e3o-cient\u00edfico &#8220;f\u00e1cil&#8221;.<br \/>\nVoc\u00ea n\u00e3o entende como algumas pessoas podem achar dif\u00edcil programar um videocassete.<br \/>\nVoc\u00ea assistiu &#8220;Apollo 13&#8221; e achou que os verdadeiros her\u00f3is foram os caras no &#8220;Controle da Miss\u00e3o&#8221;.<br \/>\nVoc\u00ea assume que um &#8220;cavalo&#8221; \u00e9 equivalente a uma &#8220;esfera&#8221; para facilitar os c\u00e1lculos.<br \/>\nUma crian\u00e7a de quatro anos lhe pergunta por que o c\u00e9u e azul e voc\u00ea tenta explicar toda a teoria da absor\u00e7\u00e3o atmosf\u00e9rica.<br \/>\nVoc\u00ea vai a uma loja de inform\u00e1tica e os vendedores n\u00e3o conseguem responder suas perguntas.<br \/>\nVoc\u00ea costuma assobiar a musica tema de &#8220;MacGyver&#8221;.<br \/>\nO que voc\u00ea mais gosta no Natal \u00e9 montar os brinquedos das crian\u00e7as.<br \/>\nVoc\u00ea j\u00e1 tentou consertar alguma coisa usando el\u00e1sticos, clipes de papel e fita adesiva.<br \/>\nSeu PC vale mais do que um carro.<br \/>\nVoc\u00ea pode lembrar de 7 senhas de computador, mas n\u00e3o da data do aniversario da sua m\u00e3e.<br \/>\nVoc\u00ea sabe qual ser\u00e1 o sentido de rota\u00e7\u00e3o da \u00e1gua quando puxar a descarga.<br \/>\nVoc\u00ea esta sendo processado pela Sociedade Protetora dos Animais por realmente ter realizado o experimento do Gato de Schrodinger.<\/p>\n<p>Voc\u00ea SABE o que \u00e9 o experimento do Gato de Schrodinger.<br \/>\nVoc\u00ea consegue digitar 70 palavras por minuto, mas n\u00e3o entende sua pr\u00f3pria caligrafia.<br \/>\nVoc\u00ea j\u00e1 abriu alguma coisa &#8220;s\u00f3 para ver como \u00e9 por dentro&#8221;.<br \/>\nVoc\u00ea guarda pe\u00e7as de eletrodom\u00e9sticos estragados.<br \/>\nVoc\u00ea assiste filmes de fic\u00e7\u00e3o cientifica e fica procurando cenas que est\u00e3o cientificamente incorretas.<br \/>\nVoc\u00ea tem o habito de estragar coisas tentando descobrir como elas funcionam.<br \/>\nVoc\u00ea n\u00e3o tem vida. E pode provar isso matematicamente.<\/p>\n","protected":false},"excerpt":{"rendered":"<p>LEITE Porque o queijo e a manteiga s\u00e3o derivados do leite? Porque o leite \u00e9 integral! (Ent\u00e3o se fizer uma integral dupla da manteiga ou do queijo, eu tenho uma vaca? Ter\u00edamos que fazer uma integral de volume, ent\u00e3o seria uma integra\u00e7\u00e3o tripla. Mas antes ter\u00edamos que parametrizar uma vaca, algu\u00e9m sabe fazer isso? Talvez [&hellip;]<\/p>\n","protected":false},"author":2,"featured_media":0,"parent":0,"menu_order":0,"comment_status":"closed","ping_status":"closed","template":"","meta":{"_exactmetrics_skip_tracking":false,"_exactmetrics_sitenote_active":false,"_exactmetrics_sitenote_note":"","_exactmetrics_sitenote_category":0,"footnotes":""},"categories":[],"tags":[],"class_list":["post-125","page","type-page","status-publish","hentry"],"_links":{"self":[{"href":"https:\/\/www.professores.uff.br\/rbrunow\/wp-json\/wp\/v2\/pages\/125","targetHints":{"allow":["GET"]}}],"collection":[{"href":"https:\/\/www.professores.uff.br\/rbrunow\/wp-json\/wp\/v2\/pages"}],"about":[{"href":"https:\/\/www.professores.uff.br\/rbrunow\/wp-json\/wp\/v2\/types\/page"}],"author":[{"embeddable":true,"href":"https:\/\/www.professores.uff.br\/rbrunow\/wp-json\/wp\/v2\/users\/2"}],"replies":[{"embeddable":true,"href":"https:\/\/www.professores.uff.br\/rbrunow\/wp-json\/wp\/v2\/comments?post=125"}],"version-history":[{"count":1,"href":"https:\/\/www.professores.uff.br\/rbrunow\/wp-json\/wp\/v2\/pages\/125\/revisions"}],"predecessor-version":[{"id":126,"href":"https:\/\/www.professores.uff.br\/rbrunow\/wp-json\/wp\/v2\/pages\/125\/revisions\/126"}],"wp:attachment":[{"href":"https:\/\/www.professores.uff.br\/rbrunow\/wp-json\/wp\/v2\/media?parent=125"}],"wp:term":[{"taxonomy":"category","embeddable":true,"href":"https:\/\/www.professores.uff.br\/rbrunow\/wp-json\/wp\/v2\/categories?post=125"},{"taxonomy":"post_tag","embeddable":true,"href":"https:\/\/www.professores.uff.br\/rbrunow\/wp-json\/wp\/v2\/tags?post=125"}],"curies":[{"name":"wp","href":"https:\/\/api.w.org\/{rel}","templated":true}]}}