{"id":13,"date":"2017-08-23T11:38:50","date_gmt":"2017-08-23T14:38:50","guid":{"rendered":"http:\/\/www.professores.uff.br\/rbrunow\/?page_id=13"},"modified":"2017-08-23T11:52:43","modified_gmt":"2017-08-23T14:52:43","slug":"publicacoes","status":"publish","type":"page","link":"https:\/\/www.professores.uff.br\/rbrunow\/publicacoes\/","title":{"rendered":"Publica\u00e7\u00f5es"},"content":{"rendered":"<p>Estas s\u00e3o algumas das minhas publica\u00e7\u00f5es:<\/p>\n<p>1. <a href=\"http:\/\/www.professores.uff.br\/rbrunow\/wp-content\/uploads\/sites\/99\/2017\/08\/IBI-2004-Influ\u00eancia-Geometria-Pr\u00f3tese-nas-Tens\u00f5es-Implantes-C\u00f4nicos.pdf\">2004 &#8211; Revista IBI<\/a><\/p>\n<p>2. <a href=\"http:\/\/www.professores.uff.br\/rbrunow\/wp-content\/uploads\/sites\/99\/2017\/08\/RBO-2006-Vol-63_Num-3-e-4_p-250-254.pdf\">2006 &#8211; Revista RBO<\/a><\/p>\n<p>3. <a href=\"http:\/\/www.professores.uff.br\/rbrunow\/wp-content\/uploads\/sites\/99\/2017\/08\/COBEM2007-0335.pdf\">COBEM2007<\/a><\/p>\n","protected":false},"excerpt":{"rendered":"<p>Estas s\u00e3o algumas das minhas publica\u00e7\u00f5es: 1. 2004 &#8211; Revista IBI 2. 2006 &#8211; Revista RBO 3. COBEM2007<\/p>\n","protected":false},"author":2,"featured_media":0,"parent":0,"menu_order":0,"comment_status":"closed","ping_status":"closed","template":"","meta":{"_exactmetrics_skip_tracking":false,"_exactmetrics_sitenote_active":false,"_exactmetrics_sitenote_note":"","_exactmetrics_sitenote_category":0,"footnotes":""},"categories":[],"tags":[],"class_list":["post-13","page","type-page","status-publish","hentry"],"_links":{"self":[{"href":"https:\/\/www.professores.uff.br\/rbrunow\/wp-json\/wp\/v2\/pages\/13","targetHints":{"allow":["GET"]}}],"collection":[{"href":"https:\/\/www.professores.uff.br\/rbrunow\/wp-json\/wp\/v2\/pages"}],"about":[{"href":"https:\/\/www.professores.uff.br\/rbrunow\/wp-json\/wp\/v2\/types\/page"}],"author":[{"embeddable":true,"href":"https:\/\/www.professores.uff.br\/rbrunow\/wp-json\/wp\/v2\/users\/2"}],"replies":[{"embeddable":true,"href":"https:\/\/www.professores.uff.br\/rbrunow\/wp-json\/wp\/v2\/comments?post=13"}],"version-history":[{"count":3,"href":"https:\/\/www.professores.uff.br\/rbrunow\/wp-json\/wp\/v2\/pages\/13\/revisions"}],"predecessor-version":[{"id":72,"href":"https:\/\/www.professores.uff.br\/rbrunow\/wp-json\/wp\/v2\/pages\/13\/revisions\/72"}],"wp:attachment":[{"href":"https:\/\/www.professores.uff.br\/rbrunow\/wp-json\/wp\/v2\/media?parent=13"}],"wp:term":[{"taxonomy":"category","embeddable":true,"href":"https:\/\/www.professores.uff.br\/rbrunow\/wp-json\/wp\/v2\/categories?post=13"},{"taxonomy":"post_tag","embeddable":true,"href":"https:\/\/www.professores.uff.br\/rbrunow\/wp-json\/wp\/v2\/tags?post=13"}],"curies":[{"name":"wp","href":"https:\/\/api.w.org\/{rel}","templated":true}]}}