{"id":15,"date":"2017-08-23T11:39:10","date_gmt":"2017-08-23T14:39:10","guid":{"rendered":"http:\/\/www.professores.uff.br\/rbrunow\/?page_id=15"},"modified":"2017-08-23T11:54:12","modified_gmt":"2017-08-23T14:54:12","slug":"bioengenharia","status":"publish","type":"page","link":"https:\/\/www.professores.uff.br\/rbrunow\/bioengenharia\/","title":{"rendered":"Bioengenharia"},"content":{"rendered":"<p style=\"text-align: center;\"><strong>Bioengenharia<\/strong><br \/>\nOrigem: Wikip\u00e9dia, a enciclop\u00e9dia livre.<\/p>\n<p style=\"text-align: left;\">\nA bioengenharia consiste na aplica\u00e7\u00e3o de engenharia com a finalidade de adapta\u00e7\u00e3o de equipamentos e dispositivos el\u00e9tricos, eletr\u00f4nicos e mec\u00e2nicos para organismos vivos. Este ramo da engenharia visa a cria\u00e7\u00e3o de sistemas e equipamentos de estudo, manuten\u00e7\u00e3o e suporte \u00e0 vida.<\/p>\n<p style=\"text-align: left;\">\n<strong>Atua\u00e7\u00e3o<\/strong><\/p>\n<p>A atua\u00e7\u00e3o do bioengenheiro no Brasil se d\u00e1 em geral nos hospitais, n\u00e3o sendo descartada sua a\u00e7\u00e3o em Laborat\u00f3rios de An\u00e1lises cl\u00ednicas e na ind\u00fastria de instrumenta\u00e7\u00e3o hospitalar, biol\u00f3gica e de engenharia biol\u00f3gica.<\/p>\n<p><strong>Equipamentos e \u00e1reas de influ\u00eancia da bioengenharia<\/strong><\/p>\n<p>Exemplo cl\u00e1ssico do uso de equipamentos, dispositivos e sistemas de bioengenharia \u00e9 a aparelhagem utilizada em hospitais nos Centros Cir\u00fargicos e Unidades de Terapia Intensiva em geral.<\/p>\n<p>O bioengenheiro projeta e mant\u00e9m funcionando equipamentos e instrumentos para substituir ou complementar, tempor\u00e1ria ou permanentemente, a fun\u00e7\u00e3o de um \u00f3rg\u00e3o, por exemplo: as pr\u00f3teses utilizadas por seres humanos e outros animais, respiradores, monitores diversos, capn\u00f3grafos, ox\u00edmetros, equipamentos de hemodi\u00e1lise, etc.<\/p>\n<p><strong>Instrumentos para diagn\u00f3sticos<\/strong><\/p>\n<p>S\u00e3o os bioengenheiros atualmente os respons\u00e1veis pelo desenvolvimento de equipamentos para exames e diagn\u00f3sticos por imagem como resson\u00e2ncia magn\u00e9tica nuclear, raios-X para uso cl\u00ednico, tomografia computadorizada, mam\u00f3grafos, ultrasonografia, endosc\u00f3pios, etc.<\/p>\n<p><strong>Equipamentos de manuten\u00e7\u00e3o da vida<\/strong><\/p>\n<p>A bioengenharia estuda e desenvolve instrumentos essenciais \u00e0 manuten\u00e7\u00e3o da vida como esfigmoman\u00f4metros, hemodi\u00e1lise, bombas infusoras ou bomba de infus\u00e3o, bombas de sangue, pulm\u00f5es artificiais (ventiladores), desfibriladores, incubadoras neonatais, etc.<\/p>\n<p><strong>Instrumentos para Centros Cir\u00fargicos e Unidades de Terapia Intensiva<\/strong><\/p>\n<p>Em cirurgias s\u00e3o utilizados equipamentos desenvolvidos por bioengenheiros: bisturis convencionais e eletr\u00f4nicos, esp\u00e9culos dos mais diversos, cat\u00e9teres, bombas de v\u00e1cuo, coaguladores eletr\u00f4nicos, desfibriladores, marca passos, autoclaves etc. Tamb\u00e9m faz parte da bioengenharia a instrumenta\u00e7\u00e3o necess\u00e1ria \u00e0 observa\u00e7\u00e3o, diagn\u00f3stico e an\u00e1lises cl\u00ednicas como microsc\u00f3pios \u00f3ticos, laparosc\u00f3pios, endosc\u00f3pios, cardi\u00f3grafos, eletroencefal\u00f3grafos, etc.<\/p>\n<p><strong>An\u00e1lises cl\u00ednicas<\/strong><\/p>\n<p>Os instrumentos de Laborat\u00f3rios de an\u00e1lises cl\u00ednicas desde Espectrofot\u00f4metros de Absor\u00e7\u00e3o At\u00f4mica at\u00e9 centr\u00edfugas microhematocritas, s\u00e3o desenvolvidos e projetados por bioengenheiros.<\/p>\n<p><strong>Outras \u00e1reas<\/strong><\/p>\n<p>Al\u00e9m da \u00e1rea hospitalar, a bioengenharia tamb\u00e9m pesquisa e desenvolve equipamentos metodologias e tecnologias para serem utilizadas em miss\u00f5es submarinas e espaciais, de instrumental para monitorar fun\u00e7\u00f5es biol\u00f3gicas variadas, como circula\u00e7\u00e3o e respira\u00e7\u00e3o.<\/p>\n<p><strong>Gen\u00e9tica<\/strong><\/p>\n<p>Os bioengenheiros tamb\u00e9m desenvolvem t\u00e9cnicas e equipamentos para a manipula\u00e7\u00e3o ou pesquisa gen\u00e9tica. Por exemplo os equipamentos de eletroforese s\u00e3o constru\u00eddos por estes cientistas, que buscam atrav\u00e9s do estudo os melhores m\u00e9todos e tecnologias para construir aqueles instrumentos, por\u00e9m, n\u00e3o \u00e9 o bioengenheiro que faz a manipula\u00e7\u00e3o gen\u00e9tica, nem exames cl\u00ednicos.<\/p>\n<p><strong>Biotecnologia<\/strong><\/p>\n<p>N\u00e3o se deve confundir a bioengenharia com a engenharia biol\u00f3gica ou biotecnologia, que \u00e9 a aplica\u00e7\u00e3o dos princ\u00edpios de biologia e da engenharia ao processamento de materiais, atrav\u00e9s de agentes biol\u00f3gicos, para prover bens e assegurar servi\u00e7os, enquanto que a primeira desenvolve equipamentos e metodologias para serem usadas por outras \u00e1reas da biologia.<\/p>\n","protected":false},"excerpt":{"rendered":"<p>Bioengenharia Origem: Wikip\u00e9dia, a enciclop\u00e9dia livre. A bioengenharia consiste na aplica\u00e7\u00e3o de engenharia com a finalidade de adapta\u00e7\u00e3o de equipamentos e dispositivos el\u00e9tricos, eletr\u00f4nicos e mec\u00e2nicos para organismos vivos. Este ramo da engenharia visa a cria\u00e7\u00e3o de sistemas e equipamentos de estudo, manuten\u00e7\u00e3o e suporte \u00e0 vida. Atua\u00e7\u00e3o A atua\u00e7\u00e3o do bioengenheiro no Brasil se [&hellip;]<\/p>\n","protected":false},"author":2,"featured_media":0,"parent":0,"menu_order":0,"comment_status":"closed","ping_status":"closed","template":"","meta":{"_exactmetrics_skip_tracking":false,"_exactmetrics_sitenote_active":false,"_exactmetrics_sitenote_note":"","_exactmetrics_sitenote_category":0,"footnotes":""},"categories":[],"tags":[],"class_list":["post-15","page","type-page","status-publish","hentry"],"_links":{"self":[{"href":"https:\/\/www.professores.uff.br\/rbrunow\/wp-json\/wp\/v2\/pages\/15","targetHints":{"allow":["GET"]}}],"collection":[{"href":"https:\/\/www.professores.uff.br\/rbrunow\/wp-json\/wp\/v2\/pages"}],"about":[{"href":"https:\/\/www.professores.uff.br\/rbrunow\/wp-json\/wp\/v2\/types\/page"}],"author":[{"embeddable":true,"href":"https:\/\/www.professores.uff.br\/rbrunow\/wp-json\/wp\/v2\/users\/2"}],"replies":[{"embeddable":true,"href":"https:\/\/www.professores.uff.br\/rbrunow\/wp-json\/wp\/v2\/comments?post=15"}],"version-history":[{"count":3,"href":"https:\/\/www.professores.uff.br\/rbrunow\/wp-json\/wp\/v2\/pages\/15\/revisions"}],"predecessor-version":[{"id":74,"href":"https:\/\/www.professores.uff.br\/rbrunow\/wp-json\/wp\/v2\/pages\/15\/revisions\/74"}],"wp:attachment":[{"href":"https:\/\/www.professores.uff.br\/rbrunow\/wp-json\/wp\/v2\/media?parent=15"}],"wp:term":[{"taxonomy":"category","embeddable":true,"href":"https:\/\/www.professores.uff.br\/rbrunow\/wp-json\/wp\/v2\/categories?post=15"},{"taxonomy":"post_tag","embeddable":true,"href":"https:\/\/www.professores.uff.br\/rbrunow\/wp-json\/wp\/v2\/tags?post=15"}],"curies":[{"name":"wp","href":"https:\/\/api.w.org\/{rel}","templated":true}]}}