{"id":17,"date":"2017-08-23T11:39:18","date_gmt":"2017-08-23T14:39:18","guid":{"rendered":"http:\/\/www.professores.uff.br\/rbrunow\/?page_id=17"},"modified":"2017-08-23T11:56:43","modified_gmt":"2017-08-23T14:56:43","slug":"metodo-elementos-finitos","status":"publish","type":"page","link":"https:\/\/www.professores.uff.br\/rbrunow\/metodo-elementos-finitos\/","title":{"rendered":"M\u00e9todo Elementos Finitos"},"content":{"rendered":"<p style=\"text-align: center;\"><strong>M\u00e9todo dos Elementos Finitos<\/strong><\/p>\n<p>O m\u00e9todo dos elementos finitos (MEF ou FEM em ingl\u00eas) \u00e9 uma forma de resolu\u00e7\u00e3o num\u00e9rica de um sistema de equa\u00e7\u00f5es diferenciais parciais.<br \/>\nO m\u00e9todo encontra aplica\u00e7\u00f5es em diversos campos:<\/p>\n<ul>\n<li>Mec\u00e2nica estrutural<\/li>\n<li>Mec\u00e2nica dos fluidos<\/li>\n<li>Eletromagnetismo<\/li>\n<\/ul>\n<p>Para baixar algumas apostilas que encontrei na internet, <a href=\"http:\/\/www.professores.uff.br\/rbrunow\/apostilas\/\">clique aqui.<\/a><\/p>\n","protected":false},"excerpt":{"rendered":"<p>M\u00e9todo dos Elementos Finitos O m\u00e9todo dos elementos finitos (MEF ou FEM em ingl\u00eas) \u00e9 uma forma de resolu\u00e7\u00e3o num\u00e9rica de um sistema de equa\u00e7\u00f5es diferenciais parciais. O m\u00e9todo encontra aplica\u00e7\u00f5es em diversos campos: Mec\u00e2nica estrutural Mec\u00e2nica dos fluidos Eletromagnetismo Para baixar algumas apostilas que encontrei na internet, clique aqui.<\/p>\n","protected":false},"author":2,"featured_media":0,"parent":0,"menu_order":0,"comment_status":"closed","ping_status":"closed","template":"","meta":{"_exactmetrics_skip_tracking":false,"_exactmetrics_sitenote_active":false,"_exactmetrics_sitenote_note":"","_exactmetrics_sitenote_category":0,"footnotes":""},"categories":[],"tags":[],"class_list":["post-17","page","type-page","status-publish","hentry"],"_links":{"self":[{"href":"https:\/\/www.professores.uff.br\/rbrunow\/wp-json\/wp\/v2\/pages\/17","targetHints":{"allow":["GET"]}}],"collection":[{"href":"https:\/\/www.professores.uff.br\/rbrunow\/wp-json\/wp\/v2\/pages"}],"about":[{"href":"https:\/\/www.professores.uff.br\/rbrunow\/wp-json\/wp\/v2\/types\/page"}],"author":[{"embeddable":true,"href":"https:\/\/www.professores.uff.br\/rbrunow\/wp-json\/wp\/v2\/users\/2"}],"replies":[{"embeddable":true,"href":"https:\/\/www.professores.uff.br\/rbrunow\/wp-json\/wp\/v2\/comments?post=17"}],"version-history":[{"count":3,"href":"https:\/\/www.professores.uff.br\/rbrunow\/wp-json\/wp\/v2\/pages\/17\/revisions"}],"predecessor-version":[{"id":79,"href":"https:\/\/www.professores.uff.br\/rbrunow\/wp-json\/wp\/v2\/pages\/17\/revisions\/79"}],"wp:attachment":[{"href":"https:\/\/www.professores.uff.br\/rbrunow\/wp-json\/wp\/v2\/media?parent=17"}],"wp:term":[{"taxonomy":"category","embeddable":true,"href":"https:\/\/www.professores.uff.br\/rbrunow\/wp-json\/wp\/v2\/categories?post=17"},{"taxonomy":"post_tag","embeddable":true,"href":"https:\/\/www.professores.uff.br\/rbrunow\/wp-json\/wp\/v2\/tags?post=17"}],"curies":[{"name":"wp","href":"https:\/\/api.w.org\/{rel}","templated":true}]}}