{"id":19,"date":"2017-08-23T11:39:27","date_gmt":"2017-08-23T14:39:27","guid":{"rendered":"http:\/\/www.professores.uff.br\/rbrunow\/?page_id=19"},"modified":"2017-08-24T15:51:35","modified_gmt":"2017-08-24T18:51:35","slug":"eletricidade","status":"publish","type":"page","link":"https:\/\/www.professores.uff.br\/rbrunow\/eletricidade\/","title":{"rendered":"Eletricidade"},"content":{"rendered":"<p>Tem como objetivo apresentar conceitos relativos a eletricidade. Fazem parte do programa:<\/p>\n<p>1. Circuitos El\u00e9tricos CC e CA;<\/p>\n<p>1.1 &#8211; Conceitos Gerais<\/p>\n<p>1.2 &#8211; Divisor de Tens\u00e3o e Corrente<\/p>\n<p>1.3 &#8211; Teorema da Superposi\u00e7\u00e3o<\/p>\n<p>1.4 &#8211; Teorema de Thevenin<\/p>\n<p>1.5 &#8211; Teorema de Norton<\/p>\n<p>1.6 &#8211; Equa\u00e7\u00f5es de La\u00e7o<\/p>\n<p>1.7 &#8211; Equa\u00e7\u00f5es Nodais<\/p>\n<p>1.8 &#8211; Regime Permanente Senoidal<\/p>\n<p>2. Corre\u00e7\u00e3o do Fator de Pot\u00eancia;<\/p>\n<p>3. Resson\u00e2ncia El\u00e9trica;<\/p>\n<p>4.\u00a0Convers\u00e3o Eletromec\u00e2nica de Energia<\/p>\n<p>4.1 &#8211; No\u00e7\u00f5es de\u00a0Eletromagnetismo<\/p>\n<p>4.2 &#8211; No\u00e7\u00f5es de Transformadores e M\u00e1quinas El\u00e9tricas<\/p>\n<p>5. No\u00e7\u00f5es de\u00a0Sistemas de Controle<\/p>\n<p>Para baixar as listas de exerc\u00edcios, <a href=\"http:\/\/www.professores.uff.br\/rbrunow\/exercicios-eletricidade\/\">clique aqui<\/a><\/p>\n<p>Visitem a p\u00e1gina da monitoria de eletricidade no Facebook!!!<\/p>\n","protected":false},"excerpt":{"rendered":"<p>Tem como objetivo apresentar conceitos relativos a eletricidade. Fazem parte do programa: 1. Circuitos El\u00e9tricos CC e CA; 1.1 &#8211; Conceitos Gerais 1.2 &#8211; Divisor de Tens\u00e3o e Corrente 1.3 &#8211; Teorema da Superposi\u00e7\u00e3o 1.4 &#8211; Teorema de Thevenin 1.5 &#8211; Teorema de Norton 1.6 &#8211; Equa\u00e7\u00f5es de La\u00e7o 1.7 &#8211; Equa\u00e7\u00f5es Nodais 1.8 &#8211; [&hellip;]<\/p>\n","protected":false},"author":2,"featured_media":0,"parent":0,"menu_order":0,"comment_status":"closed","ping_status":"closed","template":"","meta":{"_exactmetrics_skip_tracking":false,"_exactmetrics_sitenote_active":false,"_exactmetrics_sitenote_note":"","_exactmetrics_sitenote_category":0,"footnotes":""},"categories":[],"tags":[],"class_list":["post-19","page","type-page","status-publish","hentry"],"_links":{"self":[{"href":"https:\/\/www.professores.uff.br\/rbrunow\/wp-json\/wp\/v2\/pages\/19","targetHints":{"allow":["GET"]}}],"collection":[{"href":"https:\/\/www.professores.uff.br\/rbrunow\/wp-json\/wp\/v2\/pages"}],"about":[{"href":"https:\/\/www.professores.uff.br\/rbrunow\/wp-json\/wp\/v2\/types\/page"}],"author":[{"embeddable":true,"href":"https:\/\/www.professores.uff.br\/rbrunow\/wp-json\/wp\/v2\/users\/2"}],"replies":[{"embeddable":true,"href":"https:\/\/www.professores.uff.br\/rbrunow\/wp-json\/wp\/v2\/comments?post=19"}],"version-history":[{"count":5,"href":"https:\/\/www.professores.uff.br\/rbrunow\/wp-json\/wp\/v2\/pages\/19\/revisions"}],"predecessor-version":[{"id":162,"href":"https:\/\/www.professores.uff.br\/rbrunow\/wp-json\/wp\/v2\/pages\/19\/revisions\/162"}],"wp:attachment":[{"href":"https:\/\/www.professores.uff.br\/rbrunow\/wp-json\/wp\/v2\/media?parent=19"}],"wp:term":[{"taxonomy":"category","embeddable":true,"href":"https:\/\/www.professores.uff.br\/rbrunow\/wp-json\/wp\/v2\/categories?post=19"},{"taxonomy":"post_tag","embeddable":true,"href":"https:\/\/www.professores.uff.br\/rbrunow\/wp-json\/wp\/v2\/tags?post=19"}],"curies":[{"name":"wp","href":"https:\/\/api.w.org\/{rel}","templated":true}]}}