{"id":21,"date":"2017-08-23T11:39:33","date_gmt":"2017-08-23T14:39:33","guid":{"rendered":"http:\/\/www.professores.uff.br\/rbrunow\/?page_id=21"},"modified":"2017-08-23T12:12:14","modified_gmt":"2017-08-23T15:12:14","slug":"introd-a-informatica","status":"publish","type":"page","link":"https:\/\/www.professores.uff.br\/rbrunow\/introd-a-informatica\/","title":{"rendered":"Introd. a Inform\u00e1tica"},"content":{"rendered":"<p>Tem como objetivo apresentar conceitos relativos a hardware e software. No que tange a hardware, \u00e9 feita uma r\u00e1pida apresenta\u00e7\u00e3o do tema e a respeito de software, os conceitos de algoritmo s\u00e3o essenciais para a disciplina de programa\u00e7\u00e3o do segundo per\u00edodo. O software visualg \u00e9 um freeware, funcionando como ferramenta de apoio para a disciplina.<\/p>\n<p>Para baixar o programa VISUALG, clique aqui<\/p>\n<p>Para baixar a apostila &#8220;Linguagem Visualg 2.0&#8221;, <a href=\"http:\/\/www.professores.uff.br\/rbrunow\/wp-content\/uploads\/sites\/99\/2017\/08\/Linguagem_Visualg2.0.pdf\">clique aqui<\/a><\/p>\n<p>Para baixar a apostila &#8220;Software Visualg 2.0&#8221;, <a href=\"http:\/\/www.professores.uff.br\/rbrunow\/wp-content\/uploads\/sites\/99\/2017\/08\/Software-Visualg.pdf\">clique aqui<\/a><\/p>\n<p>Para baixar as listas de exercicios, <a href=\"http:\/\/www.professores.uff.br\/rbrunow\/exercicios-introd-a-informatica\/\">clique aqui<\/a><\/p>\n<p>Para baixar uma apostila preparada por uma aluna (&#8220;Guia pr\u00e1tico para iniciantes&#8221;), <a href=\"http:\/\/www.professores.uff.br\/rbrunow\/wp-content\/uploads\/sites\/99\/2017\/08\/GUIA-PR\u00c1TICO-PARA-INICIANTES-EM-INFORM\u00c1TICArev1.4.doc\">clique aqui<\/a><\/p>\n<p>Alguns artigos do site boadica, <a href=\"http:\/\/www.professores.uff.br\/rbrunow\/wp-content\/uploads\/sites\/99\/2017\/08\/ultimas-tecnologias.doc\">clique aqui<\/a><\/p>\n<p>Exercicios resolvidos de matrizes, <a href=\"http:\/\/www.professores.uff.br\/rbrunow\/wp-content\/uploads\/sites\/99\/2017\/08\/Algoritmo-Exerc-resolvidos-matrizes-livro.doc\">clique aqui<\/a><\/p>\n","protected":false},"excerpt":{"rendered":"<p>Tem como objetivo apresentar conceitos relativos a hardware e software. No que tange a hardware, \u00e9 feita uma r\u00e1pida apresenta\u00e7\u00e3o do tema e a respeito de software, os conceitos de algoritmo s\u00e3o essenciais para a disciplina de programa\u00e7\u00e3o do segundo per\u00edodo. O software visualg \u00e9 um freeware, funcionando como ferramenta de apoio para a disciplina. [&hellip;]<\/p>\n","protected":false},"author":2,"featured_media":0,"parent":0,"menu_order":0,"comment_status":"closed","ping_status":"closed","template":"","meta":{"_exactmetrics_skip_tracking":false,"_exactmetrics_sitenote_active":false,"_exactmetrics_sitenote_note":"","_exactmetrics_sitenote_category":0,"footnotes":""},"categories":[],"tags":[],"class_list":["post-21","page","type-page","status-publish","hentry"],"_links":{"self":[{"href":"https:\/\/www.professores.uff.br\/rbrunow\/wp-json\/wp\/v2\/pages\/21","targetHints":{"allow":["GET"]}}],"collection":[{"href":"https:\/\/www.professores.uff.br\/rbrunow\/wp-json\/wp\/v2\/pages"}],"about":[{"href":"https:\/\/www.professores.uff.br\/rbrunow\/wp-json\/wp\/v2\/types\/page"}],"author":[{"embeddable":true,"href":"https:\/\/www.professores.uff.br\/rbrunow\/wp-json\/wp\/v2\/users\/2"}],"replies":[{"embeddable":true,"href":"https:\/\/www.professores.uff.br\/rbrunow\/wp-json\/wp\/v2\/comments?post=21"}],"version-history":[{"count":5,"href":"https:\/\/www.professores.uff.br\/rbrunow\/wp-json\/wp\/v2\/pages\/21\/revisions"}],"predecessor-version":[{"id":110,"href":"https:\/\/www.professores.uff.br\/rbrunow\/wp-json\/wp\/v2\/pages\/21\/revisions\/110"}],"wp:attachment":[{"href":"https:\/\/www.professores.uff.br\/rbrunow\/wp-json\/wp\/v2\/media?parent=21"}],"wp:term":[{"taxonomy":"category","embeddable":true,"href":"https:\/\/www.professores.uff.br\/rbrunow\/wp-json\/wp\/v2\/categories?post=21"},{"taxonomy":"post_tag","embeddable":true,"href":"https:\/\/www.professores.uff.br\/rbrunow\/wp-json\/wp\/v2\/tags?post=21"}],"curies":[{"name":"wp","href":"https:\/\/api.w.org\/{rel}","templated":true}]}}