{"id":27,"date":"2017-08-23T11:39:58","date_gmt":"2017-08-23T14:39:58","guid":{"rendered":"http:\/\/www.professores.uff.br\/rbrunow\/?page_id=27"},"modified":"2017-08-24T15:29:36","modified_gmt":"2017-08-24T18:29:36","slug":"videos","status":"publish","type":"page","link":"https:\/\/www.professores.uff.br\/rbrunow\/videos\/","title":{"rendered":"V\u00eddeos"},"content":{"rendered":"<p>Estes s\u00e3o alguns videos interessantes:<\/p>\n<p>&nbsp;<\/p>\n<p>Para rir:<\/p>\n<p>1. J\u00f4 Soares em <a href=\"http:\/\/www.professores.uff.br\/rbrunow\/wp-content\/uploads\/sites\/99\/2017\/08\/jodiferen\u00e7as.wmv\">&#8220;diferen\u00e7as&#8221;<\/a><\/p>\n","protected":false},"excerpt":{"rendered":"<p>Estes s\u00e3o alguns videos interessantes: &nbsp; Para rir: 1. J\u00f4 Soares em &#8220;diferen\u00e7as&#8221;<\/p>\n","protected":false},"author":2,"featured_media":0,"parent":0,"menu_order":0,"comment_status":"closed","ping_status":"closed","template":"","meta":{"_exactmetrics_skip_tracking":false,"_exactmetrics_sitenote_active":false,"_exactmetrics_sitenote_note":"","_exactmetrics_sitenote_category":0,"footnotes":""},"categories":[],"tags":[],"class_list":["post-27","page","type-page","status-publish","hentry"],"_links":{"self":[{"href":"https:\/\/www.professores.uff.br\/rbrunow\/wp-json\/wp\/v2\/pages\/27","targetHints":{"allow":["GET"]}}],"collection":[{"href":"https:\/\/www.professores.uff.br\/rbrunow\/wp-json\/wp\/v2\/pages"}],"about":[{"href":"https:\/\/www.professores.uff.br\/rbrunow\/wp-json\/wp\/v2\/types\/page"}],"author":[{"embeddable":true,"href":"https:\/\/www.professores.uff.br\/rbrunow\/wp-json\/wp\/v2\/users\/2"}],"replies":[{"embeddable":true,"href":"https:\/\/www.professores.uff.br\/rbrunow\/wp-json\/wp\/v2\/comments?post=27"}],"version-history":[{"count":5,"href":"https:\/\/www.professores.uff.br\/rbrunow\/wp-json\/wp\/v2\/pages\/27\/revisions"}],"predecessor-version":[{"id":156,"href":"https:\/\/www.professores.uff.br\/rbrunow\/wp-json\/wp\/v2\/pages\/27\/revisions\/156"}],"wp:attachment":[{"href":"https:\/\/www.professores.uff.br\/rbrunow\/wp-json\/wp\/v2\/media?parent=27"}],"wp:term":[{"taxonomy":"category","embeddable":true,"href":"https:\/\/www.professores.uff.br\/rbrunow\/wp-json\/wp\/v2\/categories?post=27"},{"taxonomy":"post_tag","embeddable":true,"href":"https:\/\/www.professores.uff.br\/rbrunow\/wp-json\/wp\/v2\/tags?post=27"}],"curies":[{"name":"wp","href":"https:\/\/api.w.org\/{rel}","templated":true}]}}