{"id":87,"date":"2017-08-23T12:01:43","date_gmt":"2017-08-23T15:01:43","guid":{"rendered":"http:\/\/www.professores.uff.br\/rbrunow\/?page_id=87"},"modified":"2017-08-23T12:01:43","modified_gmt":"2017-08-23T15:01:43","slug":"exercicios-eletricidade","status":"publish","type":"page","link":"https:\/\/www.professores.uff.br\/rbrunow\/exercicios-eletricidade\/","title":{"rendered":"Exerc\u00edcios &#8211; Eletricidade"},"content":{"rendered":"<p><a href=\"http:\/\/www.professores.uff.br\/rbrunow\/wp-content\/uploads\/sites\/99\/2017\/08\/Lista-1-Eletricidade.pdf\">Lista\u00a0de Exerc\u00edcio 1\u00a0<\/a><\/p>\n<p><a href=\"http:\/\/www.professores.uff.br\/rbrunow\/wp-content\/uploads\/sites\/99\/2017\/08\/Lista-2-Eletricidade.pdf\">Lista de Exerc\u00edcio 2<\/a><\/p>\n<p><a href=\"http:\/\/www.professores.uff.br\/rbrunow\/wp-content\/uploads\/sites\/99\/2017\/08\/Lista-3-Eletricidade.pdf\">Lista de Exerc\u00edcio 3<\/a><\/p>\n<p><a href=\"http:\/\/www.professores.uff.br\/rbrunow\/wp-content\/uploads\/sites\/99\/2017\/08\/Lista-4-Eletricidade.pdf\">Lista de Exerc\u00edcio 4<\/a><\/p>\n<p><a href=\"http:\/\/www.professores.uff.br\/rbrunow\/wp-content\/uploads\/sites\/99\/2017\/08\/Lista-5-Eletricidade.pdf\">Lista de Exerc\u00edcio 5<\/a><\/p>\n","protected":false},"excerpt":{"rendered":"<p>Lista\u00a0de Exerc\u00edcio 1\u00a0 Lista de Exerc\u00edcio 2 Lista de Exerc\u00edcio 3 Lista de Exerc\u00edcio 4 Lista de Exerc\u00edcio 5<\/p>\n","protected":false},"author":2,"featured_media":0,"parent":0,"menu_order":0,"comment_status":"closed","ping_status":"closed","template":"","meta":{"_exactmetrics_skip_tracking":false,"_exactmetrics_sitenote_active":false,"_exactmetrics_sitenote_note":"","_exactmetrics_sitenote_category":0,"footnotes":""},"categories":[],"tags":[],"class_list":["post-87","page","type-page","status-publish","hentry"],"_links":{"self":[{"href":"https:\/\/www.professores.uff.br\/rbrunow\/wp-json\/wp\/v2\/pages\/87","targetHints":{"allow":["GET"]}}],"collection":[{"href":"https:\/\/www.professores.uff.br\/rbrunow\/wp-json\/wp\/v2\/pages"}],"about":[{"href":"https:\/\/www.professores.uff.br\/rbrunow\/wp-json\/wp\/v2\/types\/page"}],"author":[{"embeddable":true,"href":"https:\/\/www.professores.uff.br\/rbrunow\/wp-json\/wp\/v2\/users\/2"}],"replies":[{"embeddable":true,"href":"https:\/\/www.professores.uff.br\/rbrunow\/wp-json\/wp\/v2\/comments?post=87"}],"version-history":[{"count":1,"href":"https:\/\/www.professores.uff.br\/rbrunow\/wp-json\/wp\/v2\/pages\/87\/revisions"}],"predecessor-version":[{"id":93,"href":"https:\/\/www.professores.uff.br\/rbrunow\/wp-json\/wp\/v2\/pages\/87\/revisions\/93"}],"wp:attachment":[{"href":"https:\/\/www.professores.uff.br\/rbrunow\/wp-json\/wp\/v2\/media?parent=87"}],"wp:term":[{"taxonomy":"category","embeddable":true,"href":"https:\/\/www.professores.uff.br\/rbrunow\/wp-json\/wp\/v2\/categories?post=87"},{"taxonomy":"post_tag","embeddable":true,"href":"https:\/\/www.professores.uff.br\/rbrunow\/wp-json\/wp\/v2\/tags?post=87"}],"curies":[{"name":"wp","href":"https:\/\/api.w.org\/{rel}","templated":true}]}}