{"id":163,"date":"2022-06-27T20:01:35","date_gmt":"2022-06-27T23:01:35","guid":{"rendered":"http:\/\/www.professores.uff.br\/reginaldodr\/?page_id=163"},"modified":"2023-05-13T12:33:33","modified_gmt":"2023-05-13T15:33:33","slug":"research","status":"publish","type":"page","link":"https:\/\/www.professores.uff.br\/reginaldodr\/research\/","title":{"rendered":"Research"},"content":{"rendered":"\n<p><a rel=\"noreferrer noopener\" href=\"https:\/\/orcid.org\/0000-0001-6891-7665\" target=\"_blank\">Orcid<\/a>, <a rel=\"noreferrer noopener\" href=\"https:\/\/www.researchgate.net\/profile\/Reginaldo_Demarque\" target=\"_blank\">Research Gate<\/a>, <a rel=\"noreferrer noopener\" aria-label=\"Lattes (abre numa nova aba)\" href=\"http:\/\/lattes.cnpq.br\/1924503823576120\" target=\"_blank\">Lattes<\/a>, <a rel=\"noreferrer noopener\" aria-label=\"Google Scholar \u2028 (abre numa nova aba)\" href=\"https:\/\/scholar.google.com.br\/citations?user=taNb4t4AAAAJ&amp;hl=pt-BR&amp;oi=ao\" target=\"_blank\">Google Scholar <\/a>.<\/p>\n\n\n\n<h3 class=\"wp-block-heading\">Preprints<\/h3>\n\n\n\n<ol class=\"wp-block-list\"><li><\/li><\/ol>\n\n\n\n<h3 class=\"wp-block-heading\">Publications<\/h3>\n\n\n\n<ol class=\"wp-block-list\"><li>ARA\u00daJO, B.S.V.; <strong>DEMARQUE, R.<\/strong>; VIANA, L. <a href=\"http:\/\/dx.doi.org\/10.14232\/ejqtde.2023.1.9\">Carleman inequality for a class of super strong degenerate parabolic operators and applications.<\/a> <em><a href=\"http:\/\/www.math.u-szeged.hu\/ejqtde\/periodica.html?periodica=1&amp;paramtipus_ertek=publications&amp;param_ertek=2023\">Electron. J. Qual. Theory Differ. Equ.<\/a><\/em><strong> <\/strong><strong>2023<\/strong>, No. 9, 1-25.<\/li><li>ARA\u00daJO, B.S.V.; <strong>DEMARQUE, R.<\/strong>; VIANA, L. <a rel=\"noreferrer noopener\" aria-label=\"Regularity results for degenerate wave equations in a neighborhood of the boundary.  (abre numa nova aba)\" href=\"https:\/\/www.aimsciences.org\/\/article\/doi\/10.3934\/eect.2023013\" target=\"_blank\">Regularity results for degenerate wave equations in a neighborhood of the boundary.<\/a> <em>Evolution Equations and Control Theory<\/em>, 2023.<\/li><li>Carvalho P. P. de; <strong>DEMARQUE, R.<\/strong>; J. L\u00edmaco; Viana L. <a rel=\"noreferrer noopener\" aria-label=\"Null Controllability and numerical simulations for a class of degenerate parabolic equations with nonlocal nonlinearities (abre numa nova aba)\" href=\"https:\/\/link.springer.com\/article\/10.1007\/s00030-022-00831-x\" target=\"_blank\">Null Controllability and numerical simulations for a class of degenerate parabolic equations with nonlocal nonlinearities<\/a>. NoDEA. 2023.<\/li><li> ARA\u00daJO, B.S.V.; <strong>DEMARQUE, R.<\/strong>; VIANA, L.<a href=\"https:\/\/doi.org\/10.1016\/j.nonrwa.2022.103519\"> Boundary null controllability of degenerate heat equation as the limit of internal controllability. <\/a>NONLINEAR ANALYSIS-REAL WORLD APPLICATIONS. , v.66, p.103519 &#8211; , <strong>2022<\/strong>.<\/li><li><strong>DEMARQUE, R.<\/strong>; L\u00cdMACO, J.; VIANA, L. <a rel=\"noreferrer noopener\" aria-label=\"Local null controllability of coupled degenerate systems with nonlocal terms and one control force.  (abre numa nova aba)\" href=\"http:\/\/dx.doi.org\/10.3934\/eect.2020026\" target=\"_blank\">Local null controllability of coupled degenerate systems with nonlocal terms and one control force. <\/a>Evolution Equations and Control Theory. , v.1, p. 605-635, <strong>2020.<\/strong><\/li><li><strong>DEMARQUE, R.<\/strong>; LIMACO, J.; Viana, L. A. <a rel=\"noreferrer noopener\" aria-label=\"Local null controllability for degenerate parabolic equations with nonlocal term (abre numa nova aba)\" href=\"http:\/\/dx.doi.org\/10.1016\/j.nonrwa.2018.04.001\" target=\"_blank\">Local null controllability for degenerate parabolic equations with nonlocal term<\/a>. NONLINEAR ANALYSIS-REAL WORLD APPLICATIONS. , v.43, p.523 &#8211; 547, 2018.<\/li><li><strong>DEMARQUE, REGINALDO<\/strong>; FERN\u00c1NDEZ-CARA, ENRIQUE. <a rel=\"noreferrer noopener\" aria-label=\"Local null controllability of one-phase Stefan problems in 2D star-shaped domains. (abre numa nova aba)\" href=\"http:\/\/dx.doi.org\/10.1007\/s00028-017-0399-x\" target=\"_blank\">Local null controllability of one-phase Stefan problems in 2D star-shaped domains.<\/a> JOURNAL OF EVOLUTION EQUATIONS (ONLINE ED.). , v.18, p.245 &#8211; 261, 2018.<\/li><li><strong>DEMARQUE, R.<\/strong>; LISBOA, N. H. <a rel=\"noreferrer noopener\" aria-label=\"Radial solutions for inhomogeneous biharmonic elliptic systems. (abre numa nova aba)\" href=\"https:\/\/ejde.math.txstate.edu\/Volumes\/2018\/67\/abstr.html\" target=\"_blank\">Radial solutions for inhomogeneous biharmonic elliptic systems.<\/a> Electronic Journal of Differential Equations. , v.2018, p.1 &#8211; 14, 2018.<\/li><li><strong>DEMARQUE, REGINALDO<\/strong>; MIYAGAKI, OLIMPIO H. <a rel=\"noreferrer noopener\" aria-label=\"Radial solutions of inhomogeneous fourth order elliptic equations and weighted Sobolev embeddings. (abre numa nova aba)\" href=\"http:\/\/dx.doi.org\/10.1515\/anona-2014-0041\" target=\"_blank\">Radial solutions of inhomogeneous fourth order elliptic equations and weighted Sobolev embeddings.<\/a> ADVANCES IN NONLINEAR ANALYSIS. , v.4, p.135 &#8211; 151, 2015.<\/li><li><strong>DEMARQUE, R.<\/strong>; CARRIAO, P. C.; MIYAGAKI, Ol\u00edmpio Hiroshi. <a rel=\"noreferrer noopener\" aria-label=\"Nonlinear Biharmonic Problems with Singular Potentials. Communications on Pure and Applied Analysis (abre numa nova aba)\" href=\"http:\/\/dx.doi.org\/10.3934\/cpaa.2014.13.2141\" target=\"_blank\">Nonlinear Biharmonic Problems with Singular Potentials. Communications on Pure and Applied Analysis<\/a>. , v.13, p.2141 &#8211; 2154, 2014.<\/li><li>CARRI\u00c3O, P.C.; <strong>DEMARQUE, R.<\/strong>; MIYAGAKI, O.H. <a rel=\"noreferrer noopener\" aria-label=\"Existence and non-existence of solutions for p-Laplacian equations with decaying cylindrical potentials (abre numa nova aba)\" href=\"http:\/\/dx.doi.org\/10.1016\/j.jde.2013.07.037\" target=\"_blank\">Existence and non-existence of solutions for p-Laplacian equations with decaying cylindrical potentials<\/a>. JOURNAL OF DIFFERENTIAL EQUATIONS. , v.255, p.3412 &#8211; 3433, 2013.<\/li><\/ol>\n\n\n\n<h2 class=\"wp-block-heading\">Orienta\u00e7\u00f5es<\/h2>\n\n\n\n<p><strong>Inicia\u00e7\u00e3o cient\u00edfica<\/strong><\/p>\n\n\n\n<p>1.\nLeuber de Ara\u00fajo Melo. <strong>Integra\u00e7\u00e3o\nem Coordenadas Polares Multidimensional e Aplica\u00e7\u00f5es<\/strong>.\n2020. Inicia\u00e7\u00e3o cient\u00edfica (Matem\u00e1tica) &#8211; Universidade Federal\nFluminense&lt;br\/&gt;Inst. financiadora: Funda\u00e7\u00e3o Carlos Chagas\nFilho de Amparo \u00e0 Pesquisa do Estado do RJ<\/p>\n\n\n\n<p>2.\nNatan da Costa Lucas. <strong>Estudo\ndos Espa\u00e7os L^p<\/strong>.\n2018. Inicia\u00e7\u00e3o cient\u00edfica (Engenharia de Produ\u00e7\u00e3o) &#8211;\nUniversidade Federal Fluminense&lt;br\/&gt;Inst. financiadora:\nFunda\u00e7\u00e3o Carlos Chagas Filho de Amparo \u00e0 Pesquisa do Estado do RJ<\/p>\n\n\n\n<p>3.\nMilena Fernandes da Concei\u00e7\u00e3o. <strong>Estudos\ndos Espa\u00e7os Lp<\/strong>.\n2018. Inicia\u00e7\u00e3o cient\u00edfica (Engenharia de Produ\u00e7\u00e3o) &#8211;\nUniversidade Federal Fluminense&lt;br\/&gt;Inst. financiadora:\nFunda\u00e7\u00e3o Carlos Chagas Filho de Amparo \u00e0 Pesquisa do Estado do RJ<\/p>\n\n\n\n<p>4.\nGustavo Jorge Martins de Aguiar. <strong>An\u00e1lise\nde Fourier e Resolu\u00e7\u00e3o de EDPs<\/strong>.\n2017. Inicia\u00e7\u00e3o cient\u00edfica (Engenharia de Produ\u00e7\u00e3o) &#8211;\nUniversidade Federal Fluminense&lt;br\/&gt;Inst. financiadora:\nFunda\u00e7\u00e3o Carlos Chagas Filho de Amparo \u00e0 Pesquisa do Estado do RJ<\/p>\n\n\n\n<p>5.\nPaulo S\u00e9rgio Alves Carreira. <strong>Estudo\nda generalizac\u0327a\u0303o do conceito de medida para\nsubconjuntos abstratos da reta e do plano<\/strong>.\n2014. Inicia\u00e7\u00e3o cient\u00edfica (Ci\u00eancia da Computa\u00e7\u00e3o) &#8211;\nUniversidade Federal Fluminense&lt;br\/&gt;Inst. financiadora:\nFunda\u00e7\u00e3o Carlos Chagas Filho de Amparo \u00e0 Pesquisa do Estado do RJ<\/p>\n\n\n\n<p>6.\n\u00c1tila Roger Cavalcanti dos Santos. <strong>Aspectos\nGerais da Integral de Lebesgue<\/strong>.\n2013. Inicia\u00e7\u00e3o cient\u00edfica (Engenharia de Produ\u00e7\u00e3o) &#8211;\nUniversidade Federal Fluminense&lt;br\/&gt;Inst. financiadora:\nFunda\u00e7\u00e3o Carlos Chagas Filho de Amparo \u00e0 Pesquisa do Estado do RJ<\/p>\n\n\n\n<p>7.\nJessica Maria Marconde do Valle. <strong>Temperaturas\nestacin\u00e1rias em uma placa em movimento<\/strong>.\n2013. Inicia\u00e7\u00e3o cient\u00edfica (Engenharia de Produ\u00e7\u00e3o) &#8211;\nUniversidade Federal Fluminense&lt;br\/&gt;Inst. financiadora:\nFunda\u00e7\u00e3o Carlos Chagas Filho de Amparo \u00e0 Pesquisa do Estado do RJ<\/p>\n\n\n\n<p><strong>Orienta\u00e7\u00e3o\nde outra natureza<\/strong><\/p>\n\n\n\n<p>1.\nAlline Pinto Ribeiro Lopes. <strong>Produ\u00e7\u00e3o\nde v\u00eddeo aulas de matem\u00e1tica para o ensino superior<\/strong>.\n2017. Orienta\u00e7\u00e3o de outra natureza (Ci\u00eancia da Computa\u00e7\u00e3o) &#8211;\nUniversidade Federal Fluminense&lt;br\/&gt;Inst. financiadora:\nPr\u00f3-Reitoria de Assuntos Estudantis<\/p>\n\n\n\n<p>2.\nIngrid Mesquita Magalh\u00e3es. <strong>Produ\u00e7\u00e3o\nde v\u00eddeo aulas de matem\u00e1tica para o ensino superior<\/strong>.\n2017. Orienta\u00e7\u00e3o de outra natureza (Engenharia de Produ\u00e7\u00e3o) &#8211;\nUniversidade Federal Fluminense&lt;br\/&gt;Inst. financiadora:\nPr\u00f3-Reitoria de Assuntos Estudantis<\/p>\n\n\n\n<p>3.\nGabriel Fortuna Serafim. <strong>Produ\u00e7\u00e3o\nde v\u00eddeo aulas de matem\u00e1tica para o ensino superior<\/strong>.\n2017. Orienta\u00e7\u00e3o de outra natureza (Ci\u00eancia da Computa\u00e7\u00e3o) &#8211;\nUniversidade Federal Fluminense&lt;br\/&gt;Inst. financiadora:\nPr\u00f3-Reitoria de Assuntos Estudantis<\/p>\n\n\n\n<p>4.\nMaria Williany Lopes Lira. <strong>Introdu\u00e7\u00e3o\na an\u00e1lise real<\/strong>.\n2014. Orienta\u00e7\u00e3o de outra natureza (Engenharia de Produ\u00e7\u00e3o) &#8211;\nUniversidade Federal Fluminense&lt;br\/&gt;Inst. financiadora:\nPr\u00f3-Reitoria de Assuntos Estudantis<\/p>\n","protected":false},"excerpt":{"rendered":"<p>Orcid, Research Gate, Lattes, Google Scholar . Preprints Publications ARA\u00daJO, B.S.V.; DEMARQUE, R.; VIANA, L. Carleman inequality for a class of super strong degenerate parabolic operators and applications. Electron. J. Qual. Theory Differ. Equ. 2023, No. 9, 1-25. ARA\u00daJO, B.S.V.; DEMARQUE, R.; VIANA, L. Regularity results for degenerate wave equations in a neighborhood of the [&hellip;]<\/p>\n","protected":false},"author":141,"featured_media":0,"parent":0,"menu_order":0,"comment_status":"closed","ping_status":"closed","template":"","meta":{"_exactmetrics_skip_tracking":false,"_exactmetrics_sitenote_active":false,"_exactmetrics_sitenote_note":"","_exactmetrics_sitenote_category":0,"footnotes":""},"categories":[],"tags":[],"class_list":["post-163","page","type-page","status-publish","hentry"],"_links":{"self":[{"href":"https:\/\/www.professores.uff.br\/reginaldodr\/wp-json\/wp\/v2\/pages\/163","targetHints":{"allow":["GET"]}}],"collection":[{"href":"https:\/\/www.professores.uff.br\/reginaldodr\/wp-json\/wp\/v2\/pages"}],"about":[{"href":"https:\/\/www.professores.uff.br\/reginaldodr\/wp-json\/wp\/v2\/types\/page"}],"author":[{"embeddable":true,"href":"https:\/\/www.professores.uff.br\/reginaldodr\/wp-json\/wp\/v2\/users\/141"}],"replies":[{"embeddable":true,"href":"https:\/\/www.professores.uff.br\/reginaldodr\/wp-json\/wp\/v2\/comments?post=163"}],"version-history":[{"count":19,"href":"https:\/\/www.professores.uff.br\/reginaldodr\/wp-json\/wp\/v2\/pages\/163\/revisions"}],"predecessor-version":[{"id":654,"href":"https:\/\/www.professores.uff.br\/reginaldodr\/wp-json\/wp\/v2\/pages\/163\/revisions\/654"}],"wp:attachment":[{"href":"https:\/\/www.professores.uff.br\/reginaldodr\/wp-json\/wp\/v2\/media?parent=163"}],"wp:term":[{"taxonomy":"category","embeddable":true,"href":"https:\/\/www.professores.uff.br\/reginaldodr\/wp-json\/wp\/v2\/categories?post=163"},{"taxonomy":"post_tag","embeddable":true,"href":"https:\/\/www.professores.uff.br\/reginaldodr\/wp-json\/wp\/v2\/tags?post=163"}],"curies":[{"name":"wp","href":"https:\/\/api.w.org\/{rel}","templated":true}]}}