{"id":170,"date":"2022-06-27T20:13:06","date_gmt":"2022-06-27T23:13:06","guid":{"rendered":"http:\/\/www.professores.uff.br\/reginaldodr\/?page_id=170"},"modified":"2023-07-27T12:48:15","modified_gmt":"2023-07-27T15:48:15","slug":"disciplinas","status":"publish","type":"page","link":"https:\/\/www.professores.uff.br\/reginaldodr\/disciplinas\/","title":{"rendered":"Disciplinas"},"content":{"rendered":"\n<h2 class=\"wp-block-heading\">Turmas Atuais &#8211; 2023-2<\/h2>\n\n\n\n<ul class=\"wp-block-list\"><li>C\u00e1lculo II &#8211; RCN00020<ul><li>Turma C1: 4\u00aa e 6\u00aa 16h &#8211; 18h <\/li><\/ul><\/li><li>C\u00e1lculo III &#8211; RCN00021<ul><li>Turma M1: 4\u00aa e 6\u00aa 14h &#8211; 16h<\/li><\/ul><\/li><\/ul>\n\n\n\n<h2 class=\"wp-block-heading\">Disciplinas de Semestres Anteriores<\/h2>\n\n\n\n<h4 class=\"wp-block-heading\">Disciplinas de Gradua\u00e7\u00e3o<\/h4>\n\n\n\n<ul class=\"wp-block-list\"><li>C\u00e1lculo I<\/li><li>C\u00e1lculo II (<a rel=\"noreferrer noopener\" aria-label=\" (abre numa nova aba)\" href=\"https:\/\/www.professores.uff.br\/reginaldodr\/calculo-ii-rcn00020-2022-2\/\" target=\"_blank\">2022-2<\/a>, <a href=\"https:\/\/www.professores.uff.br\/reginaldodr\/disciplinas\/calculo-ii-rcn00020-2023-1\/\">2023-1<\/a>)<\/li><li>C\u00e1lculo III (<a href=\"https:\/\/www.professores.uff.br\/reginaldodr\/disciplinas\/calculo-iii-rcn00021-2023-1\/\">2023-1<\/a>)<\/li><li>C\u00e1lculo IV (<a rel=\"noreferrer noopener\" aria-label=\"2022-2 (abre numa nova aba)\" href=\"https:\/\/www.professores.uff.br\/reginaldodr\/calculo-iv-rcn00035-2022-2\/\" target=\"_blank\">2022-2<\/a>)<\/li><li>Geometria Anal\u00edtica e C\u00e1lculo Vetorial (<a rel=\"noreferrer noopener\" aria-label=\"2022-1 (abre numa nova aba)\" href=\"https:\/\/www.professores.uff.br\/reginaldodr\/atividade-de-ensino\/geometria-analitica-rcn00023-2022-1\/\" target=\"_blank\">2022-1<\/a>)<\/li><li>Equa\u00e7\u00f5es Diferenciais<\/li><\/ul>\n\n\n\n<h4 class=\"wp-block-heading\">Disciplinas de P\u00f3s-Gradua\u00e7\u00e3o<\/h4>\n\n\n\n<ul class=\"wp-block-list\"><li>An\u00e1lise Funcional (<a rel=\"noreferrer noopener\" aria-label=\"2021-ver\u00e3o (abre numa nova aba)\" href=\"http:\/\/www.professores.uff.br\/reginaldodr\/wp-content\/uploads\/sites\/135\/2022\/06\/functional-analysis.pdf\" target=\"_blank\">Slides<\/a>)<\/li><\/ul>\n","protected":false},"excerpt":{"rendered":"<p>Turmas Atuais &#8211; 2023-2 C\u00e1lculo II &#8211; RCN00020 Turma C1: 4\u00aa e 6\u00aa 16h &#8211; 18h C\u00e1lculo III &#8211; RCN00021 Turma M1: 4\u00aa e 6\u00aa 14h &#8211; 16h Disciplinas de Semestres Anteriores Disciplinas de Gradua\u00e7\u00e3o C\u00e1lculo I C\u00e1lculo II (2022-2, 2023-1) C\u00e1lculo III (2023-1) C\u00e1lculo IV (2022-2) Geometria Anal\u00edtica e C\u00e1lculo Vetorial (2022-1) Equa\u00e7\u00f5es Diferenciais [&hellip;]<\/p>\n","protected":false},"author":141,"featured_media":0,"parent":0,"menu_order":0,"comment_status":"closed","ping_status":"closed","template":"","meta":{"_exactmetrics_skip_tracking":false,"_exactmetrics_sitenote_active":false,"_exactmetrics_sitenote_note":"","_exactmetrics_sitenote_category":0,"footnotes":""},"categories":[4],"tags":[],"class_list":["post-170","page","type-page","status-publish","hentry","category-ensino"],"_links":{"self":[{"href":"https:\/\/www.professores.uff.br\/reginaldodr\/wp-json\/wp\/v2\/pages\/170","targetHints":{"allow":["GET"]}}],"collection":[{"href":"https:\/\/www.professores.uff.br\/reginaldodr\/wp-json\/wp\/v2\/pages"}],"about":[{"href":"https:\/\/www.professores.uff.br\/reginaldodr\/wp-json\/wp\/v2\/types\/page"}],"author":[{"embeddable":true,"href":"https:\/\/www.professores.uff.br\/reginaldodr\/wp-json\/wp\/v2\/users\/141"}],"replies":[{"embeddable":true,"href":"https:\/\/www.professores.uff.br\/reginaldodr\/wp-json\/wp\/v2\/comments?post=170"}],"version-history":[{"count":29,"href":"https:\/\/www.professores.uff.br\/reginaldodr\/wp-json\/wp\/v2\/pages\/170\/revisions"}],"predecessor-version":[{"id":729,"href":"https:\/\/www.professores.uff.br\/reginaldodr\/wp-json\/wp\/v2\/pages\/170\/revisions\/729"}],"wp:attachment":[{"href":"https:\/\/www.professores.uff.br\/reginaldodr\/wp-json\/wp\/v2\/media?parent=170"}],"wp:term":[{"taxonomy":"category","embeddable":true,"href":"https:\/\/www.professores.uff.br\/reginaldodr\/wp-json\/wp\/v2\/categories?post=170"},{"taxonomy":"post_tag","embeddable":true,"href":"https:\/\/www.professores.uff.br\/reginaldodr\/wp-json\/wp\/v2\/tags?post=170"}],"curies":[{"name":"wp","href":"https:\/\/api.w.org\/{rel}","templated":true}]}}