{"id":357,"date":"2022-08-15T16:05:14","date_gmt":"2022-08-15T19:05:14","guid":{"rendered":"http:\/\/www.professores.uff.br\/reginaldodr\/?page_id=357"},"modified":"2023-03-27T13:29:26","modified_gmt":"2023-03-27T16:29:26","slug":"calculo-iv-rcn00035-2022-2","status":"publish","type":"page","link":"https:\/\/www.professores.uff.br\/reginaldodr\/disciplinas\/calculo-iv-rcn00035-2022-2\/","title":{"rendered":"C\u00e1lculo IV &#8211; RCN00035 &#8211; 2022-2"},"content":{"rendered":"\n<p><strong>Informa\u00e7\u00f5es B\u00e1sicas<\/strong><\/p>\n\n\n\n<ul class=\"wp-block-list\"><li>Hor\u00e1rios e Salas<ul><li>Turma E1: Seg. e Sex. das 11h \u00e0s 13h &#8211; sala 4 &#8211; ICT <\/li><li><strong>Atendimento: Ter. das 9h \u00e0s 13h &#8211; sala 104 &#8211; IHS (pr\u00e9dio novo)<\/strong> <\/li><\/ul><\/li><li>Ementa: Busque por RCN00035 em <a rel=\"noreferrer noopener\" aria-label=\" (abre numa nova aba)\" href=\"https:\/\/app.uff.br\/graduacao\/quadrodehorarios\/\" target=\"_blank\">quadro de hor\u00e1rios<\/a> .<\/li><li>Acesso ao moodle:<a rel=\"noreferrer noopener\" aria-label=\" https:\/\/ead.cead.uff.br\/ (abre numa nova aba)\" href=\"https:\/\/ead.cead.uff.br\/\" target=\"_blank\"> https:\/\/ead.cead.uff.br\/<\/a><ul><li>Para acessar a primeira vez digite seu CPF com login e  Cead2022 como senha inicial.<\/li><\/ul><\/li><li><a rel=\"noreferrer noopener\" aria-label=\"\u2028Programa da disciplina (abre numa nova aba)\" href=\"https:\/\/docs.google.com\/document\/d\/1_QyBF5WL7L9dp4boL6gdw59EWNs0LBgAJYXa5A6CUM8\/edit?usp=sharing\" target=\"_blank\">Proposta de Programa da disciplina<\/a><\/li><\/ul>\n\n\n\n<h4 class=\"has-vivid-green-cyan-color has-text-color wp-block-heading\"> <strong>Apresenta\u00e7\u00e3o do Curso<\/strong><\/h4>\n\n\n\n<p>O curso de C\u00e1lculo IV tem como objeto de estudo a integra\u00e7\u00e3o de fun\u00e7\u00f5es de v\u00e1rias vari\u00e1veis e suas aplica\u00e7\u00f5es. De forma resumida, estudamos a integral m\u00faltipla, a integral de linha, a integral de superf\u00edcies e os principais teoremas relacionando essas integrais: Teoremas de Green, Stokes e Gauss. <\/p>\n\n\n\n<p>Usaremos o <strong>Moodle<\/strong> como Ambiente Virtual&nbsp; de Aprendizagem (AVA). Nele ser\u00e3o postados todos os materiais usados e ser\u00e3o realizadas as discuss\u00f5es e comunica\u00e7\u00f5es.<\/p>\n\n\n\n<p>Em cada semana ser\u00e1 exposto o conte\u00fado te\u00f3rico da disciplina na aula presencial e no moodle ser\u00e3o disponibilizadas atividades para revis\u00e3o e refor\u00e7o deste conte\u00fado. Tamb\u00e9m utilizaremos a linguagem python como uma calculadora cient\u00edfica a fim de trabalhar com exemplos num\u00e9ricos. <\/p>\n\n\n\n<h4 class=\"has-vivid-green-cyan-color has-text-color wp-block-heading\">Avalia\u00e7\u00e3o<\/h4>\n\n\n\n<p>A avalia\u00e7\u00e3o ser\u00e1 constitu\u00edda de:<\/p>\n\n\n\n<ul class=\"wp-block-list\"><li><strong>Atividades Diagn\u00f3sticas e Formativas<\/strong> realizadas ao longo do per\u00edodo valendo 10 pontos cada.<\/li><li><strong>2 Provas<\/strong> presenciais realizadas ao fim de cada m\u00f3dulo. Cada prova ter\u00e1 o valor de 10 pontos.<\/li><\/ul>\n\n\n\n<p>A nota final do curso ser\u00e1 a m\u00e9dia ponderada entre as Atividade e as provas, com pesos 3 e 7, respectivamente. Assim a nota final \u00e9 calculada pela f\u00f3rmula:<\/p>\n\n\n\n<p class=\"has-text-align-center\"><strong>NF=0,3*A+0,7*P<\/strong><\/p>\n\n\n\n<p>onde <strong>NF<\/strong> \u00e9 a nota final, <strong>A <\/strong>\u00e9 a m\u00e9dia aritm\u00e9tica de todas as Atividades e <strong>P <\/strong>\u00e9 a m\u00e9dia aritm\u00e9tica das provas.<br><\/p>\n\n\n\n<h4 class=\"has-vivid-green-cyan-color has-text-color wp-block-heading\"><strong>Segunda Chamada e Verifica\u00e7\u00e3o Suplementar.<\/strong><\/h4>\n\n\n\n<p>Em concord\u00e2ncia com o <a href=\"http:\/\/www.uff.br\/sites\/default\/files\/001-2015_regulamento_do_curso_de_graduacao_0.pdf\">Regulamento dos Cursos de gradua\u00e7\u00e3o<\/a> em seu Art. 99, a <strong>Verifica\u00e7\u00e3o Suplementar (VS) <\/strong>\u00e9 vetada aos discentes j\u00e1 aprovados e \u00e9 <strong>obrigat\u00f3ria<\/strong> para aqueles que tenham obtido m\u00e9dia parcial entre 4,0 e 5,9, sendo esses dois limites inclu\u00eddos.<\/p>\n\n\n\n<p>Como regulamentado pelo&nbsp; <a href=\"http:\/\/www.uff.br\/sites\/default\/files\/001-2015_regulamento_do_curso_de_graduacao_0.pdf\">Regulamento dos Cursos de gradua\u00e7\u00e3o<\/a> em seu Art. 98, o aluno tem direito a uma avalia\u00e7\u00e3o de segunda chamada (VR), que <strong>substituir\u00e1 uma, e somente uma,<\/strong> das avalia\u00e7\u00f5es que tenha faltado. Como os prazos das li\u00e7\u00f5es e os testes num\u00e9ricos s\u00e3o grandes n\u00e3o h\u00e1 necessidade de VR. Neste caso s\u00f3 teremos VR para uma das duas provas.<\/p>\n\n\n\n<p>As datas da VS e da 2\u00aa chamada est\u00e3o descritas no cronograma a seguir.<\/p>\n\n\n\n<h4 class=\"has-vivid-green-cyan-color has-text-color wp-block-heading\"><strong>Calend\u00e1rio<\/strong> de Provas<\/h4>\n\n\n\n<p>A seguir a proposta de cronograma para este curso. <strong>Cabe ressaltar que esta proposta pode sofrer pequenas altera\u00e7\u00f5es<\/strong> ao longo do curso que, caso ocorram, ser\u00e3o comunicadas aos alunos.<\/p>\n\n\n\n<ul class=\"wp-block-list\"><li>22\/08 &#8211; In\u00edcio do Per\u00edodo<\/li><li>14\/10 &#8211; Primeira Prova<\/li><li>05\/12 &#8211; Segunda Prova <\/li><li>12\/12 &#8211; 2\u00aa Chamada <\/li><li>16\/12- Verifica\u00e7\u00e3o Suplementar <\/li><li>22\/12 &#8211; Fim do Per\u00edodo.<\/li><\/ul>\n\n\n\n<h4 class=\"has-vivid-green-cyan-color has-text-color wp-block-heading\">Materiais Utilizados<\/h4>\n\n\n\n<ul class=\"wp-block-list\"><li><a href=\"https:\/\/drive.google.com\/drive\/folders\/1Vp4bO7JN3UDI2qsXSJH4N9_mayG0bUi7?usp=sharing\" target=\"_blank\" rel=\"noreferrer noopener\" aria-label=\" (abre numa nova aba)\">Slides usado em aula<\/a> &#8211; atualizados 03-09-2022<\/li><li><a rel=\"noreferrer noopener\" aria-label=\"Lista de Exerc\u00edcios (abre numa nova aba)\" href=\"https:\/\/drive.google.com\/file\/d\/17zukLBmE_uZ0YIx-0zCmDlA1lxm0Hayb\/view?usp=sharing\" target=\"_blank\">Lista de Exerc\u00edcios<\/a><\/li><li><a rel=\"noreferrer noopener\" aria-label=\"Playlist Videoaulas de C\u00e1lculo 2 (abre numa nova aba)\" href=\"https:\/\/youtube.com\/playlist?list=PLMbyf27J7J7iKWn_2dpxRE1SMeosAZTEY\" target=\"_blank\">Playlist Videoaulas de C\u00e1lculo 2<\/a><\/li><\/ul>\n\n\n\n<h4 class=\"has-vivid-green-cyan-color has-text-color wp-block-heading\">Refer\u00eancias<\/h4>\n\n\n\n<p>Usaremos como livro texto a refer\u00eancia [1]. As demais refer\u00eancias ser\u00e3o utilizadas como material complementar. <\/p>\n\n\n\n<ol class=\"wp-block-list\"><li>Diomara Pinto. Maria C\u00e2ndida Ferreira Morgado.<strong>&nbsp;<em>C\u00e1lculo diferencial e integral de fun\u00e7\u00f5es de v\u00e1rias vari\u00e1veis<\/em><\/strong>. UFRJ, 2009.<\/li><li>Jerrold E. Marsden e Anthony Tromba.&nbsp;<em><strong>Vector calculus<\/strong><\/em>. Macmillan, 2003.<\/li><li>James Stewart. <strong><em>C\u00e1lculo Volume 2.<\/em><\/strong> Editora Cengage Learning, 6a ed., S\u00e3o Paulo, 2011.<\/li><li>G. B. Thomas. <strong><em>C\u00e1lculo Volume <\/em><\/strong>2. Editora Addison Wesley, 11\u00aa Ed., S\u00e3o Paulo, 2009.<\/li><\/ol>\n","protected":false},"excerpt":{"rendered":"<p>Informa\u00e7\u00f5es B\u00e1sicas Hor\u00e1rios e Salas Turma E1: Seg. e Sex. das 11h \u00e0s 13h &#8211; sala 4 &#8211; ICT Atendimento: Ter. das 9h \u00e0s 13h &#8211; sala 104 &#8211; IHS (pr\u00e9dio novo) Ementa: Busque por RCN00035 em quadro de hor\u00e1rios . Acesso ao moodle: https:\/\/ead.cead.uff.br\/ Para acessar a primeira vez digite seu CPF com login [&hellip;]<\/p>\n","protected":false},"author":141,"featured_media":0,"parent":170,"menu_order":0,"comment_status":"closed","ping_status":"closed","template":"","meta":{"_exactmetrics_skip_tracking":false,"_exactmetrics_sitenote_active":false,"_exactmetrics_sitenote_note":"","_exactmetrics_sitenote_category":0,"footnotes":""},"categories":[],"tags":[],"class_list":["post-357","page","type-page","status-publish","hentry"],"_links":{"self":[{"href":"https:\/\/www.professores.uff.br\/reginaldodr\/wp-json\/wp\/v2\/pages\/357","targetHints":{"allow":["GET"]}}],"collection":[{"href":"https:\/\/www.professores.uff.br\/reginaldodr\/wp-json\/wp\/v2\/pages"}],"about":[{"href":"https:\/\/www.professores.uff.br\/reginaldodr\/wp-json\/wp\/v2\/types\/page"}],"author":[{"embeddable":true,"href":"https:\/\/www.professores.uff.br\/reginaldodr\/wp-json\/wp\/v2\/users\/141"}],"replies":[{"embeddable":true,"href":"https:\/\/www.professores.uff.br\/reginaldodr\/wp-json\/wp\/v2\/comments?post=357"}],"version-history":[{"count":16,"href":"https:\/\/www.professores.uff.br\/reginaldodr\/wp-json\/wp\/v2\/pages\/357\/revisions"}],"predecessor-version":[{"id":400,"href":"https:\/\/www.professores.uff.br\/reginaldodr\/wp-json\/wp\/v2\/pages\/357\/revisions\/400"}],"up":[{"embeddable":true,"href":"https:\/\/www.professores.uff.br\/reginaldodr\/wp-json\/wp\/v2\/pages\/170"}],"wp:attachment":[{"href":"https:\/\/www.professores.uff.br\/reginaldodr\/wp-json\/wp\/v2\/media?parent=357"}],"wp:term":[{"taxonomy":"category","embeddable":true,"href":"https:\/\/www.professores.uff.br\/reginaldodr\/wp-json\/wp\/v2\/categories?post=357"},{"taxonomy":"post_tag","embeddable":true,"href":"https:\/\/www.professores.uff.br\/reginaldodr\/wp-json\/wp\/v2\/tags?post=357"}],"curies":[{"name":"wp","href":"https:\/\/api.w.org\/{rel}","templated":true}]}}