{"id":12,"date":"2017-08-17T11:27:26","date_gmt":"2017-08-17T14:27:26","guid":{"rendered":"http:\/\/www.professores.uff.br\/rsalomao\/?page_id=12"},"modified":"2017-08-21T12:39:59","modified_gmt":"2017-08-21T15:39:59","slug":"links","status":"publish","type":"page","link":"https:\/\/www.professores.uff.br\/rsalomao\/links\/","title":{"rendered":"Links"},"content":{"rendered":"<p><strong>INSTITUI\u00c7\u00d5ES<\/strong><\/p>\n<ol>\n<li><a href=\"http:\/\/www.uff.br\/\">UFF<\/a><\/li>\n<li><a href=\"https:\/\/impa.br\/\">IMPA<\/a><\/li>\n<li><a href=\"http:\/\/www.pgmat.uff.br\/index.php\/pt\/\">P\u00f3s gradua\u00e7\u00e3o em matem\u00e1tica(UFF)<\/a><\/li>\n<li><a href=\"http:\/\/www.ime.uff.br\/\">Instituto de Matem\u00e1tica e Estat\u00edstica(UFF)<\/a><\/li>\n<li><a href=\"http:\/\/www.gma.uff.br\/\">Departamento de Matem\u00e1tica Aplicada(UFF)<\/a><\/li>\n<\/ol>\n<p><strong>GRUPOS E EVENTOS<\/strong><\/p>\n<ol>\n<li><a href=\"http:\/\/www.geoalgfol.uff.br\/\">Geoalgfol<\/a> &#8211; grupo de geometria alg\u00e9brica e folhea\u00e7\u00f5es da UFF<\/li>\n<li><a href=\"http:\/\/www.mat.uff.br\/legal\/\">LEGAL<\/a><\/li>\n<li><a href=\"http:\/\/www.mat.uff.br\/joga\">JOGA<\/a> <a href=\"http:\/\/www.mat.uff.br\/joga\/joga2012\/index.html\">(2012)<\/a><\/li>\n<\/ol>\n<p><strong>SEMIN\u00c1RIOS<\/strong><\/p>\n<ol>\n<li><a href=\"http:\/\/www.geoalgfol.uff.br\/seminarios.html\">Grupo Geoalgfol (UFF)<\/a><\/li>\n<li><a href=\"http:\/\/seminarios.impa.br\/cgi-bin\/SEMINAR_browse.cgi?sigla_area_corrente=-1&amp;language=port#hoje\">Semin\u00e1rios do IMPA<\/a><\/li>\n<\/ol>\n","protected":false},"excerpt":{"rendered":"<p>INSTITUI\u00c7\u00d5ES UFF IMPA P\u00f3s gradua\u00e7\u00e3o em matem\u00e1tica(UFF) Instituto de Matem\u00e1tica e Estat\u00edstica(UFF) Departamento de Matem\u00e1tica Aplicada(UFF) GRUPOS E EVENTOS Geoalgfol &#8211; grupo de geometria alg\u00e9brica e folhea\u00e7\u00f5es da UFF LEGAL JOGA (2012) SEMIN\u00c1RIOS Grupo Geoalgfol (UFF) Semin\u00e1rios do IMPA<\/p>\n","protected":false},"author":2,"featured_media":0,"parent":0,"menu_order":0,"comment_status":"closed","ping_status":"closed","template":"","meta":{"_exactmetrics_skip_tracking":false,"_exactmetrics_sitenote_active":false,"_exactmetrics_sitenote_note":"","_exactmetrics_sitenote_category":0,"footnotes":""},"categories":[],"tags":[],"class_list":["post-12","page","type-page","status-publish","hentry"],"_links":{"self":[{"href":"https:\/\/www.professores.uff.br\/rsalomao\/wp-json\/wp\/v2\/pages\/12","targetHints":{"allow":["GET"]}}],"collection":[{"href":"https:\/\/www.professores.uff.br\/rsalomao\/wp-json\/wp\/v2\/pages"}],"about":[{"href":"https:\/\/www.professores.uff.br\/rsalomao\/wp-json\/wp\/v2\/types\/page"}],"author":[{"embeddable":true,"href":"https:\/\/www.professores.uff.br\/rsalomao\/wp-json\/wp\/v2\/users\/2"}],"replies":[{"embeddable":true,"href":"https:\/\/www.professores.uff.br\/rsalomao\/wp-json\/wp\/v2\/comments?post=12"}],"version-history":[{"count":3,"href":"https:\/\/www.professores.uff.br\/rsalomao\/wp-json\/wp\/v2\/pages\/12\/revisions"}],"predecessor-version":[{"id":113,"href":"https:\/\/www.professores.uff.br\/rsalomao\/wp-json\/wp\/v2\/pages\/12\/revisions\/113"}],"wp:attachment":[{"href":"https:\/\/www.professores.uff.br\/rsalomao\/wp-json\/wp\/v2\/media?parent=12"}],"wp:term":[{"taxonomy":"category","embeddable":true,"href":"https:\/\/www.professores.uff.br\/rsalomao\/wp-json\/wp\/v2\/categories?post=12"},{"taxonomy":"post_tag","embeddable":true,"href":"https:\/\/www.professores.uff.br\/rsalomao\/wp-json\/wp\/v2\/tags?post=12"}],"curies":[{"name":"wp","href":"https:\/\/api.w.org\/{rel}","templated":true}]}}