{"id":14,"date":"2017-08-17T11:27:32","date_gmt":"2017-08-17T14:27:32","guid":{"rendered":"http:\/\/www.professores.uff.br\/rsalomao\/?page_id=14"},"modified":"2023-03-22T10:05:52","modified_gmt":"2023-03-22T13:05:52","slug":"orientacoes","status":"publish","type":"page","link":"https:\/\/www.professores.uff.br\/rsalomao\/orientacoes\/","title":{"rendered":"Orienta\u00e7\u00f5es"},"content":{"rendered":"<h4><strong>DOUTORADO<\/strong><\/h4>\n<ul>\n<li><a href=\"http:\/\/www.professores.uff.br\/rsalomao\/wp-content\/uploads\/sites\/93\/2023\/03\/Tese_Reillon.pdf\">&#8220;On the classification of fibrations by genus two singular curves via fibrations by elliptic curves on surfaces&#8221;<\/a>, Reillon Oriel Carvalho Santos (UFF), 2022, Orienta\u00e7\u00e3o em conjunto com Jo\u00e3o H\u00e9lder Olmedo Rodrigues.<\/li>\n<li><a href=\"http:\/\/www.professores.uff.br\/rsalomao\/wp-content\/uploads\/sites\/93\/2018\/03\/JoaoHelder-phd-thesis.pdf\">&#8220;Hypersurfaces Singularities in Arbitrary Characteristic&#8221;<\/a>, Jo\u00e3o H\u00e9lder Olmedo Rodrigues (UFF), \u00a02015, Orienta\u00e7\u00e3o em conjunto com Abramo Hefez.<\/li>\n<\/ul>\n<h4><\/h4>\n<h4><strong>MESTRADO<\/strong><\/h4>\n<ul>\n<li><a href=\"http:\/\/www.professores.uff.br\/rsalomao\/wp-content\/uploads\/sites\/93\/2017\/08\/Disserta\u00e7\u00e3oReillon.pdf\">&#8220;Um Contra-Exemplo para a Constru\u00e7\u00e3o de Kedlaya do Fecho Alg\u00e9brico de K((t))&#8221;<\/a>, Reillon Oriel Carvalho Santos (UFF), 2015.<\/li>\n<\/ul>\n<h4><\/h4>\n<h4><strong>GRADUA\u00c7\u00c3O<\/strong><\/h4>\n<ul>\n<li><a href=\"http:\/\/www.professores.uff.br\/rsalomao\/wp-content\/uploads\/sites\/93\/2017\/08\/danielcunha.pdf\">&#8220;O \u00faltimo teorema de Fermat&#8221;<\/a>, Daniel Cunha (UERJ), 2010.<\/li>\n<\/ul>\n<h4><\/h4>\n<h4><strong>INICIA\u00c7\u00c3O CIENT\u00cdFICA<\/strong><\/h4>\n<ul>\n<li>&#8220;C\u00f3digos Corretores de Erros&#8221;,\u00a0Victor Daniel da Concei\u00e7\u00e3o Gonzalez Carvalho, Licenciatura em Matem\u00e1tica (UFF), 2013;<\/li>\n<li>&#8220;Criptografia com curvas el\u00edpticas&#8221;, Gabriel Melo, Engenharia Mec\u00e2nica (UFF), 2012;<\/li>\n<li>&#8220;Criptografia com curvas el\u00edpticas&#8221;, Jadhe Ferreira, Engenharia de Telecomunica\u00e7\u00f5es (UFF), 2012.<\/li>\n<\/ul>\n","protected":false},"excerpt":{"rendered":"<p>DOUTORADO &#8220;On the classification of fibrations by genus two singular curves via fibrations by elliptic curves on surfaces&#8221;, Reillon Oriel Carvalho Santos (UFF), 2022, Orienta\u00e7\u00e3o em conjunto com Jo\u00e3o H\u00e9lder Olmedo Rodrigues. &#8220;Hypersurfaces Singularities in Arbitrary Characteristic&#8221;, Jo\u00e3o H\u00e9lder Olmedo Rodrigues (UFF), \u00a02015, Orienta\u00e7\u00e3o em conjunto com Abramo Hefez. MESTRADO &#8220;Um Contra-Exemplo para a Constru\u00e7\u00e3o [&hellip;]<\/p>\n","protected":false},"author":2,"featured_media":0,"parent":0,"menu_order":0,"comment_status":"closed","ping_status":"closed","template":"","meta":{"_exactmetrics_skip_tracking":false,"_exactmetrics_sitenote_active":false,"_exactmetrics_sitenote_note":"","_exactmetrics_sitenote_category":0,"footnotes":""},"categories":[],"tags":[],"class_list":["post-14","page","type-page","status-publish","hentry"],"_links":{"self":[{"href":"https:\/\/www.professores.uff.br\/rsalomao\/wp-json\/wp\/v2\/pages\/14","targetHints":{"allow":["GET"]}}],"collection":[{"href":"https:\/\/www.professores.uff.br\/rsalomao\/wp-json\/wp\/v2\/pages"}],"about":[{"href":"https:\/\/www.professores.uff.br\/rsalomao\/wp-json\/wp\/v2\/types\/page"}],"author":[{"embeddable":true,"href":"https:\/\/www.professores.uff.br\/rsalomao\/wp-json\/wp\/v2\/users\/2"}],"replies":[{"embeddable":true,"href":"https:\/\/www.professores.uff.br\/rsalomao\/wp-json\/wp\/v2\/comments?post=14"}],"version-history":[{"count":14,"href":"https:\/\/www.professores.uff.br\/rsalomao\/wp-json\/wp\/v2\/pages\/14\/revisions"}],"predecessor-version":[{"id":294,"href":"https:\/\/www.professores.uff.br\/rsalomao\/wp-json\/wp\/v2\/pages\/14\/revisions\/294"}],"wp:attachment":[{"href":"https:\/\/www.professores.uff.br\/rsalomao\/wp-json\/wp\/v2\/media?parent=14"}],"wp:term":[{"taxonomy":"category","embeddable":true,"href":"https:\/\/www.professores.uff.br\/rsalomao\/wp-json\/wp\/v2\/categories?post=14"},{"taxonomy":"post_tag","embeddable":true,"href":"https:\/\/www.professores.uff.br\/rsalomao\/wp-json\/wp\/v2\/tags?post=14"}],"curies":[{"name":"wp","href":"https:\/\/api.w.org\/{rel}","templated":true}]}}