{"id":27,"date":"2017-08-17T12:18:34","date_gmt":"2017-08-17T15:18:34","guid":{"rendered":"http:\/\/www.professores.uff.br\/rsalomao\/?page_id=27"},"modified":"2019-11-06T15:04:59","modified_gmt":"2019-11-06T18:04:59","slug":"calculo-i","status":"publish","type":"page","link":"https:\/\/www.professores.uff.br\/rsalomao\/calculo-i\/","title":{"rendered":"C\u00e1lculo 1A"},"content":{"rendered":"<h3><strong>Bibliografia:<\/strong><\/h3>\n<p>\u2022 Stewart, James; C\u00e1lculo; Vol.I; Editora Pioneira; 4\u00aa Edi\u00e7\u00e3o.<br \/>\n\u2022 Guidorizzi, Hamilton Luiz; Um curso de C\u00e1lculo; vol.1; Editora LTC.<br \/>\n\u2022 <a href=\"http:\/\/www.ime.uerj.br\/~calculo\/calculo.html\">Mauricio A. Vilches e Maria Luiza Corr\u00eaa; C\u00e1lculo: Volume 1; Departamento de An\u00e1lise Matem\u00e1tica &#8211; IME\/UERJ<\/a><br \/>\n\u2022 Thomas, George B. ; Finney, Weir, Giordano; C\u00e1lculo; Vol. I; Editora Addison Wesley; 10\u00aa Edi\u00e7\u00e3o.<br \/>\n\u2022 Swokowski; C\u00e1lculo com Geometria Anal\u00edtica; Volumes 1; Editora McGraw-Hill do Brasil; 1983.<br \/>\n\u2022 Leithold L.; C\u00e1lculo com Geometria Anal\u00edtica; Volume 1; Editora McGraw-Hill.<\/p>\n<h3><strong>Listas de Exerc\u00edcios:<\/strong><\/h3>\n<p><strong>C\u00e1lculo 1-A:<\/strong><\/p>\n<p><a href=\"http:\/\/www.professores.uff.br\/rsalomao\/wp-content\/uploads\/sites\/93\/2017\/08\/lista1calculo1A.pdf\">Lista 1<\/a>, <a href=\"http:\/\/www.professores.uff.br\/rsalomao\/wp-content\/uploads\/sites\/93\/2017\/08\/lista2calculo1A.pdf\">Lista 2<\/a>, <a href=\"http:\/\/www.professores.uff.br\/rsalomao\/wp-content\/uploads\/sites\/93\/2017\/08\/lista3calculo1A.pdf\">Lista 3<\/a>, <a href=\"http:\/\/www.professores.uff.br\/rsalomao\/wp-content\/uploads\/sites\/93\/2017\/08\/lista4calculo1A.pdf\">Lista 4<\/a>, <a href=\"http:\/\/www.professores.uff.br\/rsalomao\/wp-content\/uploads\/sites\/93\/2017\/08\/lista5calculo1A.pdf\">Lista 5<\/a>, <a href=\"http:\/\/www.professores.uff.br\/rsalomao\/wp-content\/uploads\/sites\/93\/2017\/08\/lista6calculo1A.pdf\">Lista 6<\/a>, <a href=\"http:\/\/www.professores.uff.br\/rsalomao\/wp-content\/uploads\/sites\/93\/2017\/08\/lista7calculo1A.pdf\">Lista 7<\/a>, <a href=\"http:\/\/www.professores.uff.br\/rsalomao\/wp-content\/uploads\/sites\/93\/2017\/08\/lista8calculo1A.pdf\">Lista 8<\/a>, <a href=\"http:\/\/www.professores.uff.br\/rsalomao\/wp-content\/uploads\/sites\/93\/2017\/08\/lista9calculo1A.pdf\">Lista 9<\/a>, <a href=\"http:\/\/www.professores.uff.br\/rsalomao\/wp-content\/uploads\/sites\/93\/2017\/08\/lista10calculo1A.pdf\">Lista 10<\/a>, <a href=\"http:\/\/www.professores.uff.br\/rsalomao\/wp-content\/uploads\/sites\/93\/2017\/08\/lista11calculo1A.pdf\">Lista 11<\/a>, <a href=\"http:\/\/www.professores.uff.br\/rsalomao\/wp-content\/uploads\/sites\/93\/2017\/08\/lista12calculo1A.pdf\">Lista 12<\/a>, <a href=\"http:\/\/www.professores.uff.br\/rsalomao\/wp-content\/uploads\/sites\/93\/2017\/08\/lista13calculo1A.pdf\">Lista 13<\/a>, <a href=\"http:\/\/www.professores.uff.br\/rsalomao\/wp-content\/uploads\/sites\/93\/2017\/08\/lista14calculo1A.pdf\">Lista 14<\/a>,<a href=\"http:\/\/www.professores.uff.br\/rsalomao\/wp-content\/uploads\/sites\/93\/2017\/08\/lista15calculo1A.pdf\"> Lista 15<\/a>, <a href=\"http:\/\/www.professores.uff.br\/rsalomao\/wp-content\/uploads\/sites\/93\/2017\/08\/lista16calculo1A.pdf\">Lista 16<\/a>, <a href=\"http:\/\/www.professores.uff.br\/rsalomao\/wp-content\/uploads\/sites\/93\/2017\/08\/lista17calculo1A.pdf\">Lista 1<\/a>7, <a href=\"http:\/\/www.professores.uff.br\/rsalomao\/wp-content\/uploads\/sites\/93\/2017\/08\/lista18calculo1A.pdf\">Lista 18<\/a>,<\/p>\n<h3><strong>Exemplos iterativos com GEOGEBRA:<\/strong><\/h3>\n<ol>\n<li><a href=\"https:\/\/www.geogebra.org\/graphing\/n7n6xq22\">Imagem de fun\u00e7\u00f5es<\/a>;<\/li>\n<li><a href=\"https:\/\/www.geogebra.org\/graphing\/syqcpejq\">Deslocamento vertical de gr\u00e1ficos<\/a>;<\/li>\n<li><a href=\"https:\/\/www.geogebra.org\/graphing\/f53bupxk\">Deslocamento horizontal de gr\u00e1ficos<\/a>;<\/li>\n<li><a href=\"https:\/\/www.geogebra.org\/graphing\/mcpgd4au\">Esticamento vertical de gr\u00e1ficos<\/a>;<\/li>\n<li><a href=\"https:\/\/www.geogebra.org\/graphing\/aj3htkxf\">Compress\u00e3o vertical de gr\u00e1ficos<\/a>;<\/li>\n<li><a href=\"https:\/\/www.geogebra.org\/graphing\/qj3m2amd\">Compress\u00e3o horizontal de gr\u00e1ficos<\/a>;<\/li>\n<li><a href=\"https:\/\/www.geogebra.org\/graphing\/jwfcpfgb\">Esticamento horizontal de gr\u00e1ficos<\/a>;<\/li>\n<li><a href=\"https:\/\/www.geogebra.org\/graphing\/zfcgtndw\">Exemplo com todas as opera\u00e7\u00f5es acima (de 2 a 7) juntas<\/a>;<\/li>\n<li><a href=\"https:\/\/www.geogebra.org\/graphing\/gqvuxkgy\">Limite de fun\u00e7\u00f5es<\/a>;<\/li>\n<li><a href=\"https:\/\/www.geogebra.org\/graphing\/emnww3rv\">Teorema do Valor intermedi\u00e1rio;<\/a><\/li>\n<li><a href=\"https:\/\/www.geogebra.org\/graphing\/vygvtfpz\">Reta tangente ao gr\u00e1fico de uma fun\u00e7\u00e3o<\/a>;<\/li>\n<li><a href=\"https:\/\/www.geogebra.org\/graphing\/wugy9zyf\">Fun\u00e7\u00f5es n\u00e3o deriv\u00e1veis: bico com dois candidatos a reta tangente;<\/a><\/li>\n<li><a href=\"https:\/\/www.geogebra.org\/graphing\/bc6mnn6e\">Fun\u00e7\u00f5es n\u00e3o deriv\u00e1veis: bico com o candidato a reta tangente vertical;<\/a><\/li>\n<li><a href=\"https:\/\/www.geogebra.org\/graphing\/mvppj6cx\">\u00a0Fun\u00e7\u00f5es n\u00e3o deriv\u00e1veis: candidato a reta tangente vertical;<\/a><\/li>\n<li><a href=\"https:\/\/www.geogebra.org\/graphing\/fgsvmbsr\">Segundo Limite Fundamental;<\/a><\/li>\n<li><a href=\"https:\/\/www.geogebra.org\/graphing\/enauxy3d\">Crescimento e decrescimento de fun\u00e7\u00f5es;<\/a><\/li>\n<li>Aproxima\u00e7\u00f5es de fun\u00e7\u00f5es em um ponto;<\/li>\n<li><a href=\"https:\/\/www.geogebra.org\/graphing\/dkfcc6p7\">Teorema do Valor M\u00e9dio;<\/a><\/li>\n<\/ol>\n","protected":false},"excerpt":{"rendered":"<p>Bibliografia: \u2022 Stewart, James; C\u00e1lculo; Vol.I; Editora Pioneira; 4\u00aa Edi\u00e7\u00e3o. \u2022 Guidorizzi, Hamilton Luiz; Um curso de C\u00e1lculo; vol.1; Editora LTC. \u2022 Mauricio A. Vilches e Maria Luiza Corr\u00eaa; C\u00e1lculo: Volume 1; Departamento de An\u00e1lise Matem\u00e1tica &#8211; IME\/UERJ \u2022 Thomas, George B. ; Finney, Weir, Giordano; C\u00e1lculo; Vol. I; Editora Addison Wesley; 10\u00aa Edi\u00e7\u00e3o. \u2022 [&hellip;]<\/p>\n","protected":false},"author":2,"featured_media":0,"parent":0,"menu_order":0,"comment_status":"closed","ping_status":"closed","template":"","meta":{"_exactmetrics_skip_tracking":false,"_exactmetrics_sitenote_active":false,"_exactmetrics_sitenote_note":"","_exactmetrics_sitenote_category":0,"footnotes":""},"categories":[],"tags":[],"class_list":["post-27","page","type-page","status-publish","hentry"],"_links":{"self":[{"href":"https:\/\/www.professores.uff.br\/rsalomao\/wp-json\/wp\/v2\/pages\/27","targetHints":{"allow":["GET"]}}],"collection":[{"href":"https:\/\/www.professores.uff.br\/rsalomao\/wp-json\/wp\/v2\/pages"}],"about":[{"href":"https:\/\/www.professores.uff.br\/rsalomao\/wp-json\/wp\/v2\/types\/page"}],"author":[{"embeddable":true,"href":"https:\/\/www.professores.uff.br\/rsalomao\/wp-json\/wp\/v2\/users\/2"}],"replies":[{"embeddable":true,"href":"https:\/\/www.professores.uff.br\/rsalomao\/wp-json\/wp\/v2\/comments?post=27"}],"version-history":[{"count":15,"href":"https:\/\/www.professores.uff.br\/rsalomao\/wp-json\/wp\/v2\/pages\/27\/revisions"}],"predecessor-version":[{"id":278,"href":"https:\/\/www.professores.uff.br\/rsalomao\/wp-json\/wp\/v2\/pages\/27\/revisions\/278"}],"wp:attachment":[{"href":"https:\/\/www.professores.uff.br\/rsalomao\/wp-json\/wp\/v2\/media?parent=27"}],"wp:term":[{"taxonomy":"category","embeddable":true,"href":"https:\/\/www.professores.uff.br\/rsalomao\/wp-json\/wp\/v2\/categories?post=27"},{"taxonomy":"post_tag","embeddable":true,"href":"https:\/\/www.professores.uff.br\/rsalomao\/wp-json\/wp\/v2\/tags?post=27"}],"curies":[{"name":"wp","href":"https:\/\/api.w.org\/{rel}","templated":true}]}}