{"id":48,"date":"2017-08-17T12:22:14","date_gmt":"2017-08-17T15:22:14","guid":{"rendered":"http:\/\/www.professores.uff.br\/rsalomao\/?page_id=48"},"modified":"2019-10-08T17:53:37","modified_gmt":"2019-10-08T20:53:37","slug":"calculo-2-a","status":"publish","type":"page","link":"https:\/\/www.professores.uff.br\/rsalomao\/calculo-2-a\/","title":{"rendered":"C\u00e1lculo 2 A"},"content":{"rendered":"<p><strong><a href=\"http:\/\/www.professores.uff.br\/rsalomao\/wp-content\/uploads\/sites\/93\/2017\/08\/Listas2012_1.zip\">Download Listas de Exerc\u00edcios (Listas do GMA)<\/a><\/strong><\/p>\n<p><strong>Programa e Bibliografia<\/strong><\/p>\n<p>Parte de Integra\u00e7\u00e3o:<\/p>\n<p>Cristiane Argento e Freddy Hern\u00e1ndez, <a href=\"http:\/\/www.cead.uff.br\/ead\/pluginfile.php\/44750\/mod_resource\/content\/2\/Apostilha%20CIIA.pdf\">Apostila de C\u00e1lculo 2A para EAD<\/a>, GMA, UFF<\/p>\n<p><a href=\"http:\/\/www.ime.uerj.br\/~calculo\/calculo.html\">Mauricio A. Vilches e Maria Luiza Corr\u00eaa; C\u00e1lculo: Volume 1; Departamento de An\u00e1lise Matem\u00e1tica &#8211; IME\/UERJ<\/a><\/p>\n<h3><strong>Exemplos iterativos com GEOGEBRA:<\/strong><\/h3>\n<ol>\n<li><a href=\"https:\/\/www.geogebra.org\/graphing\/bpb3xtys\">Trajet\u00f3rias Ortogonais;<\/a><\/li>\n<\/ol>\n","protected":false},"excerpt":{"rendered":"<p>Download Listas de Exerc\u00edcios (Listas do GMA) Programa e Bibliografia Parte de Integra\u00e7\u00e3o: Cristiane Argento e Freddy Hern\u00e1ndez, Apostila de C\u00e1lculo 2A para EAD, GMA, UFF Mauricio A. Vilches e Maria Luiza Corr\u00eaa; C\u00e1lculo: Volume 1; Departamento de An\u00e1lise Matem\u00e1tica &#8211; IME\/UERJ Exemplos iterativos com GEOGEBRA: Trajet\u00f3rias Ortogonais;<\/p>\n","protected":false},"author":2,"featured_media":0,"parent":0,"menu_order":0,"comment_status":"closed","ping_status":"closed","template":"","meta":{"_exactmetrics_skip_tracking":false,"_exactmetrics_sitenote_active":false,"_exactmetrics_sitenote_note":"","_exactmetrics_sitenote_category":0,"footnotes":""},"categories":[],"tags":[],"class_list":["post-48","page","type-page","status-publish","hentry"],"_links":{"self":[{"href":"https:\/\/www.professores.uff.br\/rsalomao\/wp-json\/wp\/v2\/pages\/48","targetHints":{"allow":["GET"]}}],"collection":[{"href":"https:\/\/www.professores.uff.br\/rsalomao\/wp-json\/wp\/v2\/pages"}],"about":[{"href":"https:\/\/www.professores.uff.br\/rsalomao\/wp-json\/wp\/v2\/types\/page"}],"author":[{"embeddable":true,"href":"https:\/\/www.professores.uff.br\/rsalomao\/wp-json\/wp\/v2\/users\/2"}],"replies":[{"embeddable":true,"href":"https:\/\/www.professores.uff.br\/rsalomao\/wp-json\/wp\/v2\/comments?post=48"}],"version-history":[{"count":3,"href":"https:\/\/www.professores.uff.br\/rsalomao\/wp-json\/wp\/v2\/pages\/48\/revisions"}],"predecessor-version":[{"id":276,"href":"https:\/\/www.professores.uff.br\/rsalomao\/wp-json\/wp\/v2\/pages\/48\/revisions\/276"}],"wp:attachment":[{"href":"https:\/\/www.professores.uff.br\/rsalomao\/wp-json\/wp\/v2\/media?parent=48"}],"wp:term":[{"taxonomy":"category","embeddable":true,"href":"https:\/\/www.professores.uff.br\/rsalomao\/wp-json\/wp\/v2\/categories?post=48"},{"taxonomy":"post_tag","embeddable":true,"href":"https:\/\/www.professores.uff.br\/rsalomao\/wp-json\/wp\/v2\/tags?post=48"}],"curies":[{"name":"wp","href":"https:\/\/api.w.org\/{rel}","templated":true}]}}