{"id":51,"date":"2017-08-17T12:23:15","date_gmt":"2017-08-17T15:23:15","guid":{"rendered":"http:\/\/www.professores.uff.br\/rsalomao\/?page_id=51"},"modified":"2017-08-17T14:25:43","modified_gmt":"2017-08-17T17:25:43","slug":"51-2","status":"publish","type":"page","link":"https:\/\/www.professores.uff.br\/rsalomao\/51-2\/","title":{"rendered":"C\u00e1lculo 2C"},"content":{"rendered":"<p><strong>Programa e Bibliografia<\/strong><\/p>\n<p><strong>Resumo sobre Superf\u00edcies Qu\u00e1dricas (Material da prof. Marlene)<\/strong><\/p>\n<p>Listas de Exerc\u00edcios:<\/p>\n<p>Lista1<br \/>\nLista2<br \/>\nLista3 (At\u00e9 o exerc\u00edcio 26)<br \/>\nLista4<br \/>\nLista5<br \/>\nLista6<br \/>\nLista7<br \/>\nLista8<\/p>\n","protected":false},"excerpt":{"rendered":"<p>Programa e Bibliografia Resumo sobre Superf\u00edcies Qu\u00e1dricas (Material da prof. Marlene) Listas de Exerc\u00edcios: Lista1 Lista2 Lista3 (At\u00e9 o exerc\u00edcio 26) Lista4 Lista5 Lista6 Lista7 Lista8<\/p>\n","protected":false},"author":2,"featured_media":0,"parent":0,"menu_order":0,"comment_status":"closed","ping_status":"closed","template":"","meta":{"_exactmetrics_skip_tracking":false,"_exactmetrics_sitenote_active":false,"_exactmetrics_sitenote_note":"","_exactmetrics_sitenote_category":0,"footnotes":""},"categories":[],"tags":[],"class_list":["post-51","page","type-page","status-publish","hentry"],"_links":{"self":[{"href":"https:\/\/www.professores.uff.br\/rsalomao\/wp-json\/wp\/v2\/pages\/51","targetHints":{"allow":["GET"]}}],"collection":[{"href":"https:\/\/www.professores.uff.br\/rsalomao\/wp-json\/wp\/v2\/pages"}],"about":[{"href":"https:\/\/www.professores.uff.br\/rsalomao\/wp-json\/wp\/v2\/types\/page"}],"author":[{"embeddable":true,"href":"https:\/\/www.professores.uff.br\/rsalomao\/wp-json\/wp\/v2\/users\/2"}],"replies":[{"embeddable":true,"href":"https:\/\/www.professores.uff.br\/rsalomao\/wp-json\/wp\/v2\/comments?post=51"}],"version-history":[{"count":2,"href":"https:\/\/www.professores.uff.br\/rsalomao\/wp-json\/wp\/v2\/pages\/51\/revisions"}],"predecessor-version":[{"id":96,"href":"https:\/\/www.professores.uff.br\/rsalomao\/wp-json\/wp\/v2\/pages\/51\/revisions\/96"}],"wp:attachment":[{"href":"https:\/\/www.professores.uff.br\/rsalomao\/wp-json\/wp\/v2\/media?parent=51"}],"wp:term":[{"taxonomy":"category","embeddable":true,"href":"https:\/\/www.professores.uff.br\/rsalomao\/wp-json\/wp\/v2\/categories?post=51"},{"taxonomy":"post_tag","embeddable":true,"href":"https:\/\/www.professores.uff.br\/rsalomao\/wp-json\/wp\/v2\/tags?post=51"}],"curies":[{"name":"wp","href":"https:\/\/api.w.org\/{rel}","templated":true}]}}