{"id":53,"date":"2017-08-17T12:54:13","date_gmt":"2017-08-17T15:54:13","guid":{"rendered":"http:\/\/www.professores.uff.br\/rsalomao\/?page_id=53"},"modified":"2017-08-17T14:19:58","modified_gmt":"2017-08-17T17:19:58","slug":"calculo-2b","status":"publish","type":"page","link":"https:\/\/www.professores.uff.br\/rsalomao\/calculo-2b\/","title":{"rendered":"C\u00e1lculo 2B"},"content":{"rendered":"<p><a href=\"http:\/\/www.professores.uff.br\/rsalomao\/wp-content\/uploads\/sites\/93\/2017\/08\/superficies-quadricas.pdf\">Resumo sobre Superf\u00edcies Qu\u00e1dricas (Material da prof. Marlene)<\/a><\/p>\n<p><a href=\"http:\/\/www.gma.uff.br\/html\/informacoes%20disciplinas\/calc%2002%20-B-%202014-2\/calc%2002%20-B-%202013-4%20LISTAS%20e%20BIBLIOGRAFIA.htm\">Bibliografia e Listas de Exerc\u00edcios<\/a><\/p>\n<p>Notas de aula da professora Denise Pinto do GMA:<\/p>\n<p><a href=\"http:\/\/www.professores.uff.br\/rsalomao\/wp-content\/uploads\/sites\/93\/2017\/08\/Parte_1_Calc_2B_-_Funes_Vetoriais.pdf\">Parte1<\/a>, <a href=\"http:\/\/www.professores.uff.br\/rsalomao\/wp-content\/uploads\/sites\/93\/2017\/08\/Parte_2_Calc_2B_-_Funes_Vetoriais_de_Uma_Varivel.pdf\">Parte 2<\/a>, <a href=\"http:\/\/www.professores.uff.br\/rsalomao\/wp-content\/uploads\/sites\/93\/2017\/08\/Parte_3_A.pdf\">Parte 3a<\/a>,<a href=\"http:\/\/www.professores.uff.br\/rsalomao\/wp-content\/uploads\/sites\/93\/2017\/08\/Parte_3_B.pdf\"> Parte 3b<\/a>, <a href=\"http:\/\/www.professores.uff.br\/rsalomao\/wp-content\/uploads\/sites\/93\/2017\/08\/Parte_3_C.pdf\">Parte 3c<\/a>, <a href=\"http:\/\/www.professores.uff.br\/rsalomao\/wp-content\/uploads\/sites\/93\/2017\/08\/Parte_4_Calc_2B_-_Reviso_de__Qudricas_Nova.pdf\">Parte 4<\/a>, <a href=\"http:\/\/www.professores.uff.br\/rsalomao\/wp-content\/uploads\/sites\/93\/2017\/08\/Parte_5_A.pdf\">Parte 5a<\/a>, <a href=\"http:\/\/www.professores.uff.br\/rsalomao\/wp-content\/uploads\/sites\/93\/2017\/08\/Parte_5_B.pdf\">Parte 5b<\/a>, <a href=\"http:\/\/www.professores.uff.br\/rsalomao\/wp-content\/uploads\/sites\/93\/2017\/08\/Parte_5_C.pdf\">Parte 5c<\/a>, <a href=\"http:\/\/www.professores.uff.br\/rsalomao\/wp-content\/uploads\/sites\/93\/2017\/08\/Parte_6_Calc_2B_-_Derivadas_Parciais.pdf\">Parte 6<\/a>,<br \/>\n<a href=\"http:\/\/www.professores.uff.br\/rsalomao\/wp-content\/uploads\/sites\/93\/2017\/08\/Parte_7_Calc_2B_-_Derivada_Verso_Final.pdf\">Parte 7<\/a>, <a href=\"http:\/\/www.professores.uff.br\/rsalomao\/wp-content\/uploads\/sites\/93\/2017\/08\/Parte_8_Calc_2B_-_Derivadas_Parciais_de_Ordens_Superiores.pdf\">Parte 8<\/a>,<a href=\"http:\/\/www.professores.uff.br\/rsalomao\/wp-content\/uploads\/sites\/93\/2017\/08\/Parte_9_Calc_2B_-_Funes_Vetoriais_lim_cont_e_der.pdf\">Parte 9<\/a>, <a href=\"http:\/\/www.professores.uff.br\/rsalomao\/wp-content\/uploads\/sites\/93\/2017\/08\/Parte_10_Calc_2B_-_Regra_da_Cadeia.pdf\">Parte 10<\/a>, <a href=\"http:\/\/www.professores.uff.br\/rsalomao\/wp-content\/uploads\/sites\/93\/2017\/08\/Parte_11_Calc_2B_-_Vetor_Gradiente.pdf\">Parte 11<\/a>, <a href=\"http:\/\/www.professores.uff.br\/rsalomao\/wp-content\/uploads\/sites\/93\/2017\/08\/Parte_12_Calc_2B_-_Derivadas_Direcionais.pdf\">Parte 12<\/a>, <a href=\"http:\/\/www.professores.uff.br\/rsalomao\/wp-content\/uploads\/sites\/93\/2017\/08\/Parte_13_Calc_2B_-Teorema_da_Funo_Inversa.pdf\">Parte 13<\/a>, <a href=\"http:\/\/www.professores.uff.br\/rsalomao\/wp-content\/uploads\/sites\/93\/2017\/08\/Parte_14_Calc_2B_-Teorema_da_Fun\u00e7\u00e3o_Impl\u00edcita.pdf\">Parte 14.<\/a><\/p>\n","protected":false},"excerpt":{"rendered":"<p>Resumo sobre Superf\u00edcies Qu\u00e1dricas (Material da prof. Marlene) Bibliografia e Listas de Exerc\u00edcios Notas de aula da professora Denise Pinto do GMA: Parte1, Parte 2, Parte 3a, Parte 3b, Parte 3c, Parte 4, Parte 5a, Parte 5b, Parte 5c, Parte 6, Parte 7, Parte 8,Parte 9, Parte 10, Parte 11, Parte 12, Parte 13, Parte [&hellip;]<\/p>\n","protected":false},"author":2,"featured_media":0,"parent":0,"menu_order":0,"comment_status":"closed","ping_status":"closed","template":"","meta":{"_exactmetrics_skip_tracking":false,"_exactmetrics_sitenote_active":false,"_exactmetrics_sitenote_note":"","_exactmetrics_sitenote_category":0,"footnotes":""},"categories":[],"tags":[],"class_list":["post-53","page","type-page","status-publish","hentry"],"_links":{"self":[{"href":"https:\/\/www.professores.uff.br\/rsalomao\/wp-json\/wp\/v2\/pages\/53","targetHints":{"allow":["GET"]}}],"collection":[{"href":"https:\/\/www.professores.uff.br\/rsalomao\/wp-json\/wp\/v2\/pages"}],"about":[{"href":"https:\/\/www.professores.uff.br\/rsalomao\/wp-json\/wp\/v2\/types\/page"}],"author":[{"embeddable":true,"href":"https:\/\/www.professores.uff.br\/rsalomao\/wp-json\/wp\/v2\/users\/2"}],"replies":[{"embeddable":true,"href":"https:\/\/www.professores.uff.br\/rsalomao\/wp-json\/wp\/v2\/comments?post=53"}],"version-history":[{"count":1,"href":"https:\/\/www.professores.uff.br\/rsalomao\/wp-json\/wp\/v2\/pages\/53\/revisions"}],"predecessor-version":[{"id":75,"href":"https:\/\/www.professores.uff.br\/rsalomao\/wp-json\/wp\/v2\/pages\/53\/revisions\/75"}],"wp:attachment":[{"href":"https:\/\/www.professores.uff.br\/rsalomao\/wp-json\/wp\/v2\/media?parent=53"}],"wp:term":[{"taxonomy":"category","embeddable":true,"href":"https:\/\/www.professores.uff.br\/rsalomao\/wp-json\/wp\/v2\/categories?post=53"},{"taxonomy":"post_tag","embeddable":true,"href":"https:\/\/www.professores.uff.br\/rsalomao\/wp-json\/wp\/v2\/tags?post=53"}],"curies":[{"name":"wp","href":"https:\/\/api.w.org\/{rel}","templated":true}]}}