{"id":76,"date":"2017-08-17T14:21:01","date_gmt":"2017-08-17T17:21:01","guid":{"rendered":"http:\/\/www.professores.uff.br\/rsalomao\/?page_id=76"},"modified":"2017-08-17T14:21:01","modified_gmt":"2017-08-17T17:21:01","slug":"calculo-3-a","status":"publish","type":"page","link":"https:\/\/www.professores.uff.br\/rsalomao\/calculo-3-a\/","title":{"rendered":"C\u00e1lculo 3 A"},"content":{"rendered":"<p><strong>Bibliografia:<\/strong><\/p>\n<ul>\n<li>Diomara Pinto e Maria C\u00e2ndida Ferreira Morgado; C\u00e1lculo Diferencial e Integral de Fun\u00e7\u00f5es de V\u00e1rias Vari\u00e1veis; Editora UFRJ\/SR-1.<\/li>\n<li>Stewart, James; C\u00e1lculo, Vol 2; Editora Pioneira Thomson Learning, 4\u00aa edi\u00e7\u00e3o, 2001.<\/li>\n<li>Guidorizzi, Hamilton Luiz; Um curso de C\u00e1lculo; vol.3; Editora LTC.<\/li>\n<li>Notas de Aula do curso do CEDERJ: Notas de Aulas do CEDERJ<\/li>\n<\/ul>\n<p><a href=\"http:\/\/www.gma.uff.br\/html\/informacoes%20disciplinas\/calc%2003%20-A-%202012-2\/calculo-III-A_2012-2_Listas_de_exercicios.htm\">Listas de Exerc\u00edcios do CEDERJ<\/a><\/p>\n<p><a href=\"http:\/\/www.gma.uff.br\/html\/informacoes%20disciplinas\/calc%2003%20-A-%202014-2\/calculo-III-A_2014-2_Listas_de_exercicios.htm\">Listas de Exerc\u00edcios do GMA<\/a><\/p>\n","protected":false},"excerpt":{"rendered":"<p>Bibliografia: Diomara Pinto e Maria C\u00e2ndida Ferreira Morgado; C\u00e1lculo Diferencial e Integral de Fun\u00e7\u00f5es de V\u00e1rias Vari\u00e1veis; Editora UFRJ\/SR-1. Stewart, James; C\u00e1lculo, Vol 2; Editora Pioneira Thomson Learning, 4\u00aa edi\u00e7\u00e3o, 2001. Guidorizzi, Hamilton Luiz; Um curso de C\u00e1lculo; vol.3; Editora LTC. Notas de Aula do curso do CEDERJ: Notas de Aulas do CEDERJ Listas de [&hellip;]<\/p>\n","protected":false},"author":2,"featured_media":0,"parent":0,"menu_order":0,"comment_status":"closed","ping_status":"closed","template":"","meta":{"_exactmetrics_skip_tracking":false,"_exactmetrics_sitenote_active":false,"_exactmetrics_sitenote_note":"","_exactmetrics_sitenote_category":0,"footnotes":""},"categories":[],"tags":[],"class_list":["post-76","page","type-page","status-publish","hentry"],"_links":{"self":[{"href":"https:\/\/www.professores.uff.br\/rsalomao\/wp-json\/wp\/v2\/pages\/76","targetHints":{"allow":["GET"]}}],"collection":[{"href":"https:\/\/www.professores.uff.br\/rsalomao\/wp-json\/wp\/v2\/pages"}],"about":[{"href":"https:\/\/www.professores.uff.br\/rsalomao\/wp-json\/wp\/v2\/types\/page"}],"author":[{"embeddable":true,"href":"https:\/\/www.professores.uff.br\/rsalomao\/wp-json\/wp\/v2\/users\/2"}],"replies":[{"embeddable":true,"href":"https:\/\/www.professores.uff.br\/rsalomao\/wp-json\/wp\/v2\/comments?post=76"}],"version-history":[{"count":1,"href":"https:\/\/www.professores.uff.br\/rsalomao\/wp-json\/wp\/v2\/pages\/76\/revisions"}],"predecessor-version":[{"id":77,"href":"https:\/\/www.professores.uff.br\/rsalomao\/wp-json\/wp\/v2\/pages\/76\/revisions\/77"}],"wp:attachment":[{"href":"https:\/\/www.professores.uff.br\/rsalomao\/wp-json\/wp\/v2\/media?parent=76"}],"wp:term":[{"taxonomy":"category","embeddable":true,"href":"https:\/\/www.professores.uff.br\/rsalomao\/wp-json\/wp\/v2\/categories?post=76"},{"taxonomy":"post_tag","embeddable":true,"href":"https:\/\/www.professores.uff.br\/rsalomao\/wp-json\/wp\/v2\/tags?post=76"}],"curies":[{"name":"wp","href":"https:\/\/api.w.org\/{rel}","templated":true}]}}