{"id":8,"date":"2017-08-17T11:27:08","date_gmt":"2017-08-17T14:27:08","guid":{"rendered":"http:\/\/www.professores.uff.br\/rsalomao\/?page_id=8"},"modified":"2019-12-04T13:40:11","modified_gmt":"2019-12-04T16:40:11","slug":"cursos","status":"publish","type":"page","link":"https:\/\/www.professores.uff.br\/rsalomao\/cursos\/","title":{"rendered":"Cursos"},"content":{"rendered":"<h3><strong>2019.2<\/strong><\/h3>\n<h4><\/h4>\n<h3>C\u00c1LCULO 1 A<\/h3>\n<h4><span style=\"color: #ff0000\"><a style=\"color: #ff0000\" href=\"https:\/\/drive.google.com\/folderview?id=1-l58NUKWuheZW7NUKmFXSoIu2y7NOC4G\">Material Did\u00e1tico<\/a> <span style=\"color: #000000\">(Acesso somente com email do iduff)<\/span><\/span><\/h4>\n<p><strong>Testes:<\/strong><\/p>\n<ul>\n<li><span style=\"color: #ff0000\">T1 &#8211; 21\/08<\/span><br \/>\nMat\u00e9ria: Fun\u00e7\u00f5es Reais de Uma Vari\u00e1vel <span style=\"color: #0000ff\">(Lista 1: exerc\u00edcios 5, 6, 10, 12, 18, 19, 21, 25, 31, 34, 35, 36, 37, 43 e 44)<\/span><\/li>\n<li><span style=\"color: #ff0000\">T2 &#8211; 02\/09<\/span><br \/>\nMat\u00e9ria: Opera\u00e7\u00f5es com Fun\u00e7\u00f5es e Transforma\u00e7\u00f5es em Gr\u00e1ficos\u00a0<span style=\"color: #0000ff\">(Lista 2: exerc\u00edcios 2 at\u00e9 14 e o 20)<\/span><\/li>\n<li><span style=\"color: #ff0000\">T3 &#8211; 16\/09<\/span><br \/>\nMat\u00e9ria: Limites\u00a0<span style=\"color: #0000ff\">(Lista 3: exerc\u00edcios 1 at\u00e9 11; Lista 4: exerc\u00edcios 16, 17, 18, 20, 21, 22, 24, 26, 27)<\/span>, Limites Infinitos e Limites no Infinito\u00a0<span style=\"color: #0000ff\">(Lista 4: exerc\u00edcios 1 at\u00e9 10, 13, 14, 28, 30; Lista 5: 16 e 18)<\/span><\/li>\n<li><span style=\"color: #ff0000\">T4 &#8211; 16\/10<\/span><br \/>\nMat\u00e9ria: Fun\u00e7\u00f5es Inversas <span style=\"color: #0000ff\">(Lista 10: exerc\u00edcios 1, 2 e 3)<\/span>, Exponencias e Logar\u00edtmicas <span style=\"color: #0000ff\">(Lista 12: exerc\u00edcios 1, 2, 5, 6, 8, 9, 11, 13, 14)<\/span><\/li>\n<li><span style=\"color: #ff0000\">T5 &#8211; 11\/11<\/span><br \/>\nMat\u00e9ria: Fun\u00e7\u00f5es Impl\u00edcitas<span style=\"color: #0000ff\"> (Lista 10: exerc\u00edcio 26; Lista 9: exerc\u00edcios 1, 2, 5, 6)<\/span>, Taxa de Varia\u00e7\u00e3o <span style=\"color: #0000ff\">(Lista 7: exerc\u00edcio 4; Lista 9: exerc\u00edcios 7, 9, 11, 12)<\/span><\/li>\n<li><span style=\"color: #ff0000\">T6 &#8211; 27\/11<\/span><br \/>\nMat\u00e9ria: Crescimento e Decrescimento <span style=\"color: #0000ff\">(Lista 14: exerc\u00edcios 6, 8, 9, 10, 13b)<\/span>, M\u00e1ximos e M\u00ednimos <span style=\"color: #0000ff\">(Lista 14: exerc\u00edcios 15, 16, 17, 18, 19, 21)<\/span><\/li>\n<\/ul>\n<p><strong>Provas:<\/strong><\/p>\n<ul>\n<li><span style=\"color: #ff0000\">VE1 &#8211; 30\/09<\/span>\u00a0(Peso 2) Mat\u00e9ria:<br \/>\nFun\u00e7\u00f5es Reais de Uma Vari\u00e1vel <span style=\"color: #0000ff\">(Lista 1: exerc\u00edcios 5, 6, 10, 12, 18, 19, 21, 25, 31, 34, 35, 36, 37, 43 e 44; Lista 2: exerc\u00edcios 2 at\u00e9 14 e o 20)<\/span><br \/>\nLimites <span style=\"color: #0000ff\">(Lista 3: exerc\u00edcios 1 at\u00e9 11; Lista 4: exerc\u00edcios 16, 17, 18, 20, 21, 22, 24, 26, 27)<\/span><br \/>\nLimites Infinitos e no Infinito <span style=\"color: #0000ff\">(Lista 4: exerc\u00edcios 1 at\u00e9 10, 13, 14, 28, 30; Lista 5: 16 e 18)<\/span><br \/>\nContinuidade <span style=\"color: #0000ff\">(Lista 5: exerc\u00edcios 20, 22, 23, 25, 27, 28, 29, 30)<\/span><br \/>\nDerivadas, Reta Tangente e Regras de Deriva\u00e7\u00e3o <span style=\"color: #0000ff\">(Lista 6: exerc\u00edcios 1, 2, 4, 5, 6, 7, 11, 13, 14, 16, 17, 19, 20, 21)<\/span><br \/>\nRegra da Cadeia. <span style=\"color: #0000ff\">(Lista 7: exerc\u00edcios 5, 9, 10, 11, 12, 14 e 15)<\/span><\/li>\n<li><span style=\"color: #ff0000\">VE2 &#8211; 04\/12<\/span>\u00a0(Peso 3) Mat\u00e9ria:<br \/>\nFun\u00e7\u00f5es Inversas <span style=\"color: #0000ff\">(Lista 10: exerc\u00edcios 1, 2 e 3)<\/span><br \/>\nExponencias e Logar\u00edtmicas <span style=\"color: #0000ff\">(Lista 12: exerc\u00edcios 1, 2, 5, 6, 8, 9, 11, 13, 14)<\/span><br \/>\nFun\u00e7\u00f5es Trigonom\u00e9tricas Inversas <span style=\"color: #0000ff\">(Lista 10: exerc\u00edcios 12, 15, 17, 19, 20, 23, 28, 30)<\/span><br \/>\nFun\u00e7\u00f5es Impl\u00edcitas<span style=\"color: #0000ff\"> (Lista 10: exerc\u00edcio 26; Lista 9: exerc\u00edcios 1, 2, 5, 6)<\/span><br \/>\nTaxa de Varia\u00e7\u00e3o <span style=\"color: #0000ff\">(Lista 7: exerc\u00edcio 4; Lista 9: exerc\u00edcios 7, 9, 11, 12)<\/span><br \/>\nCrescimento e Decrescimento <span style=\"color: #0000ff\">(Lista 14: exerc\u00edcios 6, 8, 9, 10, 13b)<\/span><br \/>\nM\u00e1ximos e M\u00ednimos <span style=\"color: #0000ff\">(Lista 14: exerc\u00edcios 15, 16, 17, 18, 19, 21)<\/span><br \/>\nGr\u00e1ficos <span style=\"color: #0000ff\">(Lista 15: exerc\u00edcios 1, 3, 4, 9, 11, 12)<\/span><br \/>\nTeorema de Rolle e do Valor M\u00e9dio <span style=\"color: #0000ff\">(Lista 11: exerc\u00edcios 1, 4, 5, 6, 9, 10, 11)<\/span><br \/>\nTeorema de L&#8217;H\u00f4pital e s\u00edmbolos de indetermina\u00e7\u00e3o <span style=\"color: #0000ff\">(Lista 13: exerc\u00edcios 1, 2, 3, 5, 7, 9, 11, 13, 15, 16, 18)<\/span><br \/>\nDerivadas de Ordem Superior e Aproxima\u00e7\u00f5es <span style=\"color: #0000ff\">(Lista 8: exerc\u00edcios 1, 4, 6, 7, 10)<\/span><br \/>\nFun\u00e7\u00f5es Hiperb\u00f3licas <span style=\"color: #0000ff\">(Lista 17: exerc\u00edcios 1, 2, 3, 6, 7, 10, 12)<\/span><br \/>\nOtimiza\u00e7\u00e3o <span style=\"color: #0000ff\">(Lista 16: exerc\u00edcios 1, 2, 3, 6, 7)<\/span><br \/>\nIntegrais Indefinidas e Problema de Valor Inicial <span style=\"color: #0000ff\">(Lista 18: exerc\u00edcios 1, 5, 6, 8, 9, 14, 15, 20)<\/span><\/li>\n<li><span style=\"color: #ff0000\">VR &#8211; 09\/12<\/span>\u00a0Mat\u00e9ria: Toda;<\/li>\n<li><span style=\"color: #ff0000\">VS &#8211; 16\/12<\/span>\u00a0Mat\u00e9ria: Toda.<\/li>\n<\/ul>\n<h3><\/h3>\n<h3>C\u00c1LCULO 2 A<\/h3>\n<h4><span style=\"color: #ff0000\"><a style=\"color: #ff0000\" href=\"https:\/\/drive.google.com\/folderview?id=1CNPuBLSK0coMjP3khenaSw_IR6xd1jYv\">Material Did\u00e1tico<\/a> <\/span><span style=\"color: #ff0000\"><span style=\"color: #000000\">(Acesso somente com email do iduff)<\/span><\/span><\/h4>\n<h4><\/h4>\n<p><strong>Provas:<\/strong><\/p>\n<ul>\n<li><span style=\"color: #ff0000\">VE1 &#8211; 18\/09<\/span>\u00a0(Peso 2) Mat\u00e9ria:<br \/>\nIntegral indefinida; Teorema fundamental do c\u00e1lculo; \u00c1rea de regi\u00f5es planas; Integral indefinida; Integral por substitui\u00e7\u00e3o; Integral por partes; Integral de pot\u00eancias\u00a0 de fun\u00e7\u00f5es trigonom\u00e9tricas; Integra\u00e7\u00e3o por substitui\u00e7\u00e3o trigonom\u00e9trica; Fra\u00e7\u00f5es parciais; Substitui\u00e7\u00f5es especiais; C\u00e1lculo de volumes pelos m\u00e9todos dos discos e das cascas; Comprimento de arco; Integral impr\u00f3pria. <span style=\"color: #0000ff\">(Listas 1 at\u00e9 7)<\/span><\/li>\n<li><span style=\"color: #ff0000\">VE2 &#8211; 04\/12<\/span>\u00a0(Peso 3) Mat\u00e9ria:<br \/>\nIntrodu\u00e7\u00e3o \u00e0 EDO; EDO de vari\u00e1veis separ\u00e1veis; EDO de primeira ordem; EDO exata; EDO de Bernoulli; EDO de Ricatti; EDO de Clairaut; EDO redut\u00edvel a exata; Problema de valor inicial; Teorema de exist\u00eancia e unicidade; EDO de segunda ordem; EDO linear de ordem n<br \/>\ncom coeficientes constantes: M\u00e9todo dos coeficientes indeterminados<br \/>\nM\u00e9todo de varia\u00e7\u00e3o os par\u00e2metros; EDO de Euler-Cauchy; EDO homog\u00eanea e n\u00e3o homog\u00eanea. <span style=\"color: #0000ff\">(Listas 8 at\u00e9 14)<\/span><\/li>\n<li><span style=\"color: #ff0000\">VR &#8211; 09\/12<\/span> (Fechada) Mat\u00e9ria: Toda;<\/li>\n<li><span style=\"color: #ff0000\">VS &#8211; 16\/12<\/span>\u00a0Mat\u00e9ria: Toda.<\/li>\n<\/ul>\n<hr \/>\n<h3><strong>2019.1<\/strong><\/h3>\n<p>C\u00c1LCULO 1 A<\/p>\n<p>C\u00c1LCULO 1 A<\/p>\n<hr \/>\n<h3><strong>2018.2<\/strong><\/h3>\n<p>C\u00c1LCULO 1 A<\/p>\n<p>C\u00c1LCULO 3 A<\/p>\n<h3><\/h3>\n<hr \/>\n<h3><strong>2018.1<\/strong><\/h3>\n<p>C\u00c1LCULO 1 A<\/p>\n<p>C\u00c1LCULO 2 A<\/p>\n<hr \/>\n<h3><strong>2017.2<\/strong><\/h3>\n<p>C\u00c1LCULO 1 A<\/p>\n<p>C\u00c1LCULO 1 A<\/p>\n<hr \/>\n<h3><strong>2017.1<\/strong><\/h3>\n<p>C\u00c1LCULO 1 A<\/p>\n<p>C\u00c1LCULO 1 A<\/p>\n<hr \/>\n<h3><strong>2016.2<\/strong><\/h3>\n<p>C\u00c1LCULO 1 A<\/p>\n<p>C\u00c1LCULO 3 A<\/p>\n<hr \/>\n<h3><strong>2016.1<\/strong><\/h3>\n<p>C\u00c1LCULO 2 B<\/p>\n<p>\u00c1LGEBRA COMUTATIVA (DOUTORADO)<\/p>\n<hr \/>\n<h3><strong>2015.2<\/strong><\/h3>\n<p>C\u00c1LCULO 3 A<\/p>\n<p>C\u00c1LCULO 2 B<\/p>\n<hr \/>\n<h3><strong>2015.1<\/strong><\/h3>\n<p>C\u00c1LCULO 3 A<\/p>\n<p>EQUA\u00c7\u00d5ES DIFERENCIAIS<\/p>\n<hr \/>\n<h3><strong>2014.2<\/strong><\/h3>\n<p>MATEM\u00c1TICA B\u00c1SICA I &#8211;<\/p>\n<p>Provas: VE1, VE2<\/p>\n<hr \/>\n<h3><strong>2014.1<\/strong><\/h3>\n<p>C\u00c1LCULO 2 B &#8211;<\/p>\n<p>Provas: VE1, VE2, VR, VS<\/p>\n<hr \/>\n<h3><strong>2013.2<\/strong><\/h3>\n<p>C\u00c1LCULO 1 A &#8211; Turma C1<\/p>\n<p>Provas: VE1, VE2, VE3, VR<\/p>\n<p>EQUA\u00c7\u00d5ES DIFERENCIAIS &#8211; Turma D1<\/p>\n<p>Provas: VE1, VE2, VR<\/p>\n<hr \/>\n<h3><strong>2013.1<\/strong><\/h3>\n<p>C\u00c1LCULO 1 A &#8211; Turma B1<\/p>\n<p>Provas: VE1, VE2, VE3, VR, VS<\/p>\n<p>C\u00c1LCULO 1 A &#8211; Turma G1<\/p>\n<p>Provas: VE1, VE2, VE3, VR, VS<\/p>\n<hr \/>\n<h3><strong>2012.2<\/strong><\/h3>\n<p>C\u00c1LCULO 2 A<\/p>\n<p>Provas: VE1, VE2, VR, VS<\/p>\n<p>C\u00c1LCULO 3 A<\/p>\n<p>Provas: VE1, VE2, VR, VS<\/p>\n<hr \/>\n<h3><strong>2012.1<\/strong><\/h3>\n<p>C\u00c1LCULO 2 A<\/p>\n<p>Provas:VE1, VE2, VR, VS<\/p>\n<p>C\u00c1LCULO 2 C<\/p>\n<p>Provas: VE1, VE2, VR, VS<\/p>\n<hr \/>\n<h3><strong>2011.2<\/strong><\/h3>\n<p>C\u00c1LCULO 1 A<\/p>\n<p>Provas VE1 &#8211; VE2 &#8211; VE3 &#8211; VR &#8211; VS<\/p>\n<p>C\u00c1LCULO 3 A<\/p>\n<p>Provas VE1 &#8211; VE2 &#8211; VR &#8211; VS<\/p>\n<hr \/>\n<h3><strong>2011.1<\/strong><\/h3>\n<p>C\u00c1LCULO 1 A &#8211; Turma F1<\/p>\n<p>Provas: VE1 &#8211; VE2 &#8211; VE3 &#8211; VR &#8211; VS<br \/>\nC\u00c1LCULO 1 A &#8211; Turma H1<\/p>\n<p>Provas: VE1- VE2 &#8211; VE3 &#8211; VR &#8211; VS<br \/>\nVER\u00c3O 2011<\/p>\n<p>Um passeio pelo mundo secreto das curva el\u00edticas<\/p>\n<p>Aula1 &#8211; Aula2 &#8211; Aula3<\/p>\n<p>Notas sobre o curso<\/p>\n<hr \/>\n<h3><strong>2010.2<\/strong><\/h3>\n<p>C\u00c1LCULO 1 A<br \/>\nProvas: VE1 &#8211; VE2 &#8211; VE3 &#8211; VR &#8211; VS<\/p>\n<p>\u00c1LGEBRA(Mestrado)<\/p>\n<p>Lista1, Lista2, Lista3, Lista4, Lista5<\/p>\n<p>Exerc\u00edcios para entregar:<br \/>\nExerc\u00edcio1, Exerc\u00edcio2, Exerc\u00edcio3, Exerc\u00edcio4, Exerc\u00edcio5, Exerc\u00edcio6<\/p>\n<p>Prova1, Prova2, Prova 3<\/p>\n<hr \/>\n<h3><strong>2010.1<\/strong><\/h3>\n<p>C\u00c1LCULO 1 A<\/p>\n<p>C\u00c1LCULO APLICADO 1<\/p>\n<hr \/>\n<h3><strong>2009.2<\/strong><\/h3>\n<p>C\u00c1LCULO 1 A<\/p>\n<p>PR\u00c9-C\u00c1LCULO<\/p>\n","protected":false},"excerpt":{"rendered":"<p>2019.2 C\u00c1LCULO 1 A Material Did\u00e1tico (Acesso somente com email do iduff) Testes: T1 &#8211; 21\/08 Mat\u00e9ria: Fun\u00e7\u00f5es Reais de Uma Vari\u00e1vel (Lista 1: exerc\u00edcios 5, 6, 10, 12, 18, 19, 21, 25, 31, 34, 35, 36, 37, 43 e 44) T2 &#8211; 02\/09 Mat\u00e9ria: Opera\u00e7\u00f5es com Fun\u00e7\u00f5es e Transforma\u00e7\u00f5es em Gr\u00e1ficos\u00a0(Lista 2: exerc\u00edcios 2 [&hellip;]<\/p>\n","protected":false},"author":2,"featured_media":0,"parent":0,"menu_order":0,"comment_status":"closed","ping_status":"closed","template":"","meta":{"_exactmetrics_skip_tracking":false,"_exactmetrics_sitenote_active":false,"_exactmetrics_sitenote_note":"","_exactmetrics_sitenote_category":0,"footnotes":""},"categories":[],"tags":[],"class_list":["post-8","page","type-page","status-publish","hentry"],"_links":{"self":[{"href":"https:\/\/www.professores.uff.br\/rsalomao\/wp-json\/wp\/v2\/pages\/8","targetHints":{"allow":["GET"]}}],"collection":[{"href":"https:\/\/www.professores.uff.br\/rsalomao\/wp-json\/wp\/v2\/pages"}],"about":[{"href":"https:\/\/www.professores.uff.br\/rsalomao\/wp-json\/wp\/v2\/types\/page"}],"author":[{"embeddable":true,"href":"https:\/\/www.professores.uff.br\/rsalomao\/wp-json\/wp\/v2\/users\/2"}],"replies":[{"embeddable":true,"href":"https:\/\/www.professores.uff.br\/rsalomao\/wp-json\/wp\/v2\/comments?post=8"}],"version-history":[{"count":37,"href":"https:\/\/www.professores.uff.br\/rsalomao\/wp-json\/wp\/v2\/pages\/8\/revisions"}],"predecessor-version":[{"id":280,"href":"https:\/\/www.professores.uff.br\/rsalomao\/wp-json\/wp\/v2\/pages\/8\/revisions\/280"}],"wp:attachment":[{"href":"https:\/\/www.professores.uff.br\/rsalomao\/wp-json\/wp\/v2\/media?parent=8"}],"wp:term":[{"taxonomy":"category","embeddable":true,"href":"https:\/\/www.professores.uff.br\/rsalomao\/wp-json\/wp\/v2\/categories?post=8"},{"taxonomy":"post_tag","embeddable":true,"href":"https:\/\/www.professores.uff.br\/rsalomao\/wp-json\/wp\/v2\/tags?post=8"}],"curies":[{"name":"wp","href":"https:\/\/api.w.org\/{rel}","templated":true}]}}