{"id":103,"date":"2019-06-21T09:03:53","date_gmt":"2019-06-21T12:03:53","guid":{"rendered":"http:\/\/www.professores.uff.br\/samuelcampos\/?page_id=103"},"modified":"2020-08-07T21:07:46","modified_gmt":"2020-08-08T00:07:46","slug":"politica-agricola","status":"publish","type":"page","link":"https:\/\/www.professores.uff.br\/samuelcampos\/politica-agricola\/","title":{"rendered":"Pol\u00edtica Agr\u00edcola"},"content":{"rendered":"\nDisciplina Optativa do Curso de Ci\u00eancias Econ\u00f4micas de Campos da Universidade Federal Fluminense\n<p><\/p>\n<b>EMENTA:<\/b> 1. Defini\u00e7\u00f5es e distin\u00e7\u00e3o entre agropecu\u00e1ria e agroneg\u00f3cio. 2. Papel da agropecu\u00e1ria no desenvolvimento econ\u00f4mico. 3. Instrumentos de pol\u00edtica econ\u00f4mica que afetam a agropecu\u00e1ria. 4. A evolu\u00e7\u00e3o da agropecu\u00e1ria brasileira desde o ciclo do caf\u00e9 at\u00e9 2013.\n<p><\/p>\n<b>BIBLIOGRAFIA B\u00c1SICA<\/b>:  Bacha, Carlos Jos\u00e9 Caetano. <b>Economia e Pol\u00edtica Agr\u00edcola no Brasil<\/b>. Campinas: Al\u00ednea, 2018.\n<p><\/p>\n<b>SLIDES DAS AULAS <\/b><p><\/p>\n\n\n\n<p class=\"has-normal-font-size\"><a href=\"https:\/\/www.professores.uff.br\/samuelcampos\/?ddownload=105\" title=\"Download\" rel=\"nofollow\" class=\"ddownload-button button-blue id-105 ext-pdf\">Download<\/a> Plano de ensino e conte\u00fado program\u00e1tico<\/p>\n\n\n\n<p class=\"has-normal-font-size\"><a href=\"https:\/\/www.professores.uff.br\/samuelcampos\/?ddownload=107\" title=\"Download\" rel=\"nofollow\" class=\"ddownload-button button-blue id-107 ext-pdf\">Download<\/a> Aula 0 &#8211; Apresenta\u00e7\u00e3o da disciplina <\/p>\n\n\n\n<p class=\"has-normal-font-size\"><a href=\"https:\/\/www.professores.uff.br\/samuelcampos\/?ddownload=110\" title=\"Download\" rel=\"nofollow\" class=\"ddownload-button button-blue id-110 ext-pdf\">Download<\/a> Defini\u00e7\u00e3o Import\u00e2ncia da Agropecu\u00e1ria e do Agroneg\u00f3cio na Economia Brasileira <\/p>\n\n\n\n<figure class=\"wp-block-embed-youtube wp-block-embed is-type-video is-provider-youtube wp-embed-aspect-16-9 wp-has-aspect-ratio\"><div class=\"wp-block-embed__wrapper\">\n<iframe loading=\"lazy\" title=\"#1 Defini\u00e7\u00e3o de agropecu\u00e1ria e agroneg\u00f3cio\" width=\"500\" height=\"281\" src=\"https:\/\/www.youtube.com\/embed\/NXMsFefOt8Y?feature=oembed\" frameborder=\"0\" allow=\"accelerometer; autoplay; clipboard-write; encrypted-media; gyroscope; picture-in-picture; web-share\" referrerpolicy=\"strict-origin-when-cross-origin\" allowfullscreen><\/iframe>\n<\/div><\/figure>\n\n\n\n<figure class=\"wp-block-embed-youtube wp-block-embed is-type-video is-provider-youtube wp-embed-aspect-16-9 wp-has-aspect-ratio\"><div class=\"wp-block-embed__wrapper\">\n<iframe loading=\"lazy\" title=\"#2 Import\u00e2ncia da agropecu\u00e1ria e do agroneg\u00f3cio\" width=\"500\" height=\"281\" src=\"https:\/\/www.youtube.com\/embed\/HMX5Y4HQDrE?feature=oembed\" frameborder=\"0\" allow=\"accelerometer; autoplay; clipboard-write; encrypted-media; gyroscope; picture-in-picture; web-share\" referrerpolicy=\"strict-origin-when-cross-origin\" allowfullscreen><\/iframe>\n<\/div><\/figure>\n\n\n\n<p class=\"has-normal-font-size\"><a href=\"https:\/\/www.professores.uff.br\/samuelcampos\/?ddownload=112\" title=\"Download\" rel=\"nofollow\" class=\"ddownload-button button-blue id-112 ext-pdf\">Download<\/a> Papel da Agropecu\u00e1ria no Desenvolvimento Econ\u00f4mico <\/p>\n\n\n\n<figure class=\"wp-block-embed-youtube wp-block-embed is-type-video is-provider-youtube wp-embed-aspect-16-9 wp-has-aspect-ratio\"><div class=\"wp-block-embed__wrapper\">\n<iframe loading=\"lazy\" title=\"#3 Crescimento,  desenvolvimento e as mudan\u00e7as estruturais do desenvolvimento econ\u00f4mico\" width=\"500\" height=\"281\" src=\"https:\/\/www.youtube.com\/embed\/FMOzDiqTqxM?feature=oembed\" frameborder=\"0\" allow=\"accelerometer; autoplay; clipboard-write; encrypted-media; gyroscope; picture-in-picture; web-share\" referrerpolicy=\"strict-origin-when-cross-origin\" allowfullscreen><\/iframe>\n<\/div><\/figure>\n\n\n\n<figure class=\"wp-block-embed-youtube wp-block-embed is-type-video is-provider-youtube wp-embed-aspect-16-9 wp-has-aspect-ratio\"><div class=\"wp-block-embed__wrapper\">\n<iframe loading=\"lazy\" title=\"#4 Fun\u00e7\u00f5es da agropecu\u00e1ria para o desenvolvimento econ\u00f4mico\" width=\"500\" height=\"281\" src=\"https:\/\/www.youtube.com\/embed\/2DCUuVsYVH8?feature=oembed\" frameborder=\"0\" allow=\"accelerometer; autoplay; clipboard-write; encrypted-media; gyroscope; picture-in-picture; web-share\" referrerpolicy=\"strict-origin-when-cross-origin\" allowfullscreen><\/iframe>\n<\/div><\/figure>\n\n\n\n<p class=\"has-normal-font-size\"><a href=\"https:\/\/www.professores.uff.br\/samuelcampos\/?ddownload=114\" title=\"Download\" rel=\"nofollow\" class=\"ddownload-button button-blue id-114 ext-pdf\">Download<\/a> Instrumentos de Pol\u00edtica Econ\u00f4mica que Afetam a Agropecu\u00e1ria: Pol\u00edtica fiscal e monet\u00e1ria<\/p>\n\n\n\n<figure class=\"wp-block-embed-youtube wp-block-embed is-type-video is-provider-youtube wp-embed-aspect-16-9 wp-has-aspect-ratio\"><div class=\"wp-block-embed__wrapper\">\n<iframe loading=\"lazy\" title=\"#5 Pol\u00edtica Fiscal\" width=\"500\" height=\"281\" src=\"https:\/\/www.youtube.com\/embed\/QLHnGNeJghM?feature=oembed\" frameborder=\"0\" allow=\"accelerometer; autoplay; clipboard-write; encrypted-media; gyroscope; picture-in-picture; web-share\" referrerpolicy=\"strict-origin-when-cross-origin\" allowfullscreen><\/iframe>\n<\/div><\/figure>\n\n\n\n<figure class=\"wp-block-embed-youtube wp-block-embed is-type-video is-provider-youtube wp-embed-aspect-16-9 wp-has-aspect-ratio\"><div class=\"wp-block-embed__wrapper\">\n<iframe loading=\"lazy\" title=\"#6 Pol\u00edtica Monet\u00e1ria (parte 1)\" width=\"500\" height=\"281\" src=\"https:\/\/www.youtube.com\/embed\/hTXn0RH8j04?feature=oembed\" frameborder=\"0\" allow=\"accelerometer; autoplay; clipboard-write; encrypted-media; gyroscope; picture-in-picture; web-share\" referrerpolicy=\"strict-origin-when-cross-origin\" allowfullscreen><\/iframe>\n<\/div><\/figure>\n\n\n\n<figure class=\"wp-block-embed-youtube wp-block-embed is-type-video is-provider-youtube wp-embed-aspect-16-9 wp-has-aspect-ratio\"><div class=\"wp-block-embed__wrapper\">\n<iframe loading=\"lazy\" title=\"#7 Pol\u00edtica Monet\u00e1ria (parte 2)\" width=\"500\" height=\"281\" src=\"https:\/\/www.youtube.com\/embed\/7pfAeibSWPg?feature=oembed\" frameborder=\"0\" allow=\"accelerometer; autoplay; clipboard-write; encrypted-media; gyroscope; picture-in-picture; web-share\" referrerpolicy=\"strict-origin-when-cross-origin\" allowfullscreen><\/iframe>\n<\/div><\/figure>\n\n\n\n<p class=\"has-normal-font-size\"><a href=\"https:\/\/www.professores.uff.br\/samuelcampos\/?ddownload=117\" title=\"Download\" rel=\"nofollow\" class=\"ddownload-button button-blue id-117 ext-pdf\">Download<\/a> Instrumentos de Pol\u00edtica Econ\u00f4mica que Afetam a Agropecu\u00e1ria: Pol\u00edtica cambial e de rendas<\/p>\n\n\n\n<figure class=\"wp-block-embed-youtube wp-block-embed is-type-video is-provider-youtube wp-embed-aspect-16-9 wp-has-aspect-ratio\"><div class=\"wp-block-embed__wrapper\">\n<iframe loading=\"lazy\" title=\"#8 Pol\u00edtica Cambial (parte 1)\" width=\"500\" height=\"281\" src=\"https:\/\/www.youtube.com\/embed\/GS_5obn9sS8?feature=oembed\" frameborder=\"0\" allow=\"accelerometer; autoplay; clipboard-write; encrypted-media; gyroscope; picture-in-picture; web-share\" referrerpolicy=\"strict-origin-when-cross-origin\" allowfullscreen><\/iframe>\n<\/div><\/figure>\n\n\n\n<figure class=\"wp-block-embed-youtube wp-block-embed is-type-video is-provider-youtube wp-embed-aspect-16-9 wp-has-aspect-ratio\"><div class=\"wp-block-embed__wrapper\">\n<iframe loading=\"lazy\" title=\"#9 Pol\u00edtica Cambial (Parte 2)\" width=\"500\" height=\"281\" src=\"https:\/\/www.youtube.com\/embed\/WOo2MXGHfV8?feature=oembed\" frameborder=\"0\" allow=\"accelerometer; autoplay; clipboard-write; encrypted-media; gyroscope; picture-in-picture; web-share\" referrerpolicy=\"strict-origin-when-cross-origin\" allowfullscreen><\/iframe>\n<\/div><\/figure>\n\n\n\n<figure class=\"wp-block-embed-youtube wp-block-embed is-type-video is-provider-youtube wp-embed-aspect-16-9 wp-has-aspect-ratio\"><div class=\"wp-block-embed__wrapper\">\n<iframe loading=\"lazy\" title=\"#10 Pol\u00edtica de Rendas\" width=\"500\" height=\"281\" src=\"https:\/\/www.youtube.com\/embed\/rr-hAXqywZY?feature=oembed\" frameborder=\"0\" allow=\"accelerometer; autoplay; clipboard-write; encrypted-media; gyroscope; picture-in-picture; web-share\" referrerpolicy=\"strict-origin-when-cross-origin\" allowfullscreen><\/iframe>\n<\/div><\/figure>\n\n\n\n<p class=\"has-normal-font-size\"><a href=\"https:\/\/www.professores.uff.br\/samuelcampos\/?ddownload=118\" title=\"Download\" rel=\"nofollow\" class=\"ddownload-button button-blue id-118 ext-pdf\">Download<\/a> Instrumentos de Pol\u00edtica Econ\u00f4mica que Afetam a Agropecu\u00e1ria: Pol\u00edtica comercial<\/p>\n\n\n\n<figure class=\"wp-block-embed-youtube wp-block-embed is-type-video is-provider-youtube wp-embed-aspect-16-9 wp-has-aspect-ratio\"><div class=\"wp-block-embed__wrapper\">\n<iframe loading=\"lazy\" title=\"#11 Pol\u00edtica comercial\" width=\"500\" height=\"281\" src=\"https:\/\/www.youtube.com\/embed\/cxSHmAEdavk?feature=oembed\" frameborder=\"0\" allow=\"accelerometer; autoplay; clipboard-write; encrypted-media; gyroscope; picture-in-picture; web-share\" referrerpolicy=\"strict-origin-when-cross-origin\" allowfullscreen><\/iframe>\n<\/div><\/figure>\n\n\n\n<p class=\"has-normal-font-size\"><a href=\"https:\/\/www.professores.uff.br\/samuelcampos\/?ddownload=119\" title=\"Download\" rel=\"nofollow\" class=\"ddownload-button button-blue id-119 ext-pdf\">Download<\/a> Instrumentos de Pol\u00edtica Econ\u00f4mica Espec\u00edficos para a Agropecu\u00e1ria: Pol\u00edtica de cr\u00e9dito rural <\/p>\n\n\n\n<figure class=\"wp-block-embed-youtube wp-block-embed is-type-video is-provider-youtube wp-embed-aspect-16-9 wp-has-aspect-ratio\"><div class=\"wp-block-embed__wrapper\">\n<iframe loading=\"lazy\" title=\"#12 Cr\u00e9dito Rural (Parte 1)\" width=\"500\" height=\"281\" src=\"https:\/\/www.youtube.com\/embed\/0OlhvAAo_58?feature=oembed\" frameborder=\"0\" allow=\"accelerometer; autoplay; clipboard-write; encrypted-media; gyroscope; picture-in-picture; web-share\" referrerpolicy=\"strict-origin-when-cross-origin\" allowfullscreen><\/iframe>\n<\/div><\/figure>\n\n\n\n<figure class=\"wp-block-embed-youtube wp-block-embed is-type-video is-provider-youtube wp-embed-aspect-16-9 wp-has-aspect-ratio\"><div class=\"wp-block-embed__wrapper\">\n<iframe loading=\"lazy\" title=\"#13 Cr\u00e9dito Rural (Programas do BNDES e Pronaf)\" width=\"500\" height=\"281\" src=\"https:\/\/www.youtube.com\/embed\/L6y5lqCMiM4?feature=oembed\" frameborder=\"0\" allow=\"accelerometer; autoplay; clipboard-write; encrypted-media; gyroscope; picture-in-picture; web-share\" referrerpolicy=\"strict-origin-when-cross-origin\" allowfullscreen><\/iframe>\n<\/div><\/figure>\n\n\n\n<figure class=\"wp-block-embed-youtube wp-block-embed is-type-video is-provider-youtube wp-embed-aspect-16-9 wp-has-aspect-ratio\"><div class=\"wp-block-embed__wrapper\">\n<iframe loading=\"lazy\" title=\"#14 Instrumentos Privados de Financiamento do Agroneg\u00f3cio\" width=\"500\" height=\"281\" src=\"https:\/\/www.youtube.com\/embed\/njOpQ2kbcrs?feature=oembed\" frameborder=\"0\" allow=\"accelerometer; autoplay; clipboard-write; encrypted-media; gyroscope; picture-in-picture; web-share\" referrerpolicy=\"strict-origin-when-cross-origin\" allowfullscreen><\/iframe>\n<\/div><\/figure>\n\n\n\n<p class=\"has-normal-font-size\"><a href=\"https:\/\/www.professores.uff.br\/samuelcampos\/?ddownload=120\" title=\"Download\" rel=\"nofollow\" class=\"ddownload-button button-blue id-120 ext-pdf\">Download<\/a> Instrumentos de Pol\u00edtica Econ\u00f4mica Espec\u00edficos para a Agropecu\u00e1ria: Pol\u00edtica de Pre\u00e7os M\u00ednimos (PPM)<\/p>\n\n\n\n<figure class=\"wp-block-embed-youtube wp-block-embed is-type-video is-provider-youtube wp-embed-aspect-16-9 wp-has-aspect-ratio\"><div class=\"wp-block-embed__wrapper\">\n<iframe loading=\"lazy\" title=\"#15 Pol\u00edtica de pre\u00e7os m\u00ednimos (parte 1)\" width=\"500\" height=\"281\" src=\"https:\/\/www.youtube.com\/embed\/nuatkip7kWI?feature=oembed\" frameborder=\"0\" allow=\"accelerometer; autoplay; clipboard-write; encrypted-media; gyroscope; picture-in-picture; web-share\" referrerpolicy=\"strict-origin-when-cross-origin\" allowfullscreen><\/iframe>\n<\/div><\/figure>\n\n\n\n<figure class=\"wp-block-embed-youtube wp-block-embed is-type-video is-provider-youtube wp-embed-aspect-16-9 wp-has-aspect-ratio\"><div class=\"wp-block-embed__wrapper\">\n<iframe loading=\"lazy\" title=\"#16 Pol\u00edtica de Garantia de Pre\u00e7os M\u00ednimos: Instrumentos (Parte 1)\" width=\"500\" height=\"281\" src=\"https:\/\/www.youtube.com\/embed\/3y5jQEzDH7c?feature=oembed\" frameborder=\"0\" allow=\"accelerometer; autoplay; clipboard-write; encrypted-media; gyroscope; picture-in-picture; web-share\" referrerpolicy=\"strict-origin-when-cross-origin\" allowfullscreen><\/iframe>\n<\/div><\/figure>\n\n\n\n<figure class=\"wp-block-embed-youtube wp-block-embed is-type-video is-provider-youtube wp-embed-aspect-16-9 wp-has-aspect-ratio\"><div class=\"wp-block-embed__wrapper\">\n<iframe loading=\"lazy\" title=\"#17 Pol\u00edtica de Garantia de Pre\u00e7os M\u00ednimos: Instrumentos (Parte 2)\" width=\"500\" height=\"281\" src=\"https:\/\/www.youtube.com\/embed\/k6vXBUm6u4g?feature=oembed\" frameborder=\"0\" allow=\"accelerometer; autoplay; clipboard-write; encrypted-media; gyroscope; picture-in-picture; web-share\" referrerpolicy=\"strict-origin-when-cross-origin\" allowfullscreen><\/iframe>\n<\/div><\/figure>\n\n\n\n<figure class=\"wp-block-embed-youtube wp-block-embed is-type-video is-provider-youtube wp-embed-aspect-16-9 wp-has-aspect-ratio\"><div class=\"wp-block-embed__wrapper\">\n<iframe loading=\"lazy\" title=\"#18 Pol\u00edtica de Garantia de Pre\u00e7os M\u00ednimos: Instrumentos (parte 3)\" width=\"500\" height=\"281\" src=\"https:\/\/www.youtube.com\/embed\/vUpIHyMyIgk?feature=oembed\" frameborder=\"0\" allow=\"accelerometer; autoplay; clipboard-write; encrypted-media; gyroscope; picture-in-picture; web-share\" referrerpolicy=\"strict-origin-when-cross-origin\" allowfullscreen><\/iframe>\n<\/div><\/figure>\n\n\n\n<figure class=\"wp-block-embed-youtube wp-block-embed is-type-video is-provider-youtube wp-embed-aspect-16-9 wp-has-aspect-ratio\"><div class=\"wp-block-embed__wrapper\">\n<iframe loading=\"lazy\" title=\"#19  Pol\u00edtica de Garantia de Pre\u00e7os M\u00ednimos: Instrumentos (parte 4 - final)\" width=\"500\" height=\"281\" src=\"https:\/\/www.youtube.com\/embed\/sPeLBNkX260?feature=oembed\" frameborder=\"0\" allow=\"accelerometer; autoplay; clipboard-write; encrypted-media; gyroscope; picture-in-picture; web-share\" referrerpolicy=\"strict-origin-when-cross-origin\" allowfullscreen><\/iframe>\n<\/div><\/figure>\n\n\n\n<p class=\"has-normal-font-size\"><a href=\"https:\/\/www.professores.uff.br\/samuelcampos\/?ddownload=121\" title=\"Download\" rel=\"nofollow\" class=\"ddownload-button button-blue id-121 ext-pdf\">Download<\/a> Instrumentos de Pol\u00edtica Econ\u00f4mica Espec\u00edficos para a Agropecu\u00e1ria: Pol\u00edtica de Seguro Rural e Pol\u00edtica de Pesquisa e Extens\u00e3o Rural<\/p>\n\n\n\n<p class=\"has-normal-font-size\"><a href=\"https:\/\/www.professores.uff.br\/samuelcampos\/?ddownload=122\" title=\"Download\" rel=\"nofollow\" class=\"ddownload-button button-blue id-122 ext-pdf\">Download<\/a> Instrumentos de Pol\u00edtica Econ\u00f4mica Espec\u00edficos para a Agropecu\u00e1ria: Pol\u00edticas espec\u00edficas para certos produtos e insumos (Pol\u00edtica setorial do caf\u00e9 e da cana-de-a\u00e7\u00facar, do a\u00e7\u00facar e do \u00e1lcool)<\/p>\n\n\n\n<p class=\"has-normal-font-size\"><a href=\"https:\/\/www.professores.uff.br\/samuelcampos\/?ddownload=123\" title=\"Download\" rel=\"nofollow\" class=\"ddownload-button button-blue id-123 ext-pdf\">Download<\/a> Evolu\u00e7\u00e3o da estrutura fundi\u00e1ria brasileira<\/p>\n\n\n\n<p class=\"has-normal-font-size\"><a href=\"https:\/\/www.professores.uff.br\/samuelcampos\/?ddownload=124\" title=\"Download\" rel=\"nofollow\" class=\"ddownload-button button-blue id-124 ext-pdf\">Download<\/a> Avalia\u00e7\u00e3o das fun\u00e7\u00f5es da agropecu\u00e1ria no processo de desenvolvimento econ\u00f4mico desde o s\u00e9culo XIX; Evolu\u00e7\u00e3o da integra\u00e7\u00e3o entre agropecu\u00e1ria e setor industrial; Perspectivas para a evolu\u00e7\u00e3o do setor agropecu\u00e1rio.<\/p>\n","protected":false},"excerpt":{"rendered":"<p>Disciplina Optativa do Curso de Ci\u00eancias Econ\u00f4micas de Campos da Universidade Federal Fluminense EMENTA: 1. Defini\u00e7\u00f5es e distin\u00e7\u00e3o entre agropecu\u00e1ria e agroneg\u00f3cio. 2. Papel da agropecu\u00e1ria no desenvolvimento econ\u00f4mico. 3. Instrumentos de pol\u00edtica econ\u00f4mica que afetam a agropecu\u00e1ria. 4. A evolu\u00e7\u00e3o da agropecu\u00e1ria brasileira desde o ciclo do caf\u00e9 at\u00e9 2013. BIBLIOGRAFIA B\u00c1SICA: Bacha, Carlos [&hellip;]<\/p>\n","protected":false},"author":90,"featured_media":0,"parent":0,"menu_order":0,"comment_status":"closed","ping_status":"closed","template":"","meta":{"_exactmetrics_skip_tracking":false,"_exactmetrics_sitenote_active":false,"_exactmetrics_sitenote_note":"","_exactmetrics_sitenote_category":0,"footnotes":""},"categories":[],"tags":[],"class_list":["post-103","page","type-page","status-publish","hentry"],"_links":{"self":[{"href":"https:\/\/www.professores.uff.br\/samuelcampos\/wp-json\/wp\/v2\/pages\/103","targetHints":{"allow":["GET"]}}],"collection":[{"href":"https:\/\/www.professores.uff.br\/samuelcampos\/wp-json\/wp\/v2\/pages"}],"about":[{"href":"https:\/\/www.professores.uff.br\/samuelcampos\/wp-json\/wp\/v2\/types\/page"}],"author":[{"embeddable":true,"href":"https:\/\/www.professores.uff.br\/samuelcampos\/wp-json\/wp\/v2\/users\/90"}],"replies":[{"embeddable":true,"href":"https:\/\/www.professores.uff.br\/samuelcampos\/wp-json\/wp\/v2\/comments?post=103"}],"version-history":[{"count":27,"href":"https:\/\/www.professores.uff.br\/samuelcampos\/wp-json\/wp\/v2\/pages\/103\/revisions"}],"predecessor-version":[{"id":364,"href":"https:\/\/www.professores.uff.br\/samuelcampos\/wp-json\/wp\/v2\/pages\/103\/revisions\/364"}],"wp:attachment":[{"href":"https:\/\/www.professores.uff.br\/samuelcampos\/wp-json\/wp\/v2\/media?parent=103"}],"wp:term":[{"taxonomy":"category","embeddable":true,"href":"https:\/\/www.professores.uff.br\/samuelcampos\/wp-json\/wp\/v2\/categories?post=103"},{"taxonomy":"post_tag","embeddable":true,"href":"https:\/\/www.professores.uff.br\/samuelcampos\/wp-json\/wp\/v2\/tags?post=103"}],"curies":[{"name":"wp","href":"https:\/\/api.w.org\/{rel}","templated":true}]}}