{"id":230,"date":"2019-08-28T11:22:32","date_gmt":"2019-08-28T14:22:32","guid":{"rendered":"http:\/\/www.professores.uff.br\/samuelcampos\/?page_id=230"},"modified":"2019-08-28T11:26:52","modified_gmt":"2019-08-28T14:26:52","slug":"pos-graduacao-2","status":"publish","type":"page","link":"https:\/\/www.professores.uff.br\/samuelcampos\/pos-graduacao-2\/","title":{"rendered":"P\u00f3s Gradua\u00e7\u00e3o"},"content":{"rendered":"\n<p><span style=\"font-size: medium\"> Selecione o programa de P\u00f3s Gradua\u00e7\u00e3o desejado <\/span><\/p>\n<p><\/p>\n\n<div style=\"width: 50%;padding: 0 10px 0 0;float: left\">\n<p style=\"text-align: center\"><a href=\"http:\/\/www.professores.uff.br\/samuelcampos\/profinit\/\"><img decoding=\"async\" style=\"width: auto;height: 27%\" src=\"http:\/\/www.professores.uff.br\/samuelcampos\/wp-content\/uploads\/sites\/86\/2019\/08\/pensamento.jpg\"><\/a><\/p>\n\n<h5 style=\"text-align: center\"><a href=\"http:\/\/www.professores.uff.br\/samuelcampos\/profinit\/\"> Empreendedorismo em Setores Tecnol\u00f3gicos &#8211; Mestrado Proficional (PROFINIT) <\/a><\/h5>\n<\/div>\n\n<div style=\"width: 45%;padding: 0 10px 0 0;float: left\">\n<p style=\"text-align: center\"><a href=\"http:\/\/www.professores.uff.br\/samuelcampos\/gestao-da-cadeia-da-cana-de-acucar\/\"><img decoding=\"async\" style=\"width: auto;height: 27%\" src=\"http:\/\/www.professores.uff.br\/samuelcampos\/wp-content\/uploads\/sites\/86\/2019\/06\/tractor-4207234_640-1.jpg\"><\/a><\/p>\n\n<h5 style=\"text-align: center\"><a href=\"http:\/\/www.professores.uff.br\/samuelcampos\/gestao-da-cadeia-da-cana-de-acucar\/\">Gest\u00e3o da Cadeia da Cana de A\u00e7\u00facar &#8211; P\u00f3s-Gradua\u00e7\u00e3o em Tecnologia de Produ\u00e7\u00e3o e Usos da Cana-de-A\u00e7\u00facar (UFRRJ)<\/a><\/h5>\n<\/div>\n<p><\/p>\n","protected":false},"excerpt":{"rendered":"<p>Selecione o programa de P\u00f3s Gradua\u00e7\u00e3o desejado Empreendedorismo em Setores Tecnol\u00f3gicos &#8211; Mestrado Proficional (PROFINIT) Gest\u00e3o da Cadeia da Cana de A\u00e7\u00facar &#8211; P\u00f3s-Gradua\u00e7\u00e3o em Tecnologia de Produ\u00e7\u00e3o e Usos da Cana-de-A\u00e7\u00facar (UFRRJ)<\/p>\n","protected":false},"author":90,"featured_media":0,"parent":0,"menu_order":0,"comment_status":"closed","ping_status":"closed","template":"","meta":{"_exactmetrics_skip_tracking":false,"_exactmetrics_sitenote_active":false,"_exactmetrics_sitenote_note":"","_exactmetrics_sitenote_category":0,"footnotes":""},"categories":[],"tags":[],"class_list":["post-230","page","type-page","status-publish","hentry"],"_links":{"self":[{"href":"https:\/\/www.professores.uff.br\/samuelcampos\/wp-json\/wp\/v2\/pages\/230","targetHints":{"allow":["GET"]}}],"collection":[{"href":"https:\/\/www.professores.uff.br\/samuelcampos\/wp-json\/wp\/v2\/pages"}],"about":[{"href":"https:\/\/www.professores.uff.br\/samuelcampos\/wp-json\/wp\/v2\/types\/page"}],"author":[{"embeddable":true,"href":"https:\/\/www.professores.uff.br\/samuelcampos\/wp-json\/wp\/v2\/users\/90"}],"replies":[{"embeddable":true,"href":"https:\/\/www.professores.uff.br\/samuelcampos\/wp-json\/wp\/v2\/comments?post=230"}],"version-history":[{"count":32,"href":"https:\/\/www.professores.uff.br\/samuelcampos\/wp-json\/wp\/v2\/pages\/230\/revisions"}],"predecessor-version":[{"id":270,"href":"https:\/\/www.professores.uff.br\/samuelcampos\/wp-json\/wp\/v2\/pages\/230\/revisions\/270"}],"wp:attachment":[{"href":"https:\/\/www.professores.uff.br\/samuelcampos\/wp-json\/wp\/v2\/media?parent=230"}],"wp:term":[{"taxonomy":"category","embeddable":true,"href":"https:\/\/www.professores.uff.br\/samuelcampos\/wp-json\/wp\/v2\/categories?post=230"},{"taxonomy":"post_tag","embeddable":true,"href":"https:\/\/www.professores.uff.br\/samuelcampos\/wp-json\/wp\/v2\/tags?post=230"}],"curies":[{"name":"wp","href":"https:\/\/api.w.org\/{rel}","templated":true}]}}