{"id":241,"date":"2019-08-28T11:11:19","date_gmt":"2019-08-28T14:11:19","guid":{"rendered":"http:\/\/www.professores.uff.br\/samuelcampos\/?page_id=241"},"modified":"2024-11-02T22:01:50","modified_gmt":"2024-11-03T01:01:50","slug":"profinit","status":"publish","type":"page","link":"https:\/\/www.professores.uff.br\/samuelcampos\/profinit\/","title":{"rendered":"Empreendedorismo em Setores Tecnol\u00f3gicos"},"content":{"rendered":"\n<p class=\"has-normal-font-size\">Disciplina do Programa de P\u00f3s-Gradua\u00e7\u00e3o em Propriedade Intelectual e Transfer\u00eancia de Tecnologia para Inova\u00e7\u00e3o &#8211; PROFNIT<br><br><\/p>\n\n\n\n<p class=\"has-normal-font-size\"><strong>EMENTA<\/strong>: Caracter\u00edsticas do empreendedor e mitos associados. O processo do empreendedorismo. Oportunidades de neg\u00f3cio. Empreendedorismo corporativo. Empreendedorismo tecnol\u00f3gico: parques tecnol\u00f3gicos e incubadoras de empresas. Plano de neg\u00f3cio. Empreendedorismo inovador e sua depend\u00eancia de setores tecnol\u00f3gicos espec\u00edficos. Gera\u00e7\u00e3o e gest\u00e3o de neg\u00f3cios inovadores nas \u00e1reas tecnol\u00f3gicas. Sistemas de inova\u00e7\u00e3o.<\/p>\n\n\n\n<p class=\"has-normal-font-size\"><strong>Professor<\/strong>: Dr. Samuel Alex Coelho Campos <\/p>\n\n\n\n<p class=\"has-normal-font-size\"><strong>Bibliografia b\u00e1sica<\/strong><\/p>\n\n\n\n<p class=\"has-normal-font-size\">BESSANT, John; TIDD, Joe <strong>Inova\u00e7\u00e3o e empreendedorismo<\/strong>.3. ed. Porto Alegre: Bookman, 2019.<br> SEBRAE &#8211; MG. <strong>Como elaborar um plano de neg\u00f3cios<\/strong>. SEBRAE\/MG: 2018 Dispon\u00edvel em: https:\/\/www.sebraemg.com.br\/atendimento\/bibliotecadigital\/documento\/Cartilha-Manual-ou-Livro\/Como-elaborar-um-Plano-de-Negocio<\/p>\n\n\n\n<p class=\"has-normal-font-size\"><strong>Slides das aulas<\/strong><\/p>\n\n\n\n<p class=\"has-normal-font-size\"> <a href=\"https:\/\/www.professores.uff.br\/samuelcampos\/?ddownload=279\" title=\"Download\" rel=\"nofollow\" class=\"ddownload-button button-blue id-279 ext-docx\">Download<\/a>  Plano de aula e conte\u00fado program\u00e1tico<\/p>\n\n\n\n<p class=\"has-normal-font-size\"><a href=\"https:\/\/www.professores.uff.br\/samuelcampos\/?ddownload=277\" title=\"Download\" rel=\"nofollow\" class=\"ddownload-button button-blue id-277 ext-pdf\">Download<\/a>  Aula 1 &#8211; Empreendedorismo e inova\u00e7\u00e3o.  Caracter\u00edsticas do empreendedor e mitos associados. <\/p>\n\n\n\n<p class=\"has-normal-font-size\"><a href=\"https:\/\/www.professores.uff.br\/samuelcampos\/?ddownload=281\" title=\"Download\" rel=\"nofollow\" class=\"ddownload-button button-blue id-281 ext-pdf\">Download<\/a>  Aula 2 &#8211; Gest\u00e3o da Inova\u00e7\u00e3o e Empreendedorismo. Inova\u00e7\u00e3o Social. Reconhecendo oportunidades<\/p>\n\n\n\n<p class=\"has-normal-font-size\"><a href=\"https:\/\/www.professores.uff.br\/samuelcampos\/?ddownload=286\" title=\"Download\" rel=\"nofollow\" class=\"ddownload-button button-blue id-286 ext-pdf\">Download<\/a>  Aula 3 &#8211;  Reconhecendo oportunidades: fontes de inova\u00e7\u00e3o e estrat\u00e9gias de busca da inova\u00e7\u00e3o.  Encontrar recursos: construir o caso e lideran\u00e7a de equipes<\/p>\n\n\n\n<p class=\"has-normal-font-size\"><a href=\"https:\/\/www.professores.uff.br\/samuelcampos\/?ddownload=290\" title=\"Download\" rel=\"nofollow\" class=\"ddownload-button button-blue id-290 ext-pdf\">Download<\/a>  Aula 4 &#8211; Desenvolver o empreendimento: cria\u00e7\u00e3o de novos empreendimentos; desenvolver neg\u00f3cios e talentos com empreendimentos corporativos.<\/p>\n\n\n\n<p class=\"has-normal-font-size\"><a href=\"https:\/\/www.professores.uff.br\/samuelcampos\/?ddownload=294\" title=\"Download\" rel=\"nofollow\" class=\"ddownload-button button-blue id-294 ext-pdf\">Download<\/a> Aula 5 &#8211; Empreendedorismo tecnol\u00f3gico: parques tecnol\u00f3gicos e incubadoras de empresas.<\/p>\n\n\n\n<p class=\"has-normal-font-size\">\n\n<a href=\"https:\/\/www.professores.uff.br\/samuelcampos\/?ddownload=295\" title=\"Download\" rel=\"nofollow\" class=\"ddownload-button button-blue id-295 ext-pdf\">Download<\/a> Aula 6 &#8211; Plano de neg\u00f3cios\n\n<\/p>\n\n\n\n<p class=\"has-normal-font-size\">Aula 7 &#8211; <\/p>\n\n\n\n<p class=\"has-normal-font-size\"> <a href=\"https:\/\/www.professores.uff.br\/samuelcampos\/?ddownload=299\" title=\"Download\" rel=\"nofollow\" class=\"ddownload-button button-blue id-299 ext-pdf\">Download<\/a> Aula 8 &#8211; Inova\u00e7\u00e3o <\/p>\n\n\n\n<p class=\"has-normal-font-size\">Mais informa\u00e7\u00f5es dispon\u00edveis em  <br><a href=\"http:\/\/www.profnit.org.br\/pt\/disciplinas\/\">http:\/\/www.profnit.org.br<\/a><a href=\"http:\/\/www.profnit.org.br\/\">http:\/\/www.profnit.org.br\/<\/a><\/p>\n","protected":false},"excerpt":{"rendered":"<p>Disciplina do Programa de P\u00f3s-Gradua\u00e7\u00e3o em Propriedade Intelectual e Transfer\u00eancia de Tecnologia para Inova\u00e7\u00e3o &#8211; PROFNIT EMENTA: Caracter\u00edsticas do empreendedor e mitos associados. O processo do empreendedorismo. Oportunidades de neg\u00f3cio. Empreendedorismo corporativo. Empreendedorismo tecnol\u00f3gico: parques tecnol\u00f3gicos e incubadoras de empresas. Plano de neg\u00f3cio. Empreendedorismo inovador e sua depend\u00eancia de setores tecnol\u00f3gicos espec\u00edficos. Gera\u00e7\u00e3o e gest\u00e3o [&hellip;]<\/p>\n","protected":false},"author":90,"featured_media":0,"parent":0,"menu_order":0,"comment_status":"closed","ping_status":"closed","template":"","meta":{"_exactmetrics_skip_tracking":false,"_exactmetrics_sitenote_active":false,"_exactmetrics_sitenote_note":"","_exactmetrics_sitenote_category":0,"footnotes":""},"categories":[],"tags":[],"class_list":["post-241","page","type-page","status-publish","hentry"],"_links":{"self":[{"href":"https:\/\/www.professores.uff.br\/samuelcampos\/wp-json\/wp\/v2\/pages\/241","targetHints":{"allow":["GET"]}}],"collection":[{"href":"https:\/\/www.professores.uff.br\/samuelcampos\/wp-json\/wp\/v2\/pages"}],"about":[{"href":"https:\/\/www.professores.uff.br\/samuelcampos\/wp-json\/wp\/v2\/types\/page"}],"author":[{"embeddable":true,"href":"https:\/\/www.professores.uff.br\/samuelcampos\/wp-json\/wp\/v2\/users\/90"}],"replies":[{"embeddable":true,"href":"https:\/\/www.professores.uff.br\/samuelcampos\/wp-json\/wp\/v2\/comments?post=241"}],"version-history":[{"count":16,"href":"https:\/\/www.professores.uff.br\/samuelcampos\/wp-json\/wp\/v2\/pages\/241\/revisions"}],"predecessor-version":[{"id":429,"href":"https:\/\/www.professores.uff.br\/samuelcampos\/wp-json\/wp\/v2\/pages\/241\/revisions\/429"}],"wp:attachment":[{"href":"https:\/\/www.professores.uff.br\/samuelcampos\/wp-json\/wp\/v2\/media?parent=241"}],"wp:term":[{"taxonomy":"category","embeddable":true,"href":"https:\/\/www.professores.uff.br\/samuelcampos\/wp-json\/wp\/v2\/categories?post=241"},{"taxonomy":"post_tag","embeddable":true,"href":"https:\/\/www.professores.uff.br\/samuelcampos\/wp-json\/wp\/v2\/tags?post=241"}],"curies":[{"name":"wp","href":"https:\/\/api.w.org\/{rel}","templated":true}]}}