{"id":422,"date":"2024-11-02T21:52:33","date_gmt":"2024-11-03T00:52:33","guid":{"rendered":"http:\/\/www.professores.uff.br\/samuelcampos\/?page_id=422"},"modified":"2024-11-24T21:05:55","modified_gmt":"2024-11-25T00:05:55","slug":"valoracao-sistemica-de-propriedade-intelectual-e-transferencia-de-tecnologia","status":"publish","type":"page","link":"https:\/\/www.professores.uff.br\/samuelcampos\/valoracao-sistemica-de-propriedade-intelectual-e-transferencia-de-tecnologia\/","title":{"rendered":"Valora\u00e7\u00e3o Sist\u00eamica de Propriedade Intelectual e Transfer\u00eancia de Tecnologia"},"content":{"rendered":"\n<p class=\"has-normal-font-size\"> Disciplina do Programa de P\u00f3s-Gradua\u00e7\u00e3o em Propriedade Intelectual e Transfer\u00eancia de Tecnologia para Inova\u00e7\u00e3o &#8211; PROFNIT <\/p>\n\n\n\n<p class=\"has-normal-font-size\"><strong>Ementa<\/strong>: <\/p>\n\n\n\n<p class=\"has-normal-font-size\">M\u00e9todos de valora\u00e7\u00e3o, fluxo de caixa descontado (FCD), modelos de precifica\u00e7\u00e3o de  ativos financeiros (CAPM), compara\u00e7\u00e3o com produtos no mercado, custos alternativos,  regra dos 25%, op\u00e7\u00f5es reais, m\u00e9todos binomiais e Monte Carlo, pol\u00edtica \u00fanica fixa para  todos os licenciamentos, outros m\u00e9todos de valora\u00e7\u00e3o.<\/p>\n\n\n\n<p class=\"has-normal-font-size\">Aula 0 &#8211; Apresenta\u00e7\u00e3o<\/p>\n\n\n\n<p class=\"has-normal-font-size\">Aula 1 &#8211; O que \u00e9 valora\u00e7\u00e3o e m\u00e9todos. <a href=\"http:\/\/www.professores.uff.br\/samuelcampos\/wp-content\/uploads\/sites\/86\/2024\/11\/Conceitos-de-Contabilidade.pdf\">Conceitos de contabilidade<\/a><\/p>\n\n\n\n<p class=\"has-normal-font-size\">Aula 2 &#8211; M\u00e9todo de custo e mercado<\/p>\n\n\n\n<p class=\"has-normal-font-size\"><a href=\"http:\/\/www.professores.uff.br\/samuelcampos\/wp-content\/uploads\/sites\/86\/2024\/11\/Aula-3-M\u00e9todo-de-renda.pdf\">Aula 3 &#8211; M\u00e9todo de renda<\/a><\/p>\n\n\n\n<p class=\"has-normal-font-size\"><a href=\"http:\/\/www.professores.uff.br\/samuelcampos\/wp-content\/uploads\/sites\/86\/2024\/11\/Aula-4-Risk-Adjusted-Income-B.pdf\">Aula 4 &#8211; M\u00e9todo de renda ajustado pelo risco<\/a><\/p>\n\n\n\n<p class=\"has-normal-font-size\"><a href=\"http:\/\/www.professores.uff.br\/samuelcampos\/wp-content\/uploads\/sites\/86\/2024\/11\/Aula-5-Uso-da-regra-dos-25.pdf\">Aula 5 &#8211; Uso da regra de 25%<\/a><\/p>\n\n\n\n<p class=\"has-normal-font-size\"><a href=\"http:\/\/www.professores.uff.br\/samuelcampos\/wp-content\/uploads\/sites\/86\/2024\/11\/Aula-6-An\u00e1lise-de-decis\u00e3o-simula\u00e7\u00e3o.pdf\">Aula 6 &#8211; An\u00e1lise de decis\u00e3o e simula\u00e7\u00e3o<\/a><\/p>\n\n\n\n<p class=\"has-normal-font-size\"><a href=\"http:\/\/www.professores.uff.br\/samuelcampos\/wp-content\/uploads\/sites\/86\/2024\/11\/Aula-7-Op\u00e7\u00f5es-Reais.pdf\">Aula 7 &#8211; Op\u00e7\u00f5es reais<\/a><\/p>\n\n\n\n<p class=\"has-normal-font-size\"><a href=\"http:\/\/www.professores.uff.br\/samuelcampos\/wp-content\/uploads\/sites\/86\/2024\/11\/Aula-8-Op\u00e7\u00f5es-reais-e-modelo-binomial.pdf\">Aula 8 &#8211; Op\u00e7\u00f5es reais e modelo binomial<\/a><\/p>\n\n\n\n<p class=\"has-normal-font-size\"><a href=\"http:\/\/www.professores.uff.br\/samuelcampos\/wp-content\/uploads\/sites\/86\/2024\/11\/Aula-9-Simula\u00e7\u00e3o-e-Monte-Carlo.pdf\">Aula 9 &#8211; Simula\u00e7\u00e3o de Monte Carlo<\/a><\/p>\n","protected":false},"excerpt":{"rendered":"<p>Disciplina do Programa de P\u00f3s-Gradua\u00e7\u00e3o em Propriedade Intelectual e Transfer\u00eancia de Tecnologia para Inova\u00e7\u00e3o &#8211; PROFNIT Ementa: M\u00e9todos de valora\u00e7\u00e3o, fluxo de caixa descontado (FCD), modelos de precifica\u00e7\u00e3o de ativos financeiros (CAPM), compara\u00e7\u00e3o com produtos no mercado, custos alternativos, regra dos 25%, op\u00e7\u00f5es reais, m\u00e9todos binomiais e Monte Carlo, pol\u00edtica \u00fanica fixa para todos os [&hellip;]<\/p>\n","protected":false},"author":90,"featured_media":0,"parent":0,"menu_order":0,"comment_status":"closed","ping_status":"closed","template":"","meta":{"_exactmetrics_skip_tracking":false,"_exactmetrics_sitenote_active":false,"_exactmetrics_sitenote_note":"","_exactmetrics_sitenote_category":0,"footnotes":""},"categories":[],"tags":[],"class_list":["post-422","page","type-page","status-publish","hentry"],"_links":{"self":[{"href":"https:\/\/www.professores.uff.br\/samuelcampos\/wp-json\/wp\/v2\/pages\/422","targetHints":{"allow":["GET"]}}],"collection":[{"href":"https:\/\/www.professores.uff.br\/samuelcampos\/wp-json\/wp\/v2\/pages"}],"about":[{"href":"https:\/\/www.professores.uff.br\/samuelcampos\/wp-json\/wp\/v2\/types\/page"}],"author":[{"embeddable":true,"href":"https:\/\/www.professores.uff.br\/samuelcampos\/wp-json\/wp\/v2\/users\/90"}],"replies":[{"embeddable":true,"href":"https:\/\/www.professores.uff.br\/samuelcampos\/wp-json\/wp\/v2\/comments?post=422"}],"version-history":[{"count":9,"href":"https:\/\/www.professores.uff.br\/samuelcampos\/wp-json\/wp\/v2\/pages\/422\/revisions"}],"predecessor-version":[{"id":446,"href":"https:\/\/www.professores.uff.br\/samuelcampos\/wp-json\/wp\/v2\/pages\/422\/revisions\/446"}],"wp:attachment":[{"href":"https:\/\/www.professores.uff.br\/samuelcampos\/wp-json\/wp\/v2\/media?parent=422"}],"wp:term":[{"taxonomy":"category","embeddable":true,"href":"https:\/\/www.professores.uff.br\/samuelcampos\/wp-json\/wp\/v2\/categories?post=422"},{"taxonomy":"post_tag","embeddable":true,"href":"https:\/\/www.professores.uff.br\/samuelcampos\/wp-json\/wp\/v2\/tags?post=422"}],"curies":[{"name":"wp","href":"https:\/\/api.w.org\/{rel}","templated":true}]}}