{"id":466,"date":"2025-11-06T22:11:49","date_gmt":"2025-11-07T01:11:49","guid":{"rendered":"https:\/\/www.professores.uff.br\/samuelcampos\/?page_id=466"},"modified":"2025-11-06T22:17:30","modified_gmt":"2025-11-07T01:17:30","slug":"estatistica-aplicada-a-administracao","status":"publish","type":"page","link":"https:\/\/www.professores.uff.br\/samuelcampos\/estatistica-aplicada-a-administracao\/","title":{"rendered":"Estat\u00edstica Aplicada \u00e0 Administra\u00e7\u00e3o"},"content":{"rendered":"\n<p style=\"font-size:16px\"><strong>Conte\u00fado Program\u00e1tico:<\/strong> <\/p>\n\n\n\n<p style=\"font-size:16px\">Unidade 1 &#8211; Fases do m\u00e9todo estat\u00edstico; Popula\u00e7\u00e3o e Amostra. <\/p>\n\n\n\n<p style=\"font-size:16px\">Unidade 2 &#8211; Distribui\u00e7\u00f5es de Frequ\u00eancias e Representa\u00e7\u00f5es gr\u00e1ficas. <\/p>\n\n\n\n<p style=\"font-size:16px\">Unidade 3 &#8211; Medidas de posi\u00e7\u00e3o: m\u00e9dia, mediana e moda (para dados completos e resumidos em tabelas de frequ\u00eancias) e separatrizes (quartis, decis e percentis). Medidas de variabilidade: amplitude, vari\u00e2ncia, desvio padr\u00e3o, coeficiente de varia\u00e7\u00e3o (para dados completos e resumidos em tabelas de frequ\u00eancias). <\/p>\n\n\n\n<p style=\"font-size:16px\">Unidade 4 &#8211; Probabilidades: Experimento aleat\u00f3rio, Espa\u00e7o amostral, Evento, Defini\u00e7\u00e3o de Probabilidade. Probabilidades: Probabilidade condicional, regra do produto e eventos independentes. Algumas Regras B\u00e1sicas de Probabilidades. <\/p>\n\n\n\n<p style=\"font-size:16px\">Unidade 5 &#8211; Distribui\u00e7\u00f5es Amostrais: t de student, Qui-Quadrado e F. No\u00e7\u00f5es de estima\u00e7\u00e3o: Estima\u00e7\u00e3o por intervalos de confian\u00e7a; Dimensionamento de amostras. <\/p>\n\n\n\n<p style=\"font-size:16px\">Unidade 6 &#8211; Testes de hip\u00f3teses: Estrutura dos Testes de Hip\u00f3teses, Teste de Hip\u00f3tese para uma M\u00e9dia e Teste de Hip\u00f3tese para a Raz\u00e3o de duas Vari\u00e2ncias. Testes de hip\u00f3teses: Teste de Hip\u00f3tese para a Diferen\u00e7a entre M\u00e9dias<\/p>\n\n\n\n<figure class=\"wp-block-embed is-type-video is-provider-youtube wp-block-embed-youtube wp-embed-aspect-16-9 wp-has-aspect-ratio\"><div class=\"wp-block-embed__wrapper\">\n<iframe loading=\"lazy\" title=\"Distribui\u00e7\u00e3o de Bernoulli\" width=\"500\" height=\"281\" src=\"https:\/\/www.youtube.com\/embed\/-pAQSQltQiw?feature=oembed\" frameborder=\"0\" allow=\"accelerometer; autoplay; clipboard-write; encrypted-media; gyroscope; picture-in-picture; web-share\" referrerpolicy=\"strict-origin-when-cross-origin\" allowfullscreen><\/iframe>\n<\/div><\/figure>\n\n\n\n<figure class=\"wp-block-embed is-type-video is-provider-youtube wp-block-embed-youtube wp-embed-aspect-16-9 wp-has-aspect-ratio\"><div class=\"wp-block-embed__wrapper\">\n<iframe loading=\"lazy\" title=\"#5.1 Distribui\u00e7\u00e3o Binomial\" width=\"500\" height=\"281\" src=\"https:\/\/www.youtube.com\/embed\/BsNxTvNXeaE?feature=oembed\" frameborder=\"0\" allow=\"accelerometer; autoplay; clipboard-write; encrypted-media; gyroscope; picture-in-picture; web-share\" referrerpolicy=\"strict-origin-when-cross-origin\" allowfullscreen><\/iframe>\n<\/div><\/figure>\n","protected":false},"excerpt":{"rendered":"<p>Conte\u00fado Program\u00e1tico: Unidade 1 &#8211; Fases do m\u00e9todo estat\u00edstico; Popula\u00e7\u00e3o e Amostra. Unidade 2 &#8211; Distribui\u00e7\u00f5es de Frequ\u00eancias e Representa\u00e7\u00f5es gr\u00e1ficas. Unidade 3 &#8211; Medidas de posi\u00e7\u00e3o: m\u00e9dia, mediana e moda (para dados completos e resumidos em tabelas de frequ\u00eancias) e separatrizes (quartis, decis e percentis). Medidas de variabilidade: amplitude, vari\u00e2ncia, desvio padr\u00e3o, coeficiente de [&hellip;]<\/p>\n","protected":false},"author":90,"featured_media":0,"parent":0,"menu_order":0,"comment_status":"closed","ping_status":"closed","template":"","meta":{"_exactmetrics_skip_tracking":false,"_exactmetrics_sitenote_active":false,"_exactmetrics_sitenote_note":"","_exactmetrics_sitenote_category":0,"footnotes":""},"categories":[],"tags":[],"class_list":["post-466","page","type-page","status-publish","hentry"],"_links":{"self":[{"href":"https:\/\/www.professores.uff.br\/samuelcampos\/wp-json\/wp\/v2\/pages\/466","targetHints":{"allow":["GET"]}}],"collection":[{"href":"https:\/\/www.professores.uff.br\/samuelcampos\/wp-json\/wp\/v2\/pages"}],"about":[{"href":"https:\/\/www.professores.uff.br\/samuelcampos\/wp-json\/wp\/v2\/types\/page"}],"author":[{"embeddable":true,"href":"https:\/\/www.professores.uff.br\/samuelcampos\/wp-json\/wp\/v2\/users\/90"}],"replies":[{"embeddable":true,"href":"https:\/\/www.professores.uff.br\/samuelcampos\/wp-json\/wp\/v2\/comments?post=466"}],"version-history":[{"count":3,"href":"https:\/\/www.professores.uff.br\/samuelcampos\/wp-json\/wp\/v2\/pages\/466\/revisions"}],"predecessor-version":[{"id":473,"href":"https:\/\/www.professores.uff.br\/samuelcampos\/wp-json\/wp\/v2\/pages\/466\/revisions\/473"}],"wp:attachment":[{"href":"https:\/\/www.professores.uff.br\/samuelcampos\/wp-json\/wp\/v2\/media?parent=466"}],"wp:term":[{"taxonomy":"category","embeddable":true,"href":"https:\/\/www.professores.uff.br\/samuelcampos\/wp-json\/wp\/v2\/categories?post=466"},{"taxonomy":"post_tag","embeddable":true,"href":"https:\/\/www.professores.uff.br\/samuelcampos\/wp-json\/wp\/v2\/tags?post=466"}],"curies":[{"name":"wp","href":"https:\/\/api.w.org\/{rel}","templated":true}]}}