{"id":87,"date":"2019-06-12T21:07:27","date_gmt":"2019-06-13T00:07:27","guid":{"rendered":"http:\/\/www.professores.uff.br\/samuelcampos\/?page_id=87"},"modified":"2020-06-18T15:02:35","modified_gmt":"2020-06-18T18:02:35","slug":"analise-multivariada","status":"publish","type":"page","link":"https:\/\/www.professores.uff.br\/samuelcampos\/analise-multivariada\/","title":{"rendered":"An\u00e1lise Multivariada"},"content":{"rendered":"\nDisciplina Optativa do Curso de Ci\u00eancias Econ\u00f4micas de Campos da Universidade Federal Fluminense\n<p><\/p>\n<b>EMENTA:<\/b> Conceitos e caracteriza\u00e7\u00e3o da an\u00e1lise estat\u00edstica multivariada. 2. An\u00e1lise de componentes principais. 3. An\u00e1lise fatorial. 4. An\u00e1lise can\u00f4nica 5. An\u00e1lise de agrupamentos. 6. An\u00e1lise discriminante.\n<p><\/p>\n<b>MATERIAL DAS AULAS PR\u00c1TICAS NO RSTUDIO<\/b><p><\/p>\n<a href=\"https:\/\/www.professores.uff.br\/samuelcampos\/?ddownload=90\" title=\"Download\" rel=\"nofollow\" class=\"ddownload-button button-blue id-90 ext-zip\">Download<\/a> Aula 1 &#8211; An\u00e1lise de Componentes Principais <p><\/p>\n<a href=\"https:\/\/www.professores.uff.br\/samuelcampos\/?ddownload=91\" title=\"Download\" rel=\"nofollow\" class=\"ddownload-button button-blue id-91 ext-zip\">Download<\/a> Aula 2 &#8211; An\u00e1lise Fatorial  <p><\/p> \n<a href=\"https:\/\/www.professores.uff.br\/samuelcampos\/?ddownload=92\" title=\"Download\" rel=\"nofollow\" class=\"ddownload-button button-blue id-92 ext-zip\">Download<\/a> Aula 3 &#8211; An\u00e1lise can\u00f4nica  <p><\/p>\n<a href=\"https:\/\/www.professores.uff.br\/samuelcampos\/?ddownload=93\" title=\"Download\" rel=\"nofollow\" class=\"ddownload-button button-blue id-93 ext-zip\">Download<\/a> Aula 4 &#8211; An\u00e1lise de agrupamentos  <p><\/p>\n<a href=\"https:\/\/www.professores.uff.br\/samuelcampos\/?ddownload=94\" title=\"Download\" rel=\"nofollow\" class=\"ddownload-button button-blue id-94 ext-zip\">Download<\/a> Aula 5 &#8211; An\u00e1lise discriminante  <p><\/p>\nConte\u00fado do semestre deve ser acessado na Conex\u00e3o UFF, clique <a href=\"https:\/\/app.uff.br\/conexaouff\/?autenticado=true\">aqui<\/a><p><\/p>\n<b>V\u00cdDEOS DAS AULAS PR\u00c1TICAS NO RSTUDIO<\/b><p><\/p>\n\n\n\n<figure class=\"wp-block-embed-youtube wp-block-embed is-type-video is-provider-youtube wp-embed-aspect-16-9 wp-has-aspect-ratio\"><div class=\"wp-block-embed__wrapper\">\n<iframe loading=\"lazy\" title=\"#1 An\u00e1lise Multivariada no R: conceitos b\u00e1sicos\" width=\"500\" height=\"281\" src=\"https:\/\/www.youtube.com\/embed\/nFQ9QlZuNU4?feature=oembed\" frameborder=\"0\" allow=\"accelerometer; autoplay; clipboard-write; encrypted-media; gyroscope; picture-in-picture; web-share\" referrerpolicy=\"strict-origin-when-cross-origin\" allowfullscreen><\/iframe>\n<\/div><\/figure>\n\n\n\n<figure class=\"wp-block-embed-youtube wp-block-embed is-type-video is-provider-youtube wp-embed-aspect-16-9 wp-has-aspect-ratio\"><div class=\"wp-block-embed__wrapper\">\n<iframe loading=\"lazy\" title=\"#2 An\u00e1lise Multivariada no R: An\u00e1lise de Componentes Principais\" width=\"500\" height=\"281\" src=\"https:\/\/www.youtube.com\/embed\/U0x_rOOlrlg?feature=oembed\" frameborder=\"0\" allow=\"accelerometer; autoplay; clipboard-write; encrypted-media; gyroscope; picture-in-picture; web-share\" referrerpolicy=\"strict-origin-when-cross-origin\" allowfullscreen><\/iframe>\n<\/div><\/figure>\n\n\n\n<figure class=\"wp-block-embed-youtube wp-block-embed is-type-video is-provider-youtube wp-embed-aspect-16-9 wp-has-aspect-ratio\"><div class=\"wp-block-embed__wrapper\">\n<iframe loading=\"lazy\" title=\"#3 An\u00e1lise Multivariada no R: An\u00e1lise Fatorial\" width=\"500\" height=\"281\" src=\"https:\/\/www.youtube.com\/embed\/WiN0g_02AYo?feature=oembed\" frameborder=\"0\" allow=\"accelerometer; autoplay; clipboard-write; encrypted-media; gyroscope; picture-in-picture; web-share\" referrerpolicy=\"strict-origin-when-cross-origin\" allowfullscreen><\/iframe>\n<\/div><\/figure>\n\n\n\n<figure class=\"wp-block-embed-youtube wp-block-embed is-type-video is-provider-youtube wp-embed-aspect-16-9 wp-has-aspect-ratio\"><div class=\"wp-block-embed__wrapper\">\n<iframe loading=\"lazy\" title=\"#4 Analise Multivariada no RStudio: An\u00e1lise de Correla\u00e7\u00e3o Can\u00f4nica\" width=\"500\" height=\"281\" src=\"https:\/\/www.youtube.com\/embed\/IbWOQ5DSN2M?feature=oembed\" frameborder=\"0\" allow=\"accelerometer; autoplay; clipboard-write; encrypted-media; gyroscope; picture-in-picture; web-share\" referrerpolicy=\"strict-origin-when-cross-origin\" allowfullscreen><\/iframe>\n<\/div><\/figure>\n\n\n\n<figure class=\"wp-block-embed-youtube wp-block-embed is-type-video is-provider-youtube wp-embed-aspect-16-9 wp-has-aspect-ratio\"><div class=\"wp-block-embed__wrapper\">\n<iframe loading=\"lazy\" title=\"#5.1 Analise Multivariada no RStudio: An\u00e1lise de Agrupamentos (Clusters), parte 1\" width=\"500\" height=\"281\" src=\"https:\/\/www.youtube.com\/embed\/034xoVfBVzU?feature=oembed\" frameborder=\"0\" allow=\"accelerometer; autoplay; clipboard-write; encrypted-media; gyroscope; picture-in-picture; web-share\" referrerpolicy=\"strict-origin-when-cross-origin\" allowfullscreen><\/iframe>\n<\/div><\/figure>\n\n\n\n<figure class=\"wp-block-embed-youtube wp-block-embed is-type-video is-provider-youtube wp-embed-aspect-16-9 wp-has-aspect-ratio\"><div class=\"wp-block-embed__wrapper\">\n<iframe loading=\"lazy\" title=\"#5.2 Analise Multivariada no RStudio: An\u00e1lise de Agrupamentos (Clusters), parte 2\" width=\"500\" height=\"281\" src=\"https:\/\/www.youtube.com\/embed\/BLW0LXjpnek?feature=oembed\" frameborder=\"0\" allow=\"accelerometer; autoplay; clipboard-write; encrypted-media; gyroscope; picture-in-picture; web-share\" referrerpolicy=\"strict-origin-when-cross-origin\" allowfullscreen><\/iframe>\n<\/div><\/figure>\n\n\n\n<figure class=\"wp-block-embed-youtube wp-block-embed is-type-video is-provider-youtube wp-embed-aspect-16-9 wp-has-aspect-ratio\"><div class=\"wp-block-embed__wrapper\">\n<iframe loading=\"lazy\" title=\"#6 Analise Multivariada no RStudio: An\u00e1lise discriminante\" width=\"500\" height=\"281\" src=\"https:\/\/www.youtube.com\/embed\/rlZ6ROTupzk?feature=oembed\" frameborder=\"0\" allow=\"accelerometer; autoplay; clipboard-write; encrypted-media; gyroscope; picture-in-picture; web-share\" referrerpolicy=\"strict-origin-when-cross-origin\" allowfullscreen><\/iframe>\n<\/div><\/figure>\n\n\n\n<h2 class=\"wp-block-heading\"><\/h2>\n","protected":false},"excerpt":{"rendered":"<p>Disciplina Optativa do Curso de Ci\u00eancias Econ\u00f4micas de Campos da Universidade Federal Fluminense EMENTA: Conceitos e caracteriza\u00e7\u00e3o da an\u00e1lise estat\u00edstica multivariada. 2. An\u00e1lise de componentes principais. 3. An\u00e1lise fatorial. 4. An\u00e1lise can\u00f4nica 5. An\u00e1lise de agrupamentos. 6. An\u00e1lise discriminante. MATERIAL DAS AULAS PR\u00c1TICAS NO RSTUDIO Aula 1 &#8211; An\u00e1lise de Componentes Principais Aula 2 &#8211; [&hellip;]<\/p>\n","protected":false},"author":90,"featured_media":0,"parent":0,"menu_order":0,"comment_status":"closed","ping_status":"closed","template":"","meta":{"_exactmetrics_skip_tracking":false,"_exactmetrics_sitenote_active":false,"_exactmetrics_sitenote_note":"","_exactmetrics_sitenote_category":0,"footnotes":""},"categories":[],"tags":[],"class_list":["post-87","page","type-page","status-publish","hentry"],"_links":{"self":[{"href":"https:\/\/www.professores.uff.br\/samuelcampos\/wp-json\/wp\/v2\/pages\/87","targetHints":{"allow":["GET"]}}],"collection":[{"href":"https:\/\/www.professores.uff.br\/samuelcampos\/wp-json\/wp\/v2\/pages"}],"about":[{"href":"https:\/\/www.professores.uff.br\/samuelcampos\/wp-json\/wp\/v2\/types\/page"}],"author":[{"embeddable":true,"href":"https:\/\/www.professores.uff.br\/samuelcampos\/wp-json\/wp\/v2\/users\/90"}],"replies":[{"embeddable":true,"href":"https:\/\/www.professores.uff.br\/samuelcampos\/wp-json\/wp\/v2\/comments?post=87"}],"version-history":[{"count":6,"href":"https:\/\/www.professores.uff.br\/samuelcampos\/wp-json\/wp\/v2\/pages\/87\/revisions"}],"predecessor-version":[{"id":314,"href":"https:\/\/www.professores.uff.br\/samuelcampos\/wp-json\/wp\/v2\/pages\/87\/revisions\/314"}],"wp:attachment":[{"href":"https:\/\/www.professores.uff.br\/samuelcampos\/wp-json\/wp\/v2\/media?parent=87"}],"wp:term":[{"taxonomy":"category","embeddable":true,"href":"https:\/\/www.professores.uff.br\/samuelcampos\/wp-json\/wp\/v2\/categories?post=87"},{"taxonomy":"post_tag","embeddable":true,"href":"https:\/\/www.professores.uff.br\/samuelcampos\/wp-json\/wp\/v2\/tags?post=87"}],"curies":[{"name":"wp","href":"https:\/\/api.w.org\/{rel}","templated":true}]}}