{"id":139,"date":"2019-08-02T11:05:34","date_gmt":"2019-08-02T14:05:34","guid":{"rendered":"http:\/\/www.professores.uff.br\/saponga\/?page_id=139"},"modified":"2020-02-23T10:15:09","modified_gmt":"2020-02-23T13:15:09","slug":"semestre-2018-2-calculo-ii-a","status":"publish","type":"page","link":"https:\/\/www.professores.uff.br\/saponga\/semestre-2018-2-calculo-ii-a\/","title":{"rendered":"C\u00e1lculo II &#8211; A"},"content":{"rendered":"<h3><span style=\"color: #ff0000\"><strong>Turmas E1 e F1 (2020.1)<\/strong><\/span><\/h3>\n<h2><\/h2>\n<h4><span style=\"color: #ff0000\"><strong>Informa\u00e7\u00f5es importantes:<\/strong><\/span><\/h4>\n<p>Datas das provas, regras para aprova\u00e7\u00e3o, o que n\u00e3o \u00e9 permitido durante as provas, salas de aula, frequ\u00eancia, in\u00edcio do curso, etc.<\/p>\n<h2><\/h2>\n<h4><span style=\"color: #ff6600\">Hor\u00e1rio de Monitoria<\/span><\/h4>\n<p>O Hor\u00e1rio de Monitoria (Presencial) j\u00e1 est\u00e1 dispon\u00edvel na Plataforma Moodle.<\/p>\n<h2><\/h2>\n<h4><span style=\"color: #ff0000\">Resumos de Aulas:<\/span><\/h4>\n<ul>\n<li>Aula01<\/li>\n<\/ul>\n<h4><\/h4>\n<h2><\/h2>\n<h4><a href=\"https:\/\/www.dropbox.com\/sh\/e1f4hf30fl1eors\/AABJlJ-Ptnc8qh0usoLP5Lr9a?dl=0\"><span style=\"color: #339966\">Listas de exerc\u00edcios:<\/span><\/a><\/h4>\n<h2><\/h2>\n<h4><span style=\"color: #ff0000\"><strong>Textos recomendados<\/strong><\/span><\/h4>\n<p>Ler um texto sobre o t\u00f3pico abordado em sala de aula \u00e9 t\u00e3o vital quanto assistir a aula \u2026 se voc\u00ea pretende aprender !<\/p>\n<p><span style=\"color: #0000ff\">James Stewart, C\u00e1lculo, 7\u00aa edi\u00e7\u00e3o, Ed. Cengage do Brasil, 2013.<\/span><\/p>\n<p>Muitas figuras coloridas, exerc\u00edcios resolvidos, exerc\u00edcios propostos e textos muito bem escritos. \u00c9 um bom texto para nosso curso de C\u00e1lculo II-A. As duas \u00faltimas edi\u00e7\u00f5es, anteriores a essa, tamb\u00e9m seguem o mesmo padr\u00e3o de qualidade.<\/p>\n<p>Texto dos professores <a href=\"http:\/\/www.gma.uff.br\/index.php\/ensino\/programas-e-ementas\/13-informacoes-diversas-aos-alunos\/38-ca2a\"><span style=\"color: #0000ff\">Cristiane Argento e Freddy Hern\u00e1ndez.<\/span><\/a><\/p>\n<p>Texto do professor <span style=\"color: #0000ff\"><a style=\"color: #0000ff\" href=\"https:\/\/rtoscanocouto.wixsite.com\/aula\">Roberto Toscano<\/a>.<\/span><\/p>\n<h2><\/h2>\n<h4><strong><span style=\"color: #339966\">Provas 2018.2<\/span><\/strong><\/h4>\n<h4><span style=\"color: #ff00ff\">Provas de outros semestres<\/span><\/h4>\n<p>Em constru\u00e7\u00e3o &#8230;<\/p>\n","protected":false},"excerpt":{"rendered":"<p>Turmas E1 e F1 (2020.1) Informa\u00e7\u00f5es importantes: Datas das provas, regras para aprova\u00e7\u00e3o, o que n\u00e3o \u00e9 permitido durante as provas, salas de aula, frequ\u00eancia, in\u00edcio do curso, etc. Hor\u00e1rio de Monitoria O Hor\u00e1rio de Monitoria (Presencial) j\u00e1 est\u00e1 dispon\u00edvel na Plataforma Moodle. Resumos de Aulas: Aula01 Listas de exerc\u00edcios: Textos recomendados Ler um texto [&hellip;]<\/p>\n","protected":false},"author":148,"featured_media":0,"parent":0,"menu_order":0,"comment_status":"closed","ping_status":"closed","template":"","meta":{"_exactmetrics_skip_tracking":false,"_exactmetrics_sitenote_active":false,"_exactmetrics_sitenote_note":"","_exactmetrics_sitenote_category":0,"footnotes":""},"categories":[],"tags":[],"class_list":["post-139","page","type-page","status-publish","hentry"],"_links":{"self":[{"href":"https:\/\/www.professores.uff.br\/saponga\/wp-json\/wp\/v2\/pages\/139","targetHints":{"allow":["GET"]}}],"collection":[{"href":"https:\/\/www.professores.uff.br\/saponga\/wp-json\/wp\/v2\/pages"}],"about":[{"href":"https:\/\/www.professores.uff.br\/saponga\/wp-json\/wp\/v2\/types\/page"}],"author":[{"embeddable":true,"href":"https:\/\/www.professores.uff.br\/saponga\/wp-json\/wp\/v2\/users\/148"}],"replies":[{"embeddable":true,"href":"https:\/\/www.professores.uff.br\/saponga\/wp-json\/wp\/v2\/comments?post=139"}],"version-history":[{"count":77,"href":"https:\/\/www.professores.uff.br\/saponga\/wp-json\/wp\/v2\/pages\/139\/revisions"}],"predecessor-version":[{"id":463,"href":"https:\/\/www.professores.uff.br\/saponga\/wp-json\/wp\/v2\/pages\/139\/revisions\/463"}],"wp:attachment":[{"href":"https:\/\/www.professores.uff.br\/saponga\/wp-json\/wp\/v2\/media?parent=139"}],"wp:term":[{"taxonomy":"category","embeddable":true,"href":"https:\/\/www.professores.uff.br\/saponga\/wp-json\/wp\/v2\/categories?post=139"},{"taxonomy":"post_tag","embeddable":true,"href":"https:\/\/www.professores.uff.br\/saponga\/wp-json\/wp\/v2\/tags?post=139"}],"curies":[{"name":"wp","href":"https:\/\/api.w.org\/{rel}","templated":true}]}}