{"id":4,"date":"2017-09-26T09:43:12","date_gmt":"2017-09-26T12:43:12","guid":{"rendered":"http:\/\/www.professores.uff.br\/saponga\/?page_id=4"},"modified":"2020-02-23T10:01:52","modified_gmt":"2020-02-23T13:01:52","slug":"informacoes-sobre-aulas","status":"publish","type":"page","link":"https:\/\/www.professores.uff.br\/saponga\/informacoes-sobre-aulas\/","title":{"rendered":"Informa\u00e7\u00f5es sobre aulas"},"content":{"rendered":"<h3>SEMESTRE 2020.1<\/h3>\n<ul>\n<li><a href=\"http:\/\/www.professores.uff.br\/saponga\/semestre-2018-2-calculo-ii-a\/\">C\u00e1lculo II &#8211; A<\/a><\/li>\n<\/ul>\n<h3>SEMESTRE 2019.2<\/h3>\n<ul>\n<li><a href=\"http:\/\/www.professores.uff.br\/saponga\/calculo-i-a\/?preview=true\">C\u00e1lculo I &#8211; A<\/a><\/li>\n<\/ul>\n<h3>SEMESTRE 2017.1<\/h3>\n<ul>\n<li><a href=\"http:\/\/www.professores.uff.br\/saponga\/disciplina-calculo-iii-a\/\">C\u00e1lculo III &#8211; A<\/a><\/li>\n<\/ul>\n<h3>SEMESTRE 2016.1<\/h3>\n<ul>\n<li><a href=\"http:\/\/www.professores.uff.br\/saponga\/disciplina-pre-calculo\/\">Pr\u00e9 &#8211; C\u00e1lculo<\/a><\/li>\n<\/ul>\n","protected":false},"excerpt":{"rendered":"<p>SEMESTRE 2020.1 C\u00e1lculo II &#8211; A SEMESTRE 2019.2 C\u00e1lculo I &#8211; A SEMESTRE 2017.1 C\u00e1lculo III &#8211; A SEMESTRE 2016.1 Pr\u00e9 &#8211; C\u00e1lculo<\/p>\n","protected":false},"author":70,"featured_media":0,"parent":0,"menu_order":0,"comment_status":"closed","ping_status":"closed","template":"","meta":{"_exactmetrics_skip_tracking":false,"_exactmetrics_sitenote_active":false,"_exactmetrics_sitenote_note":"","_exactmetrics_sitenote_category":0,"footnotes":""},"categories":[],"tags":[],"class_list":["post-4","page","type-page","status-publish","hentry"],"_links":{"self":[{"href":"https:\/\/www.professores.uff.br\/saponga\/wp-json\/wp\/v2\/pages\/4","targetHints":{"allow":["GET"]}}],"collection":[{"href":"https:\/\/www.professores.uff.br\/saponga\/wp-json\/wp\/v2\/pages"}],"about":[{"href":"https:\/\/www.professores.uff.br\/saponga\/wp-json\/wp\/v2\/types\/page"}],"author":[{"embeddable":true,"href":"https:\/\/www.professores.uff.br\/saponga\/wp-json\/wp\/v2\/users\/70"}],"replies":[{"embeddable":true,"href":"https:\/\/www.professores.uff.br\/saponga\/wp-json\/wp\/v2\/comments?post=4"}],"version-history":[{"count":20,"href":"https:\/\/www.professores.uff.br\/saponga\/wp-json\/wp\/v2\/pages\/4\/revisions"}],"predecessor-version":[{"id":458,"href":"https:\/\/www.professores.uff.br\/saponga\/wp-json\/wp\/v2\/pages\/4\/revisions\/458"}],"wp:attachment":[{"href":"https:\/\/www.professores.uff.br\/saponga\/wp-json\/wp\/v2\/media?parent=4"}],"wp:term":[{"taxonomy":"category","embeddable":true,"href":"https:\/\/www.professores.uff.br\/saponga\/wp-json\/wp\/v2\/categories?post=4"},{"taxonomy":"post_tag","embeddable":true,"href":"https:\/\/www.professores.uff.br\/saponga\/wp-json\/wp\/v2\/tags?post=4"}],"curies":[{"name":"wp","href":"https:\/\/api.w.org\/{rel}","templated":true}]}}