{"id":40,"date":"2017-09-27T09:26:18","date_gmt":"2017-09-27T12:26:18","guid":{"rendered":"http:\/\/www.professores.uff.br\/saponga\/?page_id=40"},"modified":"2017-09-27T10:16:36","modified_gmt":"2017-09-27T13:16:36","slug":"disciplina-pre-calculo","status":"publish","type":"page","link":"https:\/\/www.professores.uff.br\/saponga\/disciplina-pre-calculo\/","title":{"rendered":"Disciplina Pr\u00e9-C\u00e1lculo"},"content":{"rendered":"<p><span style=\"color: #ff0000;\"><strong>SEMESTRE 2016.1<\/strong><\/span><\/p>\n<p><strong><span style=\"color: #008000;\">Monitoria<\/span><\/strong><\/p>\n<p style=\"padding-left: 30px;\"><strong>Alana Tavares Viana<\/strong><\/p>\n<p style=\"padding-left: 30px;\">Hor\u00e1rio de atendimento: 3as e 5as feiras, de 11:00 \u00e0s 14:00 h<br \/>\nSala IMH 506 &#8211; Campus do Gragoat\u00e1<\/p>\n<p style=\"padding-left: 30px;\"><strong>Wilson da Mota Martins de Almeida<\/strong><\/p>\n<p style=\"padding-left: 30px;\">Hor\u00e1rio de atendimento: 2as feiras, de 14:00 \u00e0s 16:00 h<br \/>\n3as e 5as feiras, de 09:00 \u00e0s 11:00 h<\/p>\n<p style=\"padding-left: 30px;\">Sala IMH 506 &#8211; Campus do Gragoat\u00e1<\/p>\n<p><span style=\"color: #008000;\"><strong>Informa\u00e7\u00f5es importantes<\/strong><\/span><\/p>\n<p style=\"padding-left: 30px;\"><span style=\"color: #333399;\">Leia com aten\u00e7\u00e3o<\/span>: Datas das provas, regras para aprova\u00e7\u00e3o, salas de aula, frequ\u00eancia, equipe de professores, in\u00edcio do curso, etc. Chamo sua aten\u00e7\u00e3o para o fato que as datas para o in\u00edcio do curso n\u00e3o s\u00e3o as mesmas para todas as turmas.<\/p>\n<p style=\"padding-left: 30px;\">Visite esta p\u00e1gina com uma certa frequ\u00eancia, pois ao longo do semestre 2016.1 eu estarei introduzindo novas informa\u00e7\u00f5es que poder\u00e3o ser interessantes para o seu desenvolvimento no curso de Pr\u00e9-C\u00e1lculo.<\/p>\n<p><span style=\"color: #008000;\"><strong>Provas 2016.1<\/strong><\/span><\/p>\n<p style=\"padding-left: 30px;\">\u00a0 \u00a0 \u00a0 \u00a0 \u00a0 \u00a0 \u00a0 \u00a0 <span style=\"color: #ff0000;\">\u00a0 \u00a0 \u00a0 \u00a0Turma A1 \u00a0 \u00a0 \u00a0 \u00a0 \u00a0 \u00a0 \u00a0 \u00a0 \u00a0 \u00a0 \u00a0 \u00a0 \u00a0 \u00a0Turma B1<\/span><br \/>\n<span style=\"color: #ff0000;\">VE 1<\/span> \u00a0 \u00a0 \u00a0 \u00a0 <a href=\"https:\/\/dl.dropboxusercontent.com\/u\/12469523\/PC2016.1\/VE1TurmaA1Prova.pdf\" target=\"_blank\" rel=\"noopener noreferrer\">Quest\u00f5es<\/a> \/ <a href=\"https:\/\/dl.dropboxusercontent.com\/u\/12469523\/PC2016.1\/VE1TurmaA1Solucoes.pdf\" target=\"_blank\" rel=\"noopener noreferrer\">Solu\u00e7\u00f5es<\/a> \u00a0 \u00a0 \u00a0 <a href=\"https:\/\/dl.dropboxusercontent.com\/u\/12469523\/PC2016.1\/VE1TurmaB1Prova.pdf\" target=\"_blank\" rel=\"noopener noreferrer\">Quest\u00f5es<\/a> \/ <a href=\"https:\/\/dl.dropboxusercontent.com\/u\/12469523\/PC2016.1\/VE1TurmaB1Solucoes.pdf\" target=\"_blank\" rel=\"noopener noreferrer\">Solu\u00e7\u00f5es<\/a><br \/>\n<span style=\"color: #ff0000;\">VE 2<\/span> \u00a0 \u00a0 \u00a0 \u00a0<a href=\"https:\/\/dl.dropboxusercontent.com\/u\/12469523\/PC2016.1\/VE2TurmaA1Prova.pdf\" target=\"_blank\" rel=\"noopener noreferrer\">Quest\u00f5es<\/a> \/ <a href=\"https:\/\/dl.dropboxusercontent.com\/u\/12469523\/PC2016.1\/VE2TurmaA1Solucoes.pdf\" target=\"_blank\" rel=\"noopener noreferrer\">Solu\u00e7\u00f5es<\/a> \u00a0 \u00a0 \u00a0 \u00a0<a href=\"https:\/\/dl.dropboxusercontent.com\/u\/12469523\/PC2016.1\/VE2TurmaB1Prova.pdf\" target=\"_blank\" rel=\"noopener noreferrer\">Quest\u00f5es<\/a> \/ <a href=\"https:\/\/dl.dropboxusercontent.com\/u\/12469523\/PC2016.1\/VE2TurmaB1Solucoes.pdf\" target=\"_blank\" rel=\"noopener noreferrer\">Solu\u00e7\u00f5es<\/a><br \/>\n<span style=\"color: #ff0000;\">VR<\/span> \u00a0 \u00a0 \u00a0 \u00a0 \u00a0 \u00a0<a href=\"https:\/\/dl.dropboxusercontent.com\/u\/12469523\/PC2016.1\/VRTurmaA1Prova.pdf\" target=\"_blank\" rel=\"noopener noreferrer\">Quest\u00f5es<\/a> \/ <a href=\"https:\/\/dl.dropboxusercontent.com\/u\/12469523\/PC2016.1\/VRTurmaA1Solucoes.pdf\" target=\"_blank\" rel=\"noopener noreferrer\">Solu\u00e7\u00f5es<\/a> \u00a0 \u00a0 \u00a0 <a href=\"https:\/\/dl.dropboxusercontent.com\/u\/12469523\/PC2016.1\/VRTurmaB1Prova.pdf\" target=\"_blank\" rel=\"noopener noreferrer\">Quest\u00f5es<\/a> \/ <a href=\"https:\/\/dl.dropboxusercontent.com\/u\/12469523\/PC2016.1\/VRTurmaB1Solucoes.pdf\" target=\"_blank\" rel=\"noopener noreferrer\">Solu\u00e7\u00f5es<\/a><br \/>\n<span style=\"color: #ff0000;\">VS<\/span> \u00a0 \u00a0 \u00a0 \u00a0 \u00a0 \u00a0<a href=\"https:\/\/dl.dropboxusercontent.com\/u\/12469523\/PC2016.1\/VSTurmaA1Prova.pdf\" target=\"_blank\" rel=\"noopener noreferrer\">Quest\u00f5es<\/a> \/ <a href=\"https:\/\/dl.dropboxusercontent.com\/u\/12469523\/PC2016.1\/VSTurmaA1Solucoes.pdf\" target=\"_blank\" rel=\"noopener noreferrer\">Solu\u00e7\u00f5es<\/a> \u00a0 \u00a0 \u00a0 \u00a0<a href=\"https:\/\/dl.dropboxusercontent.com\/u\/12469523\/PC2016.1\/VSTurmaB1Prova.pdf\" target=\"_blank\" rel=\"noopener noreferrer\">Quest\u00f5es<\/a> \/ <a href=\"https:\/\/dl.dropboxusercontent.com\/u\/12469523\/PC2016.1\/VSTurmaB1Solucoes.pdf\" target=\"_blank\" rel=\"noopener noreferrer\">Solu\u00e7\u00f5es<\/a><\/p>\n<p><strong><span style=\"color: #008000;\">Textos dispon\u00edveis<\/span><\/strong><\/p>\n<p style=\"padding-left: 30px;\"><span style=\"color: #ff0000;\">Li\u00e7\u00f5es de Matem\u00e1tica B\u00e1sica<\/span>, Prof Saponga &#8211; Vers\u00e3o 2016<\/p>\n<p style=\"padding-left: 30px;\"><a href=\"https:\/\/dl.dropboxusercontent.com\/u\/12469523\/PC2016.1\/Conversa.pdf\" target=\"_blank\" rel=\"noopener noreferrer\">Conversa ao p\u00e9 do ouvido<\/a>: Leia esse texto com aten\u00e7\u00e3o. Ele tem muito a ver com o seu futuro desempenho na disciplina de Pr\u00e9-C\u00e1lculo e em outras disciplinas de Matem\u00e1tica que voc\u00ea esteja fazendo agora, ou far\u00e1 no futuro.<\/p>\n<p style=\"padding-left: 30px;\"><a href=\"https:\/\/dl.dropboxusercontent.com\/u\/12469523\/PC2016.1\/Licao2.pdf\" target=\"_blank\" rel=\"noopener noreferrer\">Li\u00e7\u00e3o 2<\/a>: Apresentando os n\u00fameros reais<br \/>\n<a href=\"https:\/\/dl.dropboxusercontent.com\/u\/12469523\/PC2016.1\/RespostaLicao8.pdf\" target=\"_blank\" rel=\"noopener noreferrer\">Respostas dos Exerc\u00edcios Propostos na Li\u00e7\u00e3o 2<\/a><\/p>\n<p style=\"padding-left: 30px;\"><a href=\"https:\/\/dl.dropboxusercontent.com\/u\/12469523\/PC2016.1\/Licao8.pdf\" target=\"_blank\" rel=\"noopener noreferrer\">Li\u00e7\u00e3o 8<\/a>: Express\u00f5es<br \/>\n<a href=\"https:\/\/dl.dropboxusercontent.com\/u\/12469523\/PC2016.1\/RespostaLicao8.pdf\" target=\"_blank\" rel=\"noopener noreferrer\">Respostas dos Exerc\u00edcios Propostos na Li\u00e7\u00e3o 8<\/a><\/p>\n<p style=\"padding-left: 30px;\"><a href=\"https:\/\/dl.dropboxusercontent.com\/u\/12469523\/PC2016.1\/Licao9.pdf\" target=\"_blank\" rel=\"noopener noreferrer\">Li\u00e7\u00e3o 9<\/a>: Estudo de express\u00f5es simples<br \/>\n<a href=\"https:\/\/dl.dropboxusercontent.com\/u\/12469523\/PC2016.1\/RespostaLicao9.pdf\" target=\"_blank\" rel=\"noopener noreferrer\">Respostas dos Exerc\u00edcios Propostos na Li\u00e7\u00e3o 9<\/a><\/p>\n<p style=\"padding-left: 30px;\"><a href=\"https:\/\/dl.dropboxusercontent.com\/u\/12469523\/PC2016.1\/Licao10.pdf\" target=\"_blank\" rel=\"noopener noreferrer\">Li\u00e7\u00e3o 10<\/a>: Simplificando equa\u00e7\u00f5es<br \/>\n<a href=\"https:\/\/dl.dropboxusercontent.com\/u\/12469523\/PC2016.1\/RespostaLicao9.pdf\" target=\"_blank\" rel=\"noopener noreferrer\">Respostas dos Exerc\u00edcios Propostos na Li\u00e7\u00e3o 10<\/a><\/p>\n<p style=\"padding-left: 30px;\"><a href=\"https:\/\/dl.dropboxusercontent.com\/u\/12469523\/PC2016.1\/Licao11.pdf\" target=\"_blank\" rel=\"noopener noreferrer\">Li\u00e7\u00e3o 11<\/a>: Estudando o sinal de express\u00f5es<br \/>\n<a href=\"https:\/\/dl.dropboxusercontent.com\/u\/12469523\/PC2016.1\/RespostaLicao11.pdf\" target=\"_blank\" rel=\"noopener noreferrer\">Respostas dos Exerc\u00edcios Propostos na Li\u00e7\u00e3o 11<\/a><\/p>\n<p style=\"padding-left: 30px;\"><a href=\"https:\/\/dl.dropboxusercontent.com\/u\/12469523\/PC2016.1\/Licao12.pdf\" target=\"_blank\" rel=\"noopener noreferrer\">Li\u00e7\u00e3o 12<\/a>: Resolu\u00e7\u00e3o de inequa\u00e7\u00f5es<br \/>\n<a href=\"https:\/\/dl.dropboxusercontent.com\/u\/12469523\/PC2016.1\/RespostaLicao12.pdf\" target=\"_blank\" rel=\"noopener noreferrer\">Respostas dos Exerc\u00edcios Propostos na Li\u00e7\u00e3o 12<\/a><\/p>\n<p style=\"padding-left: 30px;\"><em><span style=\"color: #ff0000;\">Notas de Pr\u00e9-C\u00e1lculo<\/span><\/em>, Profa Cristiane Argento &#8211; Vers\u00e3o 2010.1<\/p>\n<p style=\"padding-left: 30px;\"><a href=\"https:\/\/dl.dropboxusercontent.com\/u\/12469523\/PC2016.1\/TextoCristiane.pdf\" target=\"_blank\" rel=\"noopener noreferrer\">Polin\u00f4mios e Fun\u00e7\u00f5es<\/a><br \/>\n<a href=\"https:\/\/dl.dropboxusercontent.com\/u\/12469523\/PC2016.1\/Polinomios.pdf\" target=\"_blank\" rel=\"noopener noreferrer\">Mais exerc\u00edcios sobre polin\u00f4mios<\/a><\/p>\n<p style=\"padding-left: 30px;\"><em><span style=\"color: #ff0000;\">Fun\u00e7\u00e3o: conceitos gerais<\/span><\/em>, Profa Marlene Fernandez &#8211; Vers\u00e3o 2010.2<\/p>\n<p style=\"padding-left: 30px;\"><a href=\"https:\/\/dl.dropboxusercontent.com\/u\/12469523\/PC2016.1\/Funcao%28Marlene%29.pdf\" target=\"_blank\" rel=\"noopener noreferrer\">Fun\u00e7\u00f5es<\/a><br \/>\n<a href=\"https:\/\/dl.dropboxusercontent.com\/u\/12469523\/PC2016.1\/Funcoes.pdf\" target=\"_blank\" rel=\"noopener noreferrer\">Mais exerc\u00edcios sobre fun\u00e7\u00f5es<\/a><\/p>\n<p style=\"padding-left: 30px;\"><span style=\"color: #ff0000;\">Fun\u00e7\u00f5es Trigonom\u00e9tricas<\/span>, Profa Marlene Fernandez e Profa Maria L\u00facia Campos &#8211; Vers\u00e3o 2015.1<\/p>\n<p style=\"padding-left: 30px;\"><a href=\"http:\/\/www.meusiteantigo.uff.br\/marlenedieguez\/images\/MB_I_2015-1_textos\/MB-1_2015-1_trigon_01_Seno_Cosseno.pdf\" target=\"_blank\" rel=\"noopener noreferrer\">Parte 1<\/a>: Fun\u00e7\u00f5es seno e cosseno<br \/>\n<a href=\"http:\/\/www.meusiteantigo.uff.br\/marlenedieguez\/images\/MB_I_2015-1_textos\/MB-1_2015-1_trigon_02_Tan_Cot_Sec_Csc.pdf\" target=\"_blank\" rel=\"noopener noreferrer\">Parte 2<\/a>: Fun\u00e7\u00f5es tangente, cotangente, secante e cossecante<br \/>\n<a href=\"http:\/\/www.meusiteantigo.uff.br\/marlenedieguez\/images\/MB_I_2015-1_textos\/MB-1_2015-1_trigon_03_Inversas.pdf\" target=\"_blank\" rel=\"noopener noreferrer\">Parte 3<\/a>: Fun\u00e7\u00f5es trigonom\u00e9tricas inversas<br \/>\n<a href=\"http:\/\/www.meusiteantigo.uff.br\/marlenedieguez\/index.php\/iniciar-aqui\/2015-03-11-14-03-58\/matematica-basica-i\/2-artigos\/15-mb-i-2015-1-textos-e-biblio\" target=\"_blank\" rel=\"noopener noreferrer\">Trigonometria em movimento<\/a><br \/>\n<a href=\"https:\/\/dl.dropboxusercontent.com\/u\/12469523\/PC2016.1\/Trigonometria.pdf\" target=\"_blank\" rel=\"noopener noreferrer\">Mais exerc\u00edcios sobre trigonometria<\/a><\/p>\n<p><span style=\"color: #008000;\"><strong>Textos suplementares<\/strong><\/span><\/p>\n<p style=\"padding-left: 30px;\">Esses textos abordam t\u00f3picos que talvez possam ser interessantes para sua melhor compreens\u00e3o e dom\u00ednio das ferramentas utilizadas nos textos listados no item <span style=\"color: #008000;\">Textos dispon\u00edveis.<\/span><\/p>\n<p style=\"padding-left: 30px;\"><em><span style=\"color: #ff0000;\">Li\u00e7\u00f5es de Matem\u00e1tica B\u00e1sica<\/span><\/em>, Prof Saponga &#8211; Vers\u00e3o 2016<\/p>\n<p style=\"padding-left: 30px;\"><a href=\"https:\/\/dl.dropboxusercontent.com\/u\/12469523\/PC2016.1\/LIcao1.pdf\" target=\"_blank\" rel=\"noopener noreferrer\">Li\u00e7\u00e3o 1<\/a>: Conjuntos<br \/>\n<a href=\"https:\/\/dl.dropboxusercontent.com\/u\/12469523\/PC2016.1\/RespostaLicao1.pdf\" target=\"_blank\" rel=\"noopener noreferrer\"><span style=\"color: #000000;\">Respostas dos Exerc\u00edcios Propostos na Li\u00e7\u00e3o 1<\/p>\n<p><\/span><\/a><\/p>\n<p><span style=\"color: #008000;\"><strong>Provas de Pr\u00e9-C\u00e1lculo aplicadas em 2015.2<\/strong><\/span><\/p>\n<p style=\"padding-left: 30px;\"><a href=\"https:\/\/dl.dropboxusercontent.com\/u\/12469523\/PC2016.1\/TurmaA1SolucoesVE1.pdf\" target=\"_blank\" rel=\"noopener noreferrer\">VE 1 &#8211; Turma A1<\/a> \u00a0 \u00a0 \u00a0 \u00a0 \u00a0<a href=\"https:\/\/dl.dropboxusercontent.com\/u\/12469523\/PC2016.1\/TurmaB1SolucoesVE1.pdf\" target=\"_blank\" rel=\"noopener noreferrer\">VE 1 &#8211; Turma B1<\/a><\/p>\n<p style=\"padding-left: 30px;\"><a href=\"https:\/\/dl.dropboxusercontent.com\/u\/12469523\/PC2016.1\/TurmaA1SolucoesVE2.pdf\" target=\"_blank\" rel=\"noopener noreferrer\">VE 2 &#8211; Turma A1 <\/a>\u00a0 \u00a0 \u00a0 \u00a0 \u00a0<a href=\"https:\/\/dl.dropboxusercontent.com\/u\/12469523\/PC2016.1\/TurmaB1SolucoesVE2.pdf\" target=\"_blank\" rel=\"noopener noreferrer\">VE 2 &#8211; Turma B1<\/a><\/p>\n<p style=\"padding-left: 30px;\"><a href=\"https:\/\/dl.dropboxusercontent.com\/u\/12469523\/PC2016.1\/TurmaA1VR.pdf\" target=\"_blank\" rel=\"noopener noreferrer\">VR &#8211; Turma A1 <\/a>\u00a0 \u00a0 \u00a0 \u00a0 \u00a0 \u00a0\u00a0<a href=\"https:\/\/dl.dropboxusercontent.com\/u\/12469523\/PC2016.1\/TurmaB1VR.pdf\" target=\"_blank\" rel=\"noopener noreferrer\">VR &#8211; Turma B1<\/a><\/p>\n<p style=\"padding-left: 30px;\"><a href=\"https:\/\/dl.dropboxusercontent.com\/u\/12469523\/PC2016.1\/TurmaA1VS.pdf\" target=\"_blank\" rel=\"noopener noreferrer\">VS &#8211; Turma A1 <\/a>\u00a0 \u00a0 \u00a0 \u00a0 \u00a0 \u00a0 \u00a0<a href=\"https:\/\/dl.dropboxusercontent.com\/u\/12469523\/PC2016.1\/TurmaB1VS.pdf\" target=\"_blank\" rel=\"noopener noreferrer\">VS &#8211; Turma B1<\/a><\/p>\n<p><span style=\"color: #008000;\"><strong>Bibliografia Suplementar<\/strong><\/span><\/p>\n<p style=\"padding-left: 30px;\"><span style=\"color: #ff0000;\"><em>Voc\u00ea pode obter informa\u00e7\u00f5es sobre os textos abaixo, na internet.<\/em><\/span><\/p>\n<p style=\"padding-left: 30px;\">T. Apostol, Irrationality of the square root of two &#8211; A geometric proof, The American Mathematical Monthly 107, No 9 (2000), 841&#8211;842.<\/p>\n<p style=\"padding-left: 30px;\">T. Apostol, Calculus, vol 1, Ed John Wiley &amp; Sons, 1967.<\/p>\n<p style=\"padding-left: 30px;\">R.B. Nelsen, Proofs Without Words I, The Mathematical Association of America, 1993.<\/p>\n<p style=\"padding-left: 30px;\">R.B. Nelsen, Proofs Without Words II, The Mathematical Association of America, 2000.<\/p>\n<p style=\"padding-left: 30px;\">D.G. de Figueiredo, N\u00fameros Irracionais e Transcendentes, Cole\u00e7\u00e3o Inicia\u00e7\u00e3o Cient\u00edfica, SBM, 2000.<\/p>\n<p style=\"padding-left: 30px;\">G.S. Mozer, Para que servem os n\u00fameros irracionais? Manifesta\u00e7\u00f5es em Aritm\u00e9tica, Combinat\u00f3ria e Geometria, Disserta\u00e7\u00e3o de Mestrado, PROFMAT-UFF, 2013.<\/p>\n<p style=\"padding-left: 30px;\">H. Eves, Introdu\u00e7\u00e3o \u00e0 Hist\u00f3ria da Matem\u00e1tica, Editora da UNICAMP, 1997.<\/p>\n<p style=\"padding-left: 30px;\">E.L. Lima, A Matem\u00e1tica do Ensino M\u00e9dio, vol 1, Cole\u00e7\u00e3o do Professor de Matem\u00e1tica, SBM, 2006.<\/p>\n<p style=\"padding-left: 30px;\">E.L. Lima, An\u00e1lise Real, Cole\u00e7\u00e3o Matem\u00e1tica Universit\u00e1ria, IMPA, 1993.<\/p>\n<p style=\"padding-left: 30px;\">G. \u00c1vila, An\u00e1lise Matem\u00e1tica para Licenciatura, Editora Edgard Blucher Ltda, 2001.<\/p>\n<p style=\"padding-left: 30px;\">G. \u00c1vila, Introdu\u00e7\u00e3o \u00e0s fun\u00e7\u00f5es e \u00e0 derivada, Editora Atual, 1997.<\/p>\n<p style=\"padding-left: 30px;\">W. Rudin, Princ\u00edpios de An\u00e1lise Matem\u00e1tica, Ed. UnB e Ed. Ao Livro T\u00e9cnico, 1971.<\/p>\n","protected":false},"excerpt":{"rendered":"<p>SEMESTRE 2016.1 Monitoria Alana Tavares Viana Hor\u00e1rio de atendimento: 3as e 5as feiras, de 11:00 \u00e0s 14:00 h Sala IMH 506 &#8211; Campus do Gragoat\u00e1 Wilson da Mota Martins de Almeida Hor\u00e1rio de atendimento: 2as feiras, de 14:00 \u00e0s 16:00 h 3as e 5as feiras, de 09:00 \u00e0s 11:00 h Sala IMH 506 &#8211; Campus [&hellip;]<\/p>\n","protected":false},"author":70,"featured_media":0,"parent":0,"menu_order":0,"comment_status":"closed","ping_status":"closed","template":"","meta":{"_exactmetrics_skip_tracking":false,"_exactmetrics_sitenote_active":false,"_exactmetrics_sitenote_note":"","_exactmetrics_sitenote_category":0,"footnotes":""},"categories":[],"tags":[],"class_list":["post-40","page","type-page","status-publish","hentry"],"_links":{"self":[{"href":"https:\/\/www.professores.uff.br\/saponga\/wp-json\/wp\/v2\/pages\/40","targetHints":{"allow":["GET"]}}],"collection":[{"href":"https:\/\/www.professores.uff.br\/saponga\/wp-json\/wp\/v2\/pages"}],"about":[{"href":"https:\/\/www.professores.uff.br\/saponga\/wp-json\/wp\/v2\/types\/page"}],"author":[{"embeddable":true,"href":"https:\/\/www.professores.uff.br\/saponga\/wp-json\/wp\/v2\/users\/70"}],"replies":[{"embeddable":true,"href":"https:\/\/www.professores.uff.br\/saponga\/wp-json\/wp\/v2\/comments?post=40"}],"version-history":[{"count":4,"href":"https:\/\/www.professores.uff.br\/saponga\/wp-json\/wp\/v2\/pages\/40\/revisions"}],"predecessor-version":[{"id":45,"href":"https:\/\/www.professores.uff.br\/saponga\/wp-json\/wp\/v2\/pages\/40\/revisions\/45"}],"wp:attachment":[{"href":"https:\/\/www.professores.uff.br\/saponga\/wp-json\/wp\/v2\/media?parent=40"}],"wp:term":[{"taxonomy":"category","embeddable":true,"href":"https:\/\/www.professores.uff.br\/saponga\/wp-json\/wp\/v2\/categories?post=40"},{"taxonomy":"post_tag","embeddable":true,"href":"https:\/\/www.professores.uff.br\/saponga\/wp-json\/wp\/v2\/tags?post=40"}],"curies":[{"name":"wp","href":"https:\/\/api.w.org\/{rel}","templated":true}]}}