{"id":417,"date":"2019-08-04T10:23:51","date_gmt":"2019-08-04T13:23:51","guid":{"rendered":"http:\/\/www.professores.uff.br\/saponga\/?page_id=417"},"modified":"2019-08-23T13:00:41","modified_gmt":"2019-08-23T16:00:41","slug":"calculo-i-a","status":"publish","type":"page","link":"https:\/\/www.professores.uff.br\/saponga\/calculo-i-a\/","title":{"rendered":"Disciplina C\u00e1lculo I &#8211; A"},"content":{"rendered":"\n<h3 class=\"wp-block-heading\"><strong>SEMESTRE 2019.2: Turma B1<\/strong><\/h3>\n\n\n\n<h4 class=\"wp-block-heading\"><strong><a href=\"https:\/\/www.dropbox.com\/s\/8zb3h7suhekkp7l\/AvisosDiasProvas.pdf?dl=0https:\/\/www.dropbox.com\/s\/8zb3h7suhekkp7l\/AvisosDiasProvas.pdf?dl=0\">Informa\u00e7\u00f5es importantes<\/a><\/strong><\/h4>\n\n\n\n<p>In\u00edcio do curso, datas das provas, regras para aprova\u00e7\u00e3o,&nbsp;salas de aula, frequ\u00eancia, o que n\u00e3o \u00e9 permitido durante as provas,&nbsp; etc.<\/p>\n\n\n\n<h4 class=\"wp-block-heading\">Monitoria<\/h4>\n\n\n\n<p>Hor\u00e1rio de Monitoria (Presencial).<\/p>\n\n\n\n<p><\/p>\n\n\n\n<h4 class=\"wp-block-heading\"><a href=\"https:\/\/www.dropbox.com\/sh\/sjec53ypim4kezm\/AAAp7G48DpmWDWXNXVRH5yJfa?dl=0\">Listas de exerc\u00edcios<\/a><\/h4>\n\n\n\n<p><\/p>\n\n\n\n<h4 class=\"wp-block-heading\">Provas de semestres passados<\/h4>\n\n\n\n<p><\/p>\n\n\n\n<h4 class=\"wp-block-heading\"><strong>Textos recomendados<\/strong><\/h4>\n\n\n\n<p>Ler um texto sobre o t\u00f3pico abordado em sala de aula \u00e9 t\u00e3o vital quanto assistir a aula \u2026 se voc\u00ea pretende aprender !<\/p>\n\n\n\n<p>James Stewart, C\u00e1lculo, 7\u00aa edi\u00e7\u00e3o, Ed. Cengage do Brasil, 2013.<\/p>\n\n\n\n<p>Muitas figuras coloridas, exerc\u00edcios resolvidos, exerc\u00edcios propostos e textos bem escritos. \u00c9 um bom texto para nosso curso de C\u00e1lculo II-A. As duas \u00faltimas edi\u00e7\u00f5es, anteriores a essa, tamb\u00e9m seguem o mesmo padr\u00e3o de qualidade.<\/p>\n","protected":false},"excerpt":{"rendered":"<p>SEMESTRE 2019.2: Turma B1 Informa\u00e7\u00f5es importantes In\u00edcio do curso, datas das provas, regras para aprova\u00e7\u00e3o,&nbsp;salas de aula, frequ\u00eancia, o que n\u00e3o \u00e9 permitido durante as provas,&nbsp; etc. Monitoria Hor\u00e1rio de Monitoria (Presencial). Listas de exerc\u00edcios Provas de semestres passados Textos recomendados Ler um texto sobre o t\u00f3pico abordado em sala de aula \u00e9 t\u00e3o vital [&hellip;]<\/p>\n","protected":false},"author":148,"featured_media":0,"parent":0,"menu_order":0,"comment_status":"closed","ping_status":"closed","template":"","meta":{"_exactmetrics_skip_tracking":false,"_exactmetrics_sitenote_active":false,"_exactmetrics_sitenote_note":"","_exactmetrics_sitenote_category":0,"footnotes":""},"categories":[],"tags":[],"class_list":["post-417","page","type-page","status-publish","hentry"],"_links":{"self":[{"href":"https:\/\/www.professores.uff.br\/saponga\/wp-json\/wp\/v2\/pages\/417","targetHints":{"allow":["GET"]}}],"collection":[{"href":"https:\/\/www.professores.uff.br\/saponga\/wp-json\/wp\/v2\/pages"}],"about":[{"href":"https:\/\/www.professores.uff.br\/saponga\/wp-json\/wp\/v2\/types\/page"}],"author":[{"embeddable":true,"href":"https:\/\/www.professores.uff.br\/saponga\/wp-json\/wp\/v2\/users\/148"}],"replies":[{"embeddable":true,"href":"https:\/\/www.professores.uff.br\/saponga\/wp-json\/wp\/v2\/comments?post=417"}],"version-history":[{"count":4,"href":"https:\/\/www.professores.uff.br\/saponga\/wp-json\/wp\/v2\/pages\/417\/revisions"}],"predecessor-version":[{"id":439,"href":"https:\/\/www.professores.uff.br\/saponga\/wp-json\/wp\/v2\/pages\/417\/revisions\/439"}],"wp:attachment":[{"href":"https:\/\/www.professores.uff.br\/saponga\/wp-json\/wp\/v2\/media?parent=417"}],"wp:term":[{"taxonomy":"category","embeddable":true,"href":"https:\/\/www.professores.uff.br\/saponga\/wp-json\/wp\/v2\/categories?post=417"},{"taxonomy":"post_tag","embeddable":true,"href":"https:\/\/www.professores.uff.br\/saponga\/wp-json\/wp\/v2\/tags?post=417"}],"curies":[{"name":"wp","href":"https:\/\/api.w.org\/{rel}","templated":true}]}}