{"id":7,"date":"2017-09-26T09:51:56","date_gmt":"2017-09-26T12:51:56","guid":{"rendered":"http:\/\/www.professores.uff.br\/saponga\/?page_id=7"},"modified":"2019-06-02T15:26:05","modified_gmt":"2019-06-02T18:26:05","slug":"pesquisa","status":"publish","type":"page","link":"https:\/\/www.professores.uff.br\/saponga\/pesquisa\/","title":{"rendered":"Pesquisa"},"content":{"rendered":"<h3>Artigos cient\u00edficos<\/h3>\n<p><strong><span style=\"color: #ff0000\">Em Din\u00e2mica Topol\u00f3gica<\/span><\/strong><\/p>\n<p style=\"padding-left: 30px\">S. Firmo and J. Rib\u00f3n, <em>Global fixed points for nilpotent actions on the torus\u00a0<\/em>(2019). <\/p>\n<p style=\"padding-left: 30px\">Aceito para publica\u00e7\u00e3o em <em>Ergodic Theory and Dynamical Systems.<\/em><\/p>\n<p style=\"padding-left: 30px\">Qualis CAPES (2017): A1<\/p>\n<p style=\"padding-left: 30px\">S. Firmo, P. Le Calvez and J. Rib\u00f3n, <em>Fixed points for nilpotent actions on<\/em> R2 (2018).<\/p>\n<p style=\"padding-left: 30px\">Aceito para publica\u00e7\u00e3o em <em>Ast\u00e9risque<\/em> (volume em homenagem a Jean-Christophe Yoccoz).<\/p>\n<p style=\"padding-left: 30px\">Qualis CAPES (2017): A1<\/p>\n<p style=\"padding-left: 30px\">S. Firmo and J. Rib\u00f3n, <em>Finite orbits for nilpotent actions on the torus<\/em>, Proc. AMS, vol 146 (2017), 195-208.<\/p>\n<p style=\"padding-left: 30px\">Qualis CAPES (2016): A2<\/p>\n<p style=\"padding-left: 30px\">S. Firmo, J. Rib\u00f3n and J. Velasco, <em>Fixed points for nilpotent actions on the plane and the Cartwright-Littlewood theorem<\/em>, Mathematische Zeitschrift, v. 279 &#8211; Issue 3 (2015), 849-877.<\/p>\n<p style=\"padding-left: 30px\">Qualis CAPES (2014): A1<\/p>\n<p style=\"padding-left: 30px\">F. B\u00e9guin, P. Le Calvez, S. Firmo and T. Miernowski, <em>Des points fixes communs pour des diff\u00e9omorphismes qui commutent et pr\u00e9servent une mesure de probabilit\u00e9<\/em>, Journal of the Institute of Mathematics of Jussieu, v. 12 (2013), 1-31.<\/p>\n<p style=\"padding-left: 30px\">Qualis CAPES (2013): A2<\/p>\n<p style=\"padding-left: 30px\">S. Firmo, <em>Localisation des points fixes communs pour des diff\u00e9omorphismes commutants du plan<\/em>, Bulletin of the Brazilian Mathematical Society, New Series, v.42 (2011), 373-397.<\/p>\n<p style=\"padding-left: 30px\">Qualis CAPES (2014): A2<\/p>\n<p style=\"padding-left: 30px\">S. Firmo, <em>A note on commuting diffeomorphisms on surfaces<\/em>, Nonlinearity, v. 18 (2005), 1511-1526<\/p>\n<p style=\"padding-left: 30px\">Qualis CAPES (2014): A2<\/p>\n<p style=\"padding-left: 30px\">S. Druck, F. Fang and S. Firmo, <em>Fixed points of discrete nilpotent group actions on S2<\/em>, Annales de l&#8217;Institut Fourier, v. 52 (2002), 1075-1091.<\/p>\n<p style=\"padding-left: 30px\">Qualis CAPES (2014): A1<\/p>\n<p><span style=\"color: #ff0000\"><strong>Em Din\u00e2mica Unidimensional<\/strong><\/span><\/p>\n<p style=\"padding-left: 30px\">S. Firmo, <em>Real contractions and C1-conjugations<\/em>, Journal of Differential Equations, v. 74 (1988), 1-10.<\/p>\n<p style=\"padding-left: 30px\">Qualis CAPES (2014): A1<\/p>\n<p><strong><span style=\"color: #ff0000\">Em Estruturas de Contato<\/span><\/strong><\/p>\n<p style=\"padding-left: 30px\">V. Colin and S. Firmo, <em>Paires des structures de contact sur les vari\u00e9t\u00e9s de dimension trois<\/em>, Algebraic and Geometric Topology, v. 11 (2011), 2627-2653.<\/p>\n<p style=\"padding-left: 30px\">Qualis CAPES (2013): B1<\/p>\n<p><strong><span style=\"color: #ff0000\">Em Teoria das Folhea\u00e7\u00f5es<\/span><\/strong><\/p>\n<p style=\"padding-left: 30px\">S. Firmo and P. Andrade, <em>Foliations with are limits of fibrations<\/em>, Topology and its Applications, v. 130 (2003), 205-219.<\/p>\n<p style=\"padding-left: 30px\">Qualis CAPES (2014): B2<\/p>\n<p style=\"padding-left: 30px\">S. Druck and S. Firmo, <em>Periodic leaves for diffeomorphisms preserving codimension one foliations<\/em>, Journal of the Mathematical Society of Japan, v. 55 (2003), 13-37.<\/p>\n<p style=\"padding-left: 30px\">Qualis CAPES (2012): A2<\/p>\n<p style=\"padding-left: 30px\">S. Firmo and A. Sarmiento, <em>Codimension one foliations without unstable compact leaves<\/em>, Topology and its Applications, v. 81 (1997), 247-267.<\/p>\n<p style=\"padding-left: 30px\">Qualis CAPES (2014): B2<\/p>\n<p style=\"padding-left: 30px\">C. Bonatti and S. Firmo, <em>Feuilles compactes d&#8217;un feuilletage g\u00e9nerique en codimension un<\/em>, Annales Scientifiques de l&#8217;\u00c9cole Normale Sup\u00e9rieure, t. 27 (1994), 407-462.<\/p>\n<p style=\"padding-left: 30px\">Qualis CAPES (2014): A1<\/p>\n<p style=\"padding-left: 30px\">S. Druck and S. Firmo, <em>Stability of compact leaves close to invariant fibered manifolds<\/em>, Journal of the Faculty of Science &#8211; University of Tokyo, v. 40 (1993), 285-306.<\/p>\n<p style=\"padding-left: 30px\">Qualis CAPES (2014): B3<\/p>\n<p style=\"padding-left: 30px\">S. Druck and S. Firmo, <em>Fixed points of maps preserving perturbations of fibrations<\/em>, Topology and its Applications, v. 37 (1990), 275-283.<\/p>\n<p style=\"padding-left: 30px\">Qualis CAPES (2014): B2<\/p>\n<p style=\"padding-left: 30px\">S. Firmo, <em>Estabilidade de caminhos de folhea\u00e7\u00f5es de codimens\u00e3o um em 3-variedades<\/em>, Tese de Doutorado, Departamento de Matem\u00e1tica, PUC-Rio, 1985.<\/p>\n\n\n<p><\/p>\n","protected":false},"excerpt":{"rendered":"<p>Artigos cient\u00edficos Em Din\u00e2mica Topol\u00f3gica S. Firmo and J. Rib\u00f3n, Global fixed points for nilpotent actions on the torus\u00a0(2019). Aceito para publica\u00e7\u00e3o em Ergodic Theory and Dynamical Systems. Qualis CAPES (2017): A1 S. Firmo, P. Le Calvez and J. Rib\u00f3n, Fixed points for nilpotent actions on R2 (2018). Aceito para publica\u00e7\u00e3o em Ast\u00e9risque (volume em [&hellip;]<\/p>\n","protected":false},"author":70,"featured_media":0,"parent":0,"menu_order":0,"comment_status":"closed","ping_status":"closed","template":"","meta":{"_exactmetrics_skip_tracking":false,"_exactmetrics_sitenote_active":false,"_exactmetrics_sitenote_note":"","_exactmetrics_sitenote_category":0,"footnotes":""},"categories":[],"tags":[],"class_list":["post-7","page","type-page","status-publish","hentry"],"_links":{"self":[{"href":"https:\/\/www.professores.uff.br\/saponga\/wp-json\/wp\/v2\/pages\/7","targetHints":{"allow":["GET"]}}],"collection":[{"href":"https:\/\/www.professores.uff.br\/saponga\/wp-json\/wp\/v2\/pages"}],"about":[{"href":"https:\/\/www.professores.uff.br\/saponga\/wp-json\/wp\/v2\/types\/page"}],"author":[{"embeddable":true,"href":"https:\/\/www.professores.uff.br\/saponga\/wp-json\/wp\/v2\/users\/70"}],"replies":[{"embeddable":true,"href":"https:\/\/www.professores.uff.br\/saponga\/wp-json\/wp\/v2\/comments?post=7"}],"version-history":[{"count":7,"href":"https:\/\/www.professores.uff.br\/saponga\/wp-json\/wp\/v2\/pages\/7\/revisions"}],"predecessor-version":[{"id":353,"href":"https:\/\/www.professores.uff.br\/saponga\/wp-json\/wp\/v2\/pages\/7\/revisions\/353"}],"wp:attachment":[{"href":"https:\/\/www.professores.uff.br\/saponga\/wp-json\/wp\/v2\/media?parent=7"}],"wp:term":[{"taxonomy":"category","embeddable":true,"href":"https:\/\/www.professores.uff.br\/saponga\/wp-json\/wp\/v2\/categories?post=7"},{"taxonomy":"post_tag","embeddable":true,"href":"https:\/\/www.professores.uff.br\/saponga\/wp-json\/wp\/v2\/tags?post=7"}],"curies":[{"name":"wp","href":"https:\/\/api.w.org\/{rel}","templated":true}]}}