{"id":247,"date":"2024-12-07T18:01:27","date_gmt":"2024-12-07T21:01:27","guid":{"rendered":"http:\/\/www.professores.uff.br\/sdantas\/?page_id=247"},"modified":"2024-12-19T00:56:29","modified_gmt":"2024-12-19T03:56:29","slug":"messages","status":"publish","type":"page","link":"https:\/\/www.professores.uff.br\/sdantas\/messages\/","title":{"rendered":"Messages"},"content":{"rendered":"\n<div class=\"wp-block-media-text alignwide\"><figure class=\"wp-block-media-text__media\"><img loading=\"lazy\" decoding=\"async\" width=\"640\" height=\"480\" src=\"https:\/\/www.professores.uff.br\/sdantas\/wp-content\/uploads\/sites\/13\/2024\/12\/Final_5.jpg\" alt=\"\" class=\"wp-image-300\" srcset=\"https:\/\/www.professores.uff.br\/sdantas\/wp-content\/uploads\/sites\/13\/2024\/12\/Final_5.jpg 640w, https:\/\/www.professores.uff.br\/sdantas\/wp-content\/uploads\/sites\/13\/2024\/12\/Final_5-300x225.jpg 300w, https:\/\/www.professores.uff.br\/sdantas\/wp-content\/uploads\/sites\/13\/2024\/12\/Final_5-160x120.jpg 160w\" sizes=\"auto, (max-width: 640px) 100vw, 640px\" \/><\/figure><div class=\"wp-block-media-text__content\">\n<p><em>Simone,<\/em><\/p>\n\n\n\n<p><em>Guardo no cora\u00e7\u00e3o este momento t\u00e3o especial dos 5 anos do MDA em que comemoramos os 50 anos de Sylvain l\u00e1 na Adolpho Bloch. Muito obrigada pela oportunidade e pela parceria sempre. Feliz Anivers\u00e1rio, curta os 50 com amor e paix\u00e3o.&nbsp;<\/em><\/p>\n\n\n\n<p><em>Um grande beijo,<\/em><\/p>\n\n\n\n<p><em>Telma Par\u00e1<\/em><\/p>\n<\/div><\/div>\n\n\n\n<br><\/br>\n\n\n\n<div class=\"wp-block-image is-style-default\"><figure class=\"aligncenter size-large is-resized\"><img decoding=\"async\" src=\"https:\/\/www.professores.uff.br\/sdantas\/wp-content\/uploads\/sites\/13\/2024\/12\/photo_5095886789155073384_m.jpg\" alt=\"\" class=\"wp-image-439\" width=\"230\" \/><\/figure><\/div>\n\n\n\n<div class=\"wp-block-media-text alignwide\" style=\"grid-template-columns:51% auto\"><figure class=\"wp-block-media-text__media\"><img loading=\"lazy\" decoding=\"async\" width=\"313\" height=\"313\" src=\"https:\/\/www.professores.uff.br\/sdantas\/wp-content\/uploads\/sites\/13\/2024\/12\/Buqu\u00ea-de-flores.png\" alt=\"\" class=\"wp-image-303\" srcset=\"https:\/\/www.professores.uff.br\/sdantas\/wp-content\/uploads\/sites\/13\/2024\/12\/Buqu\u00ea-de-flores.png 313w, https:\/\/www.professores.uff.br\/sdantas\/wp-content\/uploads\/sites\/13\/2024\/12\/Buqu\u00ea-de-flores-300x300.png 300w, https:\/\/www.professores.uff.br\/sdantas\/wp-content\/uploads\/sites\/13\/2024\/12\/Buqu\u00ea-de-flores-150x150.png 150w\" sizes=\"auto, (max-width: 313px) 100vw, 313px\" \/><\/figure><div class=\"wp-block-media-text__content\">\n<p><em>Simone, para al\u00e9m da orienta\u00e7\u00e3o, queria agradecer por todo apoio e incentivo que voc\u00ea sempre me deu. Como professora, voc\u00ea me proporcionou e me guiou em uma das experi\u00eancias mais bonitas da minha vida acad\u00eamica e que vou guardar pro resto da vida. Muito obrigada por toda preocupa\u00e7\u00e3o nos momentos em que eu achava que n\u00e3o era capaz. Um feliz anivers\u00e1rio e um abra\u00e7o super apertado!<\/em><\/p>\n\n\n\n<p><em>Beijos,<\/em><\/p>\n\n\n\n<p><em>Luisa Frickes<\/em><\/p>\n<\/div><\/div>\n\n\n\n<br><\/br>\n\n\n\n<div class=\"wp-block-image is-style-default\"><figure class=\"aligncenter size-large is-resized\"><img decoding=\"async\" src=\"https:\/\/www.professores.uff.br\/sdantas\/wp-content\/uploads\/sites\/13\/2024\/12\/photo_5095886789155073384_m-1.jpg\" alt=\"\" class=\"wp-image-441\" width=\"230\" \/><\/figure><\/div>\n\n\n\n<div class=\"wp-block-media-text alignwide\" style=\"grid-template-columns:55% auto\"><figure class=\"wp-block-media-text__media\"><img loading=\"lazy\" decoding=\"async\" width=\"491\" height=\"274\" src=\"https:\/\/www.professores.uff.br\/sdantas\/wp-content\/uploads\/sites\/13\/2024\/12\/Campus-Gragoat\u00e1.png\" alt=\"\" class=\"wp-image-306\" srcset=\"https:\/\/www.professores.uff.br\/sdantas\/wp-content\/uploads\/sites\/13\/2024\/12\/Campus-Gragoat\u00e1.png 491w, https:\/\/www.professores.uff.br\/sdantas\/wp-content\/uploads\/sites\/13\/2024\/12\/Campus-Gragoat\u00e1-300x167.png 300w\" sizes=\"auto, (max-width: 491px) 100vw, 491px\" \/><\/figure><div class=\"wp-block-media-text__content\">\n<p><em>Simone, <\/em><\/p>\n\n\n\n<p><em>para al\u00e9m da orienta\u00e7\u00e3o, queria agradecer por todo apoio e incentivo que voc\u00ea sempre me deu. Como professora, voc\u00ea me proporcionou e me guiou em uma das experi\u00eancias mais bonitas da minha vida acad\u00eamica e que vou guardar pro resto da vida. Muito obrigada por toda preocupa\u00e7\u00e3o nos momentos em que eu achava que n\u00e3o era capaz. Um feliz anivers\u00e1rio e um abra\u00e7o super apertado!<\/em><\/p>\n\n\n\n<p><em>Beijos,<\/em><\/p>\n\n\n\n<p><em>Luisa Frickes<\/em><\/p>\n<\/div><\/div>\n\n\n\n<br><\/br>\n\n\n\n<div class=\"wp-block-image is-style-default\"><figure class=\"aligncenter size-large is-resized\"><img decoding=\"async\" src=\"https:\/\/www.professores.uff.br\/sdantas\/wp-content\/uploads\/sites\/13\/2024\/12\/photo_5095886789155073384_m-2.jpg\" alt=\"\" class=\"wp-image-442\" width=\"230\" \/><\/figure><\/div>\n\n\n\r\n\t<div class=\"slideshow_container slideshow_container_style-light\" style=\"height: 300px; \" data-slideshow-id=\"315\" data-style-name=\"style-light\" data-style-version=\"2.3.1\" >\r\n\r\n\t\t\t\t\t<div class=\"slideshow_loading_icon\"><\/div>\r\n\t\t\r\n\t\t<div class=\"slideshow_content\" style=\"display: none;\">\r\n\r\n\t\t\t<div class=\"slideshow_view\">\r\n\t\t\t\t<div class=\"slideshow_slide slideshow_slide_image\">\r\n\t\t\t\t\t\t\t\t\t\t\t<img src=\"https:\/\/www.professores.uff.br\/sdantas\/wp-content\/uploads\/sites\/13\/2024\/12\/image_6483441.jpg\" alt=\"\" width=\"1536\" height=\"2048\" \/>\r\n\t\t\t\t\t\t\t\t\t\t<div class=\"slideshow_description_box slideshow_transparent\">\r\n\t\t\t\t\t\t\t\t\t\t\t\t\t\t\t\t\t<\/div>\r\n\t\t\t\t<\/div>\r\n\r\n\t\t\t\t\t\t\r\n\t\t\t\t<div class=\"slideshow_slide slideshow_slide_image\">\r\n\t\t\t\t\t\t\t\t\t\t\t<img src=\"https:\/\/www.professores.uff.br\/sdantas\/wp-content\/uploads\/sites\/13\/2024\/12\/image_6483441-1-scaled.jpg\" alt=\"\" width=\"2560\" height=\"1920\" \/>\r\n\t\t\t\t\t\t\t\t\t\t<div class=\"slideshow_description_box slideshow_transparent\">\r\n\t\t\t\t\t\t\t\t\t\t\t\t\t\t\t\t\t<\/div>\r\n\t\t\t\t<\/div>\r\n\r\n\t\t\t\t\t\t<div style=\"clear: both;\"><\/div><\/div>\r\n\t\t<\/div>\r\n\r\n\t\t<div class=\"slideshow_controlPanel slideshow_transparent\" style=\"display: none;\"><ul><li class=\"slideshow_togglePlay\" data-play-text=\"Acionar\" data-pause-text=\"Pausar\"><\/li><\/ul><\/div>\r\n\r\n\t\t<div class=\"slideshow_button slideshow_previous slideshow_transparent\" role=\"button\" data-previous-text=\"Anterior\" style=\"display: none;\"><\/div>\r\n\t\t<div class=\"slideshow_button slideshow_next slideshow_transparent\" role=\"button\" data-next-text=\"Pr\u00f3ximo\" style=\"display: none;\"><\/div>\r\n\r\n\t\t<div class=\"slideshow_pagination\" style=\"display: none;\" data-go-to-text=\"Ir para o slide\"><div class=\"slideshow_pagination_center\"><\/div><\/div>\r\n\r\n\t\t<!-- WordPress Slideshow Version 2.3.1 -->\r\n\r\n\t\t\t<\/div>\r\n\r\n\n\n\n\n<br><\/br>\n\n\n\n<p>Simone,<\/p>\n\n\n\n<p>professora e pesquisadora dedicada, exemplar e produtiva. Sempre disposta a ensinar e encorajar seus alunos. Uma trajet\u00f3ria acad\u00eamica brilhante e inspiradora. Gra\u00e7as a voc\u00ea aprendi a trabalhar em equipe, a fazer pesquisa cient\u00edfica, a escrever um artigo, a tornar o tempo de estudo produtivo, a lidar com os outros e, sobretudo, a ser um profissional competente e respons\u00e1vel.&nbsp;<\/p>\n\n\n\n<p>Foi um privil\u00e9gio ser orientado por voc\u00ea durante tr\u00eas anos de inicia\u00e7\u00e3o cient\u00edfica na UFF e dois anos de mestrado na COPPE\/UFRJ.&nbsp;<\/p>\n\n\n\n<p>Simone, desejo muitas felicidades e sa\u00fade em sua vida. Que sua jornada seja repleta de sucesso e conquistas!<\/p>\n\n\n\n<p>Obrigado por tudo!&nbsp;<\/p>\n\n\n\n<p>Deiwison<\/p>\n\n\n\n<br><\/br>\n\n\n\n<div class=\"wp-block-image is-style-default\"><figure class=\"aligncenter size-large is-resized\"><img decoding=\"async\" src=\"https:\/\/www.professores.uff.br\/sdantas\/wp-content\/uploads\/sites\/13\/2024\/12\/photo_5095886789155073384_m-4.jpg\" alt=\"\" class=\"wp-image-444\" width=\"230\" \/><\/figure><\/div>\n\n\n\n<div class=\"wp-block-media-text alignwide\"><figure class=\"wp-block-media-text__media\"><img loading=\"lazy\" decoding=\"async\" width=\"431\" height=\"288\" src=\"https:\/\/www.professores.uff.br\/sdantas\/wp-content\/uploads\/sites\/13\/2024\/12\/Buqu\u00ea-de-flores-1.png\" alt=\"\" class=\"wp-image-322\" srcset=\"https:\/\/www.professores.uff.br\/sdantas\/wp-content\/uploads\/sites\/13\/2024\/12\/Buqu\u00ea-de-flores-1.png 431w, https:\/\/www.professores.uff.br\/sdantas\/wp-content\/uploads\/sites\/13\/2024\/12\/Buqu\u00ea-de-flores-1-300x200.png 300w, https:\/\/www.professores.uff.br\/sdantas\/wp-content\/uploads\/sites\/13\/2024\/12\/Buqu\u00ea-de-flores-1-120x80.png 120w\" sizes=\"auto, (max-width: 431px) 100vw, 431px\" \/><\/figure><div class=\"wp-block-media-text__content\">\n<p class=\"has-normal-font-size\"> Simone<br>Muitas felicidades, hoje e sempre! &nbsp;<br>Parab\u00e9ns pela carreira brilhante que vem construindo no IME-UFF!<br>Um abra\u00e7o<br>Cybele <\/p>\n<\/div><\/div>\n\n\n\n<br><\/br>\n\n\n\n<div class=\"wp-block-image is-style-default\"><figure class=\"aligncenter size-large is-resized\"><img decoding=\"async\" src=\"https:\/\/www.professores.uff.br\/sdantas\/wp-content\/uploads\/sites\/13\/2024\/12\/photo_5095886789155073384_m-5.jpg\" alt=\"\" class=\"wp-image-446\" width=\"230\" \/><\/figure><\/div>\n\n\n\n<div class=\"wp-block-media-text alignwide\"><figure class=\"wp-block-media-text__media\"><img loading=\"lazy\" decoding=\"async\" width=\"549\" height=\"414\" src=\"https:\/\/www.professores.uff.br\/sdantas\/wp-content\/uploads\/sites\/13\/2024\/12\/Foto_JPG.png\" alt=\"\" class=\"wp-image-324\" srcset=\"https:\/\/www.professores.uff.br\/sdantas\/wp-content\/uploads\/sites\/13\/2024\/12\/Foto_JPG.png 549w, https:\/\/www.professores.uff.br\/sdantas\/wp-content\/uploads\/sites\/13\/2024\/12\/Foto_JPG-300x226.png 300w, https:\/\/www.professores.uff.br\/sdantas\/wp-content\/uploads\/sites\/13\/2024\/12\/Foto_JPG-160x120.png 160w\" sizes=\"auto, (max-width: 549px) 100vw, 549px\" \/><\/figure><div class=\"wp-block-media-text__content\">\n<p>Feliz Anivers\u00e1rio Simone,<\/p>\n\n\n\n<p>\u200b<\/p>\n\n\n\n<p>Dieter e Lucia Penso<\/p>\n\n\n\n<p><\/p>\n\n\n\n<p><a href=\"https:\/\/www.simone50.com\/_files\/ugd\/2c27d8_e418c63ea7c14f75a4f67120992c2028.pdf\">Clique aqui para os  slides de apresenta\u00e7\u00e3o.<\/a><\/p>\n<\/div><\/div>\n\n\n\n<br><\/br>\n\n\n\n<div class=\"wp-block-image is-style-default\"><figure class=\"aligncenter size-large is-resized\"><img decoding=\"async\" src=\"https:\/\/www.professores.uff.br\/sdantas\/wp-content\/uploads\/sites\/13\/2024\/12\/photo_5095886789155073384_m-6.jpg\" alt=\"\" class=\"wp-image-447\" width=\"230\" \/><\/figure><\/div>\n\n\n\n<div class=\"wp-block-media-text alignwide\" style=\"grid-template-columns:54% auto\"><figure class=\"wp-block-media-text__media\"><img loading=\"lazy\" decoding=\"async\" width=\"395\" height=\"264\" src=\"https:\/\/www.professores.uff.br\/sdantas\/wp-content\/uploads\/sites\/13\/2024\/12\/flores-silvestres-.png\" alt=\"\" class=\"wp-image-329\" srcset=\"https:\/\/www.professores.uff.br\/sdantas\/wp-content\/uploads\/sites\/13\/2024\/12\/flores-silvestres-.png 395w, https:\/\/www.professores.uff.br\/sdantas\/wp-content\/uploads\/sites\/13\/2024\/12\/flores-silvestres--300x201.png 300w, https:\/\/www.professores.uff.br\/sdantas\/wp-content\/uploads\/sites\/13\/2024\/12\/flores-silvestres--120x80.png 120w\" sizes=\"auto, (max-width: 395px) 100vw, 395px\" \/><\/figure><div class=\"wp-block-media-text__content\">\n<p>A professora Simone \u00e9 uma pessoa querida por todos n\u00f3s, \u00e9 gentil e generosa, al\u00e9m de ser &nbsp;muito receptiva a novos desafios estando sempre disposta a compartilhar seu tempo e seu talento como pesquisadora a favor da ci\u00eancia. S\u00f3 tenho a agradecer pela parceria com ela, parceria esta interrompida pela atual conjunta em que vivemos, mas que almejo retom\u00e1-la em um futuro muito breve.<\/p>\n\n\n\n<p><br>Parab\u00e9ns, professora Simone!!!<\/p>\n\n\n\n<p>Diego de Souza Nicodemos&nbsp;<\/p>\n<\/div><\/div>\n\n\n\n<br><\/br>\n\n\n\n<div class=\"wp-block-image is-style-default\"><figure class=\"aligncenter size-large is-resized\"><img decoding=\"async\" src=\"https:\/\/www.professores.uff.br\/sdantas\/wp-content\/uploads\/sites\/13\/2024\/12\/photo_5095886789155073384_m-7.jpg\" alt=\"\" class=\"wp-image-448\" width=\"230\" \/><\/figure><\/div>\n\n\n\n<div class=\"wp-block-image is-style-default\"><figure class=\"aligncenter size-large is-resized\"><img loading=\"lazy\" decoding=\"async\" src=\"https:\/\/www.professores.uff.br\/sdantas\/wp-content\/uploads\/sites\/13\/2024\/12\/mensagem_atilio.png\" alt=\"\" class=\"wp-image-332\" width=\"600\" height=\"470\" \/><\/figure><\/div>\n\n\n\n<br><\/br>\n\n\n\n<div class=\"wp-block-image is-style-default\"><figure class=\"aligncenter size-large is-resized\"><img decoding=\"async\" src=\"https:\/\/www.professores.uff.br\/sdantas\/wp-content\/uploads\/sites\/13\/2024\/12\/photo_5095886789155073384_m-8.jpg\" alt=\"\" class=\"wp-image-449\" width=\"230\" \/><\/figure><\/div>\n\n\n\n<div class=\"wp-block-media-text alignwide\"><figure class=\"wp-block-media-text__media\"><img loading=\"lazy\" decoding=\"async\" width=\"583\" height=\"438\" src=\"https:\/\/www.professores.uff.br\/sdantas\/wp-content\/uploads\/sites\/13\/2024\/12\/IMG_0055_JPG.png\" alt=\"\" class=\"wp-image-336\" srcset=\"https:\/\/www.professores.uff.br\/sdantas\/wp-content\/uploads\/sites\/13\/2024\/12\/IMG_0055_JPG.png 583w, https:\/\/www.professores.uff.br\/sdantas\/wp-content\/uploads\/sites\/13\/2024\/12\/IMG_0055_JPG-300x225.png 300w, https:\/\/www.professores.uff.br\/sdantas\/wp-content\/uploads\/sites\/13\/2024\/12\/IMG_0055_JPG-160x120.png 160w\" sizes=\"auto, (max-width: 583px) 100vw, 583px\" \/><\/figure><div class=\"wp-block-media-text__content\">\n<p><em>Car\u00edssima Simone,<\/em><\/p>\n\n\n\n<p><em>parab\u00e9ns por toda sua brilhante trajet\u00f3ria!<br>Fico muito contente por poder participar de alguns projetos juntos contigo.<br>Modelo de compet\u00eancia, persist\u00eancia, profissionalismo, lideran\u00e7a &#8230; al\u00e9m da sua sensibilidade por causas sociais.<\/em><\/p>\n\n\n\n<p><em>Desejo-lhe todo o sucesso.<\/em><\/p>\n\n\n\n<p><em>Um abra\u00e7o,<br>Luis Antonio Kowada<\/em><\/p>\n<\/div><\/div>\n\n\n\n<br><\/br>\n\n\n\n<div class=\"wp-block-image is-style-default\"><figure class=\"aligncenter size-large is-resized\"><img decoding=\"async\" src=\"https:\/\/www.professores.uff.br\/sdantas\/wp-content\/uploads\/sites\/13\/2024\/12\/photo_5095886789155073384_m-9.jpg\" alt=\"\" class=\"wp-image-450\" width=\"230\" \/><\/figure><\/div>\n\n\n\n<div class=\"wp-block-image is-style-default\"><figure class=\"aligncenter size-large is-resized\"><img decoding=\"async\" src=\"https:\/\/www.professores.uff.br\/sdantas\/wp-content\/uploads\/sites\/13\/2024\/12\/Capturar.jpg\" alt=\"\" class=\"wp-image-338\" width=\"607\" srcset=\"https:\/\/www.professores.uff.br\/sdantas\/wp-content\/uploads\/sites\/13\/2024\/12\/Capturar.jpg 927w, https:\/\/www.professores.uff.br\/sdantas\/wp-content\/uploads\/sites\/13\/2024\/12\/Capturar-300x213.jpg 300w, https:\/\/www.professores.uff.br\/sdantas\/wp-content\/uploads\/sites\/13\/2024\/12\/Capturar-768x546.jpg 768w\" sizes=\"(max-width: 927px) 100vw, 927px\" \/><\/figure><\/div>\n\n\n\n<br><\/br>\n\n\n\n<div class=\"wp-block-image is-style-default\"><figure class=\"aligncenter size-large is-resized\"><img decoding=\"async\" src=\"https:\/\/www.professores.uff.br\/sdantas\/wp-content\/uploads\/sites\/13\/2024\/12\/photo_5095886789155073384_m-10.jpg\" alt=\"\" class=\"wp-image-451\" width=\"230\" \/><\/figure><\/div>\n\n\n\n<div class=\"wp-block-media-text alignwide\"><figure class=\"wp-block-media-text__media\"><img loading=\"lazy\" decoding=\"async\" width=\"496\" height=\"331\" src=\"https:\/\/www.professores.uff.br\/sdantas\/wp-content\/uploads\/sites\/13\/2024\/12\/Flores-girassois.png\" alt=\"\" class=\"wp-image-341\" srcset=\"https:\/\/www.professores.uff.br\/sdantas\/wp-content\/uploads\/sites\/13\/2024\/12\/Flores-girassois.png 496w, https:\/\/www.professores.uff.br\/sdantas\/wp-content\/uploads\/sites\/13\/2024\/12\/Flores-girassois-300x200.png 300w, https:\/\/www.professores.uff.br\/sdantas\/wp-content\/uploads\/sites\/13\/2024\/12\/Flores-girassois-120x80.png 120w\" sizes=\"auto, (max-width: 496px) 100vw, 496px\" \/><\/figure><div class=\"wp-block-media-text__content\">\n<p>&#8220;Foi um imenso prazer ter a oportunidade de trabalhar no p\u00f3s-doutorado com a Simone. Sua empolga\u00e7\u00e3o \u00e9 sempre muito contagiante. Feliz anivers\u00e1rio e felicidades sempre&#8221;<\/p>\n\n\n\n<p>Mois\u00e9s Teles<\/p>\n<\/div><\/div>\n\n\n\n<br><\/br>\n\n\n\n<div class=\"wp-block-button aligncenter\"><a class=\"wp-block-button__link\" href=\"https:\/\/www.professores.uff.br\/sdantas\/simones-50th-birthday\/\">Home<\/a><\/div>\n\n\n\n<p><\/p>\n","protected":false},"excerpt":{"rendered":"<p>Simone, Guardo no cora\u00e7\u00e3o este momento t\u00e3o especial dos 5 anos do MDA em que comemoramos os 50 anos de Sylvain l\u00e1 na Adolpho Bloch. Muito obrigada pela oportunidade e pela parceria sempre. Feliz Anivers\u00e1rio, curta os 50 com amor e paix\u00e3o.&nbsp; Um grande beijo, Telma Par\u00e1 Simone, para al\u00e9m da orienta\u00e7\u00e3o, queria agradecer por [&hellip;]<\/p>\n","protected":false},"author":291,"featured_media":0,"parent":0,"menu_order":0,"comment_status":"closed","ping_status":"closed","template":"","meta":{"_exactmetrics_skip_tracking":false,"_exactmetrics_sitenote_active":false,"_exactmetrics_sitenote_note":"","_exactmetrics_sitenote_category":0,"footnotes":""},"categories":[],"tags":[],"class_list":["post-247","page","type-page","status-publish","hentry"],"_links":{"self":[{"href":"https:\/\/www.professores.uff.br\/sdantas\/wp-json\/wp\/v2\/pages\/247","targetHints":{"allow":["GET"]}}],"collection":[{"href":"https:\/\/www.professores.uff.br\/sdantas\/wp-json\/wp\/v2\/pages"}],"about":[{"href":"https:\/\/www.professores.uff.br\/sdantas\/wp-json\/wp\/v2\/types\/page"}],"author":[{"embeddable":true,"href":"https:\/\/www.professores.uff.br\/sdantas\/wp-json\/wp\/v2\/users\/291"}],"replies":[{"embeddable":true,"href":"https:\/\/www.professores.uff.br\/sdantas\/wp-json\/wp\/v2\/comments?post=247"}],"version-history":[{"count":38,"href":"https:\/\/www.professores.uff.br\/sdantas\/wp-json\/wp\/v2\/pages\/247\/revisions"}],"predecessor-version":[{"id":1012,"href":"https:\/\/www.professores.uff.br\/sdantas\/wp-json\/wp\/v2\/pages\/247\/revisions\/1012"}],"wp:attachment":[{"href":"https:\/\/www.professores.uff.br\/sdantas\/wp-json\/wp\/v2\/media?parent=247"}],"wp:term":[{"taxonomy":"category","embeddable":true,"href":"https:\/\/www.professores.uff.br\/sdantas\/wp-json\/wp\/v2\/categories?post=247"},{"taxonomy":"post_tag","embeddable":true,"href":"https:\/\/www.professores.uff.br\/sdantas\/wp-json\/wp\/v2\/tags?post=247"}],"curies":[{"name":"wp","href":"https:\/\/api.w.org\/{rel}","templated":true}]}}