{"id":119,"date":"2017-07-07T19:03:11","date_gmt":"2017-07-07T22:03:11","guid":{"rendered":"http:\/\/www.professores.uff.br\/sergiolicanic\/?page_id=119"},"modified":"2017-07-10T12:34:13","modified_gmt":"2017-07-10T15:34:13","slug":"equacoes-diferenciais-ordinarias-2013","status":"publish","type":"page","link":"https:\/\/www.professores.uff.br\/sergio\/teaching\/disciplinas\/equacoes-diferenciais-ordinarias-2013\/","title":{"rendered":"Equa\u00e7\u00f5es Diferenciais Ordin\u00e1rias &#8211; 2013"},"content":{"rendered":"<p>&nbsp;<\/p>\n<p><strong><span style=\"color: #ff0000;\">ATEN\u00c7\u00c3O: Mudan\u00e7a de sala de aula. NOVA SALA: IM-202<\/span><\/strong><\/p>\n<p><strong>Ementa<\/strong> <a href=\"http:\/\/www.professores.uff.br\/sergiolicanic\/wp-content\/uploads\/sites\/4\/2017\/07\/Programa-EDO-GMA00112-3.pdf\">GMA<\/a><\/p>\n<hr \/>\n<p><strong>Monitorias:<\/strong> olhar quadro de hor\u00e1rios no 5\u00ba andar do IM.<\/p>\n<p><strong>Atendimento:<\/strong> quintas feiras 14:30-15:30. Na minha sala; 5 andar IM-UFF. Datas das Provas:<\/p>\n<hr \/>\n<p><strong>Datas das Provas:<\/strong><\/p>\n\n<table id=\"tablepress-6\" class=\"tablepress tablepress-id-6\">\n<thead>\n<tr class=\"row-1\">\n\t<th class=\"column-1\">AVALIA\u00c7\u00c3O<\/th><th class=\"column-2\">DATA<\/th>\n<\/tr>\n<\/thead>\n<tbody class=\"row-striping row-hover\">\n<tr class=\"row-2\">\n\t<td class=\"column-1\">Prova1<\/td><td class=\"column-2\">18\/06<\/td>\n<\/tr>\n<tr class=\"row-3\">\n\t<td class=\"column-1\">Prova2<\/td><td class=\"column-2\">25\/07<\/td>\n<\/tr>\n<tr class=\"row-4\">\n\t<td class=\"column-1\">VR<\/td><td class=\"column-2\">30\/07<\/td>\n<\/tr>\n<tr class=\"row-5\">\n\t<td class=\"column-1\">VS<\/td><td class=\"column-2\">06\/08<\/td>\n<\/tr>\n<\/tbody>\n<\/table>\n<!-- #tablepress-6 from cache -->\n<hr \/>\n<p>Listas de Exerc\u00edcios:<\/p>\n<p><a href=\"http:\/\/www.professores.uff.br\/sergiolicanic\/wp-content\/uploads\/sites\/4\/2017\/07\/exerc1EDOdaUFF.pdf\">Lista 1<\/a><\/p>\n<p><a href=\"http:\/\/www.professores.uff.br\/sergiolicanic\/wp-content\/uploads\/sites\/4\/2017\/07\/exerc2EDOdaUFF-1.pdf\">Lista 2<\/a><\/p>\n<p><a href=\"http:\/\/www.professores.uff.br\/sergiolicanic\/wp-content\/uploads\/sites\/4\/2017\/07\/exerc3EDOdaUFF-1.pdf\">Lista 3<\/a><\/p>\n<p><a href=\"http:\/\/www.professores.uff.br\/sergiolicanic\/wp-content\/uploads\/sites\/4\/2017\/07\/exerc4EDOdaUFF-1.pdf\">Lista 4<\/a><\/p>\n<p><a href=\"http:\/\/www.professores.uff.br\/sergiolicanic\/wp-content\/uploads\/sites\/4\/2017\/07\/exerc5EDOdaUFF-1.pdf\">Lista 5<\/a><\/p>\n<p><a href=\"http:\/\/www.professores.uff.br\/sergiolicanic\/wp-content\/uploads\/sites\/4\/2017\/07\/exerc6EDOdaUFF-1.pdf\">Lista 6<\/a><\/p>\n<p><a href=\"http:\/\/www.professores.uff.br\/sergiolicanic\/wp-content\/uploads\/sites\/4\/2017\/07\/NOTA.pdf\">NotasVREDO<\/a><\/p>\n","protected":false},"excerpt":{"rendered":"<p>&nbsp; ATEN\u00c7\u00c3O: Mudan\u00e7a de sala de aula. NOVA SALA: IM-202 Ementa GMA Monitorias: olhar quadro de hor\u00e1rios no 5\u00ba andar do IM. Atendimento: quintas feiras 14:30-15:30. Na minha sala; 5 andar IM-UFF. Datas das Provas: Datas das Provas: Listas de Exerc\u00edcios: Lista 1 Lista 2 Lista 3 Lista 4 Lista 5 Lista 6 NotasVREDO<\/p>\n","protected":false},"author":1,"featured_media":0,"parent":37,"menu_order":0,"comment_status":"closed","ping_status":"closed","template":"","meta":{"_exactmetrics_skip_tracking":false,"_exactmetrics_sitenote_active":false,"_exactmetrics_sitenote_note":"","_exactmetrics_sitenote_category":0,"footnotes":""},"categories":[18],"tags":[4,6],"class_list":["post-119","page","type-page","status-publish","hentry","category-paginas-do-menu-principal","tag-4","tag-edo"],"_links":{"self":[{"href":"https:\/\/www.professores.uff.br\/sergio\/wp-json\/wp\/v2\/pages\/119","targetHints":{"allow":["GET"]}}],"collection":[{"href":"https:\/\/www.professores.uff.br\/sergio\/wp-json\/wp\/v2\/pages"}],"about":[{"href":"https:\/\/www.professores.uff.br\/sergio\/wp-json\/wp\/v2\/types\/page"}],"author":[{"embeddable":true,"href":"https:\/\/www.professores.uff.br\/sergio\/wp-json\/wp\/v2\/users\/1"}],"replies":[{"embeddable":true,"href":"https:\/\/www.professores.uff.br\/sergio\/wp-json\/wp\/v2\/comments?post=119"}],"version-history":[{"count":1,"href":"https:\/\/www.professores.uff.br\/sergio\/wp-json\/wp\/v2\/pages\/119\/revisions"}],"predecessor-version":[{"id":130,"href":"https:\/\/www.professores.uff.br\/sergio\/wp-json\/wp\/v2\/pages\/119\/revisions\/130"}],"up":[{"embeddable":true,"href":"https:\/\/www.professores.uff.br\/sergio\/wp-json\/wp\/v2\/pages\/37"}],"wp:attachment":[{"href":"https:\/\/www.professores.uff.br\/sergio\/wp-json\/wp\/v2\/media?parent=119"}],"wp:term":[{"taxonomy":"category","embeddable":true,"href":"https:\/\/www.professores.uff.br\/sergio\/wp-json\/wp\/v2\/categories?post=119"},{"taxonomy":"post_tag","embeddable":true,"href":"https:\/\/www.professores.uff.br\/sergio\/wp-json\/wp\/v2\/tags?post=119"}],"curies":[{"name":"wp","href":"https:\/\/api.w.org\/{rel}","templated":true}]}}