{"id":12,"date":"2017-07-07T10:01:25","date_gmt":"2017-07-07T13:01:25","guid":{"rendered":"http:\/\/www.professores.uff.br\/sergiolicanic\/?page_id=12"},"modified":"2017-08-06T18:08:58","modified_gmt":"2017-08-06T21:08:58","slug":"teaching","status":"publish","type":"page","link":"https:\/\/www.professores.uff.br\/sergio\/teaching\/","title":{"rendered":"Teaching"},"content":{"rendered":"<p>&nbsp;<\/p>\n<p><strong>1 Por decis\u00e3o departamental<\/strong><\/p>\n<p>FICA EXPRESSAMENTE PROIBIDA A TRANSFER\u00caNCIA DE NOTAS ENTRE PROFESSORES<br \/>\nDA MESMA DISCIPLINA. ALUNOS INSCRITOS QUE N\u00c3O REALIZAREM AS AVALIA\u00c7\u00d5ES<br \/>\nNA TURMA EM QUE EST\u00c3O INSCRITOS TER\u00c3O NOTA ZERO E, SEGUNDO O CASO, FREQU\u00caNCIA INSUFICIENTE.<\/p>\n<p><strong>2 Por decis\u00e3o departamental<\/strong><\/p>\n<p>SERA OBRIGATORIO A APRESENTA\u00c7\u00c3O DE DOCUMENTO COM FOTO NO DIA DAS PROVAS.<br \/>\nFICA EXPRESSAMENTE PROIBIDO SAIR DA SALA DURANTE AS PROVAS E O USO DE QUALQUER MATERIAL ELECTRONICO.<\/p>\n<p>&nbsp;<\/p>\n<p><strong>Crit\u00e9rio de Avalia\u00e7\u00e3o<\/strong><\/p>\n<p>&nbsp;<\/p>\n<p><strong>De acordo com o novo regulamento da UFF (resolu\u00e7\u00e3o CEP 244\/2006) e reuni\u00f5es do GMA<\/strong><\/p>\n<ul>\n<li><strong>Nota final ou m\u00e9dia final (regulamento da UFF e regra GMA)<\/strong><\/li>\n<\/ul>\n<p>Nota Final \u00e9 a m\u00e9dia ponderada das notas das verifica\u00e7\u00f5es regulares.<\/p>\n<ul>\n<li><strong>Reposi\u00e7\u00e3o de notas de verifica\u00e7\u00f5es<\/strong><\/li>\n<\/ul>\n<p>Al\u00e9m das verifica\u00e7\u00f5es regulares h\u00e1 uma outra prova escrita denominada Reposi\u00e7\u00e3o (<strong>VR<\/strong>).<\/p>\n<p>O aluno so poder\u00e1 fazer a VR com o unico objetivo de substituir uma das notas das provas que o aluno tenha faltado.<\/p>\n<p><strong>Aten\u00e7\u00e3o:<\/strong> Apartir de 2014 a VR <strong>\u00c9 FECHADA<\/strong> para todas as disciplinas.<\/p>\n<ul>\n<li><strong>Verifica\u00e7\u00e3o Suplementar<\/strong><\/li>\n<\/ul>\n<p>O aluno tem direito a uma Verifica\u00e7\u00e3o Suplementar (<strong>VS<\/strong>) quando:<\/p>\n<p>Freq\u00fc\u00eancia \u2265 75 % e Nota Final \u2265 4,0<\/p>\n<ul>\n<li><strong>Reprova\u00e7\u00e3o<\/strong><\/li>\n<\/ul>\n<p>O aluno ser\u00e1 reprovado em qualquer um dos casos:<\/p>\n<p>1. Freq\u00fc\u00eancia &lt; 75 %<\/p>\n<p>2. Nota Final &lt; 4,0<\/p>\n<p>3. 4,0 \u2264 Nota Final &lt; 6,0 e Nota da <strong>VS<\/strong> &lt; 6,0<\/p>\n<ul>\n<li><strong>Aprova\u00e7\u00e3o (regulamento da UFF)<\/strong><\/li>\n<\/ul>\n<p>O aluno ser\u00e1 aprovado em qualquer um dos casos:<\/p>\n<p>1. Freq\u00fc\u00eancia \u2265 75 % e Nota Final \u2265 6,0<\/p>\n<p>2. Freq\u00fc\u00eancia \u2265 75 % e Nota da <strong>VS<\/strong> \u2265 6,0<\/p>\n","protected":false},"excerpt":{"rendered":"<p>&nbsp; 1 Por decis\u00e3o departamental FICA EXPRESSAMENTE PROIBIDA A TRANSFER\u00caNCIA DE NOTAS ENTRE PROFESSORES DA MESMA DISCIPLINA. ALUNOS INSCRITOS QUE N\u00c3O REALIZAREM AS AVALIA\u00c7\u00d5ES NA TURMA EM QUE EST\u00c3O INSCRITOS TER\u00c3O NOTA ZERO E, SEGUNDO O CASO, FREQU\u00caNCIA INSUFICIENTE. 2 Por decis\u00e3o departamental SERA OBRIGATORIO A APRESENTA\u00c7\u00c3O DE DOCUMENTO COM FOTO NO DIA DAS PROVAS. [&hellip;]<\/p>\n","protected":false},"author":1,"featured_media":0,"parent":0,"menu_order":0,"comment_status":"closed","ping_status":"closed","template":"","meta":{"_exactmetrics_skip_tracking":false,"_exactmetrics_sitenote_active":false,"_exactmetrics_sitenote_note":"","_exactmetrics_sitenote_category":0,"footnotes":""},"categories":[18],"tags":[],"class_list":["post-12","page","type-page","status-publish","hentry","category-paginas-do-menu-principal"],"_links":{"self":[{"href":"https:\/\/www.professores.uff.br\/sergio\/wp-json\/wp\/v2\/pages\/12","targetHints":{"allow":["GET"]}}],"collection":[{"href":"https:\/\/www.professores.uff.br\/sergio\/wp-json\/wp\/v2\/pages"}],"about":[{"href":"https:\/\/www.professores.uff.br\/sergio\/wp-json\/wp\/v2\/types\/page"}],"author":[{"embeddable":true,"href":"https:\/\/www.professores.uff.br\/sergio\/wp-json\/wp\/v2\/users\/1"}],"replies":[{"embeddable":true,"href":"https:\/\/www.professores.uff.br\/sergio\/wp-json\/wp\/v2\/comments?post=12"}],"version-history":[{"count":4,"href":"https:\/\/www.professores.uff.br\/sergio\/wp-json\/wp\/v2\/pages\/12\/revisions"}],"predecessor-version":[{"id":16,"href":"https:\/\/www.professores.uff.br\/sergio\/wp-json\/wp\/v2\/pages\/12\/revisions\/16"}],"wp:attachment":[{"href":"https:\/\/www.professores.uff.br\/sergio\/wp-json\/wp\/v2\/media?parent=12"}],"wp:term":[{"taxonomy":"category","embeddable":true,"href":"https:\/\/www.professores.uff.br\/sergio\/wp-json\/wp\/v2\/categories?post=12"},{"taxonomy":"post_tag","embeddable":true,"href":"https:\/\/www.professores.uff.br\/sergio\/wp-json\/wp\/v2\/tags?post=12"}],"curies":[{"name":"wp","href":"https:\/\/api.w.org\/{rel}","templated":true}]}}