{"id":165,"date":"2017-07-07T19:53:35","date_gmt":"2017-07-07T22:53:35","guid":{"rendered":"http:\/\/www.professores.uff.br\/sergiolicanic\/?page_id=165"},"modified":"2017-07-10T12:53:51","modified_gmt":"2017-07-10T15:53:51","slug":"gma-111-calculo-iii-a-2014","status":"publish","type":"page","link":"https:\/\/www.professores.uff.br\/sergio\/teaching\/disciplinas\/gma-111-calculo-iii-a-2014\/","title":{"rendered":"GMA 111, Calculo III A &#8211; 1\u00ba Semestre &#8211; 2014"},"content":{"rendered":"<p><strong>Ementa<\/strong> <a href=\"http:\/\/www.professores.uff.br\/sergiolicanic\/wp-content\/uploads\/sites\/4\/2017\/07\/Programacalculo3A-1.pdf\">GMA<\/a><\/p>\n<hr \/>\n<p><strong>Monitorias:<\/strong> quinto andar do IM-UFF a ser anunciado no cartaz do GMA. Monitor: Larissa<\/p>\n<hr \/>\n<p><strong>Datas das Provas:<\/strong><\/p>\n<p><span style=\"color: #ff0000;\"><strong>ATEN\u00c7\u00c3O: VR (conteudo Todo o visto) \u00c9 FECHADA<\/strong><\/span><\/p>\n\n<table id=\"tablepress-9\" class=\"tablepress tablepress-id-9\">\n<thead>\n<tr class=\"row-1\">\n\t<th class=\"column-1\">AVALIA\u00c7\u00c3O<\/th><th class=\"column-2\">DATA<\/th>\n<\/tr>\n<\/thead>\n<tbody class=\"row-striping row-hover\">\n<tr class=\"row-2\">\n\t<td class=\"column-1\">Prova1 (peso2 )<\/td><td class=\"column-2\">07\/04\/14<\/td>\n<\/tr>\n<tr class=\"row-3\">\n\t<td class=\"column-1\">Prova2  (peso3)<\/td><td class=\"column-2\">04\/06\/14<\/td>\n<\/tr>\n<tr class=\"row-4\">\n\t<td class=\"column-1\">VR<\/td><td class=\"column-2\">09\/06\/14<\/td>\n<\/tr>\n<tr class=\"row-5\">\n\t<td class=\"column-1\">VS<\/td><td class=\"column-2\">11\/06\/14<\/td>\n<\/tr>\n<\/tbody>\n<\/table>\n<!-- #tablepress-9 from cache -->\n<hr \/>\n<p><strong>\n<table id=\"tablepress-20\" class=\"tablepress tablepress-id-20\">\n<thead>\n<tr class=\"row-1\">\n\t<th class=\"column-1\">Listagem de Exerc\u00edcios<\/th><td class=\"column-2\"><\/td>\n<\/tr>\n<\/thead>\n<tbody class=\"row-striping row-hover\">\n<tr class=\"row-2\">\n\t<td class=\"column-1\"><a href=\"http:\/\/www.professores.uff.br\/sergiolicanic\/wp-content\/uploads\/sites\/4\/2017\/07\/lista_1-1.pdf\" target=\"_blank\" rel=\"noopener noreferrer\">Lista 1<\/a><\/td><td class=\"column-2\"><a href=\"http:\/\/www.professores.uff.br\/sergiolicanic\/wp-content\/uploads\/sites\/4\/2017\/07\/lista_7-1.pdf\" target=\"_blank\" rel=\"noopener noreferrer\">Lista 7<\/a><\/td>\n<\/tr>\n<tr class=\"row-3\">\n\t<td class=\"column-1\"><a href=\"http:\/\/www.professores.uff.br\/sergiolicanic\/wp-content\/uploads\/sites\/4\/2017\/07\/lista_2-1.pdf\" target=\"_blank\" rel=\"noopener noreferrer\">Lista 2<\/a><\/td><td class=\"column-2\"><a href=\"http:\/\/www.professores.uff.br\/sergiolicanic\/wp-content\/uploads\/sites\/4\/2017\/07\/lista_8-1.pdf\" target=\"_blank\" rel=\"noopener noreferrer\">Lista 8<\/a><\/td>\n<\/tr>\n<tr class=\"row-4\">\n\t<td class=\"column-1\"><a href=\"http:\/\/www.professores.uff.br\/sergiolicanic\/wp-content\/uploads\/sites\/4\/2017\/07\/lista_3-1.pdf\" target=\"_blank\" rel=\"noopener noreferrer\">Lista 3<\/a><\/td><td class=\"column-2\"><a href=\"http:\/\/www.professores.uff.br\/sergiolicanic\/wp-content\/uploads\/sites\/4\/2017\/07\/lista_9-1.pdf\" target=\"_blank\" rel=\"noopener noreferrer\">Lista 9<\/a><\/td>\n<\/tr>\n<tr class=\"row-5\">\n\t<td class=\"column-1\"><a href=\"http:\/\/www.professores.uff.br\/sergiolicanic\/wp-content\/uploads\/sites\/4\/2017\/07\/lista_4-1.pdf\" target=\"_blank\" rel=\"noopener noreferrer\">Lista 4<\/a><\/td><td class=\"column-2\"><a href=\"http:\/\/www.professores.uff.br\/sergiolicanic\/wp-content\/uploads\/sites\/4\/2017\/07\/lista_10-1.pdf\" target=\"_blank\" rel=\"noopener noreferrer\">Lista 10<\/a><\/td>\n<\/tr>\n<tr class=\"row-6\">\n\t<td class=\"column-1\"><a href=\"http:\/\/www.professores.uff.br\/sergiolicanic\/wp-content\/uploads\/sites\/4\/2017\/07\/lista_5-1.pdf\" target=\"_blank\" rel=\"noopener noreferrer\">Lista 5<\/a><\/td><td class=\"column-2\"><a href=\"http:\/\/www.professores.uff.br\/sergiolicanic\/wp-content\/uploads\/sites\/4\/2017\/07\/lista_11-1.pdf\" target=\"_blank\" rel=\"noopener noreferrer\">Lista 11<\/a><\/td>\n<\/tr>\n<tr class=\"row-7\">\n\t<td class=\"column-1\"><a href=\"http:\/\/www.professores.uff.br\/sergiolicanic\/wp-content\/uploads\/sites\/4\/2017\/07\/lista_6-1.pdf\" target=\"_blank\" rel=\"noopener noreferrer\">Lista 6<\/a><\/td><td class=\"column-2\"><a href=\"http:\/\/www.professores.uff.br\/sergiolicanic\/wp-content\/uploads\/sites\/4\/2017\/07\/lista_12-1.pdf\" target=\"_blank\" rel=\"noopener noreferrer\">Lista 12<\/a><\/td>\n<\/tr>\n<\/tbody>\n<\/table>\n<!-- #tablepress-20 from cache --><br \/>\n<\/strong><\/p>\n","protected":false},"excerpt":{"rendered":"<p>Ementa GMA Monitorias: quinto andar do IM-UFF a ser anunciado no cartaz do GMA. Monitor: Larissa Datas das Provas: ATEN\u00c7\u00c3O: VR (conteudo Todo o visto) \u00c9 FECHADA<\/p>\n","protected":false},"author":1,"featured_media":0,"parent":37,"menu_order":0,"comment_status":"closed","ping_status":"closed","template":"","meta":{"_exactmetrics_skip_tracking":false,"_exactmetrics_sitenote_active":false,"_exactmetrics_sitenote_note":"","_exactmetrics_sitenote_category":0,"footnotes":""},"categories":[18],"tags":[9,10,11],"class_list":["post-165","page","type-page","status-publish","hentry","category-paginas-do-menu-principal","tag-9","tag-calculo-iii-a","tag-gma-111"],"_links":{"self":[{"href":"https:\/\/www.professores.uff.br\/sergio\/wp-json\/wp\/v2\/pages\/165","targetHints":{"allow":["GET"]}}],"collection":[{"href":"https:\/\/www.professores.uff.br\/sergio\/wp-json\/wp\/v2\/pages"}],"about":[{"href":"https:\/\/www.professores.uff.br\/sergio\/wp-json\/wp\/v2\/types\/page"}],"author":[{"embeddable":true,"href":"https:\/\/www.professores.uff.br\/sergio\/wp-json\/wp\/v2\/users\/1"}],"replies":[{"embeddable":true,"href":"https:\/\/www.professores.uff.br\/sergio\/wp-json\/wp\/v2\/comments?post=165"}],"version-history":[{"count":4,"href":"https:\/\/www.professores.uff.br\/sergio\/wp-json\/wp\/v2\/pages\/165\/revisions"}],"predecessor-version":[{"id":359,"href":"https:\/\/www.professores.uff.br\/sergio\/wp-json\/wp\/v2\/pages\/165\/revisions\/359"}],"up":[{"embeddable":true,"href":"https:\/\/www.professores.uff.br\/sergio\/wp-json\/wp\/v2\/pages\/37"}],"wp:attachment":[{"href":"https:\/\/www.professores.uff.br\/sergio\/wp-json\/wp\/v2\/media?parent=165"}],"wp:term":[{"taxonomy":"category","embeddable":true,"href":"https:\/\/www.professores.uff.br\/sergio\/wp-json\/wp\/v2\/categories?post=165"},{"taxonomy":"post_tag","embeddable":true,"href":"https:\/\/www.professores.uff.br\/sergio\/wp-json\/wp\/v2\/tags?post=165"}],"curies":[{"name":"wp","href":"https:\/\/api.w.org\/{rel}","templated":true}]}}