{"id":214,"date":"2017-07-07T20:17:20","date_gmt":"2017-07-07T23:17:20","guid":{"rendered":"http:\/\/www.professores.uff.br\/sergiolicanic\/?page_id=214"},"modified":"2017-07-10T12:34:05","modified_gmt":"2017-07-10T15:34:05","slug":"calculoiia-2o-semestre-2014","status":"publish","type":"page","link":"https:\/\/www.professores.uff.br\/sergio\/teaching\/disciplinas\/calculoiia-2o-semestre-2014\/","title":{"rendered":"CalculoIIA &#8211; 2\u00ba Semestre &#8211; 2014"},"content":{"rendered":"<p><strong><span style=\"color: #ff0000;\">ATEN\u00c7\u00c3O:<\/span> As informa\u00e7\u00f5es a seguir s\u00e3o para as duas turmas<\/strong><\/p>\n<hr \/>\n<p><strong><a href=\"http:\/\/www.professores.uff.br\/sergiolicanic\/wp-content\/uploads\/sites\/4\/2017\/07\/EmenedaCalculo-II-A-2.pdf\">Ementa<\/a><\/strong><\/p>\n<hr \/>\n<p><strong>Atendimento:<\/strong><\/p>\n<p>segunda feira 15:00-15:50. Sala 06 do 5 andar GMA.<\/p>\n<hr \/>\n<p><strong>Monitorias:<\/strong> a determinar: veja o quadro no quinto andar do IM.<\/p>\n<hr \/>\n<p><strong>Datas das Provas:<\/strong><\/p>\n<p>ATEN\u00c7\u00c3O: VR (conteudo Todo o visto) \u00c9 FECHADA<\/p>\n\n<table id=\"tablepress-11\" class=\"tablepress tablepress-id-11\">\n<thead>\n<tr class=\"row-1\">\n\t<th class=\"column-1\">AVALIA\u00c7\u00c3O<\/th><th class=\"column-2\">DATA<\/th>\n<\/tr>\n<\/thead>\n<tbody class=\"row-striping row-hover\">\n<tr class=\"row-2\">\n\t<td class=\"column-1\">Prova1<\/td><td class=\"column-2\">17\/09\/14 (peso 2)<\/td>\n<\/tr>\n<tr class=\"row-3\">\n\t<td class=\"column-1\">Prova2<\/td><td class=\"column-2\">17\/11\/14 (peso 3)<\/td>\n<\/tr>\n<tr class=\"row-4\">\n\t<td class=\"column-1\">VR<\/td><td class=\"column-2\">19\/11\/14 (peso da prova a ser substitu\u00edda)<\/td>\n<\/tr>\n<tr class=\"row-5\">\n\t<td class=\"column-1\">VS<\/td><td class=\"column-2\">26\/11\/14<\/td>\n<\/tr>\n<\/tbody>\n<\/table>\n\n<hr \/>\n<p><strong>Listas de Exerc\u00edcios:<\/strong><\/p>\n<p><a href=\"http:\/\/www.professores.uff.br\/sergiolicanic\/wp-content\/uploads\/sites\/4\/2017\/07\/lista-01-calc-02A-2013-2.pdf\">Lista 1<\/a><\/p>\n<p><a href=\"http:\/\/www.professores.uff.br\/sergiolicanic\/wp-content\/uploads\/sites\/4\/2017\/07\/lista-02-calc-02A-2013-2.pdf\">Lista 2<\/a><\/p>\n<p><a href=\"http:\/\/www.professores.uff.br\/sergiolicanic\/wp-content\/uploads\/sites\/4\/2017\/07\/lista-03-calc-02A-2013-2.pdf\">Lista 3<\/a><\/p>\n<p><a href=\"http:\/\/www.professores.uff.br\/sergiolicanic\/wp-content\/uploads\/sites\/4\/2017\/07\/lista-04-calc-02A-2013-2.pdf\">Lista 4<\/a><\/p>\n<p><a href=\"http:\/\/www.professores.uff.br\/sergiolicanic\/wp-content\/uploads\/sites\/4\/2017\/07\/lista-05-calc-02A-2013-2.pdf\">Lista 5<\/a><\/p>\n<p><a href=\"http:\/\/www.professores.uff.br\/sergiolicanic\/wp-content\/uploads\/sites\/4\/2017\/07\/lista-06-calc-02A-2013-2.pdf\">Lista 6<\/a><\/p>\n<p><a href=\"http:\/\/www.professores.uff.br\/sergiolicanic\/wp-content\/uploads\/sites\/4\/2017\/07\/lista-07-calc-02A-2013-2.pdf\">Lista 7<\/a><\/p>\n<p><a href=\"http:\/\/www.professores.uff.br\/sergiolicanic\/wp-content\/uploads\/sites\/4\/2017\/07\/lista-08-calc-02A-2011-2.pdf\">Lista 8<\/a><\/p>\n<p><a href=\"http:\/\/www.professores.uff.br\/sergiolicanic\/wp-content\/uploads\/sites\/4\/2017\/07\/lista-09-calc-02A-2011-2.pdf\">Lista 9<\/a><\/p>\n<p><a href=\"http:\/\/www.professores.uff.br\/sergiolicanic\/wp-content\/uploads\/sites\/4\/2017\/07\/lista-10-calc-02A-2011-2.pdf\">Lista 10<\/a><\/p>\n<p><a href=\"http:\/\/www.professores.uff.br\/sergiolicanic\/wp-content\/uploads\/sites\/4\/2017\/07\/lista-11-calc-02A-2011-2.pdf\">Lista 11<\/a><\/p>\n<p><a href=\"http:\/\/www.professores.uff.br\/sergiolicanic\/wp-content\/uploads\/sites\/4\/2017\/07\/lista-12_calc-02A-2011-2.pdf\">Lista 12<\/a><\/p>\n<p><a href=\"http:\/\/www.professores.uff.br\/sergiolicanic\/wp-content\/uploads\/sites\/4\/2017\/07\/lista-13_calc-02A-2011-2.pdf\">Lista 13<\/a><\/p>\n<p><a href=\"http:\/\/www.professores.uff.br\/sergiolicanic\/wp-content\/uploads\/sites\/4\/2017\/07\/lista-14_calc-02A-2011-2.pdf\">Lista 14<\/a><\/p>\n","protected":false},"excerpt":{"rendered":"<p>ATEN\u00c7\u00c3O: As informa\u00e7\u00f5es a seguir s\u00e3o para as duas turmas Ementa Atendimento: segunda feira 15:00-15:50. Sala 06 do 5 andar GMA. Monitorias: a determinar: veja o quadro no quinto andar do IM. Datas das Provas: ATEN\u00c7\u00c3O: VR (conteudo Todo o visto) \u00c9 FECHADA Listas de Exerc\u00edcios: Lista 1 Lista 2 Lista 3 Lista 4 Lista [&hellip;]<\/p>\n","protected":false},"author":1,"featured_media":0,"parent":37,"menu_order":0,"comment_status":"closed","ping_status":"closed","template":"","meta":{"_exactmetrics_skip_tracking":false,"_exactmetrics_sitenote_active":false,"_exactmetrics_sitenote_note":"","_exactmetrics_sitenote_category":0,"footnotes":""},"categories":[18],"tags":[9,8],"class_list":["post-214","page","type-page","status-publish","hentry","category-paginas-do-menu-principal","tag-9","tag-calculoiia"],"_links":{"self":[{"href":"https:\/\/www.professores.uff.br\/sergio\/wp-json\/wp\/v2\/pages\/214","targetHints":{"allow":["GET"]}}],"collection":[{"href":"https:\/\/www.professores.uff.br\/sergio\/wp-json\/wp\/v2\/pages"}],"about":[{"href":"https:\/\/www.professores.uff.br\/sergio\/wp-json\/wp\/v2\/types\/page"}],"author":[{"embeddable":true,"href":"https:\/\/www.professores.uff.br\/sergio\/wp-json\/wp\/v2\/users\/1"}],"replies":[{"embeddable":true,"href":"https:\/\/www.professores.uff.br\/sergio\/wp-json\/wp\/v2\/comments?post=214"}],"version-history":[{"count":1,"href":"https:\/\/www.professores.uff.br\/sergio\/wp-json\/wp\/v2\/pages\/214\/revisions"}],"predecessor-version":[{"id":232,"href":"https:\/\/www.professores.uff.br\/sergio\/wp-json\/wp\/v2\/pages\/214\/revisions\/232"}],"up":[{"embeddable":true,"href":"https:\/\/www.professores.uff.br\/sergio\/wp-json\/wp\/v2\/pages\/37"}],"wp:attachment":[{"href":"https:\/\/www.professores.uff.br\/sergio\/wp-json\/wp\/v2\/media?parent=214"}],"wp:term":[{"taxonomy":"category","embeddable":true,"href":"https:\/\/www.professores.uff.br\/sergio\/wp-json\/wp\/v2\/categories?post=214"},{"taxonomy":"post_tag","embeddable":true,"href":"https:\/\/www.professores.uff.br\/sergio\/wp-json\/wp\/v2\/tags?post=214"}],"curies":[{"name":"wp","href":"https:\/\/api.w.org\/{rel}","templated":true}]}}