{"id":235,"date":"2017-07-10T10:55:55","date_gmt":"2017-07-10T13:55:55","guid":{"rendered":"http:\/\/www.professores.uff.br\/sergiolicanic\/?page_id=235"},"modified":"2017-07-10T12:33:09","modified_gmt":"2017-07-10T15:33:09","slug":"calculoiia-1o-semestre-2015","status":"publish","type":"page","link":"https:\/\/www.professores.uff.br\/sergio\/teaching\/disciplinas\/calculoiia-1o-semestre-2015\/","title":{"rendered":"CalculoIA &#8211; 1\u00ba Semestre &#8211; 2015"},"content":{"rendered":"\n<table id=\"tablepress-15\" class=\"tablepress tablepress-id-15\">\n<thead>\n<tr class=\"row-1\">\n\t<th class=\"column-1\">AVALIA\u00c7\u00c3O<\/th><th class=\"column-2\">DATA<\/th>\n<\/tr>\n<\/thead>\n<tbody class=\"row-striping row-hover\">\n<tr class=\"row-2\">\n\t<td class=\"column-1\">Prova1<\/td><td class=\"column-2\">24\/09\/19<\/td>\n<\/tr>\n<tr class=\"row-3\">\n\t<td class=\"column-1\">Prova2<\/td><td class=\"column-2\">26\/11\/19<\/td>\n<\/tr>\n<tr class=\"row-4\">\n\t<td class=\"column-1\">VR<\/td><td class=\"column-2\">03\/12\/19<\/td>\n<\/tr>\n<tr class=\"row-5\">\n\t<td class=\"column-1\">VS<\/td><td class=\"column-2\">10\/12\/19<\/td>\n<\/tr>\n<\/tbody>\n<\/table>\n<!-- #tablepress-15 from cache -->\n<p><strong>Atendimento:<\/strong> 3 feiras no horario 15:00-15:40 na minha sala do 5 andar no GMA.<\/p>\n<hr \/>\n<p><strong>Datas das Provas:<\/strong><\/p>\n<p>Primeira VE-peso 2: 07 de maio quinta<br \/>\nSegunda VE-peso 3: 25 de junho quinta<\/p>\n<p>Reposi\u00e7\u00e3o-30 de junho-mat\u00e9ria toda<\/p>\n<p>VS-07 de julho-mat\u00e9ria toda<\/p>\n<hr \/>\n<p><strong>Monitorias:<\/strong> ver cartaz no departamento de matematica aplicada ou Home Page do GMA.<\/p>\n<hr \/>\n\n<table id=\"tablepress-16\" class=\"tablepress tablepress-id-16\">\n<thead>\n<tr class=\"row-1\">\n\t<th class=\"column-1\">Listagem de Exerc\u00edcios<\/th><td class=\"column-2\"><\/td><td class=\"column-3\"><\/td>\n<\/tr>\n<\/thead>\n<tbody class=\"row-striping row-hover\">\n<tr class=\"row-2\">\n\t<td class=\"column-1\"><a href=\"http:\/\/www.professores.uff.br\/sergiolicanic\/wp-content\/uploads\/sites\/4\/2017\/07\/lista-01-calc-01-A-2008-1-1.pdf\" target=\"_blank\" rel=\"noopener noreferrer\">Lista 1<\/a><\/td><td class=\"column-2\"><a href=\"http:\/\/www.professores.uff.br\/sergiolicanic\/wp-content\/uploads\/sites\/4\/2017\/07\/lista-07-calc-01-A-2008-1-1.pdf\" target=\"_blank\" rel=\"noopener noreferrer\">Lista 7<\/a><\/td><td class=\"column-3\"><a href=\"http:\/\/www.professores.uff.br\/sergiolicanic\/wp-content\/uploads\/sites\/4\/2017\/07\/lista-13-calc-01-A-2008-1-1.pdf\" target=\"_blank\" rel=\"noopener noreferrer\">Lista 13<\/a><\/td>\n<\/tr>\n<tr class=\"row-3\">\n\t<td class=\"column-1\"><a href=\"http:\/\/www.professores.uff.br\/sergiolicanic\/wp-content\/uploads\/sites\/4\/2017\/07\/lista-02-calc-01-A-2008-1-1.pdf\" target=\"_blank\" rel=\"noopener noreferrer\">Lista 2<\/a><\/td><td class=\"column-2\"><a href=\"http:\/\/www.professores.uff.br\/sergiolicanic\/wp-content\/uploads\/sites\/4\/2017\/07\/lista-08-calc-01-A-2008-1-1.pdf\" target=\"_blank\" rel=\"noopener noreferrer\">Lista 8<\/a><\/td><td class=\"column-3\"><a href=\"http:\/\/www.professores.uff.br\/sergiolicanic\/wp-content\/uploads\/sites\/4\/2017\/07\/lista-14-calc-01-A-2008-1-1.pdf\" target=\"_blank\" rel=\"noopener noreferrer\">Lista 14<\/a><\/td>\n<\/tr>\n<tr class=\"row-4\">\n\t<td class=\"column-1\"><a href=\"http:\/\/www.professores.uff.br\/sergiolicanic\/wp-content\/uploads\/sites\/4\/2017\/07\/lista-03-calc-01-A-2008-1-1.pdf\" target=\"_blank\" rel=\"noopener noreferrer\">Lista 3<\/a><\/td><td class=\"column-2\"><a href=\"http:\/\/www.professores.uff.br\/sergiolicanic\/wp-content\/uploads\/sites\/4\/2017\/07\/lista-09-calc-01-A-2008-1-1.pdf\" target=\"_blank\" rel=\"noopener noreferrer\">Lista 9<\/a><\/td><td class=\"column-3\"><a href=\"http:\/\/www.professores.uff.br\/sergiolicanic\/wp-content\/uploads\/sites\/4\/2017\/07\/lista-15-calc-01-A-2008-1-1.pdf\" target=\"_blank\" rel=\"noopener noreferrer\">Lista 15<\/a><\/td>\n<\/tr>\n<tr class=\"row-5\">\n\t<td class=\"column-1\"><a href=\"http:\/\/www.professores.uff.br\/sergiolicanic\/wp-content\/uploads\/sites\/4\/2017\/07\/lista-04-calc-01-A-2008-1-1.pdf\" target=\"_blank\" rel=\"noopener noreferrer\">Lista 4<\/a><\/td><td class=\"column-2\"><a href=\"http:\/\/www.professores.uff.br\/sergiolicanic\/wp-content\/uploads\/sites\/4\/2017\/07\/lista-10-calc-01-A-2008-1-1.pdf\" target=\"_blank\" rel=\"noopener noreferrer\">Lista 10<\/a><\/td><td class=\"column-3\"><a href=\"http:\/\/www.professores.uff.br\/sergiolicanic\/wp-content\/uploads\/sites\/4\/2017\/07\/lista-16-calc-01-A-2008-1-1.pdf\" target=\"_blank\" rel=\"noopener noreferrer\">Lista 16<\/a><\/td>\n<\/tr>\n<tr class=\"row-6\">\n\t<td class=\"column-1\"><a href=\"http:\/\/www.professores.uff.br\/sergiolicanic\/wp-content\/uploads\/sites\/4\/2017\/07\/lista-05-calc-01-A-2008-1-1.pdf\" target=\"_blank\" rel=\"noopener noreferrer\">Lista 5<\/a><\/td><td class=\"column-2\"><a href=\"http:\/\/www.professores.uff.br\/sergiolicanic\/wp-content\/uploads\/sites\/4\/2017\/07\/lista-11-calc-01-A-2008-1-1.pdf\" target=\"_blank\" rel=\"noopener noreferrer\">Lista 11<\/a><\/td><td class=\"column-3\"><a href=\"http:\/\/www.professores.uff.br\/sergiolicanic\/wp-content\/uploads\/sites\/4\/2017\/07\/lista-17-calc-01-A-2008-1-1.pdf\" target=\"_blank\" rel=\"noopener noreferrer\">Lista 17<\/a><\/td>\n<\/tr>\n<tr class=\"row-7\">\n\t<td class=\"column-1\"><a href=\"http:\/\/www.professores.uff.br\/sergiolicanic\/wp-content\/uploads\/sites\/4\/2017\/07\/lista-06-calc-01-A-2008-1-1.pdf\" target=\"_blank\" rel=\"noopener noreferrer\">Lista 6<\/a><\/td><td class=\"column-2\"><a href=\"http:\/\/www.professores.uff.br\/sergiolicanic\/wp-content\/uploads\/sites\/4\/2017\/07\/lista-12-calc-01-A-2008-1-1.pdf\" target=\"_blank\" rel=\"noopener noreferrer\">Lista 12<\/a><\/td><td class=\"column-3\"><a href=\"http:\/\/www.professores.uff.br\/sergiolicanic\/wp-content\/uploads\/sites\/4\/2017\/07\/lista-18-calc-01-A-2008-1-1.pdf\" target=\"_blank\" rel=\"noopener noreferrer\">Lista 18<\/a><\/td>\n<\/tr>\n<\/tbody>\n<\/table>\n<!-- #tablepress-16 from cache -->\n<hr \/>\n<p>&nbsp;<\/p>\n","protected":false},"excerpt":{"rendered":"<p>Atendimento: 3 feiras no horario 15:00-15:40 na minha sala do 5 andar no GMA. Datas das Provas: Primeira VE-peso 2: 07 de maio quinta Segunda VE-peso 3: 25 de junho quinta Reposi\u00e7\u00e3o-30 de junho-mat\u00e9ria toda VS-07 de julho-mat\u00e9ria toda Monitorias: ver cartaz no departamento de matematica aplicada ou Home Page do GMA. &nbsp;<\/p>\n","protected":false},"author":1,"featured_media":0,"parent":37,"menu_order":11,"comment_status":"closed","ping_status":"closed","template":"","meta":{"_exactmetrics_skip_tracking":false,"_exactmetrics_sitenote_active":false,"_exactmetrics_sitenote_note":"","_exactmetrics_sitenote_category":0,"footnotes":""},"categories":[18],"tags":[12,17],"class_list":["post-235","page","type-page","status-publish","hentry","category-paginas-do-menu-principal","tag-12","tag-calculo-ia"],"_links":{"self":[{"href":"https:\/\/www.professores.uff.br\/sergio\/wp-json\/wp\/v2\/pages\/235","targetHints":{"allow":["GET"]}}],"collection":[{"href":"https:\/\/www.professores.uff.br\/sergio\/wp-json\/wp\/v2\/pages"}],"about":[{"href":"https:\/\/www.professores.uff.br\/sergio\/wp-json\/wp\/v2\/types\/page"}],"author":[{"embeddable":true,"href":"https:\/\/www.professores.uff.br\/sergio\/wp-json\/wp\/v2\/users\/1"}],"replies":[{"embeddable":true,"href":"https:\/\/www.professores.uff.br\/sergio\/wp-json\/wp\/v2\/comments?post=235"}],"version-history":[{"count":5,"href":"https:\/\/www.professores.uff.br\/sergio\/wp-json\/wp\/v2\/pages\/235\/revisions"}],"predecessor-version":[{"id":339,"href":"https:\/\/www.professores.uff.br\/sergio\/wp-json\/wp\/v2\/pages\/235\/revisions\/339"}],"up":[{"embeddable":true,"href":"https:\/\/www.professores.uff.br\/sergio\/wp-json\/wp\/v2\/pages\/37"}],"wp:attachment":[{"href":"https:\/\/www.professores.uff.br\/sergio\/wp-json\/wp\/v2\/media?parent=235"}],"wp:term":[{"taxonomy":"category","embeddable":true,"href":"https:\/\/www.professores.uff.br\/sergio\/wp-json\/wp\/v2\/categories?post=235"},{"taxonomy":"post_tag","embeddable":true,"href":"https:\/\/www.professores.uff.br\/sergio\/wp-json\/wp\/v2\/tags?post=235"}],"curies":[{"name":"wp","href":"https:\/\/api.w.org\/{rel}","templated":true}]}}