{"id":242,"date":"2017-07-10T11:06:35","date_gmt":"2017-07-10T14:06:35","guid":{"rendered":"http:\/\/www.professores.uff.br\/sergiolicanic\/?page_id=242"},"modified":"2017-07-10T12:33:09","modified_gmt":"2017-07-10T15:33:09","slug":"equacoes-diferenciais-ordinarias-2o-semestre-2015","status":"publish","type":"page","link":"https:\/\/www.professores.uff.br\/sergio\/teaching\/disciplinas\/equacoes-diferenciais-ordinarias-2o-semestre-2015\/","title":{"rendered":"Equa\u00e7\u00f5es Diferenciais Ordin\u00e1rias &#8211; 2\u00ba Semestre &#8211; 2015"},"content":{"rendered":"<p>&nbsp;<\/p>\n<p><strong>Ementa<\/strong> <a href=\"http:\/\/www.professores.uff.br\/sergiolicanic\/wp-content\/uploads\/sites\/4\/2017\/07\/Programa-EDO-GMA00112-4.pdf\">GMA<\/a><\/p>\n<hr \/>\n<p><strong>Monitorias:<\/strong> <a href=\"http:\/\/www.professores.uff.br\/sergiolicanic\/wp-content\/uploads\/sites\/4\/2017\/07\/monitor2015-2.pdf\">aqui<\/a><\/p>\n<hr \/>\n<p><strong>SALAS DE AULA:<\/strong><br \/>\nTer\u00e7as e quintas de 14:00-16:00 sala 206 UFASA<br \/>\nTer\u00e7as de 16:00-18:00 sala 406 quintas de 16:00-18:00 sala 401<\/p>\n<p><span style=\"color: #ff0000;\">ATEN\u00c7\u00c3O: Por problemas com o ar-condicionado as sala das aulas podem mudar, <\/span><span style=\"color: #ff0000;\">para saber com certeza em qual sala ser\u00e1 a aula perguntar (SEMPRE) na recep\u00e7\u00e3o do pr\u00e9dio.<\/span><\/p>\n<hr \/>\n<p><strong>Atendimento:<\/strong> quintas feiras 18:30-19:30. Na minha sala; 5 andar IM-UFF.<\/p>\n<p><strong>Datas das Provas:<\/strong><\/p>\n\n<table id=\"tablepress-13\" class=\"tablepress tablepress-id-13\">\n<thead>\n<tr class=\"row-1\">\n\t<th class=\"column-1\">AVALIA\u00c7\u00c3O<\/th><th class=\"column-2\">DATA<\/th>\n<\/tr>\n<\/thead>\n<tbody class=\"row-striping row-hover\">\n<tr class=\"row-2\">\n\t<td class=\"column-1\">Prova1<\/td><td class=\"column-2\">21\/01\/2016<\/td>\n<\/tr>\n<tr class=\"row-3\">\n\t<td class=\"column-1\">Prova2<\/td><td class=\"column-2\"> 15\/03\/2016 <\/td>\n<\/tr>\n<tr class=\"row-4\">\n\t<td class=\"column-1\">VR<\/td><td class=\"column-2\">17\/03<\/td>\n<\/tr>\n<tr class=\"row-5\">\n\t<td class=\"column-1\">VS<\/td><td class=\"column-2\">24\/03 <\/td>\n<\/tr>\n<\/tbody>\n<\/table>\n<!-- #tablepress-13 from cache -->\n<p>&nbsp;<\/p>\n<p>Listas de Exerc\u00edcios:<\/p>\n<p><a href=\"http:\/\/www.professores.uff.br\/sergiolicanic\/wp-content\/uploads\/sites\/4\/2017\/07\/exerc1EDOdaUFF-1.pdf\">Lista 1<\/a><\/p>\n<p><a href=\"http:\/\/www.professores.uff.br\/sergiolicanic\/wp-content\/uploads\/sites\/4\/2017\/07\/exerc2EDOdaUFF-2.pdf\">Lista 2<\/a><\/p>\n<p><a href=\"http:\/\/www.professores.uff.br\/sergiolicanic\/wp-content\/uploads\/sites\/4\/2017\/07\/exerc3EDOdaUFF-2.pdf\">Lista 3<\/a><\/p>\n<p><a href=\"http:\/\/www.professores.uff.br\/sergiolicanic\/wp-content\/uploads\/sites\/4\/2017\/07\/exerc4EDOdaUFF-2.pdf\">Lista 4<\/a><\/p>\n<p><a href=\"http:\/\/www.professores.uff.br\/sergiolicanic\/wp-content\/uploads\/sites\/4\/2017\/07\/exerc5EDOdaUFF-2.pdf\">Lista 5<\/a><\/p>\n<p><a href=\"http:\/\/www.professores.uff.br\/sergiolicanic\/wp-content\/uploads\/sites\/4\/2017\/07\/exerc6EDOdaUFF-2.pdf\">Lista 6<\/a><\/p>\n","protected":false},"excerpt":{"rendered":"<p>&nbsp; Ementa GMA Monitorias: aqui SALAS DE AULA: Ter\u00e7as e quintas de 14:00-16:00 sala 206 UFASA Ter\u00e7as de 16:00-18:00 sala 406 quintas de 16:00-18:00 sala 401 ATEN\u00c7\u00c3O: Por problemas com o ar-condicionado as sala das aulas podem mudar, para saber com certeza em qual sala ser\u00e1 a aula perguntar (SEMPRE) na recep\u00e7\u00e3o do pr\u00e9dio. Atendimento: [&hellip;]<\/p>\n","protected":false},"author":1,"featured_media":0,"parent":37,"menu_order":12,"comment_status":"closed","ping_status":"closed","template":"","meta":{"_exactmetrics_skip_tracking":false,"_exactmetrics_sitenote_active":false,"_exactmetrics_sitenote_note":"","_exactmetrics_sitenote_category":0,"footnotes":""},"categories":[18],"tags":[12,6],"class_list":["post-242","page","type-page","status-publish","hentry","category-paginas-do-menu-principal","tag-12","tag-edo"],"_links":{"self":[{"href":"https:\/\/www.professores.uff.br\/sergio\/wp-json\/wp\/v2\/pages\/242","targetHints":{"allow":["GET"]}}],"collection":[{"href":"https:\/\/www.professores.uff.br\/sergio\/wp-json\/wp\/v2\/pages"}],"about":[{"href":"https:\/\/www.professores.uff.br\/sergio\/wp-json\/wp\/v2\/types\/page"}],"author":[{"embeddable":true,"href":"https:\/\/www.professores.uff.br\/sergio\/wp-json\/wp\/v2\/users\/1"}],"replies":[{"embeddable":true,"href":"https:\/\/www.professores.uff.br\/sergio\/wp-json\/wp\/v2\/comments?post=242"}],"version-history":[{"count":1,"href":"https:\/\/www.professores.uff.br\/sergio\/wp-json\/wp\/v2\/pages\/242\/revisions"}],"predecessor-version":[{"id":253,"href":"https:\/\/www.professores.uff.br\/sergio\/wp-json\/wp\/v2\/pages\/242\/revisions\/253"}],"up":[{"embeddable":true,"href":"https:\/\/www.professores.uff.br\/sergio\/wp-json\/wp\/v2\/pages\/37"}],"wp:attachment":[{"href":"https:\/\/www.professores.uff.br\/sergio\/wp-json\/wp\/v2\/media?parent=242"}],"wp:term":[{"taxonomy":"category","embeddable":true,"href":"https:\/\/www.professores.uff.br\/sergio\/wp-json\/wp\/v2\/categories?post=242"},{"taxonomy":"post_tag","embeddable":true,"href":"https:\/\/www.professores.uff.br\/sergio\/wp-json\/wp\/v2\/tags?post=242"}],"curies":[{"name":"wp","href":"https:\/\/api.w.org\/{rel}","templated":true}]}}