{"id":254,"date":"2017-07-10T11:13:05","date_gmt":"2017-07-10T14:13:05","guid":{"rendered":"http:\/\/www.professores.uff.br\/sergiolicanic\/?page_id=254"},"modified":"2017-07-10T15:40:40","modified_gmt":"2017-07-10T18:40:40","slug":"calculo-1a-ambas-turmas-1o-semestre-2016","status":"publish","type":"page","link":"https:\/\/www.professores.uff.br\/sergio\/teaching\/disciplinas\/calculo-1a-ambas-turmas-1o-semestre-2016\/","title":{"rendered":"Calculo 1A (ambas turmas) &#8211; 1\u00ba Semestre &#8211; 2016"},"content":{"rendered":"<p><strong>Atendimento:<\/strong> 2 feiras no hor\u00e1rio 17:00-17:40 na minha sala do 5 andar no GMA.<\/p>\n<hr \/>\n<p><strong>Datas das Provas:<\/strong><\/p>\n<p>Primeira VE-peso 2: 08\/06<br \/>\nSegunda VE-peso 3: 25\/07<\/p>\n<p>Reposi\u00e7\u00e3o-27\/07-mat\u00e9ria toda<\/p>\n<p>VS-03\/08-mat\u00e9ria toda<\/p>\n<hr \/>\n<p><strong>Monitorias:<\/strong> <a href=\"http:\/\/www.professores.uff.br\/sergiolicanic\/wp-content\/uploads\/sites\/4\/2017\/07\/Horarios-monitoria2016semestre1.pdf\">aqui<\/a><\/p>\n<hr \/>\n<p><strong>Listas de Exerc\u00edcios (Em Pdf):<\/strong> Lista<\/p>\n<hr \/>\n<p><strong><span style=\"color: #ff0000;\"> moodle para o curso de c\u00e1lculo I 2016-1.<\/span><\/strong><\/p>\n<p><a href=\"http:\/\/www.cead.uff.br\/ead\/login\/index.php\">http:\/\/www.cead.uff.br\/ead\/login\/index.php<\/a><\/p>\n<hr \/>\n<p><a href=\"http:\/\/www.professores.uff.br\/sergiolicanic\/wp-content\/uploads\/sites\/4\/2017\/07\/NOTAS-CALCULO-I-A-Noite-1Semestre-2016.pdf\">TURMA20-22<\/a><\/p>\n<p><a href=\"http:\/\/www.professores.uff.br\/sergiolicanic\/wp-content\/uploads\/sites\/4\/2017\/07\/NOTAS-CALCULO-I-A-Tarde-1Semestre-2016.pdf\">TURMA18-20<\/a><\/p>\n","protected":false},"excerpt":{"rendered":"<p>Atendimento: 2 feiras no hor\u00e1rio 17:00-17:40 na minha sala do 5 andar no GMA. Datas das Provas: Primeira VE-peso 2: 08\/06 Segunda VE-peso 3: 25\/07 Reposi\u00e7\u00e3o-27\/07-mat\u00e9ria toda VS-03\/08-mat\u00e9ria toda Monitorias: aqui Listas de Exerc\u00edcios (Em Pdf): Lista moodle para o curso de c\u00e1lculo I 2016-1. http:\/\/www.cead.uff.br\/ead\/login\/index.php TURMA20-22 TURMA18-20<\/p>\n","protected":false},"author":1,"featured_media":0,"parent":37,"menu_order":13,"comment_status":"closed","ping_status":"closed","template":"","meta":{"_exactmetrics_skip_tracking":false,"_exactmetrics_sitenote_active":false,"_exactmetrics_sitenote_note":"","_exactmetrics_sitenote_category":0,"footnotes":""},"categories":[18],"tags":[14,13],"class_list":["post-254","page","type-page","status-publish","hentry","category-paginas-do-menu-principal","tag-14","tag-calculo-1a"],"_links":{"self":[{"href":"https:\/\/www.professores.uff.br\/sergio\/wp-json\/wp\/v2\/pages\/254","targetHints":{"allow":["GET"]}}],"collection":[{"href":"https:\/\/www.professores.uff.br\/sergio\/wp-json\/wp\/v2\/pages"}],"about":[{"href":"https:\/\/www.professores.uff.br\/sergio\/wp-json\/wp\/v2\/types\/page"}],"author":[{"embeddable":true,"href":"https:\/\/www.professores.uff.br\/sergio\/wp-json\/wp\/v2\/users\/1"}],"replies":[{"embeddable":true,"href":"https:\/\/www.professores.uff.br\/sergio\/wp-json\/wp\/v2\/comments?post=254"}],"version-history":[{"count":3,"href":"https:\/\/www.professores.uff.br\/sergio\/wp-json\/wp\/v2\/pages\/254\/revisions"}],"predecessor-version":[{"id":367,"href":"https:\/\/www.professores.uff.br\/sergio\/wp-json\/wp\/v2\/pages\/254\/revisions\/367"}],"up":[{"embeddable":true,"href":"https:\/\/www.professores.uff.br\/sergio\/wp-json\/wp\/v2\/pages\/37"}],"wp:attachment":[{"href":"https:\/\/www.professores.uff.br\/sergio\/wp-json\/wp\/v2\/media?parent=254"}],"wp:term":[{"taxonomy":"category","embeddable":true,"href":"https:\/\/www.professores.uff.br\/sergio\/wp-json\/wp\/v2\/categories?post=254"},{"taxonomy":"post_tag","embeddable":true,"href":"https:\/\/www.professores.uff.br\/sergio\/wp-json\/wp\/v2\/tags?post=254"}],"curies":[{"name":"wp","href":"https:\/\/api.w.org\/{rel}","templated":true}]}}