{"id":257,"date":"2017-07-10T11:39:28","date_gmt":"2017-07-10T14:39:28","guid":{"rendered":"http:\/\/www.professores.uff.br\/sergiolicanic\/?page_id=257"},"modified":"2017-07-10T12:33:09","modified_gmt":"2017-07-10T15:33:09","slug":"calculo-1a-ambas-turmas-2o-semestre-2016","status":"publish","type":"page","link":"https:\/\/www.professores.uff.br\/sergio\/teaching\/disciplinas\/calculo-1a-ambas-turmas-2o-semestre-2016\/","title":{"rendered":"Calculo 1A (ambas turmas) &#8211; 2\u00ba Semestre &#8211; 2016"},"content":{"rendered":"<p><strong>Atendimento:<\/strong> segundas feiras no horario 15:00-15:40 ou quartas feiras 20:00-21;00 na minha sala do 5 andar no GMA.<\/p>\n<hr \/>\n<p><strong>Datas das Provas:<\/strong><\/p>\n<p>Primeira VE-peso 2: 26\/10<br \/>\nSegunda VE-peso 3: 21\/12<\/p>\n<p>Reposi\u00e7\u00e3o-02\/01-mat\u00e9ria toda<\/p>\n<p>VS-09\/01-mat\u00e9ria toda<\/p>\n<p><strong>NOTAS FINAIS:<\/strong> <a href=\"http:\/\/www.professores.uff.br\/sergiolicanic\/wp-content\/uploads\/sites\/4\/2017\/07\/NOTAS-PARA-COLOCAR-Calculo-1A-TARDE-2-semestre-2016.pdf\">Tarde<\/a> <a href=\"http:\/\/www.professores.uff.br\/sergiolicanic\/wp-content\/uploads\/sites\/4\/2017\/07\/NOTAS-PARA-COLOCAR-Calculo-1A-NOITE-2-semestre-2016.pdf\">Noite<\/a><\/p>\n<hr \/>\n<p><a href=\"http:\/\/www.gma.uff.br\/index.php\/ensino\/monitoria\" target=\"_blank\" rel=\"noopener noreferrer\">Monitoria<\/a><\/p>\n<hr \/>\n<p><strong>Listas de Exerc\u00edcios (Em Pdf):<\/strong><\/p>\n\n<table id=\"tablepress-14\" class=\"tablepress tablepress-id-14\">\n<thead>\n<tr class=\"row-1\">\n\t<th class=\"column-1\">Lista de Exerc\u00edcios<\/th><td class=\"column-2\"><\/td>\n<\/tr>\n<\/thead>\n<tbody class=\"row-striping row-hover\">\n<tr class=\"row-2\">\n\t<td class=\"column-1\"><a href=\"http:\/\/www.professores.uff.br\/sergiolicanic\/wp-content\/uploads\/sites\/4\/2017\/07\/lista-01-calc-01-A-2008-1.pdf\"  target=\"_blank\" rel=\"noopener noreferrer\">Lista 1<\/a><\/td><td class=\"column-2\"><a href=\"http:\/\/www.professores.uff.br\/sergiolicanic\/wp-content\/uploads\/sites\/4\/2017\/07\/lista-10-calc-01-A-2008-1.pdf\"  target=\"_blank\" rel=\"noopener noreferrer\">Lista 10<\/a><\/td>\n<\/tr>\n<tr class=\"row-3\">\n\t<td class=\"column-1\"><a href=\"http:\/\/www.professores.uff.br\/sergiolicanic\/wp-content\/uploads\/sites\/4\/2017\/07\/lista-02-calc-01-A-2008-1.pdf\"  target=\"_blank\" rel=\"noopener noreferrer\">Lista 2<\/a><\/td><td class=\"column-2\"><a href=\"http:\/\/www.professores.uff.br\/sergiolicanic\/wp-content\/uploads\/sites\/4\/2017\/07\/lista-11-calc-01-A-2008-1.pdf\"  target=\"_blank\" rel=\"noopener noreferrer\">Lista 11<\/a><\/td>\n<\/tr>\n<tr class=\"row-4\">\n\t<td class=\"column-1\"><a href=\"http:\/\/www.professores.uff.br\/sergiolicanic\/wp-content\/uploads\/sites\/4\/2017\/07\/lista-03-calc-01-A-2008-1.pdf\"  target=\"_blank\" rel=\"noopener noreferrer\">Lista 3<\/a><\/td><td class=\"column-2\"><a href=\"http:\/\/www.professores.uff.br\/sergiolicanic\/wp-content\/uploads\/sites\/4\/2017\/07\/lista-12-calc-01-A-2008-1.pdf\"  target=\"_blank\" rel=\"noopener noreferrer\">Lista 12<\/a><\/td>\n<\/tr>\n<tr class=\"row-5\">\n\t<td class=\"column-1\"><a href=\"http:\/\/www.professores.uff.br\/sergiolicanic\/wp-content\/uploads\/sites\/4\/2017\/07\/lista-04-calc-01-A-2008-1.pdf\"  target=\"_blank\" rel=\"noopener noreferrer\">Lista 4<\/a><\/td><td class=\"column-2\"><a href=\"http:\/\/www.professores.uff.br\/sergiolicanic\/wp-content\/uploads\/sites\/4\/2017\/07\/lista-13-calc-01-A-2008-1.pdf\"  target=\"_blank\" rel=\"noopener noreferrer\">Lista 13<\/a><\/td>\n<\/tr>\n<tr class=\"row-6\">\n\t<td class=\"column-1\"><a href=\"http:\/\/www.professores.uff.br\/sergiolicanic\/wp-content\/uploads\/sites\/4\/2017\/07\/lista-05-calc-01-A-2008-1.pdf\"  target=\"_blank\" rel=\"noopener noreferrer\">Lista 5<\/a><\/td><td class=\"column-2\"><a href=\"http:\/\/www.professores.uff.br\/sergiolicanic\/wp-content\/uploads\/sites\/4\/2017\/07\/lista-14-calc-01-A-2008-1.pdf\"  target=\"_blank\" rel=\"noopener noreferrer\">Lista 14<\/a><\/td>\n<\/tr>\n<tr class=\"row-7\">\n\t<td class=\"column-1\"><a href=\"http:\/\/www.professores.uff.br\/sergiolicanic\/wp-content\/uploads\/sites\/4\/2017\/07\/lista-06-calc-01-A-2008-1.pdf\"  target=\"_blank\" rel=\"noopener noreferrer\">Lista 6<\/a><\/td><td class=\"column-2\"><a href=\"http:\/\/www.professores.uff.br\/sergiolicanic\/wp-content\/uploads\/sites\/4\/2017\/07\/lista-15-calc-01-A-2008-1.pdf\"  target=\"_blank\" rel=\"noopener noreferrer\">Lista 15<\/a><\/td>\n<\/tr>\n<tr class=\"row-8\">\n\t<td class=\"column-1\"><a href=\"http:\/\/www.professores.uff.br\/sergiolicanic\/wp-content\/uploads\/sites\/4\/2017\/07\/lista-07-calc-01-A-2008-1.pdf\"  target=\"_blank\" rel=\"noopener noreferrer\">Lista 7<\/a><\/td><td class=\"column-2\"><a href=\"http:\/\/www.professores.uff.br\/sergiolicanic\/wp-content\/uploads\/sites\/4\/2017\/07\/lista-16-calc-01-A-2008-1.pdf\"  target=\"_blank\" rel=\"noopener noreferrer\">Lista 16<\/a><\/td>\n<\/tr>\n<tr class=\"row-9\">\n\t<td class=\"column-1\"><a href=\"http:\/\/www.professores.uff.br\/sergiolicanic\/wp-content\/uploads\/sites\/4\/2017\/07\/lista-08-calc-01-A-2008-1.pdf\"  target=\"_blank\" rel=\"noopener noreferrer\">Lista 8<\/a><\/td><td class=\"column-2\"><a href=\"http:\/\/www.professores.uff.br\/sergiolicanic\/wp-content\/uploads\/sites\/4\/2017\/07\/lista-17-calc-01-A-2008-1.pdf\"  target=\"_blank\" rel=\"noopener noreferrer\">Lista 17<\/a><\/td>\n<\/tr>\n<tr class=\"row-10\">\n\t<td class=\"column-1\"><a href=\"http:\/\/www.professores.uff.br\/sergiolicanic\/wp-content\/uploads\/sites\/4\/2017\/07\/lista-09-calc-01-A-2008-1.pdf\"  target=\"_blank\" rel=\"noopener noreferrer\">Lista 9<\/a><\/td><td class=\"column-2\"><a href=\"http:\/\/www.professores.uff.br\/sergiolicanic\/wp-content\/uploads\/sites\/4\/2017\/07\/lista-18-calc-01-A-2008-1.pdf \"  target=\"_blank\" rel=\"noopener noreferrer\">Lista 18<\/a><\/td>\n<\/tr>\n<\/tbody>\n<\/table>\n<!-- #tablepress-14 from cache -->\n<hr \/>\n<p><strong><span style=\"color: #ff0000;\">moodle para o curso de c\u00e1lculo I 2016.<\/span><\/strong><\/p>\n<p><a href=\"http:\/\/www.gma.uff.br\/index.php\/ensino\/moodle\" target=\"_blank\" rel=\"noopener noreferrer\">http:\/\/www.gma.uff.br\/index.php\/ensino\/moodle<\/a><\/p>\n<p>ou<\/p>\n<p><a href=\"http:\/\/www.cead.uff.br\/ead\/login\/index.php\" target=\"_blank\" rel=\"noopener noreferrer\">http:\/\/www.cead.uff.br\/ead\/login\/index.php<\/a><\/p>\n","protected":false},"excerpt":{"rendered":"<p>Atendimento: segundas feiras no horario 15:00-15:40 ou quartas feiras 20:00-21;00 na minha sala do 5 andar no GMA. Datas das Provas: Primeira VE-peso 2: 26\/10 Segunda VE-peso 3: 21\/12 Reposi\u00e7\u00e3o-02\/01-mat\u00e9ria toda VS-09\/01-mat\u00e9ria toda NOTAS FINAIS: Tarde Noite Monitoria Listas de Exerc\u00edcios (Em Pdf): moodle para o curso de c\u00e1lculo I 2016. http:\/\/www.gma.uff.br\/index.php\/ensino\/moodle ou http:\/\/www.cead.uff.br\/ead\/login\/index.php<\/p>\n","protected":false},"author":1,"featured_media":0,"parent":37,"menu_order":14,"comment_status":"closed","ping_status":"closed","template":"","meta":{"_exactmetrics_skip_tracking":false,"_exactmetrics_sitenote_active":false,"_exactmetrics_sitenote_note":"","_exactmetrics_sitenote_category":0,"footnotes":""},"categories":[18],"tags":[14,13],"class_list":["post-257","page","type-page","status-publish","hentry","category-paginas-do-menu-principal","tag-14","tag-calculo-1a"],"_links":{"self":[{"href":"https:\/\/www.professores.uff.br\/sergio\/wp-json\/wp\/v2\/pages\/257","targetHints":{"allow":["GET"]}}],"collection":[{"href":"https:\/\/www.professores.uff.br\/sergio\/wp-json\/wp\/v2\/pages"}],"about":[{"href":"https:\/\/www.professores.uff.br\/sergio\/wp-json\/wp\/v2\/types\/page"}],"author":[{"embeddable":true,"href":"https:\/\/www.professores.uff.br\/sergio\/wp-json\/wp\/v2\/users\/1"}],"replies":[{"embeddable":true,"href":"https:\/\/www.professores.uff.br\/sergio\/wp-json\/wp\/v2\/comments?post=257"}],"version-history":[{"count":5,"href":"https:\/\/www.professores.uff.br\/sergio\/wp-json\/wp\/v2\/pages\/257\/revisions"}],"predecessor-version":[{"id":317,"href":"https:\/\/www.professores.uff.br\/sergio\/wp-json\/wp\/v2\/pages\/257\/revisions\/317"}],"up":[{"embeddable":true,"href":"https:\/\/www.professores.uff.br\/sergio\/wp-json\/wp\/v2\/pages\/37"}],"wp:attachment":[{"href":"https:\/\/www.professores.uff.br\/sergio\/wp-json\/wp\/v2\/media?parent=257"}],"wp:term":[{"taxonomy":"category","embeddable":true,"href":"https:\/\/www.professores.uff.br\/sergio\/wp-json\/wp\/v2\/categories?post=257"},{"taxonomy":"post_tag","embeddable":true,"href":"https:\/\/www.professores.uff.br\/sergio\/wp-json\/wp\/v2\/tags?post=257"}],"curies":[{"name":"wp","href":"https:\/\/api.w.org\/{rel}","templated":true}]}}