{"id":481,"date":"2018-03-23T12:25:04","date_gmt":"2018-03-23T15:25:04","guid":{"rendered":"http:\/\/www.professores.uff.br\/sergio\/?page_id=481"},"modified":"2018-07-14T15:45:30","modified_gmt":"2018-07-14T18:45:30","slug":"calculo-ia-2018-1","status":"publish","type":"page","link":"https:\/\/www.professores.uff.br\/sergio\/calculo-ia-2018-1\/","title":{"rendered":"C\u00e1lculo IA primeiro semestre 2018"},"content":{"rendered":"<h4><\/h4>\n<p><strong>Atendimento:<\/strong>\u00a04 feiras no hor\u00e1rio 20:00-21:00 na sala 74 no 4 andar no Bloco G do Campus de Gragoata. Marcar usando seu mail institucional (isto e, use seu mail UFF: @id.uff.br)<\/p>\n<hr \/>\n<p>&nbsp;<\/p>\n<hr \/>\n<p><strong>Monitorias:<\/strong>\u00a0ver\u00a0<strong><span style=\"color: #ff0000\">moodle para o curso de c\u00e1lculo IA 2018.<\/span><\/strong>\u00a0http:\/\/www.cead.uff.br\/ead\/login\/index.php<\/p>\n<hr \/>\n<p><strong>\u00a0<\/strong><\/p>\n<h4><\/h4>\n<p><strong>Listas de Exerc\u00edcios (Em Pdf):<\/strong><\/p>\n\n<table id=\"tablepress-14\" class=\"tablepress tablepress-id-14\">\n<thead>\n<tr class=\"row-1\">\n\t<th class=\"column-1\">Lista de Exerc\u00edcios<\/th><td class=\"column-2\"><\/td>\n<\/tr>\n<\/thead>\n<tbody class=\"row-striping row-hover\">\n<tr class=\"row-2\">\n\t<td class=\"column-1\"><a href=\"http:\/\/www.professores.uff.br\/sergiolicanic\/wp-content\/uploads\/sites\/4\/2017\/07\/lista-01-calc-01-A-2008-1.pdf\"  target=\"_blank\" rel=\"noopener noreferrer\">Lista 1<\/a><\/td><td class=\"column-2\"><a href=\"http:\/\/www.professores.uff.br\/sergiolicanic\/wp-content\/uploads\/sites\/4\/2017\/07\/lista-10-calc-01-A-2008-1.pdf\"  target=\"_blank\" rel=\"noopener noreferrer\">Lista 10<\/a><\/td>\n<\/tr>\n<tr class=\"row-3\">\n\t<td class=\"column-1\"><a href=\"http:\/\/www.professores.uff.br\/sergiolicanic\/wp-content\/uploads\/sites\/4\/2017\/07\/lista-02-calc-01-A-2008-1.pdf\"  target=\"_blank\" rel=\"noopener noreferrer\">Lista 2<\/a><\/td><td class=\"column-2\"><a href=\"http:\/\/www.professores.uff.br\/sergiolicanic\/wp-content\/uploads\/sites\/4\/2017\/07\/lista-11-calc-01-A-2008-1.pdf\"  target=\"_blank\" rel=\"noopener noreferrer\">Lista 11<\/a><\/td>\n<\/tr>\n<tr class=\"row-4\">\n\t<td class=\"column-1\"><a href=\"http:\/\/www.professores.uff.br\/sergiolicanic\/wp-content\/uploads\/sites\/4\/2017\/07\/lista-03-calc-01-A-2008-1.pdf\"  target=\"_blank\" rel=\"noopener noreferrer\">Lista 3<\/a><\/td><td class=\"column-2\"><a href=\"http:\/\/www.professores.uff.br\/sergiolicanic\/wp-content\/uploads\/sites\/4\/2017\/07\/lista-12-calc-01-A-2008-1.pdf\"  target=\"_blank\" rel=\"noopener noreferrer\">Lista 12<\/a><\/td>\n<\/tr>\n<tr class=\"row-5\">\n\t<td class=\"column-1\"><a href=\"http:\/\/www.professores.uff.br\/sergiolicanic\/wp-content\/uploads\/sites\/4\/2017\/07\/lista-04-calc-01-A-2008-1.pdf\"  target=\"_blank\" rel=\"noopener noreferrer\">Lista 4<\/a><\/td><td class=\"column-2\"><a href=\"http:\/\/www.professores.uff.br\/sergiolicanic\/wp-content\/uploads\/sites\/4\/2017\/07\/lista-13-calc-01-A-2008-1.pdf\"  target=\"_blank\" rel=\"noopener noreferrer\">Lista 13<\/a><\/td>\n<\/tr>\n<tr class=\"row-6\">\n\t<td class=\"column-1\"><a href=\"http:\/\/www.professores.uff.br\/sergiolicanic\/wp-content\/uploads\/sites\/4\/2017\/07\/lista-05-calc-01-A-2008-1.pdf\"  target=\"_blank\" rel=\"noopener noreferrer\">Lista 5<\/a><\/td><td class=\"column-2\"><a href=\"http:\/\/www.professores.uff.br\/sergiolicanic\/wp-content\/uploads\/sites\/4\/2017\/07\/lista-14-calc-01-A-2008-1.pdf\"  target=\"_blank\" rel=\"noopener noreferrer\">Lista 14<\/a><\/td>\n<\/tr>\n<tr class=\"row-7\">\n\t<td class=\"column-1\"><a href=\"http:\/\/www.professores.uff.br\/sergiolicanic\/wp-content\/uploads\/sites\/4\/2017\/07\/lista-06-calc-01-A-2008-1.pdf\"  target=\"_blank\" rel=\"noopener noreferrer\">Lista 6<\/a><\/td><td class=\"column-2\"><a href=\"http:\/\/www.professores.uff.br\/sergiolicanic\/wp-content\/uploads\/sites\/4\/2017\/07\/lista-15-calc-01-A-2008-1.pdf\"  target=\"_blank\" rel=\"noopener noreferrer\">Lista 15<\/a><\/td>\n<\/tr>\n<tr class=\"row-8\">\n\t<td class=\"column-1\"><a href=\"http:\/\/www.professores.uff.br\/sergiolicanic\/wp-content\/uploads\/sites\/4\/2017\/07\/lista-07-calc-01-A-2008-1.pdf\"  target=\"_blank\" rel=\"noopener noreferrer\">Lista 7<\/a><\/td><td class=\"column-2\"><a href=\"http:\/\/www.professores.uff.br\/sergiolicanic\/wp-content\/uploads\/sites\/4\/2017\/07\/lista-16-calc-01-A-2008-1.pdf\"  target=\"_blank\" rel=\"noopener noreferrer\">Lista 16<\/a><\/td>\n<\/tr>\n<tr class=\"row-9\">\n\t<td class=\"column-1\"><a href=\"http:\/\/www.professores.uff.br\/sergiolicanic\/wp-content\/uploads\/sites\/4\/2017\/07\/lista-08-calc-01-A-2008-1.pdf\"  target=\"_blank\" rel=\"noopener noreferrer\">Lista 8<\/a><\/td><td class=\"column-2\"><a href=\"http:\/\/www.professores.uff.br\/sergiolicanic\/wp-content\/uploads\/sites\/4\/2017\/07\/lista-17-calc-01-A-2008-1.pdf\"  target=\"_blank\" rel=\"noopener noreferrer\">Lista 17<\/a><\/td>\n<\/tr>\n<tr class=\"row-10\">\n\t<td class=\"column-1\"><a href=\"http:\/\/www.professores.uff.br\/sergiolicanic\/wp-content\/uploads\/sites\/4\/2017\/07\/lista-09-calc-01-A-2008-1.pdf\"  target=\"_blank\" rel=\"noopener noreferrer\">Lista 9<\/a><\/td><td class=\"column-2\"><a href=\"http:\/\/www.professores.uff.br\/sergiolicanic\/wp-content\/uploads\/sites\/4\/2017\/07\/lista-18-calc-01-A-2008-1.pdf \"  target=\"_blank\" rel=\"noopener noreferrer\">Lista 18<\/a><\/td>\n<\/tr>\n<\/tbody>\n<\/table>\n<!-- #tablepress-14 from cache -->\n<p>Listas de exerc\u00edcios, programa oficial do curso e outras informa\u00e7\u00f5es, como<br \/>\nbibliografia completa, acesse o site do GMA: http:\/\/www.gma.uff.br\/<\/p>\n<hr \/>\n<p>&nbsp;<\/p>\n<p>&nbsp;<\/p>\n","protected":false},"excerpt":{"rendered":"<p>Atendimento:\u00a04 feiras no hor\u00e1rio 20:00-21:00 na sala 74 no 4 andar no Bloco G do Campus de Gragoata. Marcar usando seu mail institucional (isto e, use seu mail UFF: @id.uff.br) &nbsp; Monitorias:\u00a0ver\u00a0moodle para o curso de c\u00e1lculo IA 2018.\u00a0http:\/\/www.cead.uff.br\/ead\/login\/index.php \u00a0 Listas de Exerc\u00edcios (Em Pdf): Listas de exerc\u00edcios, programa oficial do curso e outras informa\u00e7\u00f5es, [&hellip;]<\/p>\n","protected":false},"author":6,"featured_media":0,"parent":0,"menu_order":0,"comment_status":"closed","ping_status":"closed","template":"","meta":{"_exactmetrics_skip_tracking":false,"_exactmetrics_sitenote_active":false,"_exactmetrics_sitenote_note":"","_exactmetrics_sitenote_category":0,"footnotes":""},"categories":[],"tags":[],"class_list":["post-481","page","type-page","status-publish","hentry"],"_links":{"self":[{"href":"https:\/\/www.professores.uff.br\/sergio\/wp-json\/wp\/v2\/pages\/481","targetHints":{"allow":["GET"]}}],"collection":[{"href":"https:\/\/www.professores.uff.br\/sergio\/wp-json\/wp\/v2\/pages"}],"about":[{"href":"https:\/\/www.professores.uff.br\/sergio\/wp-json\/wp\/v2\/types\/page"}],"author":[{"embeddable":true,"href":"https:\/\/www.professores.uff.br\/sergio\/wp-json\/wp\/v2\/users\/6"}],"replies":[{"embeddable":true,"href":"https:\/\/www.professores.uff.br\/sergio\/wp-json\/wp\/v2\/comments?post=481"}],"version-history":[{"count":6,"href":"https:\/\/www.professores.uff.br\/sergio\/wp-json\/wp\/v2\/pages\/481\/revisions"}],"predecessor-version":[{"id":508,"href":"https:\/\/www.professores.uff.br\/sergio\/wp-json\/wp\/v2\/pages\/481\/revisions\/508"}],"wp:attachment":[{"href":"https:\/\/www.professores.uff.br\/sergio\/wp-json\/wp\/v2\/media?parent=481"}],"wp:term":[{"taxonomy":"category","embeddable":true,"href":"https:\/\/www.professores.uff.br\/sergio\/wp-json\/wp\/v2\/categories?post=481"},{"taxonomy":"post_tag","embeddable":true,"href":"https:\/\/www.professores.uff.br\/sergio\/wp-json\/wp\/v2\/tags?post=481"}],"curies":[{"name":"wp","href":"https:\/\/api.w.org\/{rel}","templated":true}]}}