{"id":520,"date":"2018-09-21T13:24:44","date_gmt":"2018-09-21T16:24:44","guid":{"rendered":"http:\/\/www.professores.uff.br\/sergio\/?page_id=520"},"modified":"2018-09-21T13:36:52","modified_gmt":"2018-09-21T16:36:52","slug":"calculo-iiia-2-semestre-2018","status":"publish","type":"page","link":"https:\/\/www.professores.uff.br\/sergio\/calculo-iiia-2-semestre-2018\/","title":{"rendered":"Calculo IIIA-2 semestre 2018"},"content":{"rendered":"<p><strong>Ementa<\/strong> <a href=\"http:\/\/www.professores.uff.br\/sergiolicanic\/wp-content\/uploads\/sites\/4\/2017\/07\/Programacalculo3A-1.pdf\">GMA<\/a><\/p>\n<p>Atendimento: ter\u00e7as 15:00-16:00 no gabinete 74 do blogo G campus gragoata.<\/p>\n<hr \/>\n<p><strong>Monitorias:<\/strong><\/p>\n<p>Ter\u00e7as: 18:00 \u00e0s 19:00<\/p>\n<p>Quartas: 18:00 \u00e0s 21:00<\/p>\n<p>Quintas: 19:00 \u00e0s 21:00<\/p>\n<p>segunda e quarta 14:00 as 16:00<\/p>\n<p>quinta 16:00 as 18:00<\/p>\n<p>ter\u00e7as 1200 as 1400<\/p>\n<p>quartas de 1300 as 1700<\/p>\n<hr \/>\n<p><strong>Datas das Provas:<\/strong><\/p>\n<p><span style=\"color: #ff0000\"><strong>ATEN\u00c7\u00c3O: VR (conteudo Todo o visto) \u00c9 FECHADA<\/strong><\/span><\/p>\n<p>prova 1\u00a0\u00a0 2\/10<\/p>\n<p>prova 2\u00a0 29\/11<\/p>\n<p>VR\u00a0 6\/12<\/p>\n<p>VS\u00a0 11\/12<\/p>\n<hr \/>\n<p><strong>\n<table id=\"tablepress-20\" class=\"tablepress tablepress-id-20\">\n<thead>\n<tr class=\"row-1\">\n\t<th class=\"column-1\">Listagem de Exerc\u00edcios<\/th><td class=\"column-2\"><\/td>\n<\/tr>\n<\/thead>\n<tbody class=\"row-striping row-hover\">\n<tr class=\"row-2\">\n\t<td class=\"column-1\"><a href=\"http:\/\/www.professores.uff.br\/sergiolicanic\/wp-content\/uploads\/sites\/4\/2017\/07\/lista_1-1.pdf\" target=\"_blank\" rel=\"noopener noreferrer\">Lista 1<\/a><\/td><td class=\"column-2\"><a href=\"http:\/\/www.professores.uff.br\/sergiolicanic\/wp-content\/uploads\/sites\/4\/2017\/07\/lista_7-1.pdf\" target=\"_blank\" rel=\"noopener noreferrer\">Lista 7<\/a><\/td>\n<\/tr>\n<tr class=\"row-3\">\n\t<td class=\"column-1\"><a href=\"http:\/\/www.professores.uff.br\/sergiolicanic\/wp-content\/uploads\/sites\/4\/2017\/07\/lista_2-1.pdf\" target=\"_blank\" rel=\"noopener noreferrer\">Lista 2<\/a><\/td><td class=\"column-2\"><a href=\"http:\/\/www.professores.uff.br\/sergiolicanic\/wp-content\/uploads\/sites\/4\/2017\/07\/lista_8-1.pdf\" target=\"_blank\" rel=\"noopener noreferrer\">Lista 8<\/a><\/td>\n<\/tr>\n<tr class=\"row-4\">\n\t<td class=\"column-1\"><a href=\"http:\/\/www.professores.uff.br\/sergiolicanic\/wp-content\/uploads\/sites\/4\/2017\/07\/lista_3-1.pdf\" target=\"_blank\" rel=\"noopener noreferrer\">Lista 3<\/a><\/td><td class=\"column-2\"><a href=\"http:\/\/www.professores.uff.br\/sergiolicanic\/wp-content\/uploads\/sites\/4\/2017\/07\/lista_9-1.pdf\" target=\"_blank\" rel=\"noopener noreferrer\">Lista 9<\/a><\/td>\n<\/tr>\n<tr class=\"row-5\">\n\t<td class=\"column-1\"><a href=\"http:\/\/www.professores.uff.br\/sergiolicanic\/wp-content\/uploads\/sites\/4\/2017\/07\/lista_4-1.pdf\" target=\"_blank\" rel=\"noopener noreferrer\">Lista 4<\/a><\/td><td class=\"column-2\"><a href=\"http:\/\/www.professores.uff.br\/sergiolicanic\/wp-content\/uploads\/sites\/4\/2017\/07\/lista_10-1.pdf\" target=\"_blank\" rel=\"noopener noreferrer\">Lista 10<\/a><\/td>\n<\/tr>\n<tr class=\"row-6\">\n\t<td class=\"column-1\"><a href=\"http:\/\/www.professores.uff.br\/sergiolicanic\/wp-content\/uploads\/sites\/4\/2017\/07\/lista_5-1.pdf\" target=\"_blank\" rel=\"noopener noreferrer\">Lista 5<\/a><\/td><td class=\"column-2\"><a href=\"http:\/\/www.professores.uff.br\/sergiolicanic\/wp-content\/uploads\/sites\/4\/2017\/07\/lista_11-1.pdf\" target=\"_blank\" rel=\"noopener noreferrer\">Lista 11<\/a><\/td>\n<\/tr>\n<tr class=\"row-7\">\n\t<td class=\"column-1\"><a href=\"http:\/\/www.professores.uff.br\/sergiolicanic\/wp-content\/uploads\/sites\/4\/2017\/07\/lista_6-1.pdf\" target=\"_blank\" rel=\"noopener noreferrer\">Lista 6<\/a><\/td><td class=\"column-2\"><a href=\"http:\/\/www.professores.uff.br\/sergiolicanic\/wp-content\/uploads\/sites\/4\/2017\/07\/lista_12-1.pdf\" target=\"_blank\" rel=\"noopener noreferrer\">Lista 12<\/a><\/td>\n<\/tr>\n<\/tbody>\n<\/table>\n<\/strong><\/p>\n","protected":false},"excerpt":{"rendered":"<p>Ementa GMA Atendimento: ter\u00e7as 15:00-16:00 no gabinete 74 do blogo G campus gragoata. Monitorias: Ter\u00e7as: 18:00 \u00e0s 19:00 Quartas: 18:00 \u00e0s 21:00 Quintas: 19:00 \u00e0s 21:00 segunda e quarta 14:00 as 16:00 quinta 16:00 as 18:00 ter\u00e7as 1200 as 1400 quartas de 1300 as 1700 Datas das Provas: ATEN\u00c7\u00c3O: VR (conteudo Todo o visto) \u00c9 [&hellip;]<\/p>\n","protected":false},"author":6,"featured_media":0,"parent":0,"menu_order":0,"comment_status":"closed","ping_status":"closed","template":"","meta":{"_exactmetrics_skip_tracking":false,"_exactmetrics_sitenote_active":false,"_exactmetrics_sitenote_note":"","_exactmetrics_sitenote_category":0,"footnotes":""},"categories":[],"tags":[],"class_list":["post-520","page","type-page","status-publish","hentry"],"_links":{"self":[{"href":"https:\/\/www.professores.uff.br\/sergio\/wp-json\/wp\/v2\/pages\/520","targetHints":{"allow":["GET"]}}],"collection":[{"href":"https:\/\/www.professores.uff.br\/sergio\/wp-json\/wp\/v2\/pages"}],"about":[{"href":"https:\/\/www.professores.uff.br\/sergio\/wp-json\/wp\/v2\/types\/page"}],"author":[{"embeddable":true,"href":"https:\/\/www.professores.uff.br\/sergio\/wp-json\/wp\/v2\/users\/6"}],"replies":[{"embeddable":true,"href":"https:\/\/www.professores.uff.br\/sergio\/wp-json\/wp\/v2\/comments?post=520"}],"version-history":[{"count":5,"href":"https:\/\/www.professores.uff.br\/sergio\/wp-json\/wp\/v2\/pages\/520\/revisions"}],"predecessor-version":[{"id":527,"href":"https:\/\/www.professores.uff.br\/sergio\/wp-json\/wp\/v2\/pages\/520\/revisions\/527"}],"wp:attachment":[{"href":"https:\/\/www.professores.uff.br\/sergio\/wp-json\/wp\/v2\/media?parent=520"}],"wp:term":[{"taxonomy":"category","embeddable":true,"href":"https:\/\/www.professores.uff.br\/sergio\/wp-json\/wp\/v2\/categories?post=520"},{"taxonomy":"post_tag","embeddable":true,"href":"https:\/\/www.professores.uff.br\/sergio\/wp-json\/wp\/v2\/tags?post=520"}],"curies":[{"name":"wp","href":"https:\/\/api.w.org\/{rel}","templated":true}]}}