{"id":16,"date":"2017-08-16T15:37:26","date_gmt":"2017-08-16T18:37:26","guid":{"rendered":"http:\/\/www.professores.uff.br\/tiberio\/?page_id=16"},"modified":"2021-05-31T15:46:19","modified_gmt":"2021-05-31T18:46:19","slug":"disciplinas","status":"publish","type":"page","link":"https:\/\/www.professores.uff.br\/tiberio\/disciplinas\/","title":{"rendered":"Disciplinas"},"content":{"rendered":"<h3><a href=\"http:\/\/www.professores.uff.br\/tiberio\/plataforma-moodle\/\">Acesse a plataforma Moodle aqui.<\/a><\/h3>\n<h3>Semestres<\/h3>\n<ul>\n<li>2021-1: Mec\u00e2nica Cl\u00e1ssica e Qu\u00e2ntica (MESTRADO)<\/li>\n<li>2020-2: Explorando o Universo<\/li>\n<li>2019-1: Mec\u00e2nica Cl\u00e1ssica e Qu\u00e2ntica (MESTRADO)<\/li>\n<li>2018-1: Mec\u00e2nica Cl\u00e1ssica e Qu\u00e2ntica (MESTRADO)<\/li>\n<li>2017-1: Mec\u00e2nica Geral, Mec\u00e2nica Cl\u00e1ssica e Qu\u00e2ntica (MESTRADO)<\/li>\n<li>2016-2: Produ\u00e7\u00e3o de Materiais Did\u00e1ticos II, Pesquisa e Pr\u00e1tica de ensino III e T\u00f3picos especiais de F\u00edsica (MESTRADO)<\/li>\n<li>2016-1: F\u00edsica Experimental II, Produ\u00e7\u00e3o de Material Did\u00e1tico I e Mec\u00e2nica Cl\u00e1ssica e Qu\u00e2ntica (MESTRADO)<\/li>\n<li>2015-2: Mec\u00e2nica Geral,\u00a0<a href=\"http:\/\/www.professores.uff.br\/tiberio\/plataforma-moodle\/\">Explorando o Universo<\/a><\/li>\n<li>2015-1: Pesquisa e Pr\u00e1tica para o Ensino IV, Mec\u00e2nica Geral,\u00a0Mec\u00e2nica Cl\u00e1ssica e Qu\u00e2ntica (MESTRADO)<\/li>\n<li>2014-2: Produ\u00e7\u00e3o de Materiais Did\u00e1ticos para o Ensino de F\u00edsica I<\/li>\n<li>2014-1: F\u00edsica Experimental III, Produ\u00e7\u00e3o de Materiais Did\u00e1ticos para o Ensino de F\u00edsica III, Trabalho de Conclus\u00e3o de Curso I<\/li>\n<li>2013-2: F\u00edsica Experimental III,\u00a0<a class=\"arrow_link\" href=\"http:\/\/www.professores.uff.br\/tiberio\/fisica-por-atividades\/\">F\u00edsica por Atividades<\/a> , <a class=\"arrow_link\" href=\"http:\/\/www.professores.uff.br\/tiberio\/explorando-universo\/\">Explorando o Universo<\/a><\/li>\n<li>2013-1: \u00a0 \u00a0<a class=\"arrow_link\" href=\"http:\/\/www.professores.uff.br\/tiberio\/fisica-por-atividades\/\">F\u00edsica por Atividades<\/a> , <a class=\"arrow_link\" href=\"http:\/\/www.professores.uff.br\/tiberio\/explorando-universo\/\">Explorando o Universo<\/a><\/li>\n<li>2012-2: F\u00edsica por Atividades<\/li>\n<li>2012-1: Metodologia de Estudo e Pesquisa<\/li>\n<\/ul>\n","protected":false},"excerpt":{"rendered":"<p>Acesse a plataforma Moodle aqui. Semestres 2021-1: Mec\u00e2nica Cl\u00e1ssica e Qu\u00e2ntica (MESTRADO) 2020-2: Explorando o Universo 2019-1: Mec\u00e2nica Cl\u00e1ssica e Qu\u00e2ntica (MESTRADO) 2018-1: Mec\u00e2nica Cl\u00e1ssica e Qu\u00e2ntica (MESTRADO) 2017-1: Mec\u00e2nica Geral, Mec\u00e2nica Cl\u00e1ssica e Qu\u00e2ntica (MESTRADO) 2016-2: Produ\u00e7\u00e3o de Materiais Did\u00e1ticos II, Pesquisa e Pr\u00e1tica de ensino III e T\u00f3picos especiais de F\u00edsica (MESTRADO) 2016-1: [&hellip;]<\/p>\n","protected":false},"author":70,"featured_media":0,"parent":0,"menu_order":0,"comment_status":"closed","ping_status":"closed","template":"","meta":{"_exactmetrics_skip_tracking":false,"_exactmetrics_sitenote_active":false,"_exactmetrics_sitenote_note":"","_exactmetrics_sitenote_category":0,"footnotes":""},"categories":[],"tags":[],"class_list":["post-16","page","type-page","status-publish","hentry"],"_links":{"self":[{"href":"https:\/\/www.professores.uff.br\/tiberio\/wp-json\/wp\/v2\/pages\/16","targetHints":{"allow":["GET"]}}],"collection":[{"href":"https:\/\/www.professores.uff.br\/tiberio\/wp-json\/wp\/v2\/pages"}],"about":[{"href":"https:\/\/www.professores.uff.br\/tiberio\/wp-json\/wp\/v2\/types\/page"}],"author":[{"embeddable":true,"href":"https:\/\/www.professores.uff.br\/tiberio\/wp-json\/wp\/v2\/users\/70"}],"replies":[{"embeddable":true,"href":"https:\/\/www.professores.uff.br\/tiberio\/wp-json\/wp\/v2\/comments?post=16"}],"version-history":[{"count":4,"href":"https:\/\/www.professores.uff.br\/tiberio\/wp-json\/wp\/v2\/pages\/16\/revisions"}],"predecessor-version":[{"id":272,"href":"https:\/\/www.professores.uff.br\/tiberio\/wp-json\/wp\/v2\/pages\/16\/revisions\/272"}],"wp:attachment":[{"href":"https:\/\/www.professores.uff.br\/tiberio\/wp-json\/wp\/v2\/media?parent=16"}],"wp:term":[{"taxonomy":"category","embeddable":true,"href":"https:\/\/www.professores.uff.br\/tiberio\/wp-json\/wp\/v2\/categories?post=16"},{"taxonomy":"post_tag","embeddable":true,"href":"https:\/\/www.professores.uff.br\/tiberio\/wp-json\/wp\/v2\/tags?post=16"}],"curies":[{"name":"wp","href":"https:\/\/api.w.org\/{rel}","templated":true}]}}