{"id":18,"date":"2017-08-16T15:37:57","date_gmt":"2017-08-16T18:37:57","guid":{"rendered":"http:\/\/www.professores.uff.br\/tiberio\/?page_id=18"},"modified":"2020-06-02T19:41:58","modified_gmt":"2020-06-02T22:41:58","slug":"projeto-de-ensino","status":"publish","type":"page","link":"https:\/\/www.professores.uff.br\/tiberio\/projeto-de-ensino\/","title":{"rendered":"Projeto de Ensino"},"content":{"rendered":"<h4>&#8220;Explorando o Universo&#8221;: disciplina de divulga\u00e7\u00e3o de Astronomia no ensino superior<\/h4>\n<p>O Departamento de Astronomia da UFRGS possui uma disciplina extremamente exitosa de divulga\u00e7\u00e3o cient\u00edfica na \u00e1rea, chamada &#8220;Explorando o Universo: dos quarks aos quasares&#8221;. Esta disciplina, de car\u00e1ter informativo, \u00e9 aberta a todos os alunos da UFRGS e demonstra-se como um sucesso de procura dos alunos das mais diversas \u00e1reas de forma\u00e7\u00e3o. Seguindo este caso de sucesso, decidimos propor uma disciplina similar para o curso de Licenciatura em F\u00edsica do Instituto do Noroeste Fluminense de Educa\u00e7\u00e3o Superior, no campus da UFF em Santo Ant\u00f4nio de P\u00e1dua\/RJ. Esta proposta surge como meio de suprir a car\u00eancia de disciplinas de Astronomia na forma\u00e7\u00e3o dos alunos.<\/p>\n<p>A disciplina contar\u00e1 com aulas expositivas cobrindo diversos t\u00f3picos de Astronomia e suas descobertas mais impactantes das \u00faltimas d\u00e9cadas. Eventualmente a disciplina contar\u00e1 com aulas de observa\u00e7\u00e3o noturna e com uso de softwares de simula\u00e7\u00e3o do c\u00e9u noturno, como <a href=\"http:\/\/www.stellarium.org\/pt\/\" target=\"_blank\" rel=\"noopener noreferrer\">Stellarium<\/a> e <a href=\"http:\/\/www.cybersky.com\" target=\"_blank\" rel=\"noopener noreferrer\">Cybersky<\/a>.<\/p>\n<p>A ementa da disciplina pode ser vista aqui.<\/p>\n","protected":false},"excerpt":{"rendered":"<p>&#8220;Explorando o Universo&#8221;: disciplina de divulga\u00e7\u00e3o de Astronomia no ensino superior O Departamento de Astronomia da UFRGS possui uma disciplina extremamente exitosa de divulga\u00e7\u00e3o cient\u00edfica na \u00e1rea, chamada &#8220;Explorando o Universo: dos quarks aos quasares&#8221;. Esta disciplina, de car\u00e1ter informativo, \u00e9 aberta a todos os alunos da UFRGS e demonstra-se como um sucesso de procura [&hellip;]<\/p>\n","protected":false},"author":70,"featured_media":0,"parent":0,"menu_order":0,"comment_status":"closed","ping_status":"closed","template":"","meta":{"_exactmetrics_skip_tracking":false,"_exactmetrics_sitenote_active":false,"_exactmetrics_sitenote_note":"","_exactmetrics_sitenote_category":0,"footnotes":""},"categories":[],"tags":[],"class_list":["post-18","page","type-page","status-publish","hentry"],"_links":{"self":[{"href":"https:\/\/www.professores.uff.br\/tiberio\/wp-json\/wp\/v2\/pages\/18","targetHints":{"allow":["GET"]}}],"collection":[{"href":"https:\/\/www.professores.uff.br\/tiberio\/wp-json\/wp\/v2\/pages"}],"about":[{"href":"https:\/\/www.professores.uff.br\/tiberio\/wp-json\/wp\/v2\/types\/page"}],"author":[{"embeddable":true,"href":"https:\/\/www.professores.uff.br\/tiberio\/wp-json\/wp\/v2\/users\/70"}],"replies":[{"embeddable":true,"href":"https:\/\/www.professores.uff.br\/tiberio\/wp-json\/wp\/v2\/comments?post=18"}],"version-history":[{"count":3,"href":"https:\/\/www.professores.uff.br\/tiberio\/wp-json\/wp\/v2\/pages\/18\/revisions"}],"predecessor-version":[{"id":208,"href":"https:\/\/www.professores.uff.br\/tiberio\/wp-json\/wp\/v2\/pages\/18\/revisions\/208"}],"wp:attachment":[{"href":"https:\/\/www.professores.uff.br\/tiberio\/wp-json\/wp\/v2\/media?parent=18"}],"wp:term":[{"taxonomy":"category","embeddable":true,"href":"https:\/\/www.professores.uff.br\/tiberio\/wp-json\/wp\/v2\/categories?post=18"},{"taxonomy":"post_tag","embeddable":true,"href":"https:\/\/www.professores.uff.br\/tiberio\/wp-json\/wp\/v2\/tags?post=18"}],"curies":[{"name":"wp","href":"https:\/\/api.w.org\/{rel}","templated":true}]}}