{"id":237,"date":"2020-07-17T17:52:30","date_gmt":"2020-07-17T20:52:30","guid":{"rendered":"http:\/\/www.professores.uff.br\/tiberio\/?page_id=237"},"modified":"2020-07-27T19:40:48","modified_gmt":"2020-07-27T22:40:48","slug":"comentarios-execucao-financeira","status":"publish","type":"page","link":"https:\/\/www.professores.uff.br\/tiberio\/comentarios-execucao-financeira\/","title":{"rendered":"Coment\u00e1rios sobre Execu\u00e7\u00e3o Financeira das Unidades Acad\u00eamicas da UFF"},"content":{"rendered":"\n<p>Palestra apresentada em 16\/07\/2020 por v\u00eddeo-confer\u00eancia, para Diretores de Unidades Acad\u00eamicas da UFF.<br><\/p>\n\n\n\n<figure class=\"wp-block-embed-youtube wp-block-embed is-type-video is-provider-youtube wp-embed-aspect-16-9 wp-has-aspect-ratio\"><div class=\"wp-block-embed__wrapper\">\n<iframe loading=\"lazy\" title=\"Palestra sobre Execu\u00e7\u00e3o Financeira das Unidades Acad\u00eamicas na UFF\" width=\"500\" height=\"281\" src=\"https:\/\/www.youtube.com\/embed\/nUms1MTQeko?feature=oembed\" frameborder=\"0\" allow=\"accelerometer; autoplay; clipboard-write; encrypted-media; gyroscope; picture-in-picture; web-share\" referrerpolicy=\"strict-origin-when-cross-origin\" allowfullscreen><\/iframe>\n<\/div><\/figure>\n\n\n\n<h2 class=\"wp-block-heading\"><strong>Arquivos citados na palestra:<\/strong><\/h2>\n\n\n\n<div class=\"wp-block-group\"><div class=\"wp-block-group__inner-container is-layout-flow wp-block-group-is-layout-flow\">\n<div class=\"wp-block-file\"><a href=\"http:\/\/www.professores.uff.br\/tiberio\/wp-content\/uploads\/sites\/89\/2020\/07\/apresentacao.pdf\">Apresenta\u00e7\u00e3o<\/a><a href=\"http:\/\/www.professores.uff.br\/tiberio\/wp-content\/uploads\/sites\/89\/2020\/07\/apresentacao.pdf\" class=\"wp-block-file__button\" download>Baixar<\/a><\/div>\n<\/div><\/div>\n\n\n\n<div class=\"wp-block-file\"><a href=\"http:\/\/www.professores.uff.br\/tiberio\/wp-content\/uploads\/sites\/89\/2020\/07\/ANL13978.pdf\">ANL13978<\/a><a href=\"http:\/\/www.professores.uff.br\/tiberio\/wp-content\/uploads\/sites\/89\/2020\/07\/ANL13978.pdf\" class=\"wp-block-file__button\" download>Baixar<\/a><\/div>\n\n\n\n<div class=\"wp-block-file\"><a href=\"http:\/\/www.professores.uff.br\/tiberio\/wp-content\/uploads\/sites\/89\/2020\/07\/Decreto-n\u00ba-7233.pdf\">Decreto-n\u00ba-7233<\/a><a href=\"http:\/\/www.professores.uff.br\/tiberio\/wp-content\/uploads\/sites\/89\/2020\/07\/Decreto-n\u00ba-7233.pdf\" class=\"wp-block-file__button\" download>Baixar<\/a><\/div>\n\n\n\n<div class=\"wp-block-file\"><a href=\"http:\/\/www.professores.uff.br\/tiberio\/wp-content\/uploads\/sites\/89\/2020\/07\/Forplad-Matriz-OCC-Vers\u00e3o-com-Anima\u00e7\u00e3o-2017.pdf\">Forplad-Matriz-OCC-Vers\u00e3o-com-Anima\u00e7\u00e3o-2017<\/a><a href=\"http:\/\/www.professores.uff.br\/tiberio\/wp-content\/uploads\/sites\/89\/2020\/07\/Forplad-Matriz-OCC-Vers\u00e3o-com-Anima\u00e7\u00e3o-2017.pdf\" class=\"wp-block-file__button\" download>Baixar<\/a><\/div>\n\n\n\n<div class=\"wp-block-file\"><a href=\"http:\/\/www.professores.uff.br\/tiberio\/wp-content\/uploads\/sites\/89\/2020\/07\/Forplad-Tabela-Pesos-e-Fator-Reten\u00e7\u00e3o.pdf\">Forplad-Tabela-Pesos-e-Fator-Reten\u00e7\u00e3o<\/a><a href=\"http:\/\/www.professores.uff.br\/tiberio\/wp-content\/uploads\/sites\/89\/2020\/07\/Forplad-Tabela-Pesos-e-Fator-Reten\u00e7\u00e3o.pdf\" class=\"wp-block-file__button\" download>Baixar<\/a><\/div>\n\n\n\n<div class=\"wp-block-file\"><a href=\"http:\/\/www.professores.uff.br\/tiberio\/wp-content\/uploads\/sites\/89\/2020\/07\/Lei13978-2020.pdf\">Lei13978-2020<\/a><a href=\"http:\/\/www.professores.uff.br\/tiberio\/wp-content\/uploads\/sites\/89\/2020\/07\/Lei13978-2020.pdf\" class=\"wp-block-file__button\" download>Baixar<\/a><\/div>\n\n\n\n<div class=\"wp-block-file\"><a href=\"http:\/\/www.professores.uff.br\/tiberio\/wp-content\/uploads\/sites\/89\/2020\/07\/MatrizOCC2017.pdf\">MatrizOCC2017<\/a><a href=\"http:\/\/www.professores.uff.br\/tiberio\/wp-content\/uploads\/sites\/89\/2020\/07\/MatrizOCC2017.pdf\" class=\"wp-block-file__button\" download>Baixar<\/a><\/div>\n\n\n\n<div class=\"wp-block-file\"><a href=\"http:\/\/www.professores.uff.br\/tiberio\/wp-content\/uploads\/sites\/89\/2020\/07\/MTO_2016_2aEdicao_220915.pdf\">MTO_2016_2aEdicao_220915<\/a><a href=\"http:\/\/www.professores.uff.br\/tiberio\/wp-content\/uploads\/sites\/89\/2020\/07\/MTO_2016_2aEdicao_220915.pdf\" class=\"wp-block-file__button\" download>Baixar<\/a><\/div>\n\n\n\n<div class=\"wp-block-file\"><a href=\"http:\/\/www.professores.uff.br\/tiberio\/wp-content\/uploads\/sites\/89\/2020\/07\/Plano-de-aplicacao-LO-2019.pdf\">Plano-de-aplicacao-LO-2019<\/a><a href=\"http:\/\/www.professores.uff.br\/tiberio\/wp-content\/uploads\/sites\/89\/2020\/07\/Plano-de-aplicacao-LO-2019.pdf\" class=\"wp-block-file__button\" download>Baixar<\/a><\/div>\n\n\n\n<div class=\"wp-block-file\"><a href=\"http:\/\/www.professores.uff.br\/tiberio\/wp-content\/uploads\/sites\/89\/2020\/07\/PORTARIA-CUSTEIO-E-CAPITAL.pdf\">PORTARIA-CUSTEIO-E-CAPITAL<\/a><a href=\"http:\/\/www.professores.uff.br\/tiberio\/wp-content\/uploads\/sites\/89\/2020\/07\/PORTARIA-CUSTEIO-E-CAPITAL.pdf\" class=\"wp-block-file__button\" download>Baixar<\/a><\/div>\n\n\n\n<div class=\"wp-block-file\"><a href=\"http:\/\/www.professores.uff.br\/tiberio\/wp-content\/uploads\/sites\/89\/2020\/07\/suprimento-de-fundos-e-cartao-de-pagamento.pdf\">suprimento-de-fundos-e-cartao-de-pagamento<\/a><a href=\"http:\/\/www.professores.uff.br\/tiberio\/wp-content\/uploads\/sites\/89\/2020\/07\/suprimento-de-fundos-e-cartao-de-pagamento.pdf\" class=\"wp-block-file__button\" download>Baixar<\/a><\/div>\n\n\n\n<div class=\"wp-block-file\"><a href=\"http:\/\/www.professores.uff.br\/tiberio\/wp-content\/uploads\/sites\/89\/2020\/07\/Tabela_de_Nat_de_despesa_Siconv.pdf\">Tabela_de_Nat_de_despesa_Siconv<\/a><a href=\"http:\/\/www.professores.uff.br\/tiberio\/wp-content\/uploads\/sites\/89\/2020\/07\/Tabela_de_Nat_de_despesa_Siconv.pdf\" class=\"wp-block-file__button\" download>Baixar<\/a><\/div>\n\n\n\n<div class=\"wp-block-file\"><a href=\"http:\/\/www.professores.uff.br\/tiberio\/wp-content\/uploads\/sites\/89\/2020\/07\/volume-v.pdf\">LOA 2020: Volume V<\/a><a href=\"http:\/\/www.professores.uff.br\/tiberio\/wp-content\/uploads\/sites\/89\/2020\/07\/volume-v.pdf\" class=\"wp-block-file__button\" download>Baixar<\/a><\/div>\n\n\n\n<div class=\"wp-block-file\"><a href=\"http:\/\/www.professores.uff.br\/tiberio\/wp-content\/uploads\/sites\/89\/2020\/07\/chat.txt\">bate-papo da reuni\u00e3o<\/a><a href=\"http:\/\/www.professores.uff.br\/tiberio\/wp-content\/uploads\/sites\/89\/2020\/07\/chat.txt\" class=\"wp-block-file__button\" download>Baixar<\/a><\/div>\n\n\n\n<p><\/p>\n\n\n\n<h2 class=\"wp-block-heading\"><strong>Coment\u00e1rios do Jo\u00e3o Paulo (PROAD) sobre a palestra:<\/strong><\/h2>\n\n\n\n<div class=\"wp-block-file\"><a href=\"http:\/\/www.professores.uff.br\/tiberio\/wp-content\/uploads\/sites\/89\/2020\/07\/Comentarios-da-Apresentacao.pdf\">Comentarios-da-Apresentacao<\/a><a href=\"http:\/\/www.professores.uff.br\/tiberio\/wp-content\/uploads\/sites\/89\/2020\/07\/Comentarios-da-Apresentacao.pdf\" class=\"wp-block-file__button\" download>Baixar<\/a><\/div>\n\n\n\n<div class=\"wp-block-file\"><a href=\"http:\/\/www.professores.uff.br\/tiberio\/wp-content\/uploads\/sites\/89\/2020\/07\/Nova-distribui\u00e7\u00e3o-das-UGs.pdf\">Nova-distribui\u00e7\u00e3o-das-UGs<\/a><a href=\"http:\/\/www.professores.uff.br\/tiberio\/wp-content\/uploads\/sites\/89\/2020\/07\/Nova-distribui\u00e7\u00e3o-das-UGs.pdf\" class=\"wp-block-file__button\" download>Baixar<\/a><\/div>\n\n\n\n<div class=\"wp-block-file\"><a href=\"http:\/\/www.professores.uff.br\/tiberio\/wp-content\/uploads\/sites\/89\/2020\/07\/Instrucao-de-Servicos-1.2014-Suprimento-de-Fundos.pdf\">Instrucao-de-Servicos-1.2014-Suprimento-de-Fundos<\/a><a href=\"http:\/\/www.professores.uff.br\/tiberio\/wp-content\/uploads\/sites\/89\/2020\/07\/Instrucao-de-Servicos-1.2014-Suprimento-de-Fundos.pdf\" class=\"wp-block-file__button\" download>Baixar<\/a><\/div>\n\n\n\n<div class=\"wp-block-file\"><a href=\"http:\/\/www.professores.uff.br\/tiberio\/wp-content\/uploads\/sites\/89\/2020\/07\/Natureza-de-Despesa.pdf\">Natureza-de-Despesa<\/a><a href=\"http:\/\/www.professores.uff.br\/tiberio\/wp-content\/uploads\/sites\/89\/2020\/07\/Natureza-de-Despesa.pdf\" class=\"wp-block-file__button\" download>Baixar<\/a><\/div>\n","protected":false},"excerpt":{"rendered":"<p>Palestra apresentada em 16\/07\/2020 por v\u00eddeo-confer\u00eancia, para Diretores de Unidades Acad\u00eamicas da UFF. Arquivos citados na palestra: Coment\u00e1rios do Jo\u00e3o Paulo (PROAD) sobre a palestra:<\/p>\n","protected":false},"author":93,"featured_media":0,"parent":0,"menu_order":0,"comment_status":"closed","ping_status":"closed","template":"","meta":{"_exactmetrics_skip_tracking":false,"_exactmetrics_sitenote_active":false,"_exactmetrics_sitenote_note":"","_exactmetrics_sitenote_category":0,"footnotes":""},"categories":[],"tags":[],"class_list":["post-237","page","type-page","status-publish","hentry"],"_links":{"self":[{"href":"https:\/\/www.professores.uff.br\/tiberio\/wp-json\/wp\/v2\/pages\/237","targetHints":{"allow":["GET"]}}],"collection":[{"href":"https:\/\/www.professores.uff.br\/tiberio\/wp-json\/wp\/v2\/pages"}],"about":[{"href":"https:\/\/www.professores.uff.br\/tiberio\/wp-json\/wp\/v2\/types\/page"}],"author":[{"embeddable":true,"href":"https:\/\/www.professores.uff.br\/tiberio\/wp-json\/wp\/v2\/users\/93"}],"replies":[{"embeddable":true,"href":"https:\/\/www.professores.uff.br\/tiberio\/wp-json\/wp\/v2\/comments?post=237"}],"version-history":[{"count":9,"href":"https:\/\/www.professores.uff.br\/tiberio\/wp-json\/wp\/v2\/pages\/237\/revisions"}],"predecessor-version":[{"id":266,"href":"https:\/\/www.professores.uff.br\/tiberio\/wp-json\/wp\/v2\/pages\/237\/revisions\/266"}],"wp:attachment":[{"href":"https:\/\/www.professores.uff.br\/tiberio\/wp-json\/wp\/v2\/media?parent=237"}],"wp:term":[{"taxonomy":"category","embeddable":true,"href":"https:\/\/www.professores.uff.br\/tiberio\/wp-json\/wp\/v2\/categories?post=237"},{"taxonomy":"post_tag","embeddable":true,"href":"https:\/\/www.professores.uff.br\/tiberio\/wp-json\/wp\/v2\/tags?post=237"}],"curies":[{"name":"wp","href":"https:\/\/api.w.org\/{rel}","templated":true}]}}