{"id":29,"date":"2017-08-16T15:49:08","date_gmt":"2017-08-16T18:49:08","guid":{"rendered":"http:\/\/www.professores.uff.br\/tiberio\/?page_id=29"},"modified":"2020-06-02T19:48:15","modified_gmt":"2020-06-02T22:48:15","slug":"projeto-de-pesquisa-i","status":"publish","type":"page","link":"https:\/\/www.professores.uff.br\/tiberio\/projeto-de-pesquisa-i\/","title":{"rendered":"Projeto de Pesquisa I"},"content":{"rendered":"<h4>Ferramentas para An\u00e1lise de N\u00facleos Ativos de Gal\u00e1xias<\/h4>\n<p>Acredita-se que o n\u00facleo da maioria das gal\u00e1xias apresentam no seu interior um buraco-negro supermassivo que influencia fortemente o processo de evolu\u00e7\u00e3o de tais gal\u00e1xias, pois eles acretam o material nuclear que seria utilizado na forma\u00e7\u00e3o de estrelas. Nas diversas gal\u00e1xias, os buracos-negros se apresentam em diferentes taxas de acre\u00e7\u00e3o, relacionada com a velocidade que o material nuclear est\u00e1 sendo acretado. Assim os n\u00facleos de gal\u00e1xias s\u00e3o considerados ativos quando os buracos-negros centrais supermassivos acretam material a altas taxas, apresentando tamb\u00e9m grandes eje\u00e7\u00f5es de material altamente ionizado.<\/p>\n<p>As gal\u00e1xias de n\u00facleo ativo (AGN) podem ser melhor estudadas com um tipo de equipamento relativamente recente, chamado de Unidade de Campo Integral (IFU) que re\u00fane caracter\u00edsticas fotom\u00e9tricas e espectrosc\u00f3picas em seus dados, com enorme quantidade de informa\u00e7\u00e3o sobre os AGNs. Pretendemos portanto contribuir para a melhor compreens\u00e3o dos AGNs, bem como contribuir para o desenvolvimento de ferramentas (softwares) para an\u00e1lise de dados de IFU obtidos nos telesc\u00f3pios com participa\u00e7\u00e3o nacional.<\/p>\n","protected":false},"excerpt":{"rendered":"<p>Ferramentas para An\u00e1lise de N\u00facleos Ativos de Gal\u00e1xias Acredita-se que o n\u00facleo da maioria das gal\u00e1xias apresentam no seu interior um buraco-negro supermassivo que influencia fortemente o processo de evolu\u00e7\u00e3o de tais gal\u00e1xias, pois eles acretam o material nuclear que seria utilizado na forma\u00e7\u00e3o de estrelas. Nas diversas gal\u00e1xias, os buracos-negros se apresentam em diferentes [&hellip;]<\/p>\n","protected":false},"author":70,"featured_media":0,"parent":0,"menu_order":0,"comment_status":"closed","ping_status":"closed","template":"","meta":{"_exactmetrics_skip_tracking":false,"_exactmetrics_sitenote_active":false,"_exactmetrics_sitenote_note":"","_exactmetrics_sitenote_category":0,"footnotes":""},"categories":[],"tags":[],"class_list":["post-29","page","type-page","status-publish","hentry"],"_links":{"self":[{"href":"https:\/\/www.professores.uff.br\/tiberio\/wp-json\/wp\/v2\/pages\/29","targetHints":{"allow":["GET"]}}],"collection":[{"href":"https:\/\/www.professores.uff.br\/tiberio\/wp-json\/wp\/v2\/pages"}],"about":[{"href":"https:\/\/www.professores.uff.br\/tiberio\/wp-json\/wp\/v2\/types\/page"}],"author":[{"embeddable":true,"href":"https:\/\/www.professores.uff.br\/tiberio\/wp-json\/wp\/v2\/users\/70"}],"replies":[{"embeddable":true,"href":"https:\/\/www.professores.uff.br\/tiberio\/wp-json\/wp\/v2\/comments?post=29"}],"version-history":[{"count":6,"href":"https:\/\/www.professores.uff.br\/tiberio\/wp-json\/wp\/v2\/pages\/29\/revisions"}],"predecessor-version":[{"id":218,"href":"https:\/\/www.professores.uff.br\/tiberio\/wp-json\/wp\/v2\/pages\/29\/revisions\/218"}],"wp:attachment":[{"href":"https:\/\/www.professores.uff.br\/tiberio\/wp-json\/wp\/v2\/media?parent=29"}],"wp:term":[{"taxonomy":"category","embeddable":true,"href":"https:\/\/www.professores.uff.br\/tiberio\/wp-json\/wp\/v2\/categories?post=29"},{"taxonomy":"post_tag","embeddable":true,"href":"https:\/\/www.professores.uff.br\/tiberio\/wp-json\/wp\/v2\/tags?post=29"}],"curies":[{"name":"wp","href":"https:\/\/api.w.org\/{rel}","templated":true}]}}