{"id":35,"date":"2017-08-17T09:47:40","date_gmt":"2017-08-17T12:47:40","guid":{"rendered":"http:\/\/www.professores.uff.br\/tiberio\/?page_id=35"},"modified":"2022-07-19T14:45:16","modified_gmt":"2022-07-19T17:45:16","slug":"links","status":"publish","type":"page","link":"https:\/\/www.professores.uff.br\/tiberio\/links\/","title":{"rendered":"Links"},"content":{"rendered":"<div style=\"float: left;width: 45%\"><strong>Artigos<\/strong><br \/>\n<a href=\"https:\/\/arxiv.org\/\" target=\"_blank\" rel=\"noopener noreferrer\">arXiv<\/a><br \/>\n<a href=\"http:\/\/www.adsabs.harvard.edu\/\" target=\"_blank\" rel=\"noopener noreferrer\">ADS<br \/>\n<\/a><strong><br \/>\nRevistas<br \/>\n<\/strong><a href=\"http:\/\/www.sciencemag.org\/\" target=\"_blank\" rel=\"noopener noreferrer\">Science Magazine<\/a><br \/>\n<a href=\"https:\/\/www.nature.com\/\" target=\"_blank\" rel=\"noopener noreferrer\">Nature<\/a><br \/>\n<a href=\"http:\/\/www.scientificamerican.com\/\" target=\"_blank\" rel=\"noopener noreferrer\">Scientific American<\/a><a href=\"http:\/\/www.scientificamerican.com\/\" target=\"_blank\" rel=\"noopener noreferrer\"><br \/>\n<\/a><strong><br \/>\nBlogs<\/strong><br \/>\n<a href=\"http:\/\/www.inovacaotecnologica.com.br\/index.php\" target=\"_blank\" rel=\"noopener noreferrer\">Inova\u00e7\u00e3o Tecnol\u00f3gica<\/a><br \/>\n<a href=\"http:\/\/www.physics.org\/\" target=\"_blank\" rel=\"noopener noreferrer\">Physics.org<\/a><br \/>\n<a href=\"http:\/\/apod.nasa.gov\/apod\/astropix.html\" target=\"_blank\" rel=\"noopener noreferrer\">NASA APOD<\/a><br \/>\n<a href=\"http:\/\/blogs.discovermagazine.com\/cosmicvariance\/\" target=\"_blank\" rel=\"noopener noreferrer\">Cosmic Variance<\/a><br \/>\n<a href=\"http:\/\/blogs.discovermagazine.com\/badastronomy\/\" target=\"_blank\" rel=\"noopener noreferrer\">Bad Astronomy<\/a><br \/>\n<a href=\"https:\/\/www.thoughtco.com\/top-astronomy-and-space-magazines-3073176\" target=\"_blank\" rel=\"noopener noreferrer\">Astrospace<\/a><br \/>\n<a href=\"http:\/\/astropython.blogspot.com.br\/\" target=\"_blank\" rel=\"noopener noreferrer\">AstroPython<\/a><br \/>\n<a href=\"http:\/\/www.astrobetter.com\/\" target=\"_blank\" rel=\"noopener noreferrer\">AstroBetter<\/a><br \/>\n<a href=\"http:\/\/www.nbcnews.com\/science\/cosmic-log\" target=\"_blank\" rel=\"noopener noreferrer\">CosmicLog<\/a><br \/>\n<a href=\"https:\/\/www.slackerastronomy.org\/wordpress\/\" target=\"_blank\" rel=\"noopener noreferrer\">SlackerAstronomy<\/a><br \/>\n<a href=\"http:\/\/www.nasawatch.com\/\" target=\"_blank\" rel=\"noopener noreferrer\">Nasa Watch<\/a><br \/>\n<a href=\"http:\/\/www.strudel.org.uk\/blog\/astro\/index.shtml\" target=\"_blank\" rel=\"noopener noreferrer\">Astronomy Blog<\/a><br \/>\n<a href=\"https:\/\/modernpaint.org\/astronomy-guide\/\" target=\"_blank\" rel=\"noopener noreferrer\">Astronomy For Kids: A Comprehensive Guide<\/a><\/div>\n<div style=\"float: right;width: 45%\"><strong>Not\u00edcias<\/strong><br \/>\n<a href=\"https:\/\/www.cartacapital.com.br\/\" target=\"_blank\" rel=\"noopener noreferrer\">Carta Capital<\/a><br \/>\n<a href=\"http:\/\/www.bbc.com\/portuguese\" target=\"_blank\" rel=\"noopener noreferrer\">BBC Brasil<\/a><br \/>\n<a href=\"http:\/\/g1.globo.com\/http:\/\/g1.globo.com\/\" target=\"_blank\" rel=\"noopener noreferrer\">Portal G1<\/a><br \/>\n<a href=\"http:\/\/www.folha.uol.com.br\/\" target=\"_blank\" rel=\"noopener noreferrer\">Folha SP<\/a><br \/>\n<a href=\"https:\/\/www.terra.com.br\/\" target=\"_blank\" rel=\"noopener noreferrer\">Portal Terra<\/a><br \/>\n<a href=\"http:\/\/www.estadao.com.br\/\" target=\"_blank\" rel=\"noopener noreferrer\">Estad\u00e3o<\/a><br \/>\n<a href=\"http:\/\/veja.abril.com.br\/\" target=\"_blank\" rel=\"noopener noreferrer\">Veja<\/a><br \/>\n<a href=\"https:\/\/www.nytimes.com\/\" target=\"_blank\" rel=\"noopener noreferrer\">NY Times<\/a><br \/>\n<a href=\"https:\/\/www.wsj.com\/\" target=\"_blank\" rel=\"noopener noreferrer\">Wall Street Journal<\/a><br \/>\n<a href=\"https:\/\/www.washingtonpost.com\/\" target=\"_blank\" rel=\"noopener noreferrer\">Washington Post<\/a><br \/>\n<a href=\"https:\/\/www.theguardian.com\/international\" target=\"_blank\" rel=\"noopener noreferrer\">The Guardian<\/a><br \/>\n<a href=\"http:\/\/www.lemonde.fr\/\" target=\"_blank\" rel=\"noopener noreferrer\">Le Monde<\/a><br \/>\n<a href=\"http:\/\/www.valor.com.br\/\" target=\"_blank\" rel=\"noopener noreferrer\">Valor Econ\u00f4mico<\/a><br \/>\n<a href=\"https:\/\/www.ft.com\/\" target=\"_blank\" rel=\"noopener noreferrer\">Financial Times<\/a><br \/>\n<a href=\"http:\/\/www.newyorker.com\/\" target=\"_blank\" rel=\"noopener noreferrer\">The New Yorker<\/a><\/div>\n<div><\/div>\n<div><\/div>\n<div style=\"float: right;width: 45%\"><strong><br \/>\nR\u00e1dios<\/strong><br \/>\n<a href=\"http:\/\/www.dr.dk\/\" target=\"_blank\" rel=\"noopener noreferrer\">dr.dk<\/a><br \/>\n<a href=\"http:\/\/mountainchill.com\/index.php\" target=\"_blank\" rel=\"noopener noreferrer\">Mountain Chill<\/a><br \/>\n<a href=\"http:\/\/grooveshark.com\/\" target=\"_blank\" rel=\"noopener noreferrer\">Groove Shark<\/a><br \/>\n<a href=\"http:\/\/uwall.tv\/\" target=\"_blank\" rel=\"noopener noreferrer\">uWall.tv<\/a><br \/>\n<a href=\"http:\/\/radiotuna.com\/\" target=\"_blank\" rel=\"noopener noreferrer\">Radio Tuna<\/a><\/div>\n<div style=\"clear: both\"><\/div>\n","protected":false},"excerpt":{"rendered":"<p>Artigos arXiv ADS Revistas Science Magazine Nature Scientific American Blogs Inova\u00e7\u00e3o Tecnol\u00f3gica Physics.org NASA APOD Cosmic Variance Bad Astronomy Astrospace AstroPython AstroBetter CosmicLog SlackerAstronomy Nasa Watch Astronomy Blog Astronomy For Kids: A Comprehensive Guide Not\u00edcias Carta Capital BBC Brasil Portal G1 Folha SP Portal Terra Estad\u00e3o Veja NY Times Wall Street Journal Washington Post The [&hellip;]<\/p>\n","protected":false},"author":70,"featured_media":0,"parent":0,"menu_order":0,"comment_status":"closed","ping_status":"closed","template":"","meta":{"_exactmetrics_skip_tracking":false,"_exactmetrics_sitenote_active":false,"_exactmetrics_sitenote_note":"","_exactmetrics_sitenote_category":0,"footnotes":""},"categories":[],"tags":[],"class_list":["post-35","page","type-page","status-publish","hentry"],"_links":{"self":[{"href":"https:\/\/www.professores.uff.br\/tiberio\/wp-json\/wp\/v2\/pages\/35","targetHints":{"allow":["GET"]}}],"collection":[{"href":"https:\/\/www.professores.uff.br\/tiberio\/wp-json\/wp\/v2\/pages"}],"about":[{"href":"https:\/\/www.professores.uff.br\/tiberio\/wp-json\/wp\/v2\/types\/page"}],"author":[{"embeddable":true,"href":"https:\/\/www.professores.uff.br\/tiberio\/wp-json\/wp\/v2\/users\/70"}],"replies":[{"embeddable":true,"href":"https:\/\/www.professores.uff.br\/tiberio\/wp-json\/wp\/v2\/comments?post=35"}],"version-history":[{"count":8,"href":"https:\/\/www.professores.uff.br\/tiberio\/wp-json\/wp\/v2\/pages\/35\/revisions"}],"predecessor-version":[{"id":284,"href":"https:\/\/www.professores.uff.br\/tiberio\/wp-json\/wp\/v2\/pages\/35\/revisions\/284"}],"wp:attachment":[{"href":"https:\/\/www.professores.uff.br\/tiberio\/wp-json\/wp\/v2\/media?parent=35"}],"wp:term":[{"taxonomy":"category","embeddable":true,"href":"https:\/\/www.professores.uff.br\/tiberio\/wp-json\/wp\/v2\/categories?post=35"},{"taxonomy":"post_tag","embeddable":true,"href":"https:\/\/www.professores.uff.br\/tiberio\/wp-json\/wp\/v2\/tags?post=35"}],"curies":[{"name":"wp","href":"https:\/\/api.w.org\/{rel}","templated":true}]}}