{"id":41,"date":"2017-08-17T09:50:43","date_gmt":"2017-08-17T12:50:43","guid":{"rendered":"http:\/\/www.professores.uff.br\/tiberio\/?page_id=41"},"modified":"2017-08-17T09:50:43","modified_gmt":"2017-08-17T12:50:43","slug":"plataforma-moodle","status":"publish","type":"page","link":"https:\/\/www.professores.uff.br\/tiberio\/plataforma-moodle\/","title":{"rendered":"Plataforma Moodle"},"content":{"rendered":"<h4>Professor Tiberio<\/h4>\n<p>Voc\u00ea ainda n\u00e3o se identificou (Acesso)<br \/>\nIdioma<\/p>\n<h3>Cursos dispon\u00edveis<\/h3>\n<ul>\n<li>Explorando o Universo<br \/>\nVisitantes podem entrar neste curso<br \/>\nCurso para gradua\u00e7\u00e3o.<br \/>\nObjetivos: Apresentar uma introdu\u00e7\u00e3o na \u00e1rea de Astronomia e Astrof\u00edsica, esclarecendo d\u00favidas e curiosidades recorrentes do p\u00fablico leigo, tais como origem do Universo, nascimento e evolu\u00e7\u00e3o das estrelas, procura por vida fora da Terra, surgimento do Sistema Solar, medidas de dist\u00e2ncia, entre outras. A disciplina \u00e9 aberta aos alunos de qualquer curso de gradua\u00e7\u00e3o do INFES e n\u00e3o possui pr\u00e9-requisito. A disciplina contar\u00e1 com uma aula pr\u00e1tica de observa\u00e7\u00e3o do c\u00e9u noturno (a olho nu ou n\u00e3o, dependendo de disponibilidade de equipamento de suporte) ou com exemplifica\u00e7\u00e3o atrav\u00e9s de softwares de simula\u00e7\u00e3o do c\u00e9u.<\/li>\n<li>Mec\u00e2nica Cl\u00e1ssica e Qu\u00e2ntica<br \/>\nCurso de Mec\u00e2nica Cl\u00e1ssica e Qu\u00e2ntica para os alunos do mestrado em Modelagem Computacional em Ci\u00eancia e Tecnologia, em parceria com UFF\/Volta Redonda.<\/li>\n<li>Mec\u00e2nica Geral<br \/>\nCurso de Mec\u00e2nica Geral para alunos do curso de gradua\u00e7\u00e3o em Licenciatura em F\u00edsica &#8211; UFF &#8211; campus Santo Ant\u00f4nio de P\u00e1dua\/RJ<\/li>\n<\/ul>\n","protected":false},"excerpt":{"rendered":"<p>Professor Tiberio Voc\u00ea ainda n\u00e3o se identificou (Acesso) Idioma Cursos dispon\u00edveis Explorando o Universo Visitantes podem entrar neste curso Curso para gradua\u00e7\u00e3o. Objetivos: Apresentar uma introdu\u00e7\u00e3o na \u00e1rea de Astronomia e Astrof\u00edsica, esclarecendo d\u00favidas e curiosidades recorrentes do p\u00fablico leigo, tais como origem do Universo, nascimento e evolu\u00e7\u00e3o das estrelas, procura por vida fora da [&hellip;]<\/p>\n","protected":false},"author":70,"featured_media":0,"parent":0,"menu_order":0,"comment_status":"closed","ping_status":"closed","template":"","meta":{"_exactmetrics_skip_tracking":false,"_exactmetrics_sitenote_active":false,"_exactmetrics_sitenote_note":"","_exactmetrics_sitenote_category":0,"footnotes":""},"categories":[],"tags":[],"class_list":["post-41","page","type-page","status-publish","hentry"],"_links":{"self":[{"href":"https:\/\/www.professores.uff.br\/tiberio\/wp-json\/wp\/v2\/pages\/41","targetHints":{"allow":["GET"]}}],"collection":[{"href":"https:\/\/www.professores.uff.br\/tiberio\/wp-json\/wp\/v2\/pages"}],"about":[{"href":"https:\/\/www.professores.uff.br\/tiberio\/wp-json\/wp\/v2\/types\/page"}],"author":[{"embeddable":true,"href":"https:\/\/www.professores.uff.br\/tiberio\/wp-json\/wp\/v2\/users\/70"}],"replies":[{"embeddable":true,"href":"https:\/\/www.professores.uff.br\/tiberio\/wp-json\/wp\/v2\/comments?post=41"}],"version-history":[{"count":1,"href":"https:\/\/www.professores.uff.br\/tiberio\/wp-json\/wp\/v2\/pages\/41\/revisions"}],"predecessor-version":[{"id":42,"href":"https:\/\/www.professores.uff.br\/tiberio\/wp-json\/wp\/v2\/pages\/41\/revisions\/42"}],"wp:attachment":[{"href":"https:\/\/www.professores.uff.br\/tiberio\/wp-json\/wp\/v2\/media?parent=41"}],"wp:term":[{"taxonomy":"category","embeddable":true,"href":"https:\/\/www.professores.uff.br\/tiberio\/wp-json\/wp\/v2\/categories?post=41"},{"taxonomy":"post_tag","embeddable":true,"href":"https:\/\/www.professores.uff.br\/tiberio\/wp-json\/wp\/v2\/tags?post=41"}],"curies":[{"name":"wp","href":"https:\/\/api.w.org\/{rel}","templated":true}]}}