{"id":43,"date":"2017-08-17T09:51:12","date_gmt":"2017-08-17T12:51:12","guid":{"rendered":"http:\/\/www.professores.uff.br\/tiberio\/?page_id=43"},"modified":"2020-06-02T19:46:29","modified_gmt":"2020-06-02T22:46:29","slug":"projetos","status":"publish","type":"page","link":"https:\/\/www.professores.uff.br\/tiberio\/projetos\/","title":{"rendered":"Projetos"},"content":{"rendered":"<p>Ensino<\/p>\n<ul>\n<li><a href=\"http:\/\/www.professores.uff.br\/tiberio\/projeto-de-ensino\/\">&#8220;Explorando o Universo&#8221;: disciplina de divulga\u00e7\u00e3o de Astronomia no ensino superior<\/a><\/li>\n<\/ul>\n<p>Pesquisa<\/p>\n<ul>\n<li><a href=\"http:\/\/www.professores.uff.br\/tiberio\/projeto-de-pesquisa-i\">Ferramentas para An\u00e1lise de N\u00facleos Ativos de Gal\u00e1xias<\/a><\/li>\n<li><a href=\"http:\/\/www.professores.uff.br\/tiberio\/projeto-de-pesquisa-ii\/\">Lentes gravitacionais na m\u00e9trica de Kerr<\/a><\/li>\n<\/ul>\n<p>Extens\u00e3o<\/p>\n<ul>\n<li><a href=\"http:\/\/www.professores.uff.br\/tiberio\/projeto-de-extensao-i\/\">O uso da Astronomia como elemento did\u00e1tico no ensino de Ci\u00eancias e de F\u00edsica<\/a><\/li>\n<li><a href=\"http:\/\/www.professores.uff.br\/tiberio\/projeto-de-extensao-ii\/\">Usando a metodologia Amateur Telescope Making (ATM) no ensino de Astronomia e F\u00edsica<\/a><\/li>\n<\/ul>\n","protected":false},"excerpt":{"rendered":"<p>Ensino &#8220;Explorando o Universo&#8221;: disciplina de divulga\u00e7\u00e3o de Astronomia no ensino superior Pesquisa Ferramentas para An\u00e1lise de N\u00facleos Ativos de Gal\u00e1xias Lentes gravitacionais na m\u00e9trica de Kerr Extens\u00e3o O uso da Astronomia como elemento did\u00e1tico no ensino de Ci\u00eancias e de F\u00edsica Usando a metodologia Amateur Telescope Making (ATM) no ensino de Astronomia e F\u00edsica<\/p>\n","protected":false},"author":70,"featured_media":0,"parent":0,"menu_order":0,"comment_status":"closed","ping_status":"closed","template":"","meta":{"_exactmetrics_skip_tracking":false,"_exactmetrics_sitenote_active":false,"_exactmetrics_sitenote_note":"","_exactmetrics_sitenote_category":0,"footnotes":""},"categories":[],"tags":[],"class_list":["post-43","page","type-page","status-publish","hentry"],"_links":{"self":[{"href":"https:\/\/www.professores.uff.br\/tiberio\/wp-json\/wp\/v2\/pages\/43","targetHints":{"allow":["GET"]}}],"collection":[{"href":"https:\/\/www.professores.uff.br\/tiberio\/wp-json\/wp\/v2\/pages"}],"about":[{"href":"https:\/\/www.professores.uff.br\/tiberio\/wp-json\/wp\/v2\/types\/page"}],"author":[{"embeddable":true,"href":"https:\/\/www.professores.uff.br\/tiberio\/wp-json\/wp\/v2\/users\/70"}],"replies":[{"embeddable":true,"href":"https:\/\/www.professores.uff.br\/tiberio\/wp-json\/wp\/v2\/comments?post=43"}],"version-history":[{"count":4,"href":"https:\/\/www.professores.uff.br\/tiberio\/wp-json\/wp\/v2\/pages\/43\/revisions"}],"predecessor-version":[{"id":213,"href":"https:\/\/www.professores.uff.br\/tiberio\/wp-json\/wp\/v2\/pages\/43\/revisions\/213"}],"wp:attachment":[{"href":"https:\/\/www.professores.uff.br\/tiberio\/wp-json\/wp\/v2\/media?parent=43"}],"wp:term":[{"taxonomy":"category","embeddable":true,"href":"https:\/\/www.professores.uff.br\/tiberio\/wp-json\/wp\/v2\/categories?post=43"},{"taxonomy":"post_tag","embeddable":true,"href":"https:\/\/www.professores.uff.br\/tiberio\/wp-json\/wp\/v2\/tags?post=43"}],"curies":[{"name":"wp","href":"https:\/\/api.w.org\/{rel}","templated":true}]}}